{"id":352,"date":"2020-06-22T10:25:48","date_gmt":"2020-06-22T09:25:48","guid":{"rendered":"http:\/\/blog.uclm.es\/joseremofernandez\/?page_id=25"},"modified":"2022-12-02T14:57:51","modified_gmt":"2022-12-02T13:57:51","slug":"inicio","status":"publish","type":"page","link":"https:\/\/blog.uclm.es\/joseremofernandez\/","title":{"rendered":"Inicio"},"content":{"rendered":"<p><strong><span class=\"negrita\">Remo Fern\u00e1ndez-Carro<\/span><\/strong><br \/>\nProfesor Contratado Doctor<br \/>\n\u00c1rea de Sociolog\u00eda, Departamento de Filosof\u00eda<br \/>\nFacultad de Educaci\u00f3n<br \/>\nUniversidad de Castilla &#8211; La Mancha, Campus de Cuenca<\/p>\n","protected":false},"excerpt":{"rendered":"<p>Remo Fern\u00e1ndez-Carro Profesor Contratado Doctor \u00c1rea de Sociolog\u00eda, Departamento de Filosof\u00eda Facultad de Educaci\u00f3n Universidad de Castilla &#8211; La Mancha, Campus de Cuenca<\/p>\n","protected":false},"author":140,"featured_media":0,"parent":0,"menu_order":0,"comment_status":"closed","ping_status":"closed","template":"","meta":{"footnotes":""},"class_list":["post-352","page","type-page","status-publish","hentry"],"_links":{"self":[{"href":"https:\/\/blog.uclm.es\/joseremofernandez\/wp-json\/wp\/v2\/pages\/352","targetHints":{"allow":["GET"]}}],"collection":[{"href":"https:\/\/blog.uclm.es\/joseremofernandez\/wp-json\/wp\/v2\/pages"}],"about":[{"href":"https:\/\/blog.uclm.es\/joseremofernandez\/wp-json\/wp\/v2\/types\/page"}],"author":[{"embeddable":true,"href":"https:\/\/blog.uclm.es\/joseremofernandez\/wp-json\/wp\/v2\/users\/140"}],"replies":[{"embeddable":true,"href":"https:\/\/blog.uclm.es\/joseremofernandez\/wp-json\/wp\/v2\/comments?post=352"}],"version-history":[{"count":1,"href":"https:\/\/blog.uclm.es\/joseremofernandez\/wp-json\/wp\/v2\/pages\/352\/revisions"}],"predecessor-version":[{"id":375,"href":"https:\/\/blog.uclm.es\/joseremofernandez\/wp-json\/wp\/v2\/pages\/352\/revisions\/375"}],"wp:attachment":[{"href":"https:\/\/blog.uclm.es\/joseremofernandez\/wp-json\/wp\/v2\/media?parent=352"}],"curies":[{"name":"wp","href":"https:\/\/api.w.org\/{rel}","templated":true}]}}