{"id":32,"date":"2020-06-22T10:58:22","date_gmt":"2020-06-22T09:58:22","guid":{"rendered":"http:\/\/blog.uclm.es\/joseremofernandez\/?page_id=32"},"modified":"2022-12-02T14:59:32","modified_gmt":"2022-12-02T13:59:32","slug":"como-hacer-un-buen-trabajo-academico","status":"publish","type":"page","link":"https:\/\/blog.uclm.es\/joseremofernandez\/como-hacer-un-buen-trabajo-academico\/","title":{"rendered":"C\u00f3mo hacer un (buen) trabajo acad\u00e9mico"},"content":{"rendered":"<p style=\"text-align: center\">(introducci\u00f3n muy breve)<\/p>\n<p style=\"text-align: right\">31 agosto 2021<\/p>\n<p style=\"text-align: right\"><strong>Remo Fern\u00e1ndez-Carro<\/strong><\/p>\n<p><strong>El primer requisito<\/strong> para hacer <strong>un (buen) trabajo acad\u00e9mico<\/strong> es <strong>tener algo que decir.<\/strong><\/p>\n<p>Comenzar a escribir sin una idea, aunque sea germinal, de lo que quiere ponerse negro sobre blanco es perder el tiempo. De modo que el primer paso es hacer una buena investigaci\u00f3n sobre un tema que nos interese. Si el tema no nos interesa mucho \u2014a lo mejor porque es un trabajo pedido por el profesor, por ejemplo\u2014 a\u00fan podemos aliviarlo centr\u00e1ndonos en lo que menos nos aburra o aquello en lo que pensamos que podemos aportar algo m\u00e1s. En todo caso, un trabajo acad\u00e9mico suele requerir al menos hacer algunas lecturas sobre el tema que se propone \u2014material secundario\u2014 y, quiz\u00e1 despu\u00e9s, una investigaci\u00f3n que produzca material primario \u2014es decir, que no haya hecho nadie antes\u2014.<\/p>\n<p><strong>En segundo lugar<\/strong> es necesario organizarlo.<\/p>\n<p>Lo mejor es construir un <strong>argumento<\/strong> que nos lleve desde una o unas <strong>preguntas de investigaci\u00f3n<\/strong>, que pongan de forma expl\u00edcita lo que queremos saber, a unas conclusiones en que se responda a aquella o aquellas preguntas. Si el trabajo es una investigaci\u00f3n original podemos desarrollar las preguntas mediante unas <strong>hip\u00f3tesis<\/strong>. Una hip\u00f3tesis es una explicaci\u00f3n de lo que nos esperamos encontrar al final de la investigaci\u00f3n. <a href=\"#hipoteis\">Un ejemplo<\/a> Las preguntas y las hip\u00f3tesis tienen que tener sentido: tenemos que respaldarlas con alguna teor\u00eda. Nuestras preguntas e hip\u00f3tesis tambi\u00e9n pueden ir contra alguna teor\u00eda. Una vez que tenemos las preguntas de investigaci\u00f3n y las hip\u00f3tesis debemos aclarar qu\u00e9 datos o qu\u00e9 informaci\u00f3n debemos recoger que confirmen las hip\u00f3tesis (o, mejor, qu\u00e9 datos podr\u00edan contradecir las hip\u00f3tesis). La investigaci\u00f3n consistir\u00e1 en buscar esa clase de datos. Cuando los hemos reunido, los elaboramos y los ordenamos para saber qu\u00e9 encontramos en ellos y c\u00f3mo corroboran \u2014o no\u2014 nuestras hip\u00f3tesis. Y, despu\u00e9s, nos ponemos a escribir.<\/p>\n<p>La <strong>estructura del propio texto acad\u00e9mico<\/strong> calca esta estructura de la investigaci\u00f3n. Es como si fuera contando una historia en la que el personaje principal es el argumento que defendemos. Presenta primero una <strong>introducci\u00f3n<\/strong> en que explicamos qu\u00e9 queremos conocer y por qu\u00e9 \u2014<strong>las preguntas de investigaci\u00f3n<\/strong>\u2014 y proponemos de qu\u00e9 forma vamos a estudiarlo. A rengl\u00f3n seguido se escribe la <strong>elaboraci\u00f3n te\u00f3rica<\/strong> que nos ha llevado a hacer las hip\u00f3tesis y las preguntas originales, y que nos ayuda a proponer las observaciones con las que podr\u00edamos responderlas. A veces esas observaciones est\u00e1n en los libros ya escritos y no tenemos que hacer otra investigaci\u00f3n que buscarlos: de la misma manera, en el trabajo contamos c\u00f3mo hemos hecho para encontrar y reelaborar esos trabajos previos. En la secci\u00f3n siguiente se muestra la<strong> evidencia emp\u00edrica<\/strong> \u2014es decir, c\u00f3mo recogemos los datos y qu\u00e9 datos hemos recogido\u2014 seguido de la elaboraci\u00f3n y discusi\u00f3n de las observaciones en relaci\u00f3n con lo que quer\u00edamos saber (\u00bfLo confirman? \u00bfHasta qu\u00e9 punto? \u00bfLo desmienten? \u00bfCompletamente? \u00bfEn qu\u00e9 se ve eso?). <strong>Las conclusiones<\/strong> son algo m\u00e1s que un resumen del texto: explican qu\u00e9 hemos aprendido y qu\u00e9 podr\u00edamos aprender a partir del punto en que lo dejamos.<\/p>\n<p>En los trabajos acad\u00e9micos escribimos nuestras hip\u00f3tesis para explicar al lector lo que esper\u00e1bamos encontrar con nuestra investigaci\u00f3n. Con esto le ayudamos a entender nuestras explicaciones y centramos la lectura. Por eso es importante ponerlas en la introducci\u00f3n \u2014junto a las preguntas de investigaci\u00f3n\u2014 o en la secci\u00f3n siguiente, de elaboraci\u00f3n te\u00f3rica.<\/p>\n<p><strong>Citar<\/strong><\/p>\n<p>Un (buen) trabajo acad\u00e9mico debe citar adecuadamente los trabajos en que se basa y el origen de las ideas y los datos que no son propios. Si citamos bien, debemos incluir las referencias citadas en una lista al final (que llamamos bibliograf\u00eda) o en notas a pie de p\u00e1gina.<\/p>\n<p>As\u00ed, la estructura de un trabajo escrito suele ser la siguiente:<\/p>\n<ul>\n<li><strong>Introducci\u00f3n<\/strong><\/li>\n<li><strong>[Elaboraci\u00f3n te\u00f3rica]<\/strong><\/li>\n<li><strong>[Presentaci\u00f3n de los datos emp\u00edricos]<\/strong><\/li>\n<li><strong>[Elaboraci\u00f3n de los resultados]<\/strong><\/li>\n<li><strong>Conclusiones<\/strong><\/li>\n<li><strong>[Bibliograf\u00eda (si no va en las notas)]<\/strong><\/li>\n<\/ul>\n<p>Los t\u00edtulos de las secciones no tienen por qu\u00e9 ser esos tan feos;<br \/>\npor eso he escrito algunos de ellos entre corchetes.<\/p>\n<p>Tanto el hecho de citar como el de <strong>hacerlo correctamente<\/strong> (siguiendo alguno de los <strong>formatos habituales<\/strong>) es importante. Es esencial evitar el <strong>plagio<\/strong>, incluso inadvertido, y hay buenas razones para hacerlo. En los documentos que enlazo desde aqu\u00ed detallo todos estos aspectos.<\/p>\n<ul>\n<li><a href=\"https:\/\/blog.uclm.es\/joseremofernandez\/plagio\/\">Plagio<\/a><\/li>\n<li><a href=\"https:\/\/blog.uclm.es\/joseremofernandez\/por-que-debemos-citar-correctamente\/\">Por qu\u00e9 debemos citar correctamente<\/a><\/li>\n<li><a href=\"https:\/\/blog.uclm.es\/joseremofernandez\/como-citar-correctamente\/\">C\u00f3mo citar correctamente<\/a><\/li>\n<li><a href=\"http:\/\/blog.uclm.es\/joseremofernandez\/como-citar-en-estilo-turabian\/\">C\u00f3mo citar en estilo Turabian<\/a><\/li>\n<\/ul>\n<p>En los enlaces que a\u00f1ado aqu\u00ed debajo remito a otras p\u00e1ginas Web que explican mejor c\u00f3mo hacer un trabajo acad\u00e9mico y los detalles de formato que no abordo en esos textos.<\/p>\n<ul>\n<li>Universidad Pompeu Fabra. (31 de agosto de 2021). <em>C\u00f3mo elaborar un trabajo acad\u00e9mico<\/em>. <a href=\"https:\/\/guiesbibtic.upf.edu\/treball-academic\">https:\/\/guiesbibtic.upf.edu\/treball-academic<\/a><br \/>\nExcelente introducci\u00f3n a la elaboraci\u00f3n de un trabajo acad\u00e9mico en formato de p\u00e1gina Web hiperenlazada \u2014muy adecuado para su contenido\u2014 y f\u00e1cil de seguir. Incluye muchos enlaces que complementan el material sobre cada aspecto tratado.<\/li>\n<li>Facultad de Humanidades de Albacete. (31 de agosto de 2021). <em>Gu\u00eda para la elaboraci\u00f3n de un trabajo acad\u00e9mico<\/em>. <a href=\"https:\/\/humanidadesab.uclm.es\/humanidadesab\/resources\/source\/pdf\/TFG\/Librode_estilo.pdf\">https:\/\/humanidadesab.uclm.es\/humanidadesab\/resources\/source\/pdf\/TFG\/Librode_estilo.pdf<\/a><br \/>\nUna buena colecci\u00f3n de consejos sobre formatos y estructura de los trabajos acad\u00e9micos reunida por nuestros compa\u00f1eros de Albacete.<\/li>\n<li>P\u00e9rez Ortiz, J. A. (1999). <em>Diccionario urgente de estilo cient\u00edfico del espa\u00f1ol<\/em>. <a href=\"https:\/\/www.dlsi.ua.es\/~japerez\/pub\/pdf\/duece1999.pdf\">https:\/\/www.dlsi.ua.es\/~japerez\/pub\/pdf\/duece1999.pdf<\/a> (consultado 31 agosto 2021).<br \/>\nUn trabajo algo m\u00e1s preciso para profesionales de estas cosas.<br \/>\nM\u00e1s dif\u00edcil, pero muy recomendable.<\/li>\n<li>Przeworski, A., y Salomon, F. (1998, 1995). <em>The Art of Writing Proposals<\/em>.<a href=\"http:\/\/www.ssrc.org\/publications\/view\/7A9CB4F4-815F-DE11-BD80-001CC477EC70\/\"> http:\/\/www.ssrc.org\/publications\/view\/7A9CB4F4-815F-DE11-BD80-001CC477EC70\/<\/a> (consultado, 31 agosto 2021).<br \/>\nEste es para nota y, adem\u00e1s, est\u00e1 en ingl\u00e9s. Pero es muy recomendable si quieres hacer una investigaci\u00f3n de verdad, una tesis doctoral o una tesina por ejemplo.<br \/>\nPrzeworski y Salomon en realidad est\u00e1n ofreciendo consejos a los investigadores que piden financiaci\u00f3n para sus proyectos de investigaci\u00f3n; pero con un poco de sentido com\u00fan los podemos aplicar para preparar nuestros propios trabajos.<\/li>\n<li>American Psychological Association. (2021). <em>APA Style<\/em>. <a href=\"https:\/\/apastyle.apa.org\">https:\/\/apastyle.apa.org<\/a>\u00a0 \u00a0Esta p\u00e1gina web es la referencia, no s\u00f3lo para el Estilo APA que usamos en la facultad. Hablaremos de ella <a href=\"https:\/\/blog.uclm.es\/joseremofernandez\/como-citar-en-estilo-apa\/\">otra vez<\/a>.<\/li>\n<\/ul>\n<p><strong>[Hip\u00f3tesis: un ejemplo]<a name=\"hipoteis\"><\/a><\/strong><\/p>\n<p>Hacia 1821 los astr\u00f3nomos hab\u00edan medido con precisi\u00f3n el movimiento en su \u00f3rbita de un planeta descubierto poco antes, <a href=\"http:\/\/es.wikipedia.org\/wiki\/Urano_(planeta)\">Urano<\/a>. Urano era un planeta raro por varias razones, aparte de ser el primer planeta que era conocido desde la Antig\u00fcedad. Una de sus rarezas era su \u00f3rbita retr\u00f3grada. Otra, que en su movimiento se aceleraba y se retrasaba, que a veces parec\u00eda tener prisa. El planeta parec\u00eda saltarse las leyes de Kepler del movimiento planetario.<\/p>\n<p>La explicaci\u00f3n que dieron los astr\u00f3nomos que lo descubrieron fue que hab\u00eda otro planeta un poco m\u00e1s lejos que produc\u00eda esas distorsiones. Esa explicaci\u00f3n es una hip\u00f3tesis. Esa <strong>hip\u00f3tesis<\/strong> dice, grosso modo, que \u201csi la teor\u00eda que conocemos, la de Kepler, es correcta encontraremos un planeta un poquito m\u00e1s lejos\u201d. Pero los astr\u00f3nomos no se pod\u00edan conformar con una hip\u00f3tesis grosso modo, porque el cielo es muy grande y corr\u00edan el riesgo de ver ese planeta supuesto y confundirlo con una estrella. Como se conoc\u00edan bien las leyes de Kepler s\u00f3lo hac\u00eda falta un poco de c\u00e1lculo para afinar la hip\u00f3tesis y decir d\u00f3nde iba a estar el nuevo planeta. Por las perturbaciones que causaba en Urano, en Saturno y en J\u00fapiter ya sab\u00edan que iba a ser un planeta bien grande. Los c\u00e1lculos, al final, los hicieron John Couch Adams y Urbain Le Verrier, cada uno por su cuenta. La hip\u00f3tesis se hab\u00eda convertido en algo <strong>m\u00e1s preciso<\/strong>: \u201csi la teor\u00eda es correcta y los c\u00e1lculos est\u00e1n bien hechos encontraremos un nuevo planeta en las siguientes coordenadas: (\u2026)\u201d. Le Verrier convenci\u00f3 a un colega, Johann Gottfried Galle, de que usara su telescopio para observar en esas coordenadas y esa misma noche lo encontr\u00f3. Despu\u00e9s de un tiempo de discusi\u00f3n, los astr\u00f3nomos aceptaron el nombre que hab\u00eda propuesto Le Verrier: <a href=\"http:\/\/es.wikipedia.org\/wiki\/Neptuno_(planeta)\">Neptuno<\/a>.<\/p>\n<p>Al cabo de unos a\u00f1os, con mejores telescopios y m\u00e1s tiempo de observaci\u00f3n, los astr\u00f3nomos fueron descubriendo que Neptuno tambi\u00e9n sufre perturbaciones en su \u00f3rbita. Vaya. Es f\u00e1cil imaginar la <strong>hip\u00f3tesis<\/strong> que hicieron: \u201csi la teor\u00eda es correcta y hacemos bien los c\u00e1lculos encontraremos un planeta en el lugar que indiquen\u201d. Esta vez fue m\u00e1s dif\u00edcil, porque las perturbaciones de la \u00f3rbita de Neptuno eran peque\u00f1as. Esto quer\u00eda decir que el planeta que deb\u00edan buscar era muy peque\u00f1o, con lo que se necesitar\u00eda unos telescopios muy precisos. \u00bfQu\u00e9 planeta descubrieron cuando tuvieron telescopios precisos? El pobre era tan peque\u00f1o que hace poco lo han degradado a \u201cplaneta menor\u201d.<\/p>\n<p>Por cierto, con el mismo truco se han ido descubriendo otros planetas y sat\u00e9lites de planetas, tanto en el sistema solar como fuera de \u00e9l.(1)<\/p>\n<p><a title=\"Enlace externo a informacion adicional (se abrir\u00e1 en una ventana nueva)\" href=\"http:\/\/creativecommons.org\/licenses\/by-nc-sa\/3.0\/es\/\" target=\"_blank\" rel=\"noopener noreferrer\"><img decoding=\"async\" title=\"Creative Commons License\" src=\"https:\/\/blog.uclm.es\/joseremofernandez\/wp-content\/uploads\/sites\/164\/2020\/06\/cc.png\" alt=\"Creative Commons License\" \/><\/a><\/p>\n<p>C\u00f3mo hacer un (buen) trabajo acad\u00e9mico by Remo Fern\u00e1ndez-Carro<br \/>\nis licensed under a <a href=\"http:\/\/creativecommons.org\/licenses\/by-nc-sa\/3.0\/es\/\">Creative Commons Reconocimiento-No comercial-Compartir bajo la misma licencia 3.0 Espa\u00f1a License<\/a>.<\/p>\n<p>(1) La historia no es tan f\u00e1cil ni termina aqu\u00ed: \u00bfqu\u00e9 sucedi\u00f3 a los astr\u00f3nomos que por aquellos mismos d\u00edas descubrieron que Mercurio tambi\u00e9n ten\u00eda perturbaciones en su \u00f3rbita? \u00bfQu\u00e9 hip\u00f3tesis propusieron? \u00bfQu\u00e9 sucedi\u00f3 cuando por fin se pudieron hacer las observaciones que <a href=\"http:\/\/en.wikipedia.org\/wiki\/Vulcan_(planet)#The_search_for_Vulcan\">propon\u00edan<\/a>?<\/p>\n","protected":false},"excerpt":{"rendered":"<p>(introducci\u00f3n muy breve) 31 agosto 2021 Remo Fern\u00e1ndez-Carro El primer requisito para hacer un (buen) trabajo acad\u00e9mico es tener algo que decir. Comenzar a escribir sin una idea, aunque sea germinal, de lo que quiere ponerse negro sobre blanco es perder el tiempo. De modo que el primer paso es hacer una buena investigaci\u00f3n sobre &hellip; <a href=\"https:\/\/blog.uclm.es\/joseremofernandez\/como-hacer-un-buen-trabajo-academico\/\" class=\"more-link\">Seguir leyendo <span class=\"screen-reader-text\">C\u00f3mo hacer un (buen) trabajo acad\u00e9mico<\/span> <span class=\"meta-nav\">&rarr;<\/span><\/a><\/p>\n","protected":false},"author":140,"featured_media":0,"parent":0,"menu_order":0,"comment_status":"closed","ping_status":"closed","template":"","meta":{"footnotes":""},"class_list":["post-32","page","type-page","status-publish","hentry"],"_links":{"self":[{"href":"https:\/\/blog.uclm.es\/joseremofernandez\/wp-json\/wp\/v2\/pages\/32","targetHints":{"allow":["GET"]}}],"collection":[{"href":"https:\/\/blog.uclm.es\/joseremofernandez\/wp-json\/wp\/v2\/pages"}],"about":[{"href":"https:\/\/blog.uclm.es\/joseremofernandez\/wp-json\/wp\/v2\/types\/page"}],"author":[{"embeddable":true,"href":"https:\/\/blog.uclm.es\/joseremofernandez\/wp-json\/wp\/v2\/users\/140"}],"replies":[{"embeddable":true,"href":"https:\/\/blog.uclm.es\/joseremofernandez\/wp-json\/wp\/v2\/comments?post=32"}],"version-history":[{"count":2,"href":"https:\/\/blog.uclm.es\/joseremofernandez\/wp-json\/wp\/v2\/pages\/32\/revisions"}],"predecessor-version":[{"id":377,"href":"https:\/\/blog.uclm.es\/joseremofernandez\/wp-json\/wp\/v2\/pages\/32\/revisions\/377"}],"wp:attachment":[{"href":"https:\/\/blog.uclm.es\/joseremofernandez\/wp-json\/wp\/v2\/media?parent=32"}],"curies":[{"name":"wp","href":"https:\/\/api.w.org\/{rel}","templated":true}]}}