{"id":95,"date":"2016-05-13T18:35:32","date_gmt":"2016-05-13T17:35:32","guid":{"rendered":"http:\/\/blog.uclm.es\/josemrodriguez\/?page_id=95"},"modified":"2022-10-21T09:56:40","modified_gmt":"2022-10-21T07:56:40","slug":"contactos","status":"publish","type":"page","link":"https:\/\/blog.uclm.es\/josemrodriguez\/contactos\/","title":{"rendered":"Consultas"},"content":{"rendered":"\n<figure class=\"wp-block-table\"><table class=\"has-fixed-layout\"><thead><tr><th><\/th><th><\/th><th><\/th><th><\/th><th><\/th><th><\/th><th><\/th><th><\/th><\/tr><\/thead><tbody><tr><td>Submitted<\/td><td>your-name<\/td><td>g-recaptcha-response<\/td><td>your-email<\/td><td>your-subject<\/td><td>your-message<\/td><td>Submitted Login<\/td><td>Submitted From<\/td><\/tr><tr><td>2019-07-12 02:43:41 +00:00<\/td><td>Vicente Fernandez<\/td><td><\/td><td><a rel=\"noreferrer noopener\" href=\"mailto:titanesempresarios@gmail.com\" target=\"_blank\">titanesempresarios@gmail.com<\/a><\/td><td><\/td><td><\/td><td>\u00abTocar fondo no es un maldito seminario\u00bb El video que tienes que ver, <a rel=\"noreferrer noopener\" href=\"https:\/\/www.google.com\/url?q=https:\/\/tinyurl.com\/y3t3flku&amp;source=gmail-html&amp;ust=1666424848567000&amp;usg=AOvVaw29pAnRO6YO6ZV28_4K-yLZ\" target=\"_blank\">https:\/\/tinyurl.com\/y3t3flku<\/a> :]<\/td><td>62.210.111.66<\/td><\/tr><tr><td>2019-07-09 01:49:00 +00:00<\/td><td>Vicente Ramirez<\/td><td><\/td><td><a rel=\"noreferrer noopener\" href=\"mailto:titanesempresarios@gmail.com\" target=\"_blank\">titanesempresarios@gmail.com<\/a><\/td><td><\/td><td><\/td><td>\u00abTocar fondo no es un maldito seminario\u00bb. El \u00fanico v\u00eddeo que no puedes dejar de ver: <a rel=\"noreferrer noopener\" href=\"https:\/\/www.google.com\/url?q=https:\/\/tinyurl.com\/y3t3flku&amp;source=gmail-html&amp;ust=1666424848567000&amp;usg=AOvVaw29pAnRO6YO6ZV28_4K-yLZ\" target=\"_blank\">https:\/\/tinyurl.com\/y3t3flku<\/a> ;]<\/td><td>62.210.111.66<\/td><\/tr><tr><td>2018-10-15 22:01:33 +00:00<\/td><td>Emilia Brotons<\/td><td><\/td><td><a rel=\"noreferrer noopener\" href=\"mailto:emilia.brotons@gmail.com\" target=\"_blank\">emilia.brotons@gmail.com<\/a><\/td><td><\/td><td><\/td><td>Por fin tengo un minuto. Te escribo por aqu\u00ed, que no tengo tu correo personal.<br><br>Esta es la empresa que te habl\u00e9 el otro d\u00eda:<br><a rel=\"noreferrer noopener\" href=\"https:\/\/www.google.com\/url?q=https:\/\/www.hostingyweb.com&amp;source=gmail-html&amp;ust=1666424848567000&amp;usg=AOvVaw3sifAgBgGUg5eg9VmpyIZq\" target=\"_blank\">https:\/\/www.hostingyweb.com<\/a><br><br>Te hacen una web profesional por 150\u20ac.<br><br>Echa un vistazo y me dices.<br><br>Un saludo,<br>Emilia<\/td><td>62.210.111.29<\/td><\/tr><tr><td>2017-04-03 19:39:07 +00:00<\/td><td>Santiago Villaescusa<\/td><td><\/td><td><a rel=\"noreferrer noopener\" href=\"mailto:santiagovb@hotmail.com\" target=\"_blank\">santiagovb@hotmail.com<\/a><\/td><td><a rel=\"noreferrer noopener\" href=\"mailto:santiagovb@hotmail.com\" target=\"_blank\"><\/a><br>contrase\u00f1a acceso uclm<\/td><td><\/td><td>Buenas noches Jos\u00e9 Mar\u00eda,<br>me ha caducado la contrase\u00f1a de acceso a la universidad y no me permite acceder.<br>Como soluciono este tema.<br>Atentamente<br>Santiago<\/td><td>79.144.179.178<\/td><\/tr><tr><td>2016-05-13 17:29:50 +00:00<\/td><td>Mar\u00eda Dolores<\/td><td><\/td><td><br><a rel=\"noreferrer noopener\" href=\"mailto:mardolgualda@gmail.com\" target=\"_blank\">mardolgualda@gmail.com<\/a><\/td><td><a rel=\"noreferrer noopener\" href=\"mailto:mardolgualda@gmail.com\" target=\"_blank\"><\/a><br>Prueba<\/td><td>Esto es un prueba<\/td><td><br><a rel=\"noreferrer noopener\" href=\"mailto:josem.rodriguez@uclm.es\" target=\"_blank\">josem.rodriguez@uclm.es<\/a><\/td><td>188.247.146.180<\/td><\/tr><\/tbody><\/table><\/figure>\n","protected":false},"excerpt":{"rendered":"<p>Submitted your-name g-recaptcha-response your-email your-subject your-message Submitted Login Submitted From 2019-07-12 02:43:41 +00:00 Vicente Fernandez titanesempresarios@gmail.com \u00abTocar fondo no es un maldito seminario\u00bb El video que tienes que ver, https:\/\/tinyurl.com\/y3t3flku :] 62.210.111.66 2019-07-09 01:49:00 +00:00 Vicente Ramirez titanesempresarios@gmail.com \u00abTocar fondo no es un maldito seminario\u00bb. El \u00fanico v\u00eddeo que no puedes dejar de ver: https:\/\/tinyurl.com\/y3t3flku [&hellip;]<\/p>\n","protected":false},"author":214,"featured_media":0,"parent":0,"menu_order":0,"comment_status":"closed","ping_status":"closed","template":"","meta":{"footnotes":""},"class_list":["post-95","page","type-page","status-publish","hentry"],"_links":{"self":[{"href":"https:\/\/blog.uclm.es\/josemrodriguez\/wp-json\/wp\/v2\/pages\/95","targetHints":{"allow":["GET"]}}],"collection":[{"href":"https:\/\/blog.uclm.es\/josemrodriguez\/wp-json\/wp\/v2\/pages"}],"about":[{"href":"https:\/\/blog.uclm.es\/josemrodriguez\/wp-json\/wp\/v2\/types\/page"}],"author":[{"embeddable":true,"href":"https:\/\/blog.uclm.es\/josemrodriguez\/wp-json\/wp\/v2\/users\/214"}],"replies":[{"embeddable":true,"href":"https:\/\/blog.uclm.es\/josemrodriguez\/wp-json\/wp\/v2\/comments?post=95"}],"version-history":[{"count":4,"href":"https:\/\/blog.uclm.es\/josemrodriguez\/wp-json\/wp\/v2\/pages\/95\/revisions"}],"predecessor-version":[{"id":112,"href":"https:\/\/blog.uclm.es\/josemrodriguez\/wp-json\/wp\/v2\/pages\/95\/revisions\/112"}],"wp:attachment":[{"href":"https:\/\/blog.uclm.es\/josemrodriguez\/wp-json\/wp\/v2\/media?parent=95"}],"curies":[{"name":"wp","href":"https:\/\/api.w.org\/{rel}","templated":true}]}}