{"id":12,"date":"2016-05-06T19:15:43","date_gmt":"2016-05-06T18:15:43","guid":{"rendered":"http:\/\/blog.uclm.es\/josemrodriguez\/?page_id=12"},"modified":"2016-05-06T19:15:43","modified_gmt":"2016-05-06T18:15:43","slug":"curriculum","status":"publish","type":"page","link":"https:\/\/blog.uclm.es\/josemrodriguez\/curriculum\/","title":{"rendered":"Curriculum"},"content":{"rendered":"<div id=\"attachment_67\" style=\"width: 275px\" class=\"wp-caption alignleft\"><img loading=\"lazy\" decoding=\"async\" aria-describedby=\"caption-attachment-67\" class=\"wp-image-67 size-full\" src=\"https:\/\/blog.uclm.es\/josemrodriguez\/wp-content\/uploads\/sites\/109\/2016\/05\/mifoto.jpg\" alt=\"Jos\u00e9 Mar\u00eda Rodr\u00edguez Tendero\" width=\"265\" height=\"265\" srcset=\"https:\/\/blog.uclm.es\/josemrodriguez\/wp-content\/uploads\/sites\/109\/2016\/05\/mifoto.jpg 265w, https:\/\/blog.uclm.es\/josemrodriguez\/wp-content\/uploads\/sites\/109\/2016\/05\/mifoto-150x150.jpg 150w\" sizes=\"auto, (max-width: 265px) 100vw, 265px\" \/><p id=\"caption-attachment-67\" class=\"wp-caption-text\">Jos\u00e9 Mar\u00eda Rodr\u00edguez Tendero<\/p><\/div>\n<p>Desde el curso acad\u00e9mico 2013-14 soy Coordinador del Practicum de Educaci\u00f3n Primaria del M\u00e1ster en formaci\u00f3n del profesorado para alumnos de altas capacidades, titulo propio de la Universidad de Castilla-La Mancha que dirige el Catedr\u00e1tico de Did\u00e1ctica de la Expresi\u00f3n Corporal Dr. D. <em>Onofre Ricardo\u00a0Contreras Jord\u00e1n<\/em> y cuya III Edici\u00f3n se impartir\u00e1 en durante el pr\u00f3ximo curso 2016-17.<\/p>\n<p>En la actualidad soy Funcionario Interino de la Universidad de Castilla-La Mancha como Personal de Administraci\u00f3n y Servicios en la Unidad de Apoyo del Campus de Albacete y he prestado servicios como gestor en diferentes unidades como la Unidad de Educaci\u00f3n M\u00e9dica de la Facultad de Medicina de Albacete, el Departamento de Sistemas Inform\u00e1ticos, La Escuela Internacional de Doctorado&#8230;<\/p>\n<p>Durante 2015 fui personal investigador contratado en el Proyecto de Investigaci\u00f3n <em>Energ\u00eda y Medio Ambiente en H2020\/Acciones de Dinamizaci\u00f3n \u00abEuropa Redes y Gestores\u00bb<\/em>, cuyo Investigador Principal es el Catedr\u00e1tico de Producci\u00f3n Animal\u00a0y Vicerrector de Investigaci\u00f3n y Pol\u00edtica Cient\u00edfica de la Universidad de Castilla-La mancha Dr. D. <em>Jos\u00e9 Juli\u00e1n Garde L\u00f3pez-Brea<\/em>.<\/p>\n<p>De 1996 a 2012 fui Ejecutivo del Departamento de Did\u00e1ctica de la Expresi\u00f3n Musical, Pl\u00e1stica y Corporal de la Universidad de Castilla-La Mancha con sede en la Facultad de Educaci\u00f3n de Albacete y colabor\u00e9 con el Grupo de Investigaci\u00f3n <em>Ense\u00f1anza del Deporte y la Actividad F\u00edsica (EDAF), cuyo investigador responsable es el <\/em>Catedr\u00e1tico de Did\u00e1ctica de la Expresi\u00f3n Corporal Dr. D.<em> Onofre Ricardo Contreras Jord\u00e1n.<\/em><\/p>\n<p>&nbsp;<\/p>\n","protected":false},"excerpt":{"rendered":"<p>Desde el curso acad\u00e9mico 2013-14 soy Coordinador del Practicum de Educaci\u00f3n Primaria del M\u00e1ster en formaci\u00f3n del profesorado para alumnos de altas capacidades, titulo propio de la Universidad de Castilla-La Mancha que dirige el Catedr\u00e1tico de Did\u00e1ctica de la Expresi\u00f3n Corporal Dr. D. Onofre Ricardo\u00a0Contreras Jord\u00e1n y cuya III Edici\u00f3n se impartir\u00e1 en durante el [&hellip;]<\/p>\n","protected":false},"author":214,"featured_media":0,"parent":0,"menu_order":0,"comment_status":"closed","ping_status":"closed","template":"","meta":{"footnotes":""},"class_list":["post-12","page","type-page","status-publish","hentry"],"_links":{"self":[{"href":"https:\/\/blog.uclm.es\/josemrodriguez\/wp-json\/wp\/v2\/pages\/12","targetHints":{"allow":["GET"]}}],"collection":[{"href":"https:\/\/blog.uclm.es\/josemrodriguez\/wp-json\/wp\/v2\/pages"}],"about":[{"href":"https:\/\/blog.uclm.es\/josemrodriguez\/wp-json\/wp\/v2\/types\/page"}],"author":[{"embeddable":true,"href":"https:\/\/blog.uclm.es\/josemrodriguez\/wp-json\/wp\/v2\/users\/214"}],"replies":[{"embeddable":true,"href":"https:\/\/blog.uclm.es\/josemrodriguez\/wp-json\/wp\/v2\/comments?post=12"}],"version-history":[{"count":0,"href":"https:\/\/blog.uclm.es\/josemrodriguez\/wp-json\/wp\/v2\/pages\/12\/revisions"}],"wp:attachment":[{"href":"https:\/\/blog.uclm.es\/josemrodriguez\/wp-json\/wp\/v2\/media?parent=12"}],"curies":[{"name":"wp","href":"https:\/\/api.w.org\/{rel}","templated":true}]}}