{"id":416,"date":"2025-04-03T11:44:03","date_gmt":"2025-04-03T09:44:03","guid":{"rendered":"https:\/\/blog.uclm.es\/josemarialopez\/?page_id=416"},"modified":"2025-04-03T19:55:29","modified_gmt":"2025-04-03T17:55:29","slug":"otras-actividades-docentes","status":"publish","type":"page","link":"https:\/\/blog.uclm.es\/josemarialopez\/otras-actividades-docentes\/","title":{"rendered":"Otras actividades docentes"},"content":{"rendered":"<ul class=\"wp-block-latest-posts__list wp-block-latest-posts\"><li><a class=\"wp-block-latest-posts__post-title\" href=\"https:\/\/blog.uclm.es\/josemarialopez\/2005\/06\/03\/ponencia-imagen-digital\/\">Ponencia \u00abImagen Digital\u00bb<\/a><div class=\"wp-block-latest-posts__post-excerpt\">Curso de Verano \u00abIngenier\u00eda Biom\u00e9dica: Im\u00e1genes M\u00e9dicas\u00bb organizado por el Vicerrectorado de Extensi\u00f3n Universitaria de la UCLM. (ISBN: 84-8427-426) (Junio, 2005)<\/div><\/li>\n<li><a class=\"wp-block-latest-posts__post-title\" href=\"https:\/\/blog.uclm.es\/josemarialopez\/2004\/11\/03\/realizacion-de-la-retransmision-en-directo-de-un-evento-deportivo\/\">Realizaci\u00f3n de la retransmisi\u00f3n en directo de un evento deportivo<\/a><div class=\"wp-block-latest-posts__post-excerpt\">Pr\u00e1ctica para los estudiantes de la asignatura de \u00abVideograbaci\u00f3n\u00bb de la Escuela Polit\u00e9cnica de Cuenca Montaje de c\u00e1maras, y set de realizaci\u00f3n par la retransmisi\u00f3n de un partido de baloncesto con motivo del X aniversario de la creaci\u00f3n de la Escuela Polit\u00e9cnica de Cuenca. Grabaci\u00f3n de secuencias y edici\u00f3n no-lineal posterior del material recogido. (Noviembre,&#8230; <a class=\"wp-block-latest-posts__read-more\" href=\"https:\/\/blog.uclm.es\/josemarialopez\/2004\/11\/03\/realizacion-de-la-retransmision-en-directo-de-un-evento-deportivo\/\" rel=\"noopener noreferrer\">Lee m\u00e1s<span class=\"screen-reader-text\">: Realizaci\u00f3n de la retransmisi\u00f3n en directo de un evento deportivo<\/span><\/a><\/div><\/li>\n<li><a class=\"wp-block-latest-posts__post-title\" href=\"https:\/\/blog.uclm.es\/josemarialopez\/2004\/04\/03\/programa-universitario-de-mayores-jose-saramago\/\">Programa Universitario de Mayores \u00abJos\u00e9 Saramago\u00bb<\/a><div class=\"wp-block-latest-posts__post-excerpt\">Impartici\u00f3n de la asignatura de \u00abInform\u00e1tica 1\u00bb en el Programa Universitario de Mayores \u00abJos\u00e9 Saramago\u00bb del Campus de Cuenca organizado por la Universidad de Castilla La Mancha. (Curso 2003\/04)<\/div><\/li>\n<li><a class=\"wp-block-latest-posts__post-title\" href=\"https:\/\/blog.uclm.es\/josemarialopez\/2003\/10\/22\/ponencia-introduccion-a-las-telecomunicaciones\/\">Ponencia \u00abIntroducci\u00f3n a las Telecomunicaciones\u00bb<\/a><div class=\"wp-block-latest-posts__post-excerpt\">III Semana de la Ciencia y la Tecnolog\u00eda en Castilla La Mancha. (Octubre, 2003)<\/div><\/li>\n<li><a class=\"wp-block-latest-posts__post-title\" href=\"https:\/\/blog.uclm.es\/josemarialopez\/2003\/06\/03\/ponencia-produccion-en-tv-digital-compresion-calidad-y-portabilidad\/\">Ponencia \u00abProducci\u00f3n en TV Digital: Compresi\u00f3n, Calidad y Portabilidad\u00bb<\/a><div class=\"wp-block-latest-posts__post-excerpt\">Curso de Verano \u00abCambio Tecnol\u00f3gico y Estrategias de Televisi\u00f3n\u00bb organizado por el Vicerrectorado de Extensi\u00f3n Universitaria de la UCLM. (Junio, 2003)<\/div><\/li>\n<li><a class=\"wp-block-latest-posts__post-title\" href=\"https:\/\/blog.uclm.es\/josemarialopez\/2002\/04\/03\/curso-iniciacion-a-la-red-de-internet\/\">Curso \u00abIniciaci\u00f3n a la Red de Internet\u00bb<\/a><div class=\"wp-block-latest-posts__post-excerpt\">Curso organizado por la Federaci\u00f3n de Asociaciones de Empresarios Conquenses (FAEC) y la Consejer\u00eda de Industria y Trabajo de la Junta de Comunidades de Castilla La Mancha. (2002)<\/div><\/li>\n<li><a class=\"wp-block-latest-posts__post-title\" href=\"https:\/\/blog.uclm.es\/josemarialopez\/2001\/04\/03\/materia-modelado-y-animacion-tridimensional\/\">Materia \u00abModelado y Animaci\u00f3n Tridimensional\u00bb<\/a><div class=\"wp-block-latest-posts__post-excerpt\">Perteneciente al curso \u00abT\u00e9cnicas para la Edici\u00f3n de V\u00eddeo Digital\u00bb. Convenio de cooperaci\u00f3n entre la Consejer\u00eda de Educaci\u00f3n de la Junta de Comunidades de Castilla La Mancha y la UCLM. (2001)<\/div><\/li>\n<li><a class=\"wp-block-latest-posts__post-title\" href=\"https:\/\/blog.uclm.es\/josemarialopez\/1998\/09\/03\/materia-de-sistemas-de-adquisicion-de-datos-e-instrumentacion-electronica\/\">Materia de \u00abSistemas de Adquisici\u00f3n de Datos e Instrumentaci\u00f3n Electr\u00f3nica\u00bb<\/a><div class=\"wp-block-latest-posts__post-excerpt\">Perteneciente a los cursos \u00abT\u00e9cnico en Control de Calidad y Ensayos en Edificaci\u00f3n y Obras P\u00fablicas\u00bb, \u00abEnsayo y Caracterizaci\u00f3n de Materiales y Componentes en el Sector de la Construcci\u00f3n\u00bb y \u00abLaborante de Laboratorio\u00bb organizados por el Consejo Superior de Investigaciones Cient\u00edficas (CSIC), la Consejer\u00eda de Econom\u00eda y Empleo de la Comunidad de Madrid y el&#8230; <a class=\"wp-block-latest-posts__read-more\" href=\"https:\/\/blog.uclm.es\/josemarialopez\/1998\/09\/03\/materia-de-sistemas-de-adquisicion-de-datos-e-instrumentacion-electronica\/\" rel=\"noopener noreferrer\">Lee m\u00e1s<span class=\"screen-reader-text\">: Materia de \u00abSistemas de Adquisici\u00f3n de Datos e Instrumentaci\u00f3n Electr\u00f3nica\u00bb<\/span><\/a><\/div><\/li>\n<\/ul>","protected":false},"excerpt":{"rendered":"","protected":false},"author":74,"featured_media":0,"parent":0,"menu_order":0,"comment_status":"closed","ping_status":"closed","template":"","meta":{"footnotes":""},"class_list":["post-416","page","type-page","status-publish","hentry"],"_links":{"self":[{"href":"https:\/\/blog.uclm.es\/josemarialopez\/wp-json\/wp\/v2\/pages\/416","targetHints":{"allow":["GET"]}}],"collection":[{"href":"https:\/\/blog.uclm.es\/josemarialopez\/wp-json\/wp\/v2\/pages"}],"about":[{"href":"https:\/\/blog.uclm.es\/josemarialopez\/wp-json\/wp\/v2\/types\/page"}],"author":[{"embeddable":true,"href":"https:\/\/blog.uclm.es\/josemarialopez\/wp-json\/wp\/v2\/users\/74"}],"replies":[{"embeddable":true,"href":"https:\/\/blog.uclm.es\/josemarialopez\/wp-json\/wp\/v2\/comments?post=416"}],"version-history":[{"count":2,"href":"https:\/\/blog.uclm.es\/josemarialopez\/wp-json\/wp\/v2\/pages\/416\/revisions"}],"predecessor-version":[{"id":435,"href":"https:\/\/blog.uclm.es\/josemarialopez\/wp-json\/wp\/v2\/pages\/416\/revisions\/435"}],"wp:attachment":[{"href":"https:\/\/blog.uclm.es\/josemarialopez\/wp-json\/wp\/v2\/media?parent=416"}],"curies":[{"name":"wp","href":"https:\/\/api.w.org\/{rel}","templated":true}]}}