{"id":408,"date":"2025-03-12T19:16:49","date_gmt":"2025-03-12T17:16:49","guid":{"rendered":"https:\/\/blog.uclm.es\/josemarialopez\/?page_id=408"},"modified":"2025-03-12T19:16:49","modified_gmt":"2025-03-12T17:16:49","slug":"proyectos-final-de-carrera","status":"publish","type":"page","link":"https:\/\/blog.uclm.es\/josemarialopez\/proyectos-final-de-carrera\/","title":{"rendered":"Proyectos Final de Carrera"},"content":{"rendered":"\n<p class=\"has-text-color has-link-color wp-elements-0a0c96176fb10dc9788676aaf5c14cd7\" style=\"color:#c00000\"><strong>Ingenier\u00eda T\u00e9cnica de Telecomunicaci\u00f3n, especialidad en Sonido e Imagen<\/strong><\/p>\n\n\n<ul class=\"wp-block-latest-posts__list wp-block-latest-posts\"><li><a class=\"wp-block-latest-posts__post-title\" href=\"https:\/\/blog.uclm.es\/josemarialopez\/2008\/06\/10\/creacion-de-una-obra-audiovisual\/\">Creaci\u00f3n de una obra audiovisual<\/a><div class=\"wp-block-latest-posts__post-full-content\"><!-- wp:paragraph {\"style\":{\"color\":{\"text\":\"#5876e0\"},\"elements\":{\"link\":{\"color\":{\"text\":\"#5876e0\"}}}}} -->\n<p class=\"has-text-color has-link-color\" style=\"color:#5876e0\">(M. A. Romero)<\/p>\n<!-- \/wp:paragraph --><\/div><\/li>\n<li><a class=\"wp-block-latest-posts__post-title\" href=\"https:\/\/blog.uclm.es\/josemarialopez\/2008\/06\/04\/modelado-de-proyectos-arquitectonicos-en-3d\/\">Modelado de proyectos arquitect\u00f3nicos en 3D<\/a><div class=\"wp-block-latest-posts__post-full-content\"><!-- wp:paragraph -->\n<p>Uso de software de dise\u00f1o 3D para el desarrollo de proyectos de arquitectura.<\/p>\n<!-- \/wp:paragraph -->\n\n<!-- wp:paragraph {\"style\":{\"color\":{\"text\":\"#5876e0\"},\"elements\":{\"link\":{\"color\":{\"text\":\"#5876e0\"}}}}} -->\n<p class=\"has-text-color has-link-color\" style=\"color:#5876e0\">(C. Guti\u00e9rrez)<\/p>\n<!-- \/wp:paragraph --><\/div><\/li>\n<li><a class=\"wp-block-latest-posts__post-title\" href=\"https:\/\/blog.uclm.es\/josemarialopez\/2008\/05\/22\/aplicacion-del-diseno-3d-a-la-produccion-de-peliculas-de-animacion\/\">Aplicaci\u00f3n del dise\u00f1o 3D a la producci\u00f3n de pel\u00edculas de animaci\u00f3n<\/a><div class=\"wp-block-latest-posts__post-full-content\"><!-- wp:paragraph -->\n<p>Elaboraci\u00f3n de un cortometraje de animaci\u00f3n utilizando software de animaci\u00f3n tridimensional. Montaje, edici\u00f3n no-lineal y grabaci\u00f3n en formato digital.<\/p>\n<!-- \/wp:paragraph -->\n\n<!-- wp:paragraph {\"style\":{\"color\":{\"text\":\"#5876e0\"},\"elements\":{\"link\":{\"color\":{\"text\":\"#5876e0\"}}}}} -->\n<p class=\"has-text-color has-link-color\" style=\"color:#5876e0\">(J. M. S\u00e1nchez)<\/p>\n<!-- \/wp:paragraph --><\/div><\/li>\n<li><a class=\"wp-block-latest-posts__post-title\" href=\"https:\/\/blog.uclm.es\/josemarialopez\/2008\/05\/06\/estudio-de-la-television-de-alta-definicion-para-la-eupc\/\">Estudio de la Televisi\u00f3n de Alta Definici\u00f3n para la EUPC<\/a><div class=\"wp-block-latest-posts__post-full-content\"><!-- wp:paragraph -->\n<p>Proyecto de dise\u00f1o de un estudio de televisi\u00f3n en alta definici\u00f3n para la Escuela Polit\u00e9cnica de Cuenca.<\/p>\n<!-- \/wp:paragraph -->\n\n<!-- wp:paragraph {\"style\":{\"color\":{\"text\":\"#5876e0\"},\"elements\":{\"link\":{\"color\":{\"text\":\"#5876e0\"}}}}} -->\n<p class=\"has-text-color has-link-color\" style=\"color:#5876e0\">(M. M. Portero) <\/p>\n<!-- \/wp:paragraph --><\/div><\/li>\n<li><a class=\"wp-block-latest-posts__post-title\" href=\"https:\/\/blog.uclm.es\/josemarialopez\/2008\/04\/04\/realizacion-de-un-documental-introductorio-sobre-la-holografia\/\">Realizaci\u00f3n de un documental introductorio sobre la holograf\u00eda<\/a><div class=\"wp-block-latest-posts__post-full-content\"><!-- wp:paragraph {\"style\":{\"color\":{\"text\":\"#5876e0\"},\"elements\":{\"link\":{\"color\":{\"text\":\"#5876e0\"}}}}} -->\n<p class=\"has-text-color has-link-color\" style=\"color:#5876e0\">(P. J. Sanch\u00eds)<\/p>\n<!-- \/wp:paragraph --><\/div><\/li>\n<li><a class=\"wp-block-latest-posts__post-title\" href=\"https:\/\/blog.uclm.es\/josemarialopez\/2008\/03\/04\/diseno-de-un-programa-en-java-para-reconocimiento-de-caracteres-en-imagenes-de-matriculas\/\">Dise\u00f1o de un programa en JAVA para reconocimiento de caracteres en im\u00e1genes de matr\u00edculas<\/a><div class=\"wp-block-latest-posts__post-full-content\"><!-- wp:paragraph -->\n<p>Programaci\u00f3n de una aplicaci\u00f3n de tratamiento digital de im\u00e1genes en JAVA para identificar caracteres en matr\u00edculas de veh\u00edculos.<\/p>\n<!-- \/wp:paragraph -->\n\n<!-- wp:paragraph {\"style\":{\"color\":{\"text\":\"#5876e0\"},\"elements\":{\"link\":{\"color\":{\"text\":\"#5876e0\"}}}}} -->\n<p class=\"has-text-color has-link-color\" style=\"color:#5876e0\">(F. J. Collado)<\/p>\n<!-- \/wp:paragraph --><\/div><\/li>\n<li><a class=\"wp-block-latest-posts__post-title\" href=\"https:\/\/blog.uclm.es\/josemarialopez\/2008\/02\/04\/produccion-animacion-y-realizacion-de-un-cortometraje-en-tres-dimensiones\/\">Producci\u00f3n, animaci\u00f3n y realizaci\u00f3n de un cortometraje en tres dimensiones<\/a><div class=\"wp-block-latest-posts__post-full-content\"><!-- wp:paragraph -->\n<p>Uso de software de dise\u00f1o tridimensional para realizar un cortometraje de animaci\u00f3n 3D. Montaje, edici\u00f3n no-lineal y grabaci\u00f3n en soporte digital.<\/p>\n<!-- \/wp:paragraph -->\n\n<!-- wp:paragraph {\"style\":{\"color\":{\"text\":\"#5876e0\"},\"elements\":{\"link\":{\"color\":{\"text\":\"#5876e0\"}}}}} -->\n<p class=\"has-text-color has-link-color\" style=\"color:#5876e0\">(C. Blanco)<\/p>\n<!-- \/wp:paragraph --><\/div><\/li>\n<li><a class=\"wp-block-latest-posts__post-title\" href=\"https:\/\/blog.uclm.es\/josemarialopez\/2008\/01\/14\/diseno-3d-animacion-e-infografias-arquitectonicas-con-3d-studio-max\/\">Dise\u00f1o 3D: Animaci\u00f3n e infograf\u00edas arquitect\u00f3nicas con 3D Studio Max<\/a><div class=\"wp-block-latest-posts__post-full-content\"><!-- wp:paragraph -->\n<p>Uso del software 3D Studio Max como herramienta de dise\u00f1o arquitectural en exteriores e interiores de edificios.<\/p>\n<!-- \/wp:paragraph -->\n\n<!-- wp:paragraph {\"style\":{\"color\":{\"text\":\"#5876e0\"},\"elements\":{\"link\":{\"color\":{\"text\":\"#5876e0\"}}}}} -->\n<p class=\"has-text-color has-link-color\" style=\"color:#5876e0\">(A. Cubero)<\/p>\n<!-- \/wp:paragraph --><\/div><\/li>\n<li><a class=\"wp-block-latest-posts__post-title\" href=\"https:\/\/blog.uclm.es\/josemarialopez\/2007\/05\/28\/documental-introductorio-a-la-holografia\/\">Documental introductorio a la holograf\u00eda<\/a><div class=\"wp-block-latest-posts__post-full-content\"><!-- wp:paragraph -->\n<p>Elaboraci\u00f3n de un documento audiovisual de introducci\u00f3n a la holograf\u00eda utilizando software de animaci\u00f3n tridimensional y herramientas de edici\u00f3n no-lineal para su grabaci\u00f3n en formato digital.<\/p>\n<!-- \/wp:paragraph -->\n\n<!-- wp:paragraph {\"style\":{\"color\":{\"text\":\"#5876e0\"},\"elements\":{\"link\":{\"color\":{\"text\":\"#5876e0\"}}}}} -->\n<p class=\"has-text-color has-link-color\" style=\"color:#5876e0\">(M. I. Benita)<\/p>\n<!-- \/wp:paragraph --><\/div><\/li>\n<li><a class=\"wp-block-latest-posts__post-title\" href=\"https:\/\/blog.uclm.es\/josemarialopez\/2007\/04\/28\/analisis-del-metodo-de-regiones-de-disparidad-constante-para-vision-estereoscopica\/\">An\u00e1lisis del m\u00e9todo de regiones de disparidad constante para visi\u00f3n estereosc\u00f3pica<\/a><div class=\"wp-block-latest-posts__post-full-content\"><!-- wp:paragraph -->\n<p>Programaci\u00f3n de algoritmos para el c\u00e1lculo de profundidades en escenas, a partir de im\u00e1genes estereosc\u00f3picas digitalizadas.<\/p>\n<!-- \/wp:paragraph -->\n\n<!-- wp:paragraph {\"style\":{\"color\":{\"text\":\"#5876e0\"},\"elements\":{\"link\":{\"color\":{\"text\":\"#5876e0\"}}}}} -->\n<p class=\"has-text-color has-link-color\" style=\"color:#5876e0\">(Z. T. Picazo)<\/p>\n<!-- \/wp:paragraph --><\/div><\/li>\n<li><a class=\"wp-block-latest-posts__post-title\" href=\"https:\/\/blog.uclm.es\/josemarialopez\/2007\/03\/21\/creacion-de-un-corto-de-animacion-usando-tecnicas-de-diseno-tridimensional\/\">Creaci\u00f3n de un corto de animaci\u00f3n usando t\u00e9cnicas de dise\u00f1o tridimensional<\/a><div class=\"wp-block-latest-posts__post-full-content\"><!-- wp:paragraph -->\n<p>Elaboraci\u00f3n de un cortometraje de animaci\u00f3n utilizando software de dise\u00f1o 3D y herramientas de edici\u00f3n no-lineal para su posterior grabaci\u00f3n en formato digital.<\/p>\n<!-- \/wp:paragraph -->\n\n<!-- wp:paragraph {\"style\":{\"color\":{\"text\":\"#5876e0\"},\"elements\":{\"link\":{\"color\":{\"text\":\"#5876e0\"}}}}} -->\n<p class=\"has-text-color has-link-color\" style=\"color:#5876e0\">(M. M. Huerta)<\/p>\n<!-- \/wp:paragraph --><\/div><\/li>\n<li><a class=\"wp-block-latest-posts__post-title\" href=\"https:\/\/blog.uclm.es\/josemarialopez\/2007\/02\/28\/montaje-y-configuracion-de-una-estacion-de-trabajo-para-tratamiento-de-audio-y-video-en-linux\/\">Montaje y configuraci\u00f3n de una estaci\u00f3n de trabajo para tratamiento de audio y v\u00eddeo en Linux<\/a><div class=\"wp-block-latest-posts__post-full-content\"><!-- wp:paragraph -->\n<p>Instalaci\u00f3n y configuraci\u00f3n de software libre bajo Linux dedicado a la animaci\u00f3n tridimensional y la edici\u00f3n de audio y de v\u00eddeo.<\/p>\n<!-- \/wp:paragraph -->\n\n<!-- wp:paragraph {\"style\":{\"color\":{\"text\":\"#5876e0\"},\"elements\":{\"link\":{\"color\":{\"text\":\"#5876e0\"}}}}} -->\n<p class=\"has-text-color has-link-color\" style=\"color:#5876e0\">(A. Ayll\u00f3n)<\/p>\n<!-- \/wp:paragraph --><\/div><\/li>\n<li><a class=\"wp-block-latest-posts__post-title\" href=\"https:\/\/blog.uclm.es\/josemarialopez\/2007\/01\/25\/elaboracion-de-un-cortometraje-de-animacion-aplicando-tecnicas-de-diseno-3d\/\">Elaboraci\u00f3n de un cortometraje de animaci\u00f3n aplicando t\u00e9cnicas de dise\u00f1o 3D<\/a><div class=\"wp-block-latest-posts__post-full-content\"><!-- wp:paragraph -->\n<p>Elaboraci\u00f3n de un cortometraje de animaci\u00f3n 3D utilizando aplicaciones de dise\u00f1o tridimensional, edici\u00f3n no-lineal y grabando el resultado en formato digital.<\/p>\n<!-- \/wp:paragraph -->\n\n<!-- wp:paragraph {\"style\":{\"color\":{\"text\":\"#5876e0\"},\"elements\":{\"link\":{\"color\":{\"text\":\"#5876e0\"}}}}} -->\n<p class=\"has-text-color has-link-color\" style=\"color:#5876e0\">(S. Palacios)<\/p>\n<!-- \/wp:paragraph --><\/div><\/li>\n<li><a class=\"wp-block-latest-posts__post-title\" href=\"https:\/\/blog.uclm.es\/josemarialopez\/2006\/05\/25\/produccion-de-un-cortometraje-de-animacion-3d-carrona\/\">Producci\u00f3n de un cortometraje de animaci\u00f3n 3D: \u00abCarro\u00f1a\u00bb<\/a><div class=\"wp-block-latest-posts__post-full-content\"><!-- wp:paragraph -->\n<p>Elaboraci\u00f3n y montaje de un cortometraje de animaci\u00f3n utilizando software de dise\u00f1o 3D, herramientas de edici\u00f3n no-lineal y software de autor para grabarlo en formato digital.<\/p>\n<!-- \/wp:paragraph -->\n\n<!-- wp:paragraph {\"style\":{\"color\":{\"text\":\"#5876e0\"},\"elements\":{\"link\":{\"color\":{\"text\":\"#5876e0\"}}}}} -->\n<p class=\"has-text-color has-link-color\" style=\"color:#5876e0\">(D. De Benito)<\/p>\n<!-- \/wp:paragraph --><\/div><\/li>\n<li><a class=\"wp-block-latest-posts__post-title\" href=\"https:\/\/blog.uclm.es\/josemarialopez\/2006\/04\/28\/diseno-2d-animacion-e-interactividad\/\">Dise\u00f1o 2D: Animaci\u00f3n e interactividad<\/a><div class=\"wp-block-latest-posts__post-full-content\"><!-- wp:paragraph -->\n<p>Dise\u00f1o de una aplicaci\u00f3n de animaci\u00f3n interactiva utilizando herramientas de dise\u00f1o 2D como Adobe Flash, Photoshop y Premiere.<\/p>\n<!-- \/wp:paragraph -->\n\n<!-- wp:paragraph {\"style\":{\"color\":{\"text\":\"#5876e0\"},\"elements\":{\"link\":{\"color\":{\"text\":\"#5876e0\"}}}}} -->\n<p class=\"has-text-color has-link-color\" style=\"color:#5876e0\">(L. Carrera)<\/p>\n<!-- \/wp:paragraph --><\/div><\/li>\n<li><a class=\"wp-block-latest-posts__post-title\" href=\"https:\/\/blog.uclm.es\/josemarialopez\/2006\/03\/15\/post-produccion-y-grabacion-de-un-dvd-video-interactivo\/\">Post-producci\u00f3n y grabaci\u00f3n de un DVD-v\u00eddeo interactivo<\/a><div class=\"wp-block-latest-posts__post-full-content\"><!-- wp:paragraph -->\n<p>Montaje y post-producci\u00f3n de las secuencia de v\u00eddeo tomadas de una competici\u00f3n deportiva con el fin de realizar un v\u00eddeo interactivo y su posterior grabaci\u00f3n en formato digital.<\/p>\n<!-- \/wp:paragraph -->\n\n<!-- wp:paragraph {\"style\":{\"color\":{\"text\":\"#5876e0\"},\"elements\":{\"link\":{\"color\":{\"text\":\"#5876e0\"}}}}} -->\n<p class=\"has-text-color has-link-color\" style=\"color:#5876e0\">(R. Au\u00f1on)<\/p>\n<!-- \/wp:paragraph --><\/div><\/li>\n<li><a class=\"wp-block-latest-posts__post-title\" href=\"https:\/\/blog.uclm.es\/josemarialopez\/2006\/02\/28\/realizacion-de-un-cortometraje-creado-mediante-la-aplicacion-de-tecnicas-de-diseno-tridimensional\/\">Realizaci\u00f3n de un cortometraje creado mediante la aplicaci\u00f3n de t\u00e9cnicas de dise\u00f1o tridimensional<\/a><div class=\"wp-block-latest-posts__post-full-content\"><!-- wp:paragraph -->\n<p>Uso de entornos de dise\u00f1o 3D para la elaboraci\u00f3n de un cortometraje de animaci\u00f3n y su posterior grabaci\u00f3n en soporte digital.<\/p>\n<!-- \/wp:paragraph -->\n\n<!-- wp:paragraph {\"style\":{\"color\":{\"text\":\"#5876e0\"},\"elements\":{\"link\":{\"color\":{\"text\":\"#5876e0\"}}}}} -->\n<p class=\"has-text-color has-link-color\" style=\"color:#5876e0\">(E. Cabeza)<\/p>\n<!-- \/wp:paragraph --><\/div><\/li>\n<li><a class=\"wp-block-latest-posts__post-title\" href=\"https:\/\/blog.uclm.es\/josemarialopez\/2006\/02\/03\/diseno-e-implementacion-de-un-entorno-web-seguro-bajo-linux-para-trabajar-con-bases-de-datos\/\">Dise\u00f1o e implementaci\u00f3n de un entorno web seguro bajo linux para trabajar con bases de datos<\/a><div class=\"wp-block-latest-posts__post-full-content\"><!-- wp:paragraph -->\n<p>Desarrollo de un sitio web destinado a la gesti\u00f3n de un centro de investigaci\u00f3n sobre construcci\u00f3n. Uso de lenguajes HTML y PHP para el acceso a una base de datos MySQL.<\/p>\n<!-- \/wp:paragraph -->\n\n<!-- wp:paragraph {\"style\":{\"color\":{\"text\":\"#5876e0\"},\"elements\":{\"link\":{\"color\":{\"text\":\"#5876e0\"}}}}} -->\n<p class=\"has-text-color has-link-color\" style=\"color:#5876e0\">(A. L\u00f3pez)<\/p>\n<!-- \/wp:paragraph --><\/div><\/li>\n<li><a class=\"wp-block-latest-posts__post-title\" href=\"https:\/\/blog.uclm.es\/josemarialopez\/2006\/01\/25\/recorrido-virtual-por-el-sistema-visual-humano\/\">Recorrido virtual por el sistema visual humano<\/a><div class=\"wp-block-latest-posts__post-full-content\"><!-- wp:paragraph -->\n<p>Elaboraci\u00f3n de animaciones tridimensionales sobre el sistema visual humano y grabaci\u00f3n de un DVD interactivo con software de autor\u00eda para fines docentes.<\/p>\n<!-- \/wp:paragraph -->\n\n<!-- wp:paragraph {\"style\":{\"color\":{\"text\":\"#5876e0\"},\"elements\":{\"link\":{\"color\":{\"text\":\"#5876e0\"}}}}} -->\n<p class=\"has-text-color has-link-color\" style=\"color:#5876e0\">(M. Ponce)<\/p>\n<!-- \/wp:paragraph --><\/div><\/li>\n<li><a class=\"wp-block-latest-posts__post-title\" href=\"https:\/\/blog.uclm.es\/josemarialopez\/2005\/04\/02\/diseno-de-un-sistema-de-televigilancia-para-el-hospital-rio-carrion\/\">Dise\u00f1o de un sistema de televigilancia para el Hospital Rio Carri\u00f3n<\/a><div class=\"wp-block-latest-posts__post-full-content\"><!-- wp:paragraph -->\n<p>Situaci\u00f3n de c\u00e1maras y puesto de control, y dimensionamiento de la instalaci\u00f3n para grabaci\u00f3n y visualizaci\u00f3n con fines de televigilancia.<\/p>\n<!-- \/wp:paragraph -->\n\n<!-- wp:paragraph {\"style\":{\"color\":{\"text\":\"#5876e0\"},\"elements\":{\"link\":{\"color\":{\"text\":\"#5876e0\"}}}}} -->\n<p class=\"has-text-color has-link-color\" style=\"color:#5876e0\">(P. Carpena)<\/p>\n<!-- \/wp:paragraph --><\/div><\/li>\n<li><a class=\"wp-block-latest-posts__post-title\" href=\"https:\/\/blog.uclm.es\/josemarialopez\/2005\/02\/27\/aplicacion-de-la-morfologia-matematica-al-filtrado-de-manuscritos-digitalizados\/\">Aplicaci\u00f3n de la morfolog\u00eda matem\u00e1tica al filtrado de manuscritos digitalizados<\/a><div class=\"wp-block-latest-posts__post-full-content\"><!-- wp:paragraph -->\n<p>Tratamiento de im\u00e1genes mediante herramientas de morfolog\u00eda matem\u00e1tica para la mejora de la calidad visual de manuscritos digitalizados.<\/p>\n<!-- \/wp:paragraph -->\n\n<!-- wp:paragraph {\"style\":{\"color\":{\"text\":\"#5876e0\"},\"elements\":{\"link\":{\"color\":{\"text\":\"#5876e0\"}}}}} -->\n<p class=\"has-text-color has-link-color\" style=\"color:#5876e0\">(A. Calleja)<\/p>\n<!-- \/wp:paragraph --><\/div><\/li>\n<li><a class=\"wp-block-latest-posts__post-title\" href=\"https:\/\/blog.uclm.es\/josemarialopez\/2004\/06\/27\/elaboracion-de-recursos-multimedia-para-la-formacion-en-prevencion-de-riesgos-laborales-en-el-sector-de-la-cuchilleria\/\">Elaboraci\u00f3n de recursos multimedia para la formaci\u00f3n en prevenci\u00f3n de riesgos laborales en el sector de la cuchiller\u00eda<\/a><div class=\"wp-block-latest-posts__post-full-content\"><!-- wp:paragraph -->\n<p>Filmado, maquetado, edici\u00f3n no lineal y tratamiento de sonido para la elaboraci\u00f3n de v\u00eddeos docentes. Uso de software de autor para la grabaci\u00f3n de DVDs interactivos.<\/p>\n<!-- \/wp:paragraph -->\n\n<!-- wp:paragraph {\"style\":{\"color\":{\"text\":\"#5876e0\"},\"elements\":{\"link\":{\"color\":{\"text\":\"#5876e0\"}}}}} -->\n<p class=\"has-text-color has-link-color\" style=\"color:#5876e0\">(E. Carri\u00f3n)<\/p>\n<!-- \/wp:paragraph --><\/div><\/li>\n<li><a class=\"wp-block-latest-posts__post-title\" href=\"https:\/\/blog.uclm.es\/josemarialopez\/2004\/04\/27\/aplicacion-docente-multiplataforma-dedicada-al-tratamiento-digital-de-imagenes\/\">Aplicaci\u00f3n docente multiplataforma dedicada al tratamiento digital de im\u00e1genes<\/a><div class=\"wp-block-latest-posts__post-full-content\"><!-- wp:paragraph {\"style\":{\"color\":{\"text\":\"#5876e0\"},\"elements\":{\"link\":{\"color\":{\"text\":\"#5876e0\"}}}}} -->\n<p class=\"has-text-color has-link-color\" style=\"color:#5876e0\">(E. S\u00e1nchez)<\/p>\n<!-- \/wp:paragraph --><\/div><\/li>\n<li><a class=\"wp-block-latest-posts__post-title\" href=\"https:\/\/blog.uclm.es\/josemarialopez\/2004\/02\/11\/aplicacion-de-restricciones-en-estereovision\/\">Aplicaci\u00f3n de restricciones en estereovisi\u00f3n<\/a><div class=\"wp-block-latest-posts__post-full-content\"><!-- wp:paragraph -->\n<p>Programaci\u00f3n de algoritmos de tratamiento digital de im\u00e1genes para la recuperaci\u00f3n de la profundidad de una escena, a partir de pares de im\u00e1genes est\u00e9reo.<\/p>\n<!-- \/wp:paragraph -->\n\n<!-- wp:paragraph {\"style\":{\"color\":{\"text\":\"#5876e0\"},\"elements\":{\"link\":{\"color\":{\"text\":\"#5876e0\"}}}}} -->\n<p class=\"has-text-color has-link-color\" style=\"color:#5876e0\">(A. L\u00f3pez)<\/p>\n<!-- \/wp:paragraph --><\/div><\/li>\n<li><a class=\"wp-block-latest-posts__post-title\" href=\"https:\/\/blog.uclm.es\/josemarialopez\/2003\/06\/27\/diseno-de-un-sistema-de-televigilancia-para-la-eupc\/\">Dise\u00f1o de un sistema de televigilancia para la EUPC<\/a><div class=\"wp-block-latest-posts__post-full-content\"><!-- wp:paragraph -->\n<p>Dise\u00f1o de la infraestructura y del centro de control, dimensionamiento de la instalaci\u00f3n y situaci\u00f3n de las c\u00e1maras para un sistema de videovigilancia en la Escuela Polit\u00e9cnica de Cuenca con fines de grabaci\u00f3n, transmisi\u00f3n y visualizaci\u00f3n.<\/p>\n<!-- \/wp:paragraph -->\n\n<!-- wp:paragraph {\"style\":{\"color\":{\"text\":\"#5876e0\"},\"elements\":{\"link\":{\"color\":{\"text\":\"#5876e0\"}}}}} -->\n<p class=\"has-text-color has-link-color\" style=\"color:#5876e0\">(J. M. S\u00e1nchez)<\/p>\n<!-- \/wp:paragraph --><\/div><\/li>\n<li><a class=\"wp-block-latest-posts__post-title\" href=\"https:\/\/blog.uclm.es\/josemarialopez\/2003\/05\/27\/analisis-de-caracteristicas-discriminantes-en-el-reconocimiento-automatico-de-formas-sencillas-e-implementacion-de-un-prototipo\/\">An\u00e1lisis de caracter\u00edsticas discriminantes en el reconocimiento autom\u00e1tico de formas sencillas e implementaci\u00f3n de un prototipo<\/a><div class=\"wp-block-latest-posts__post-full-content\"><!-- wp:paragraph {\"style\":{\"color\":{\"text\":\"#5867e0\"},\"elements\":{\"link\":{\"color\":{\"text\":\"#5867e0\"}}}}} -->\n<p class=\"has-text-color has-link-color\" style=\"color:#5867e0\">(J. Molina)<\/p>\n<!-- \/wp:paragraph --><\/div><\/li>\n<li><a class=\"wp-block-latest-posts__post-title\" href=\"https:\/\/blog.uclm.es\/josemarialopez\/2002\/05\/20\/recorrido-virtual-por-el-edificio-de-la-eupc-utilizando-tecnicas-de-modelado-y-animacion-3d\/\">Recorrido virtual por el edificio de la EUPC utilizando t\u00e9cnicas de modelado y animaci\u00f3n 3D.<\/a><div class=\"wp-block-latest-posts__post-full-content\"><!-- wp:paragraph -->\n<p>Modelado tridimensional del edificio de la Escuela Polit\u00e9cnica de Cuenca a partir de los planos, ya que, en aquel momento estaba sin construir. Texturado de los objetos a partir de im\u00e1genes y secuencias de v\u00eddeo. Utilizaci\u00f3n de t\u00e9cnicas de edici\u00f3n no-lineal y software de autor\u00eda para su maquetado en soporte \u00f3ptico.<\/p>\n<!-- \/wp:paragraph -->\n\n<!-- wp:paragraph {\"style\":{\"color\":{\"text\":\"#5876e0\"},\"elements\":{\"link\":{\"color\":{\"text\":\"#5876e0\"}}}}} -->\n<p class=\"has-text-color has-link-color\" style=\"color:#5876e0\">(S. Fern\u00e1ndez)<\/p>\n<!-- \/wp:paragraph --><\/div><\/li>\n<\/ul>","protected":false},"excerpt":{"rendered":"<p>Ingenier\u00eda T\u00e9cnica de Telecomunicaci\u00f3n, especialidad en Sonido e Imagen<\/p>\n","protected":false},"author":74,"featured_media":0,"parent":0,"menu_order":0,"comment_status":"closed","ping_status":"closed","template":"","meta":{"footnotes":""},"class_list":["post-408","page","type-page","status-publish","hentry"],"_links":{"self":[{"href":"https:\/\/blog.uclm.es\/josemarialopez\/wp-json\/wp\/v2\/pages\/408","targetHints":{"allow":["GET"]}}],"collection":[{"href":"https:\/\/blog.uclm.es\/josemarialopez\/wp-json\/wp\/v2\/pages"}],"about":[{"href":"https:\/\/blog.uclm.es\/josemarialopez\/wp-json\/wp\/v2\/types\/page"}],"author":[{"embeddable":true,"href":"https:\/\/blog.uclm.es\/josemarialopez\/wp-json\/wp\/v2\/users\/74"}],"replies":[{"embeddable":true,"href":"https:\/\/blog.uclm.es\/josemarialopez\/wp-json\/wp\/v2\/comments?post=408"}],"version-history":[{"count":1,"href":"https:\/\/blog.uclm.es\/josemarialopez\/wp-json\/wp\/v2\/pages\/408\/revisions"}],"predecessor-version":[{"id":410,"href":"https:\/\/blog.uclm.es\/josemarialopez\/wp-json\/wp\/v2\/pages\/408\/revisions\/410"}],"wp:attachment":[{"href":"https:\/\/blog.uclm.es\/josemarialopez\/wp-json\/wp\/v2\/media?parent=408"}],"curies":[{"name":"wp","href":"https:\/\/api.w.org\/{rel}","templated":true}]}}