{"id":12,"date":"2015-11-29T18:54:35","date_gmt":"2015-11-29T17:54:35","guid":{"rendered":"http:\/\/blog.uclm.es\/josemarialopez\/?page_id=12"},"modified":"2025-02-20T14:39:40","modified_gmt":"2025-02-20T12:39:40","slug":"datos","status":"publish","type":"page","link":"https:\/\/blog.uclm.es\/josemarialopez\/","title":{"rendered":"Formaci\u00f3n y actividades"},"content":{"rendered":"\n<p class=\"has-text-align-left has-text-color has-link-color has-large-font-size wp-elements-23c1d6b5b648e11cc29be9ce1c1d1ca3\" style=\"color:#c00000\"><strong>Formaci\u00f3n acad\u00e9mica<\/strong><\/p>\n\n\n\n<p class=\"has-text-color has-link-color has-medium-font-size wp-elements-5b34b550702e5dbd804ab89dd2623906\" style=\"color:#3e9600\">Perfiles: Ingenier\u00eda de telecomunicaci\u00f3n, electr\u00f3nica e inform\u00e1tica<\/p>\n\n\n\n<div class=\"wp-block-columns is-layout-flex wp-container-core-columns-is-layout-28f84493 wp-block-columns-is-layout-flex\">\n<div class=\"wp-block-column is-layout-flow wp-block-column-is-layout-flow\" style=\"flex-basis:33.33%\">\n<figure class=\"wp-block-image size-full\"><img loading=\"lazy\" decoding=\"async\" width=\"250\" height=\"196\" src=\"https:\/\/blog.uclm.es\/josemarialopez\/wp-content\/uploads\/sites\/55\/2025\/02\/Pila_de_Libros.gif\" alt=\"\" class=\"wp-image-116\" \/><\/figure>\n<\/div>\n\n\n\n<div class=\"wp-block-column is-layout-flow wp-block-column-is-layout-flow\" style=\"flex-basis:66.66%\">\n<p class=\"has-medium-font-size\"><strong>Doctor ingeniero inform\u00e1tico:<\/strong> Tesis doctoral: \u00abEstereopsis y Movimiento. Modelo de Disparidad de Carga: Un Enfoque con Inspiraci\u00f3n Biol\u00f3gica\u00bb. Universidad de Castilla~La Mancha (2004)<\/p>\n\n\n\n<p><strong>Ingeniero de telecomunicaci\u00f3n (especialidad en electr\u00f3nica):<\/strong> PFC: \u00abDesarrollo de una Aplicaci\u00f3n en Entorno Windows para Gr\u00e1ficos de Control no Est\u00e1ndar\u00bb. Universidad Polit\u00e9cnica de Valencia (1997)<\/p>\n<\/div>\n<\/div>\n\n\n\n<p><strong>Ingeniero t\u00e9cnico de telecomunicaci\u00f3n (especialidad en sistemas electr\u00f3nicos):<\/strong> PFC: \u00abEstudio de la Red de \u00c1rea Local LANSmart\u00bb. Universidad Polit\u00e9cnica de Madrid (1992)<\/p>\n\n\n\n<p class=\"has-text-color has-link-color has-large-font-size wp-elements-6f05d1bb1c002b8bac2fb363bb1f6704\" style=\"color:#c00000\"><strong>Actividad docente<\/strong><\/p>\n\n\n\n<p class=\"has-text-color has-link-color wp-elements-c1047841902906b0c7a57e474680a6c8\" style=\"color:#3e9600\">Perfiles: Teor\u00eda de se\u00f1al, comunicaciones, instrumentaci\u00f3n electr\u00f3nica<\/p>\n\n\n\n<div class=\"wp-block-columns is-layout-flex wp-container-core-columns-is-layout-28f84493 wp-block-columns-is-layout-flex\">\n<div class=\"wp-block-column is-layout-flow wp-block-column-is-layout-flow\" style=\"flex-basis:66.66%\">\n<p class=\"has-medium-font-size\"><strong>M\u00e1ster Universitario en Ingenier\u00eda Industrial:<\/strong> <a href=\"https:\/\/blog.uclm.es\/josemarialopez\/2024\/10\/20\/sistemas-electronicos-e-instrumentacion\/\">\u00abSistemas electr\u00f3nicos e instrumentaci\u00f3n\u00bb<\/a>. Introducci\u00f3n al dise\u00f1o electr\u00f3nico; Dispositivos electr\u00f3nicos y circuitos; Dise\u00f1o anal\u00f3gico con dispositivos configurables; Dise\u00f1o de sistemas de instrumentaci\u00f3n y telemedida; Dise\u00f1o de sistemas digitales por ordenador; Dise\u00f1o de sistemas con microprocesador<\/p>\n\n\n\n<p class=\"has-medium-font-size\"><strong>Grado en Ingenier\u00eda Electr\u00f3nica Industrial y Autom\u00e1tica:<\/strong> <a href=\"https:\/\/blog.uclm.es\/josemarialopez\/2015\/02\/20\/comunicaciones-industriales\/\">\u00abComunicaciones industriales\u00bb<\/a>. Medios de transmisi\u00f3n; Formatos de transmisi\u00f3n; Comunicaci\u00f3n en red; Buses de instrumentaci\u00f3n y de campo<\/p>\n<\/div>\n\n\n\n<div class=\"wp-block-column is-layout-flow wp-block-column-is-layout-flow\" style=\"flex-basis:33.33%\">\n<figure class=\"wp-block-image size-full\"><img loading=\"lazy\" decoding=\"async\" width=\"300\" height=\"290\" src=\"https:\/\/blog.uclm.es\/josemarialopez\/wp-content\/uploads\/sites\/55\/2025\/02\/8.jpg\" alt=\"\" class=\"wp-image-118\" \/><\/figure>\n<\/div>\n<\/div>\n\n\n\n<p><strong>Grado en Ingenier\u00eda Mec\u00e1nica:<\/strong> <a href=\"https:\/\/blog.uclm.es\/josemarialopez\/2022\/02\/18\/tecnologia-electronica\/\">\u00abTecnolog\u00eda electr\u00f3nica\u00bb<\/a>. Componentes pasivos; Dispositivos semiconductores y aplicaciones; Fundamentos de amplificaci\u00f3n; Sistemas digitales combinacionales y secuenciales; Tecnolog\u00edas de circuitos<\/p>\n\n\n\n<p class=\"has-text-color has-link-color has-large-font-size wp-elements-9fd5763401292f3715d1518ac51ee44b\" style=\"color:#c00000\"><strong>Actividad investigadora<\/strong><\/p>\n\n\n\n<p class=\"has-text-color has-link-color wp-elements-8e11ae98b450d5474d83e0dec56cb204\" style=\"color:#3e9600\">Perfiles: Visi\u00f3n estereosc\u00f3pica, conocimiento en redes artificiales y biol\u00f3gicas, bioelectr\u00f3nica<\/p>\n\n\n\n<div class=\"wp-block-columns is-layout-flex wp-container-core-columns-is-layout-28f84493 wp-block-columns-is-layout-flex\">\n<div class=\"wp-block-column is-vertically-aligned-center is-layout-flow wp-block-column-is-layout-flow\" style=\"flex-basis:33.33%\">\n<figure class=\"wp-block-image size-large\"><img loading=\"lazy\" decoding=\"async\" width=\"1024\" height=\"644\" src=\"https:\/\/blog.uclm.es\/josemarialopez\/wp-content\/uploads\/sites\/55\/2025\/02\/lupa8-1024x644.jpg\" alt=\"\" class=\"wp-image-119\" srcset=\"https:\/\/blog.uclm.es\/josemarialopez\/wp-content\/uploads\/sites\/55\/2025\/02\/lupa8-1024x644.jpg 1024w, https:\/\/blog.uclm.es\/josemarialopez\/wp-content\/uploads\/sites\/55\/2025\/02\/lupa8-300x189.jpg 300w, https:\/\/blog.uclm.es\/josemarialopez\/wp-content\/uploads\/sites\/55\/2025\/02\/lupa8-768x483.jpg 768w, https:\/\/blog.uclm.es\/josemarialopez\/wp-content\/uploads\/sites\/55\/2025\/02\/lupa8-1536x967.jpg 1536w, https:\/\/blog.uclm.es\/josemarialopez\/wp-content\/uploads\/sites\/55\/2025\/02\/lupa8.jpg 1600w\" sizes=\"auto, (max-width: 1024px) 100vw, 1024px\" \/><\/figure>\n<\/div>\n\n\n\n<div class=\"wp-block-column is-layout-flow wp-block-column-is-layout-flow\" style=\"flex-basis:66.66%\">\n<p><a href=\"https:\/\/www.sciencedirect.com\/science\/article\/pii\/S0167865506001656\">L\u00f3pez-Valles, J.M., Fern\u00e1ndez, M.A., Fern\u00e1ndez-Caballero, A.<br>\u00abStereovision depth analysis by two-dimensional motion charge memories\u00bb, Pattern Recognition Letters 28(1): 20-30. (2007)<\/a><\/p>\n\n\n\n<p><a href=\"https:\/\/link.springer.com\/chapter\/10.1007\/11565123_44\">L\u00f3pez-Valles, J.M., Fern\u00e1ndez, M.A., Fern\u00e1ndez-Caballero, A. &amp; G\u00f3mez, F.J. \u00abStereovision disparity analysis by two-dimensional motion charge map inspired in neurobiology\u00bb, 1st. International Symposium on Brain, Vision and Artificial Intelligence, BV&amp;AI 2005,<br>Lecture Notes in Computer Science LNCS 3704: 459-468, Springer-Verlag. (2005)<\/a><\/p>\n<\/div>\n<\/div>\n\n\n\n<p><a href=\"https:\/\/link.springer.com\/chapter\/10.1007\/11504894_3\">L\u00f3pez-Valles, J.M. Fern\u00e1ndez, M.A., Fernandez-Caballero, A. &amp; L\u00f3pez M.T., \u00abMotion-Based Stereovision Method With Potential Utility in Robot Navigation\u00bb, 18th International Conference on Industrial &amp; Ingeneering Aplications of Artificial Intelligence &amp; Expert Systems, IEA-AIE 2005 LNAI 3533: 16-25 (2005)<\/a><\/p>\n","protected":false},"excerpt":{"rendered":"<p>Formaci\u00f3n acad\u00e9mica Perfiles: Ingenier\u00eda de telecomunicaci\u00f3n, electr\u00f3nica e inform\u00e1tica Doctor ingeniero inform\u00e1tico: Tesis doctoral: \u00abEstereopsis y Movimiento. Modelo de Disparidad de Carga: Un Enfoque con Inspiraci\u00f3n Biol\u00f3gica\u00bb. Universidad de Castilla~La Mancha (2004) Ingeniero de telecomunicaci\u00f3n (especialidad en electr\u00f3nica): PFC: \u00abDesarrollo de una Aplicaci\u00f3n en Entorno Windows para Gr\u00e1ficos de Control no Est\u00e1ndar\u00bb. Universidad Polit\u00e9cnica de [&hellip;]<\/p>\n","protected":false},"author":74,"featured_media":0,"parent":0,"menu_order":0,"comment_status":"closed","ping_status":"closed","template":"","meta":{"footnotes":""},"class_list":["post-12","page","type-page","status-publish","hentry"],"_links":{"self":[{"href":"https:\/\/blog.uclm.es\/josemarialopez\/wp-json\/wp\/v2\/pages\/12","targetHints":{"allow":["GET"]}}],"collection":[{"href":"https:\/\/blog.uclm.es\/josemarialopez\/wp-json\/wp\/v2\/pages"}],"about":[{"href":"https:\/\/blog.uclm.es\/josemarialopez\/wp-json\/wp\/v2\/types\/page"}],"author":[{"embeddable":true,"href":"https:\/\/blog.uclm.es\/josemarialopez\/wp-json\/wp\/v2\/users\/74"}],"replies":[{"embeddable":true,"href":"https:\/\/blog.uclm.es\/josemarialopez\/wp-json\/wp\/v2\/comments?post=12"}],"version-history":[{"count":12,"href":"https:\/\/blog.uclm.es\/josemarialopez\/wp-json\/wp\/v2\/pages\/12\/revisions"}],"predecessor-version":[{"id":139,"href":"https:\/\/blog.uclm.es\/josemarialopez\/wp-json\/wp\/v2\/pages\/12\/revisions\/139"}],"wp:attachment":[{"href":"https:\/\/blog.uclm.es\/josemarialopez\/wp-json\/wp\/v2\/media?parent=12"}],"curies":[{"name":"wp","href":"https:\/\/api.w.org\/{rel}","templated":true}]}}