{"id":9,"date":"2016-05-06T10:36:34","date_gmt":"2016-05-06T09:36:34","guid":{"rendered":"http:\/\/blog.uclm.es\/josemariaherranz\/?page_id=9"},"modified":"2026-03-26T13:11:59","modified_gmt":"2026-03-26T13:11:59","slug":"investigacion","status":"publish","type":"page","link":"https:\/\/blog.uclm.es\/josemariaherranz\/investigacion\/","title":{"rendered":"Investigaci\u00f3n \/\/ Research areas"},"content":{"rendered":"<p>Mis l\u00edneas de investigaci\u00f3n actuales se centran en la gesti\u00f3n de la comunicaci\u00f3n en las organizaciones y en el periodismo especializado. A partir de aqu\u00ed, mis trabajos y publicaciones se centran en varios \u00e1mbitos:<\/p>\n<ul>\n<li>La gesti\u00f3n de la comunicaci\u00f3n y la transparencia en las organizaciones sociales. Transparency and communication in the non-profit sector<\/li>\n<li>La gesti\u00f3n de la comunicaci\u00f3n en empresas e instituciones. Strategic and corporate communication.<\/li>\n<li>Comunicaci\u00f3n del patrimonio cultural y museos corporativos. Communication in cultural heritage and corporate museums.<\/li>\n<\/ul>\n<ul>\n<li>La responsabilidad social empresarial, corporativa y ciudadana. Social Responsibility.<\/li>\n<li>Sostenibilidad y Objetivos de Desarrollo Sostenible. Sustainability and SDG<\/li>\n<li>Econom\u00eda social. Social Economy.<\/li>\n<\/ul>\n<ul>\n<li>Innovaci\u00f3n y periodismo especializado. Innovation and specialized journalism.<\/li>\n<li>Periodismo deportivo. Sport journalism.<\/li>\n<li>Periodismo medioambiental. Environmental journalism.<\/li>\n<li><a href=\"http:\/\/blog.uclm.es\/josemariaherranz\/investigacion\/periodismo-inmersivo-y-rv\/\">Periodismo Inmersivo, Realidad Virtual y videos 360\u00ba. Inmersive journalism, virtual reality<\/a><\/li>\n<li>Metaverso. Metaverse<\/li>\n<\/ul>\n<hr \/>\n<p>En estos momentos soy investigador principal del <a href=\"https:\/\/blog.uclm.es\/alteraccion\/\">grupo de investigaci\u00f3n AlterAcci\u00f3n<\/a>, junto con el profesor Emilio J. G\u00f3mez Ciriano.<\/p>\n<p>Y adem\u00e1s, soy investigador principal del <a href=\"https:\/\/brandingverse.org\/\">Observatorio Acad\u00e9mico Internacional de Comunicaci\u00f3n, Marketing y Branding en el Metaverso<\/a><\/p>\n<hr \/>\n<p><strong>Proyectos de investigaci\u00f3n \/\/ Research projects\u00a0<\/strong><\/p>\n<ul>\n<li><a href=\"https:\/\/blog.uclm.es\/alteraccion\/\">IRRADHIA (2025-2028)<\/a>. <em>Elaboraci\u00f3n de un protocolo para la comunicaci\u00f3n de los Derechos Humanos y los ODS a trav\u00e9s de la voz de las personas usuarias, el alumnado y la Inteligencia Artificial.\u00a0 <\/em>Investigadores responsables: Emilio G\u00f3mez Ciriano y\u00a0 Jos\u00e9 Mar\u00eda Herranz de la Casa. Universidad de Castilla-La Mancha.<\/li>\n<li>CAPAZ (2022-2025). <em>Configuraci\u00f3n de un marco de competencias formativas y de intervenci\u00f3n desde los expertos por la experiencia: Claves desde la vulnerabilidad y los cuidados.\u00a0 Investigadores responsables: Emilio G\u00f3mez Ciriano y\u00a0 Jos\u00e9 Mar\u00eda Herranz de la Casa. Universidad de Castilla-La Mancha.<\/em><\/li>\n<li><em>La diplomacia p\u00fablica de las mega-ciudades iberoamericanas: estrategia de comunicaci\u00f3n y poder blando para influir en la legislaci\u00f3n ambiental global.<\/em> RTI2018-096733-B-I00. Entidad financiadora: Convocatoria 2018 de proyectos I+D+i \u201cretos investigaci\u00f3n\u201d del programa estatal de I+D+i orientada a los retos de la sociedad. Entidades participantes:\u00a0 Universidad de Castilla-La Mancha y 4 universidades espa\u00f1olas. Duraci\u00f3n, desde enero de 2019 hasta septiembre de 2022. Investigador responsable: Juan Luis Manfredi S\u00e1nchez (UCLM) y Jos\u00e9 Mar\u00eda Herranz de la Casa. N\u00famero de investigadores participantes: 10.<\/li>\n<li>Proyecto europeo <a href=\"https:\/\/blog.uclm.es\/momu\/\">MOMU (Moving towards Multiprofessional Work)<\/a>, un proyecto KA2 del programa Erasmus+ en el que participan trabajadores sociales, artistas, periodistas y psic\u00f3logos de cuatro pa\u00edses: Finlandia, Reino Unido, Estonia y Espa\u00f1a (2015-2018).<\/li>\n<\/ul>\n<p><a href=\"https:\/\/blog.uclm.es\/momu\/\"><br \/>\n<img loading=\"lazy\" decoding=\"async\" class=\"size-medium wp-image-236 aligncenter\" src=\"https:\/\/blog.uclm.es\/josemariaherranz\/wp-content\/uploads\/sites\/241\/2017\/04\/momu-300x79.png\" alt=\"\" width=\"300\" height=\"79\" srcset=\"https:\/\/blog.uclm.es\/josemariaherranz\/wp-content\/uploads\/sites\/241\/2017\/04\/momu-300x79.png 300w, https:\/\/blog.uclm.es\/josemariaherranz\/wp-content\/uploads\/sites\/241\/2017\/04\/momu.png 428w\" sizes=\"auto, (max-width: 300px) 100vw, 300px\" \/><\/a><\/p>\n","protected":false},"excerpt":{"rendered":"<p>Mis l\u00edneas de investigaci\u00f3n actuales se centran en la gesti\u00f3n de la comunicaci\u00f3n en las organizaciones y en el periodismo especializado. A partir de aqu\u00ed, mis trabajos y publicaciones se centran en varios \u00e1mbitos: La gesti\u00f3n de la comunicaci\u00f3n y la transparencia en las organizaciones sociales. Transparency and communication in the non-profit sector La gesti\u00f3n [&hellip;]<\/p>\n","protected":false},"author":84,"featured_media":0,"parent":0,"menu_order":0,"comment_status":"closed","ping_status":"closed","template":"","meta":{"footnotes":""},"class_list":["post-9","page","type-page","status-publish","hentry"],"_links":{"self":[{"href":"https:\/\/blog.uclm.es\/josemariaherranz\/wp-json\/wp\/v2\/pages\/9","targetHints":{"allow":["GET"]}}],"collection":[{"href":"https:\/\/blog.uclm.es\/josemariaherranz\/wp-json\/wp\/v2\/pages"}],"about":[{"href":"https:\/\/blog.uclm.es\/josemariaherranz\/wp-json\/wp\/v2\/types\/page"}],"author":[{"embeddable":true,"href":"https:\/\/blog.uclm.es\/josemariaherranz\/wp-json\/wp\/v2\/users\/84"}],"replies":[{"embeddable":true,"href":"https:\/\/blog.uclm.es\/josemariaherranz\/wp-json\/wp\/v2\/comments?post=9"}],"version-history":[{"count":11,"href":"https:\/\/blog.uclm.es\/josemariaherranz\/wp-json\/wp\/v2\/pages\/9\/revisions"}],"predecessor-version":[{"id":1620,"href":"https:\/\/blog.uclm.es\/josemariaherranz\/wp-json\/wp\/v2\/pages\/9\/revisions\/1620"}],"wp:attachment":[{"href":"https:\/\/blog.uclm.es\/josemariaherranz\/wp-json\/wp\/v2\/media?parent=9"}],"curies":[{"name":"wp","href":"https:\/\/api.w.org\/{rel}","templated":true}]}}