{"id":731,"date":"2019-09-07T17:32:54","date_gmt":"2019-09-07T16:32:54","guid":{"rendered":"http:\/\/blog.uclm.es\/josemariaherranz\/?page_id=731"},"modified":"2019-09-07T17:32:54","modified_gmt":"2019-09-07T16:32:54","slug":"guias-de-estilo-style-guides","status":"publish","type":"page","link":"https:\/\/blog.uclm.es\/josemariaherranz\/guias-de-estilo-style-guides\/","title":{"rendered":"Gu\u00edas de estilo \/\/ Style Guides"},"content":{"rendered":"\n<p>En este espacio se han recopilado todo un conjunto de gu\u00edas de estilo, manuales de redacci\u00f3n, dec\u00e1logos, recomendaciones dirigidas principalmente a los periodistas y a los medios de comunicaci\u00f3n para desarrollar un tratamiento adecuado de la informaci\u00f3n sobre colectivos, personas o comunidades vulnerables o en riesgo de exclusi\u00f3n.&nbsp;<\/p>\n\n\n\n<p>Muchas de ellas est\u00e1n elaboradas por organizaciones sociales, ONGs, asociaciones, fundaciones, en muchas ocasiones en colaboraci\u00f3n con periodistas y\/o colectivos period\u00edsticos. Y tambi\u00e9n recogen muchos ejemplos period\u00edsticos mejorables. Adem\u00e1s hay tambi\u00e9n algunas que est\u00e1n dirigidas a la ciudadan\u00eda, en un momento donde la desinformaci\u00f3n y las noticias falsas proliferan.&nbsp;<\/p>\n\n\n\n<p>A continuaci\u00f3n se ofrece un listado con los datos b\u00e1sicos sobre el tipo de gu\u00eda y un enlace donde se puede descargar la misma. El objetivo es ir ampliando y actualizando este apartado dentro de una de las l\u00edneas de investigaci\u00f3n desarrollada por el <a href=\"http:\/\/blog.uclm.es\/alteraccion\/\">grupo de investigaci\u00f3n AlterAcci\u00f3n<\/a>.<\/p>\n\n\n\n<div class=\"wp-block-group\"><div class=\"wp-block-group__inner-container is-layout-flow wp-block-group-is-layout-flow\">\n<figure class=\"wp-block-table is-style-stripes\"><table><tbody><tr><td><em>\u00daltima Actualizaci\u00f3n 1\/4\/20<\/em>21<br><\/td><td><\/td><td><br><\/td><\/tr><tr><td><strong>T\u00edtulo<\/strong><\/td><td><strong>A\u00f1o<\/strong><\/td><td><strong>Colectivo<\/strong><\/td><\/tr><tr><td><a href=\"https:\/\/www.siis.net\/documentos\/ficha\/544014.pdf\">Gu\u00eda de estilo sobre discapacidad para profesionales de los medios de comunicaci\u00f3n<\/a><\/td><td>2019<\/td><td>Discapacidad<\/td><\/tr><tr><td><a href=\"https:\/\/www.plenainclusion.org\/informate\/actualidad\/noticias\/2017\/posicionamiento-de-plena-inclusion-sobre-terminologia\">Posicionamiento de Plena inclusi\u00f3n sobre Terminolog\u00eda<\/a><\/td><td>2017<\/td><td>Discapacidad<\/td><\/tr><tr><td><a href=\"https:\/\/www.juntadeandalucia.es\/export\/drupaljda\/Personas_Discapacidad_Publicaciones_guia_buenas_practicas_discapacidad_20130726.pdf\">Gu\u00eda de buenas pr\u00e1cticas sobre personas con discapacidad para profesionales de la  comunicaci\u00f3n<\/a><\/td><td>2013<\/td><td>Discapacidad<\/td><\/tr><tr><td><a href=\"https:\/\/www.cermi.es\/sites\/default\/files\/docs\/colecciones\/Dec_logo_para_uso_IMAGEN_SOCIAL.Folleto.pdf\">Dec\u00e1logo par un uso apropiado de la imagen social de las personas con discapacidad&nbsp;<\/a><\/td><td>2011<\/td><td>Discapacidad<\/td><\/tr><tr><td><a href=\"http:\/\/sid.usal.es\/idocs\/F8\/FDO24909\/medios-discapacidad.pdf\">Medios de comunicaci\u00f3n y discapacidad. Un aporte para la cobertura period\u00edstica <br>sobre inclusi\u00f3n social<\/a><\/td><td>2010<\/td><td>Discapacidad<\/td><\/tr><tr><td><a href=\"http:\/\/autismo.org.es\/sites\/default\/files\/como-abordar-el-trastorno-en-los-medios.pdf\">C\u00f3mo abordar el trastorno del espectro del autismo desde los medios de comunicaci\u00f3n<\/a><\/td><td>2018<\/td><td>Autismo<\/td><\/tr><tr><td><a href=\"http:\/\/www.consejoaudiovisualdeandalucia.es\/sites\/default\/files\/recomendacion\/pdf\/1807\/rec_caa_web_final.pdf\">Recopilatorio de recomendaciones del Consejo Audiovisual de Andaluc\u00eda<\/a><\/td><td>2018<\/td><td>General<\/td><\/tr><tr><td><a href=\"https:\/\/www.respectwords.org\/wp-content\/uploads\/2017\/11\/Informar-sobre-procesos-migratorios-y-Minor%C3%ADas.pdf\">Informar sobre procesos migratorios y minor\u00edas. Enfoque y directrices<\/a><\/td><td>2017<\/td><td>General<\/td><\/tr><tr><td><a href=\"https:\/\/fcic.periodistes.cat\/wp-content\/uploads\/2018\/02\/codi-deontologic_CPC_CIC_castell\u00e0_BAIXA_GEN.pdf\">C\u00f3digo deontol\u00f3gico. Declaraci\u00f3n de principios de la profesi\u00f3n period\u00edstica en <\/a><br><a href=\"https:\/\/fcic.periodistes.cat\/wp-content\/uploads\/2018\/02\/codi-deontologic_CPC_CIC_castell\u00e0_BAIXA_GEN.pdf\">Catalu\u00f1a<\/a><\/td><td>2016<\/td><td>General<\/td><\/tr><tr><td><a href=\"https:\/\/www.juntadeandalucia.es\/export\/drupaljda\/desconstruir_rumores_manual.pdf\">Manual de ayuda para deconstruir rumores<\/a><\/td><td>2015<\/td><td>General<\/td><\/tr><tr><td><a href=\"https:\/\/www.eapn.es\/publicaciones\/204\/guia-de-estilo-para-periodistas-empleo-e-inclusion-social\">Gu\u00eda de estilo para periodistas: empleo e inclusi\u00f3n social<\/a><\/td><td>2014<\/td><td>General<\/td><\/tr><tr><td><a href=\"https:\/\/www.eapn.es\/publicaciones\/140\/guia-de-estilo-para-periodistas-pobreza-vulnerabilidad-y-voluntariado\">Gu\u00eda de estilo para periodistas: Pobreza, vulnerabilidad y voluntariado<\/a><\/td><td>2013<\/td><td>General<\/td><\/tr><tr><td><a href=\"https:\/\/fcic.periodistes.cat\/\/wp-content\/uploads\/2013\/11\/guia_diversitat.pdf\">Gu\u00eda sobre el tratamiento de la diversidad cultural en los medios de comunicaci\u00f3n<\/a>&nbsp;<\/td><td>2013<\/td><td>General<\/td><\/tr><tr><td><a href=\"https:\/\/www.eapn.es\/publicaciones\/77\/guia-para-periodistas-como-informar-de-colectivos-en-riesgos-de-exclusion\">Gu\u00eda de estilo para periodistas \u00bfC\u00f3mo informar de colectivos en riesgo de exclusi\u00f3n?<\/a><\/td><td>2010<\/td><td>General<\/td><\/tr><tr><td><a href=\"https:\/\/www.servimedia.es\/sites\/default\/files\/documentos\/librodeestilo_servimedia.pdf\">Periodismo social. El compromiso de la informaci\u00f3n&nbsp;<\/a><\/td><td>2007<\/td><td>General<\/td><\/tr><tr><td><a href=\"http:\/\/mugak.eu\/system\/resources\/BAhbBlsHOgZmSSIuMjAxMi8wNy8yNC8xNl8wNl80NF8xNzlfUTEybWFudWFsY2FzdC5wZGYGOgZFVA\/Q12manualcast.pdf\">Manual de estilo sobre minor\u00edas \u00e9tnicas del Colegio de Periodistas de Catalu\u00f1a<\/a><\/td><td>2002<\/td><td>General<\/td><\/tr><tr><td><a href=\"https:\/\/ajuntament.barcelona.cat\/guia-comunicacio-inclusiva\/es\/\">Para construir un mundo m\u00e1s igualitario. Gu\u00eda de comunicaci\u00f3n inclusiva<\/a><\/td><td><\/td><td>General<\/td><\/tr><tr><td><a href=\"https:\/\/www.cac.cat\/sites\/default\/files\/2018-11\/Recomanacions_comunitat_gitana_ES.pdf\">Recomendaciones para el tratamiento de la comunidad gitana en los medios de<\/a><br><a href=\"https:\/\/www.cac.cat\/sites\/default\/files\/2018-11\/Recomanacions_comunitat_gitana_ES.pdf\"> comunicaci\u00f3n&nbsp;<\/a><\/td><td>2018<\/td><td>Gitano<\/td><\/tr><tr><td><a href=\"https:\/\/www.gitanos.org\/upload\/73\/19\/Guia_NetKard_periodistas_y_com_gitana.pdf\">Gu\u00eda pr\u00e1ctica dirigida a los profesionales de los medios de comunicaci\u00f3n para<\/a><br><a href=\"https:\/\/www.gitanos.org\/upload\/73\/19\/Guia_NetKard_periodistas_y_com_gitana.pdf\"> prevenir la discriminaci\u00f3n contra la Comunidad Gitana<\/a>&nbsp;<\/td><td>2014<\/td><td>Gitano<\/td><\/tr><tr><td><a href=\"http:\/\/www.mitramiss.gob.es\/oberaxe\/ficheros\/documentos\/Guia_Practica_Com_FinalCompleto.pdf\">Gu\u00eda pr\u00e1ctica para periodistas Igualdad de trato, medios de comunicaci\u00f3n y <\/a><br><a href=\"http:\/\/www.mitramiss.gob.es\/oberaxe\/ficheros\/documentos\/Guia_Practica_Com_FinalCompleto.pdf\">comunidad gitana<\/a><br><\/td><td>2010<\/td><td>Gitano<\/td><\/tr><tr><td><a href=\"https:\/\/www.unicef.org\/argentina\/informes\/comunicaci\u00f3n-infancia-y-adolescencia-gu%C3%ADa-para-periodistas\">Comunicaci\u00f3n, infancia y adolescencia: Gu\u00edas para periodistas<\/a><\/td><td>2017<\/td><td>Infancia<\/td><\/tr><tr><td><a href=\"https:\/\/cms.aldeasinfantiles.es\/uploads\/2018\/04\/codigo-etico-periodistico.pdf\">C\u00f3digo \u00e9tico period\u00edstico para la infancia vulnerable<\/a><\/td><td>2014<\/td><td>Infancia<\/td><\/tr><tr><td><a href=\"https:\/\/www.consejoaudiovisualdeandalucia.es\/sites\/default\/files\/recomendaciones\/Recomendaciones_2009_02_Hechos%20luctuosos.pdf\">Recomendaciones sobre la aparici\u00f3n de menores en emisiones relativas a <\/a><br><a href=\"https:\/\/www.consejoaudiovisualdeandalucia.es\/sites\/default\/files\/recomendaciones\/Recomendaciones_2009_02_Hechos%20luctuosos.pdf\">sucesos luctuosos o dram\u00e1ticos<\/a><\/td><td>2010<\/td><td>Infancia<\/td><\/tr><tr><td><a href=\"https:\/\/www.unicef.org\/honduras\/restituirlosderechosdelainfanciaguiaparaperiodistas.pdf\">Los derechos del ni\u00f1o y los  medios de  comunicaci\u00f3n. Restituir los derechos <\/a><br><a href=\"https:\/\/www.unicef.org\/honduras\/restituirlosderechosdelainfanciaguiaparaperiodistas.pdf\">de la infancia. Gu\u00eda para periodistas y profesionales de la prensa<\/a><\/td><td>2002<\/td><td>Infancia<\/td><\/tr><tr><td><a href=\"https:\/\/porcausa.org\/wp-content\/uploads\/2019\/05\/porCausa_Nuevas_Narrativas_8_mayo_2019-1.pdf\">Siete puntos clave para crear Nuevas Narrativas sobre los movimientos de <\/a><br><a href=\"https:\/\/porcausa.org\/wp-content\/uploads\/2019\/05\/porCausa_Nuevas_Narrativas_8_mayo_2019-1.pdf\">personas en el mundo&nbsp;<\/a><\/td><td>2019<\/td><td>Inmigraci\u00f3n<\/td><\/tr><tr><td><a href=\"https:\/\/www.oxfamintermon.org\/sites\/default\/files\/documentos\/documentos\/guia-comunicacion-migraciones.pdf\">Comunicaci\u00f3n sobre las migraciones<\/a><\/td><td>2018<\/td><td>Inmigraci\u00f3n<\/td><\/tr><tr><td><a href=\"https:\/\/www.redacoge.org\/mm\/file\/Manual%20Buenas%20Practicas_Inmigracionalismo.pdf\">Manual contra el Inmigracionalismo<\/a><\/td><td>2017<\/td><td>Inmigraci\u00f3n<\/td><\/tr><tr><td><a href=\"http:\/\/www.redantirrumores.org\/documents\/65201\/65631\/guia-para-deconstruir-rumores.pdf\/e3683276-3cc3-48b3-bebb-115ea8e0fc72\">Gu\u00eda para deconstruir rumores<\/a><\/td><td>2015<\/td><td>Inmigraci\u00f3n<\/td><\/tr><tr><td><a href=\"https:\/\/www.cear-euskadi.org\/producto\/periodistas-contra-la-xenofobia\/\">Gu\u00eda para profesionales del periodismo contra la xenofobia<\/a><\/td><td>2015<\/td><td>Inmigraci\u00f3n<\/td><\/tr><tr><td><a href=\"http:\/\/medios.mugak.eu\/\">Herramientas para un tratamiento medi\u00e1tico adecuado de la inmigraci\u00f3n<\/a><\/td><td>2014<\/td><td>Inmigraci\u00f3n<\/td><\/tr><tr><td><a href=\"http:\/\/www.infocoponline.es\/pdf\/Guia-estilo-salud-mental.pdf\"><br>Gu\u00eda de estilo sobre salud mental para medios de comunicaci\u00f3n: las palabras s\u00ed importan<\/a><\/td><td>2018<\/td><td>Personas <br>con <br>enfermedad <br>metal<\/td><\/tr><tr><td><a href=\"https:\/\/comunicalasaludmental.org\/guiadeestilo\/recomendaciones-para-periodistas\/\">Gu\u00eda de estilo sobre salud mental para medios de comunicaci\u00f3n<\/a><\/td><td>2019<\/td><td>Personas con enfermedad mental<\/td><\/tr><tr><td><a href=\"https:\/\/consaludmental.org\/publicaciones\/GuiaestiloFEDEAFES.pdf\">Gu\u00eda de estilo. C\u00f3mo abordar la Salud Mental en los medios de comunicaci\u00f3n<\/a><\/td><td>2012<\/td><td>Personas <br>con <br>enfermedad <br>metal<\/td><\/tr><tr><td><a href=\"https:\/\/www.apmadrid.es\/wp-content\/uploads\/2018\/07\/Dec\u00e1logo-LideA-de-buen-trato-periodistico-con-las-personas-mayores.-Junio-2018.pdf\">Dec\u00e1logo Lidea buen trato period\u00edstico a las personas mayores&nbsp;<\/a><\/td><td>2018<\/td><td>Personas <br>mayores<\/td><\/tr><tr><td><a href=\"https:\/\/www.eapn.es\/publicaciones\/112\/guia-de-estilo-para-periodistas-mira-a-las-personas-mayores\">Gu\u00eda de estilo para periodistas: &#8216;Mira a las Personas Mayores&#8217;<\/a><\/td><td>2012<\/td><td>Personas <br>mayores<\/td><\/tr><tr><td><br><a href=\"https:\/\/www.eapn.es\/publicaciones\/57\/guia-de-estilo-para-periodistas-mira-a-las-personas-sin-hogar\">Gu\u00eda de estilo para periodistas: Mira a las personas sin hogar<\/a><\/td><td>2011<\/td><td>Personas<br> sin <br>hogar<\/td><\/tr><tr><td><a href=\"https:\/\/redclade.org\/wp-content\/uploads\/Contextos-de-Encierro-Contextos-de-Derechos-Gu%C3%ADa-para-periodistas-comunicadoras-y-comunicadores.pdf\">Contexto de encierro, contextos de derechos. Gu\u00eda para periodistas comunicadores <\/a><br><a href=\"https:\/\/redclade.org\/wp-content\/uploads\/Contextos-de-Encierro-Contextos-de-Derechos-Gu%C3%ADa-para-periodistas-comunicadoras-y-comunicadores.pdf\">y comunicadoras<\/a><\/td><td>2015<\/td><td>Poblaci\u00f3n<br> reclusa<\/td><\/tr><tr><td><a href=\"https:\/\/www.eapn.es\/ARCHIVO\/documentos\/documentos\/1446118344_guia_de_estilo_personas_privadas_de_libertad_y_el_voluntariado_penitenciario.pdf\">Gu\u00eda de estilo: Personas privadas de libertad y el voluntariado penitenciario<\/a><\/td><td>2015<\/td><td>Poblaci\u00f3n <br>reclusa<\/td><\/tr><tr><td><a href=\"https:\/\/www.sindromedown.net\/wp-content\/uploads\/2015\/01\/254_1_manualde.pdf\">Consejos de estilo para tratar el s\u00edndrome de down en los medios de comunicaci\u00f3n<\/a><\/td><td><\/td><td>S\u00edndrome <br>de Down<\/td><\/tr><tr><td><a href=\"https:\/\/sescam.castillalamancha.es\/sites\/sescam.castillalamancha.es\/files\/guia_medios_comunicacion.pdf\">Gu\u00eda de informaci\u00f3n responsable sobre suicidio y medios de comunicaci\u00f3n en Castilla-La Mancha<\/a>\u00a0<\/td><td>2018<\/td><td>Suicidio<\/td><\/tr><tr><td><a href=\"http:\/\/www.prevenciodelsuicidi.san.gva.es\/documents\/7217942\/7267322\/Prevenci\u00f3n+del+suicidio+-+Medios+de+comunicaci\u00f3n.pdf\">Recomendaciones respecto al tratamiento adecuado de la informaci\u00f3n <br>sobre el suicidio en los medios de comunicaci\u00f3n de la Comunitat Valenciana<\/a>&nbsp;<\/td><td>2018<\/td><td>Suicidio<\/td><\/tr><tr><td><a href=\"https:\/\/www.despresdelsuicidi.org\/wp-content\/uploads\/2016\/11\/Recomendaciones-medios-suicidio-ES.pdf\">Recomendaciones a los medios audiovisuales sobre el tratamiento informativo de la muerte por suicidio\u00a0<\/a><\/td><td>2016<\/td><td>Suicidio<\/td><\/tr><tr><td><a href=\"https:\/\/fape.es\/wp-content\/uploads\/2020\/02\/Manual-con-enfoque-de-g\u00e9nero-para-periodistas.pdf\">Manual con enfoque de g\u00e9nero para profesionales del periodismo<\/a><\/td><td>2019<\/td><td>G\u00e9nero<\/td><\/tr><tr><td><a href=\"https:\/\/iris.paho.org\/handle\/10665.2\/52934\">COVID-19: Consejos para informar. Gu\u00eda para periodistas<\/a><\/td><td>2020<\/td><td>Covid-19<\/td><\/tr><tr><td><\/td><td><\/td><td><\/td><\/tr><\/tbody><\/table><\/figure>\n<\/div><\/div>\n\n\n","protected":false},"excerpt":{"rendered":"<p>En este espacio se han recopilado todo un conjunto de gu\u00edas de estilo, manuales de redacci\u00f3n, dec\u00e1logos, recomendaciones dirigidas principalmente a los periodistas y a los medios de comunicaci\u00f3n para desarrollar un tratamiento adecuado de la informaci\u00f3n sobre colectivos, personas o comunidades vulnerables o en riesgo de exclusi\u00f3n.&nbsp; Muchas de ellas est\u00e1n elaboradas por organizaciones [&hellip;]<\/p>\n","protected":false},"author":84,"featured_media":0,"parent":0,"menu_order":0,"comment_status":"closed","ping_status":"closed","template":"","meta":{"footnotes":""},"class_list":["post-731","page","type-page","status-publish","hentry"],"_links":{"self":[{"href":"https:\/\/blog.uclm.es\/josemariaherranz\/wp-json\/wp\/v2\/pages\/731","targetHints":{"allow":["GET"]}}],"collection":[{"href":"https:\/\/blog.uclm.es\/josemariaherranz\/wp-json\/wp\/v2\/pages"}],"about":[{"href":"https:\/\/blog.uclm.es\/josemariaherranz\/wp-json\/wp\/v2\/types\/page"}],"author":[{"embeddable":true,"href":"https:\/\/blog.uclm.es\/josemariaherranz\/wp-json\/wp\/v2\/users\/84"}],"replies":[{"embeddable":true,"href":"https:\/\/blog.uclm.es\/josemariaherranz\/wp-json\/wp\/v2\/comments?post=731"}],"version-history":[{"count":0,"href":"https:\/\/blog.uclm.es\/josemariaherranz\/wp-json\/wp\/v2\/pages\/731\/revisions"}],"wp:attachment":[{"href":"https:\/\/blog.uclm.es\/josemariaherranz\/wp-json\/wp\/v2\/media?parent=731"}],"curies":[{"name":"wp","href":"https:\/\/api.w.org\/{rel}","templated":true}]}}