{"id":7,"date":"2016-05-06T10:36:11","date_gmt":"2016-05-06T09:36:11","guid":{"rendered":"http:\/\/blog.uclm.es\/josemariaherranz\/?page_id=7"},"modified":"2016-05-06T10:36:11","modified_gmt":"2016-05-06T09:36:11","slug":"docencia","status":"publish","type":"page","link":"https:\/\/blog.uclm.es\/josemariaherranz\/docencia\/","title":{"rendered":"Docencia"},"content":{"rendered":"<p>En la actualidad imparto mi docencia en la Facultad de Comunicaci\u00f3n de la Universidad de Catilla-La Mancha (Espa\u00f1a). En esta titulaci\u00f3n desarrollo las asignaturas de:<\/p>\n<ul>\n<li>Comunicaci\u00f3n Institucional y Corporativa.<\/li>\n<\/ul>\n<p>En el siguiente <a href=\"http:\/\/observador.uclm.es\/?tag=comunicacion-institucional-y-corporativa\">enlace se pueden ver algunas de las piezas realizadas por los alumnos en esta asignatura<\/a>.<\/p>\n<ul>\n<li>Taller de Periodismo Especializado.<\/li>\n<\/ul>\n<p>En el siguiente <a href=\"http:\/\/observador.uclm.es\/?tag=taller-de-periodismo-especializado\">enlace se pueden ver algunas de las piezas realizadas por los alumnos en esta asignatura<\/a>. Y en este enlace se puede acceder a los <a href=\"http:\/\/blog.uclm.es\/josemariaherranz\/2016\/11\/09\/comienza-las-grabaciones-de-los-programas-de-radio\/\">programas de radio grabados por los alumnos en el curso 2016-2017<\/a>\u00a0y en el <a href=\"http:\/\/blog.uclm.es\/josemariaherranz\/2017\/11\/10\/comienzan-las-grabaciones-de-radio\/\">curso 2017-2018;<\/a> <a href=\"http:\/\/blog.uclm.es\/josemariaherranz\/2019\/01\/08\/recopilacion-de-los-programas-de-radio-elaborados-en-las-asignaturas\/\">y tambi\u00e9n el curso 2018-2019<\/a>.<\/p>\n<ul>\n<li>Periodismo Deportivo.<\/li>\n<\/ul>\n<p>En el siguiente <a href=\"http:\/\/observador.uclm.es\/?tag=periodismo-deportivo\">enlace se pueden ver algunas de las piezas realizadas por los alumnos en esta asignatura<\/a>.\u00a0Y en este enlace se puede acceder a los\u00a0<a href=\"http:\/\/blog.uclm.es\/josemariaherranz\/2016\/11\/09\/comienza-las-grabaciones-de-los-programas-de-radio\/\">programas de radio grabados por los alumnos en el curso 2016-2017<\/a>\u00a0y\u00a0en el <a href=\"http:\/\/blog.uclm.es\/josemariaherranz\/2017\/11\/10\/comienzan-las-grabaciones-de-radio\/\">curso 2017-2018; <\/a><a href=\"http:\/\/blog.uclm.es\/josemariaherranz\/2019\/01\/08\/recopilacion-de-los-programas-de-radio-elaborados-en-las-asignaturas\/\">y tambi\u00e9n el curso 2018-2019<\/a><a href=\"http:\/\/blog.uclm.es\/josemariaherranz\/2017\/11\/10\/comienzan-las-grabaciones-de-radio\/\">.<\/a><\/p>\n<p>Tambi\u00e9n se pueden ver\u00a0las <a href=\"http:\/\/blog.uclm.es\/josemariaherranz\/2016\/11\/16\/eldeporteconquense-com-presenta-su-proyecto-en-la-asignatura-de-periodismo-deportivo\/\">piezas publicadas por los alumnos en El Deporte Conquense en el curso 2016-2017;<\/a> tambi\u00e9n <a href=\"http:\/\/blog.uclm.es\/josemariaherranz\/2018\/12\/20\/los-alumnos-publican-sus-piezas-en-el-deporte-conquense\/\">en el curso 2018-2019<\/a>.<\/p>\n<ul>\n<li>Periodismo Pol\u00edtico y Judicial.<\/li>\n<\/ul>\n<ul>\n<li>Teor\u00eda del Periodismo.<\/li>\n<\/ul>\n\n\n<p><\/p>\n","protected":false},"excerpt":{"rendered":"<p>En la actualidad imparto mi docencia en la Facultad de Comunicaci\u00f3n de la Universidad de Catilla-La Mancha (Espa\u00f1a). En esta titulaci\u00f3n desarrollo las asignaturas de: Comunicaci\u00f3n Institucional y Corporativa. En el siguiente enlace se pueden ver algunas de las piezas realizadas por los alumnos en esta asignatura. Taller de Periodismo Especializado. En el siguiente enlace [&hellip;]<\/p>\n","protected":false},"author":84,"featured_media":0,"parent":0,"menu_order":0,"comment_status":"closed","ping_status":"closed","template":"","meta":{"footnotes":""},"class_list":["post-7","page","type-page","status-publish","hentry"],"_links":{"self":[{"href":"https:\/\/blog.uclm.es\/josemariaherranz\/wp-json\/wp\/v2\/pages\/7","targetHints":{"allow":["GET"]}}],"collection":[{"href":"https:\/\/blog.uclm.es\/josemariaherranz\/wp-json\/wp\/v2\/pages"}],"about":[{"href":"https:\/\/blog.uclm.es\/josemariaherranz\/wp-json\/wp\/v2\/types\/page"}],"author":[{"embeddable":true,"href":"https:\/\/blog.uclm.es\/josemariaherranz\/wp-json\/wp\/v2\/users\/84"}],"replies":[{"embeddable":true,"href":"https:\/\/blog.uclm.es\/josemariaherranz\/wp-json\/wp\/v2\/comments?post=7"}],"version-history":[{"count":0,"href":"https:\/\/blog.uclm.es\/josemariaherranz\/wp-json\/wp\/v2\/pages\/7\/revisions"}],"wp:attachment":[{"href":"https:\/\/blog.uclm.es\/josemariaherranz\/wp-json\/wp\/v2\/media?parent=7"}],"curies":[{"name":"wp","href":"https:\/\/api.w.org\/{rel}","templated":true}]}}