{"id":5,"date":"2016-05-06T10:38:57","date_gmt":"2016-05-06T09:38:57","guid":{"rendered":"http:\/\/blog.uclm.es\/josemariaherranz\/?page_id=5"},"modified":"2026-03-26T15:28:53","modified_gmt":"2026-03-26T15:28:53","slug":"publicaciones","status":"publish","type":"page","link":"https:\/\/blog.uclm.es\/josemariaherranz\/publicaciones\/","title":{"rendered":"Publicaciones \/\/ Scientific papers"},"content":{"rendered":"<p>En este espacio se muestra el camino que he recorrido como profesor, investigador, periodista y comunicador. Est\u00e1n recogidos los \u00faltimos trabajos realizados (art\u00edculos cient\u00edficos, cap\u00edtulos de libro, art\u00edculos period\u00edsticos y art\u00edculos en revistas de divulgaci\u00f3n).<\/p>\n<p>This section outlines my career as a lecturer, researcher, journalist, and communicator. It includes my most recent work (academic papers, peer-reviewed journals, book chapters, research publications, newspaper articles, <span class=\"T286Pc\" data-sfc-cp=\"\" data-sfc-root=\"c\" data-sfc-cb=\"\" data-processed=\"true\">scientific communication, and<\/span>\u00a0articles in popular science magazines).<\/p>\n<h3><strong>2025<\/strong><\/h3>\n<ul>\n<li>Martino, Valentina y Herranz de la Casa, Jos\u00e9 Mar\u00eda (eds.) (2025). <a href=\"http:\/\/bit.ly\/biblhub2\"><em>Corporate Heritage: Communication and Impact on Organizations, Stakeholders, and Society<\/em>. <em>A Transdisciplinary Research <\/em>Perspective<\/a>. Studi e Ricerche. BiblHuB Culture d\u2019impresa e comunicazione. Sapienza Universit\u00e0 Editrice. <a href=\"https:\/\/www.editricesapienza.it\/book\/11133\">https:\/\/doi.org\/10.13133\/9788893774109<\/a><\/li>\n<li>Mayordomo Pacheco, Lorena, Barroso Cano, Noelia y Herranz de la Casa, Jos\u00e9 Mar\u00eda (2025). <em>La relevancia de la radio en el \u00e1mbito rural: una forma de conexi\u00f3n con el mundo.<\/em> En Mart\u00ednez Ot\u00f3n, L., Castillo Lozano, E. y Saavedra Llamas, M. (coord.) 100 a\u00f1os de radio. La Universidad en las Ondas (pp. 267-275). Tirant Humanidades.<\/li>\n<li>Herranz-de-la-Casa, J.M. y Martino, Valentina (2025). \u00ab<a href=\"_wp_link_placeholder\" data-wplink-edit=\"true\">La comunicaci\u00f3n del patrimonio cultural en las empresas: del mecenazgo a los museos corporativos en Espa\u00f1a e Italia\u00bb. <em>Revista de Museolog\u00eda<\/em><\/a>, n\u00ba 94 pp. 36-47<\/li>\n<li>Sidorenko-Bautista, P., Castillo-Abdul, B., Herranz-de-la-Casa, J. M., &amp; Abell\u00e1n-Hern\u00e1ndez, M. (2025). Marketing, advertising, and branding in Fortnite: how do brands and companies connect today to audiences through the metaverse? <i>Cogent Social Sciences<\/i>, <i>11<\/i>(1). <a href=\"https:\/\/www.tandfonline.com\/doi\/full\/10.1080\/23311886.2025.2458058\">https:\/\/doi.org\/10.1080\/23311886.2025.2458058<\/a><\/li>\n<li>Calvo Rubio, Luis Mauricio, Herranz de la Casa, Jos\u00e9 Mar\u00eda y Ramos Rub\u00e9n (2025). Elaboraci\u00f3n de noticias sobre procesos electorales en zonas de baja poblaci\u00f3n mediante IA: empoderamiento ciudadano y acceso a la informaci\u00f3n. En Ca\u00f1edo, A. y Calvo Rubio, L.M. (coords.). <em>Comunicaci\u00f3n y territorio. Desaf\u00edos para un futuro social sostenible<\/em> (pp. 103-118). Ediciones de la Universidad de Castilla-La Mancha. <a href=\"https:\/\/hdl.handle.net\/10578\/44067\">https:\/\/doi.org\/10.18239\/mon_2025.71.00<\/a><\/li>\n<\/ul>\n<ul>\n<li>Sidorenko-Bautista, P., Herranz-de-la-Casa, J. M., &amp; Alonso-L\u00f3pez, N. (2025). From experiment to strategy: use of TikTok by the local Spanish press between 2021 and 2024. <em>Revista Panamericana de Comunicaci\u00f3n<\/em>, 7(2), 3507. <a href=\"https:\/\/revistas.up.edu.mx\/rpc\/article\/view\/3507\">https:\/\/ doi.org\/10.21555\/rpc.v7i2.3507<\/a><\/li>\n<li>G\u00f3mez-Iniesta, P. y Herranz-de-la-Casa, J.M. (2025). Dicotom\u00eda del discurso de odio en X. La comunicaci\u00f3n digital del ministro \u00d3scar Puente y su impacto en la opini\u00f3n p\u00fablica espa\u00f1ola: de villano incorregible a l\u00edder responsable. <em>Estudios sobre el Mensaje Period\u00edstico,<\/em> 31(2), 313-326. <a href=\"https:\/\/revistas.ucm.es\/index.php\/ESMP\/article\/view\/100627\">https:\/\/dx.doi.org\/ 10.5209\/emp.100627<\/a><\/li>\n<\/ul>\n<h3><strong>2024<\/strong><\/h3>\n<ul>\n<li>Sidorenko Bautista, P., Herranz de la Casa, J. M., &amp; Cabezuelo Lorenzo, F. (2024). Comunicaci\u00f3n, globalidad e influencia en el metaverso: el caso asi\u00e1tico. <em>Barataria. Revista Castellano-Manchega De Ciencias Sociales<\/em>, (35), 39\u201358. <a href=\"https:\/\/doi.org\/10.20932\/barataria.v0i35.686\">https:\/\/doi.org\/10.20932\/barataria.v0i35.686<\/a><\/li>\n<li>Sidorenko-Bautista, P., &amp; Herranz-de-la-Casa, J.-M. (2024). Realidad Extendida, Computaci\u00f3n Espacial y Metaverso \u00bfinstrumentos de marketing o evidencias de un cambio de paradigma en la comunicaci\u00f3n?. <em>Infonomy<\/em>, <em>2<\/em>(2). <a href=\"https:\/\/doi.org\/10.3145\/infonomy.24.020\">https:\/\/doi.org\/10.3145\/infonomy.24.020<\/a><\/li>\n<li>Sidorenko, P. y Herranz, J.M. (2024). \u201cC\u00f3mo procurar una accesibilidad perdurable en el metaverso: un mundo virtual para comunicar a todos\u201d. P. Sidorenko (coord.). Hacia una comunicaci\u00f3n accesible en el metaverso (pp. 31-37). Barcelona: Editorial UOC. ISBN: 978-84-1166-093-8.<\/li>\n<li>Herranz, J.M. y Sidorenko, P. (2024). \u201cLa comunicaci\u00f3n de las organizaciones en lo virtual: de los formatos inmersivos al metaverso\u201d. En M. Herrero, C. Jim\u00e9nez y S. P\u00e9rez (coords). Experiencias inmersivas. Realidad virtual y realidad aumentada en periodismo, publicidad y artes (pp. 205-230). Valencia: Tirant Humanidades. ISBN: 978-84-1183-611-1.<\/li>\n<li><strong>\u00a0<\/strong>Herranz, J.M. (2024). \u201cComunicaci\u00f3n de crisis y compromiso medioambiental responsable\u201d. En M.T. Mercado y M.G. Teso (coords). \u00c9tica de la comunicaci\u00f3n ambiental y del cambio clim\u00e1tico (pp. 321-347). Madrid: Tecnos. ISBN: 978-84-309-9006-1<\/li>\n<\/ul>\n<h3><strong>2023<\/strong><\/h3>\n<ul>\n<li>Herranz de la Casa, J. M. ., &amp; Sidorenko Bautista, P. (2023). FROM THE 360\u00ba PHOTO TO THE METAVERSE: conceptual and technical evolution of virtual and immersive journalism from Spain. <i>Brazilian Journalism Research<\/i>, <i>19<\/i>(2). Retrieved from <a href=\"https:\/\/bjr.sbpjor.org.br\/bjr\/article\/view\/1562\">https:\/\/bjr.sbpjor.org.br\/bjr\/article\/view\/1562<\/a><\/li>\n<li>Cantero-de-Juli\u00e1n, J.-I., &amp; Herranz-de-la-Casa, J.-M. (2023). <a href=\"https:\/\/www.mediterranea-comunicacion.org\/article\/view\/24100\">Cobertura de la informaci\u00f3n sobre medioambiente en medios de comunicaci\u00f3n de Espa\u00f1a entre 2018 y 2022. <i>Revista Mediterr\u00e1nea De Comunicaci\u00f3n<\/i>.<\/a> <i>Revista Mediterr\u00e1nea De Comunicaci\u00f3n<\/i>, <i>14<\/i>(2), 17\u201334. https:\/\/doi.org\/10.14198\/MEDCOM.24100<\/li>\n<li>Lima-de-Sousa, F.-S., G\u00f3mez-Iniesta, P., &amp; Herranz-de-la-Casa, J.-M. (2023). Populism in the Communication Strategy of Lula and Bolsonaro: An Analysis of the Television Debates in Brazil\u2019s 2022 General Election. <i>Communication &amp; Society<\/i>, <i>36<\/i>(3), 103-118. <a href=\"https:\/\/revistas.unav.edu\/index.php\/communication-and-society\/article\/view\/43773\">https:\/\/doi.org\/10.15581\/003.36.3.103-118<\/a><\/li>\n<li style=\"font-weight: 400\">Herranz, J.M. (2023). Influencia, incidencia pol\u00edtica y confianza: la comunicaci\u00f3n de las organizaciones sociales en tiempos de TikTok, la Covid-19 y la Agenda 2023. En L. L\u00f3pez-Font y L. Garc\u00eda-Huguet (ed.). Comunicaci\u00f3n y Tercer Sector de Acci\u00f3n Social. Miscel\u00e1nea sobre la reputaci\u00f3n de las ONG en Espa\u00f1a y Latinoam\u00e9rica (pp. 369-387). Valencia: Tirant Humanidades. ISBN:\u00a0 978-84-19226-03-7<\/li>\n<\/ul>\n<h3><strong>2022<\/strong><\/h3>\n<div class=\"content-page-header__meta\">\n<div class=\"research-detail-meta\">\n<ul>\n<li>\n<p style=\"font-weight: 400\">Herranz, J. M. y Garc\u00eda, S. (2022).\u00a0<a href=\"https:\/\/www.researchgate.net\/publication\/368308382_El_caso_de_la_comunicacion_circular_en_Plena_Inclusion_de_las_grandes_estrategias_a_las_acciones_mas_locales_en_Castilla-La_Mancha\">El caso de la comunicaci\u00f3n circular en Plena Inclusi\u00f3n: de las grandes estrategias a las acciones m\u00e1s locales en Castilla-La Mancha<\/a>. En F. Hern\u00e1ndez y I. Carrasco (Dir.) <em>Casos de \u00e9xito en la Econom\u00eda Social de Castilla-La Mancha (pp. 313-336)<\/em>. Valencia: CIRIEC-Espa\u00f1a. ISBN: 978-84-09-36941-6<\/p>\n<\/li>\n<li>\n<p style=\"font-weight: 400\">Manfredi, J.L.; G\u00f3mez, P. y Herranz, J.M. (2022). El activismo de marcas como respuesta a las nuevas preocupaciones de la ciudadan\u00eda: la participaci\u00f3n pol\u00edtica de las compa\u00f1\u00edas. En J. Bustos, M.J. Ruiz y E. Simancas (eds.). Estudios sobre contenidos, plataformas y usuarios en el \u00e1mbito de la Comunicaci\u00f3n (pp. 119-136). Madrid: Fragua. ISBN: 978-84-7074-985-8<\/p>\n<\/li>\n<li>\n<p style=\"font-weight: 400\">\u00a0Sidorenko, P. y Herranz, J.M. (2022). <a href=\"https:\/\/www.researchgate.net\/publication\/361853536_Mundo_TikTok_informacion_concisa_efimera_y_muy_visual\">Mundo TikTok: informaci\u00f3n concisa, ef\u00edmera y muy visual<\/a>.\u00a0 En\u00a0<span style=\"font-size: 1rem\">Amado, A. et al. (Eds.). <\/span><em>Narrativa digitales para la comunicaci\u00f3n institucional y personal<\/em>.\u00a0Konrad Adenauer Stiftung.<\/p>\n<\/li>\n<li class=\"nova-legacy-e-text nova-legacy-e-text--size-m nova-legacy-e-text--family-sans-serif nova-legacy-e-text--spacing-xxs nova-legacy-e-text--color-grey-600\">Sidorenko, P.; Cort\u00e9s, L. y Herranz, J.M. (2022). Comunicaci\u00f3n y periodismo en las ciudades: nuevos espacios para la innovaci\u00f3n, la diplomacia y la sostenibilidad en la configuraci\u00f3n urbana. <a class=\"nova-legacy-e-link nova-legacy-e-link--color-inherit nova-legacy-e-link--theme-decorated\" href=\"https:\/\/www.researchgate.net\/publication\/journal\/Miguel-Hernandez-Communication-Journal-1989-8681\">Miguel Hern\u00e1ndez Communication Journal<\/a> 13:171-175.\u00a0DOI: <a class=\"nova-legacy-e-link nova-legacy-e-link--color-inherit nova-legacy-e-link--theme-decorated\" href=\"http:\/\/dx.doi.org\/10.21134\/mhjournal.v13i.1771\" target=\"_blank\" rel=\"noopener\">10.21134\/mhjournal.v13i.1771<\/a><\/li>\n<li>Sidorenko, P.; Torres, L. y Herranz, J. M. (2022).\u00a0<a href=\"https:\/\/www.researchgate.net\/publication\/363863711_TikTok_y_Twitch_pueden_ser_canales_innovadores_del_periodismo_para_la_'Generacion_Z'\">Instagram como herramienta digital. \u00bfTikTok y Twitch pueden ser canales innovadores del periodismo para la &#8216;Generaci\u00f3n Z&#8217;?<\/a>. En\u00a0 J. Canavilhas; C. Rodrigues.; R. Morais y F. Giacomelli (coord.). <em>Mobilidade e inteligencia artificial. Os Novos Caminhos do\u00a0Jornalismo<\/em> (pp.173-197)\u00a0 Covilh\u00e3: Editora LabCom. ISBN 978-989-654-845-2<\/li>\n<li>\n<p style=\"font-weight: 400\">Manfredi, J.L.; G\u00f3mez, P. y Herranz, J.M. (2022). <a href=\"https:\/\/ruidera.uclm.es\/xmlui\/handle\/10578\/28934\">Comunicaci\u00f3n y movilidad activa.<\/a> En B. Ruiz-Apil\u00e1nez y E. Sol\u00eds (Eds.) <em>A pie o en bici. Perspectivas y experiencias en torno a la movilidad activa<\/em>.Toledo: Universidad de Castilla-La Mancha. ISBN: 978-84-9044-439-9<\/p>\n<\/li>\n<li>\n<p style=\"font-weight: 400\">Manfredi, J.L. y Herranz, J.M. (2022). Diplomacia urbana: claves pol\u00edticas y comunicativas. En M. J. Ufarte y L. Calvo (coord.). <em>Ciudades globales. Diplomacia, sostenibilidad y estrategias de comunicaci\u00f3n<\/em> (pp. 15-32). Salamanca: Comunicaci\u00f3n social. ISBN 978841766778<\/p>\n<\/li>\n<\/ul>\n<\/div>\n<\/div>\n<h3><strong>2021<\/strong><\/h3>\n<div class=\"content-page-header__meta\">\n<div class=\"research-detail-meta\">\n<ul>\n<li class=\"nova-legacy-e-text nova-legacy-e-text--size-m nova-legacy-e-text--family-sans-serif nova-legacy-e-text--spacing-xxs nova-legacy-e-text--color-grey-600\">Manfredi, J.L.; G\u00f3mez, P. y Herranz, J.M. (2021). Comunicaci\u00f3n y movilidad activa. \u00a0En\u00a0<span style=\"font-size: 1rem\">Ruiz-Apil\u00e1nez, B. y Sol\u00eds, E. (Eds.). <\/span><em style=\"font-size: 1rem\">A pie o en bici. Perspectivas y experiencias en torno a la movilidad activa<\/em><span style=\"font-size: 1rem\">. Ediciones de la Universidad de Castilla-La Mancha. <\/span><span style=\"font-size: 1rem\"><a href=\"https:\/\/publicaciones.uclm.es\/a-pie-o-en-bici-perspectivas-y-experiencias-en-torno-a-la-movilidad-activa\/\">http:\/\/doi.org\/10.18239\/atenea_2021.25.10<\/a>\u00a0<\/span><\/li>\n<li class=\"nova-legacy-e-text nova-legacy-e-text--size-m nova-legacy-e-text--family-sans-serif nova-legacy-e-text--spacing-xxs nova-legacy-e-text--color-grey-600\"><span style=\"font-size: 1rem\">Garc\u00eda, S. y\u00a0<\/span><span style=\"font-size: 1rem\">Herranz, J. M. (2021). <a href=\"https:\/\/www.researchgate.net\/publication\/357184621_La_Agenda_2030_en_las_universidades_espanolas_la_estrategia_comunicativa_de_los_Objetivos_de_Desarrollo_Sostenible\">La Agenda 2030 en las universidades espa\u00f1olas: la estrategia comunicativa de los Objetivos de Desarrollo Sostenible<\/a>.\u00a0<\/span><span style=\"font-size: 1rem\">Revista Iberoamericana de Econom\u00eda Solidaria e Innovaci\u00f3n Socioecol\u00f3gica <\/span><span style=\"font-size: 1rem\">4 (1). DOI: <a class=\"nova-legacy-e-link nova-legacy-e-link--color-inherit nova-legacy-e-link--theme-decorated\" href=\"http:\/\/dx.doi.org\/10.33776\/riesise.v4i1.5246\" target=\"_blank\" rel=\"noopener\">10.33776\/riesise.v4i1.5246<\/a><\/span><\/li>\n<li class=\"nova-legacy-e-text nova-legacy-e-text--size-m nova-legacy-e-text--family-sans-serif nova-legacy-e-text--spacing-xxs nova-legacy-e-text--color-grey-600\"><span style=\"font-size: 1rem\">Garc\u00eda, S.; Sidorenko, P. y\u00a0<\/span><span style=\"font-size: 1rem\">Herranz, J. M (2021).\u00a0<\/span><a href=\"https:\/\/www.researchgate.net\/publication\/352837791_Contenidos_360_realidad_virtual_y_periodismo_inmersivo_una_revision_actual_de_los_medios_de_comunicacion_que_utilizan_estos_formatos\">Contenidos 360\u00ba, realidad virtual y periodismo inmersivo: una revisi\u00f3n actual de los medios de comunicaci\u00f3n que utilizan estos formatos<\/a>. <em>Revista Comunicando, n\u00ba 1, 10.\u00a0<\/em><\/li>\n<li>\n<p style=\"font-weight: 400\">Herranz, J. M. y Garc\u00eda, S. (2021).\u00a0La ciudad como espacio de residencia y comunicaci\u00f3n de los Objetivos de Desarrollo Sostenible en tiempos de la Covid-19. En E.\u00a0J. G\u00f3mez y S. Avellaneda (coords.),\u00a0<em>Derechos, informaci\u00f3n y nuevas tecnolog\u00edas. Lo que la pandemia ha ense\u00f1ado al Trabajo Social y la Comunicaci\u00f3n<\/em>\u00a0(pp. 250-282). Valencia: Tirant lo Blanch. ISBN 9788411135757.<\/p>\n<\/li>\n<li>\n<p style=\"font-weight: 400\">Sidorenko, P.; Cabezuelo, F. y Herranz, J. M. (2021). <a href=\"https:\/\/www.researchgate.net\/publication\/354153661_Instagram_como_herramienta_digital_para_la_comunicacion_y_divulgacion_cientifica_el_caso_mexicano_de_pictoline\">Instagram como herramienta digital para la comunicaci\u00f3n y divulgaci\u00f3n cient\u00edfica: el caso mexicano de @pictoline<\/a>.\u00a0<span style=\"font-size: 1rem\">Chasqui Revista Latinoamericana de Comunicaci\u00f3n. DOI:<\/span> <a class=\"nova-legacy-e-link nova-legacy-e-link--color-inherit nova-legacy-e-link--theme-decorated\" style=\"font-size: 1rem\" href=\"http:\/\/dx.doi.org\/10.16921\/chasqui.v1i147.4472\" target=\"_blank\" rel=\"noopener\">10.16921\/chasqui.v1i147.4472<\/a><\/p>\n<\/li>\n<li class=\"nova-legacy-e-text nova-legacy-e-text--size-m nova-legacy-e-text--family-sans-serif nova-legacy-e-text--spacing-xxs nova-legacy-e-text--color-grey-600\">Sidorenko,, P.; Herranz, J. M. y Moya, A. (2021). <a href=\"https:\/\/www.researchgate.net\/publication\/350896283_Analisis_de_la_comunicacion_de_empresas_europeas_y_norteamericanas_en_TikTok\">An\u00e1lisis de la comunicaci\u00f3n de empresas europeas y norteamericanas en TikTok<\/a>. aDResearch ESIC International Journal of Communication Research 25 (25), pp. 106-123. DOI:<a class=\"nova-e-link nova-e-link--color-inherit nova-e-link--theme-decorated\" href=\"http:\/\/dx.doi.org\/10.7263\/adresic-025-06\" target=\"_blank\" rel=\"noopener\">10.7263\/adresic-025-06<\/a><\/li>\n<li class=\"nova-legacy-e-text nova-legacy-e-text--size-m nova-legacy-e-text--family-sans-serif nova-legacy-e-text--spacing-xxs nova-legacy-e-text--color-grey-600\">Herranz, J. M. y Garc\u00eda, S. (2021). <a href=\"https:\/\/www.researchgate.net\/publication\/350528314_La_comunicacion_de_los_Objetivos_de_Desarrollo_Sostenible_en_las_organizaciones_de_la_Economia_Social_Communication_of_Sustainable_Development_Goals_in_Social_Economy_organizations\">La comunicaci\u00f3n de los Objetivos de Desarrollo Sostenible en las organizaciones de la Econom\u00eda Social<\/a>. <em>Revista\u00a0CIRIEC-Espa\u00f1a revista de econom\u00eda p\u00fablica social y cooperativa<\/em>, N\u00ba101, \u00a0pp. 165-191.\u00a0DOI: <a class=\"nova-e-link nova-e-link--color-inherit nova-e-link--theme-decorated\" href=\"https:\/\/www.researchgate.net\/deref\/http%3A%2F%2Fdx.doi.org%2F10.7203%2FCIRIEC-E.101.18393?_sg%5B0%5D=hTMjuXPJ5nGNSbW52fprhi__uar3ifvRspFBJABElEPKy8-7zqOYugH6hkG_uhUn9OTXjk4yRN7dBP-XYoZkEnVNsw.xVDPVvmNnO52IB3jfXMxfLHwzn62LPqvFFv1ItySjnPWiFAJw-roC9-9OL-SswOLbijHwqKMGDogEToYG526oA\">10.7203\/CIRIEC-E.101.18393<\/a><\/li>\n<\/ul>\n<div><\/div>\n<\/div>\n<\/div>\n<h3><strong>2020<\/strong><\/h3>\n<ul>\n<li>Herranz, J. M. y Garc\u00eda, S. (2020). Comprometidos con los ODS: C\u00f3mo est\u00e1n\u00a0comunicando las organizaciones los Objetivos de Desarrollo Sostenible. En J. M. Herranz y E.\u00a0J. G\u00f3mez (coords.), <a href=\"https:\/\/www.researchgate.net\/publication\/348845801_Los_Objetivos_de_Desarrollo_Sostenible_desde_una_perspectiva_de_los_Derechos_Humanos_el_Trabajo_Social_y_la_Comunicacion\">Los Objetivos de Desarrollo Sostenible desde una perspectiva de los Derechos\u00a0Humanos, el Trabajo Social y la Comunicaci\u00f3n<\/a> (pp. 25-54). Valencia: Tirant lo Blanch.<\/li>\n<li><span style=\"font-size: inherit\">Sidorenko, P. y Herranz, J. M. \u00a0(2020). <a href=\"https:\/\/www.researchgate.net\/publication\/347332404_Es_posible_el_periodismo_en_TikTok\">\u00bfEs posible el periodismo en TikTok?<\/a>, Telos<\/span><span style=\"font-size: inherit\">.<\/span><\/li>\n<li><span style=\"font-size: inherit\">Sidorenko, P.; Herranz, J. M. y \u00a0Molina, M. (2020).\u00a0<\/span><a href=\"https:\/\/www.researchgate.net\/publication\/347514259_Evolucion_del_periodismo_inmersivo_en_Espana_desde_su_inicio_hasta_la_pandemia_por_COVID-19\">Evoluci\u00f3n del periodismo inmersivo en Espa\u00f1a, desde su inicio hasta la pandemia por COVID-19<\/a>.\u00a0Estudos em Comunica\u00e7\u00e3on\u00ba 31, 69-94.<\/li>\n<li><span style=\"font-size: 1rem\">Vera, J.M. y Herranz, J. M. y (2020). <\/span><a style=\"font-size: 1rem\" href=\"https:\/\/www.researchgate.net\/publication\/345907719_How_Influential_Are_International_NGO_s_in_the_Public_Arena\">Are International NGO s in the Public Arena?<\/a><span style=\"font-size: 1rem\">\u00a0The Hague Journal of Diplomacy, 15, pp. 624-635. Doi:10.1163\/1871191X-bja10040<\/span><\/li>\n<li>Cantero, J. I., Sidorenko, P. y Herranz, J. M. y (2020).<a href=\"https:\/\/www.researchgate.net\/publication\/345148233_Radiografia_de_la_pandemia_analisis_de_la_cobertura_periodistica_de_la_Covid19_en_portadas_de_periodicos\"> Radiograf\u00eda de la pandemia:\u00a0an\u00e1lisis de la cobertura period\u00edstica de la Covid-19 en portadas de peri\u00f3dicos<\/a>,\u00a0Profesional de la informaci\u00f3n, v. 29, n. 5, e290523.\u00a0https:\/\/doi.org\/10.3145\/epi.2020.sep.23<\/li>\n<li><span style=\"font-size: inherit\">\u00a0Sidorenko, P.; Herranz, J. M. y Cantero, J. I. (2020). <\/span><a style=\"font-size: inherit\" href=\"https:\/\/www.researchgate.net\/publication\/343127647_Los_contenidos_multimedia_en_360_como_herramientas_en_las_campanas_de_concienciacion_de_las_instituciones_publicas\">Los contenidos multimedia en 360\u00ba como herramientas en las campa\u00f1as de concienciaci\u00f3n de las instituciones p\u00fablicas<\/a><span style=\"font-size: inherit\">, Sphera Publica, 1(20), 95-118.<\/span><\/li>\n<\/ul>\n<ul>\n<li>Sidorenko, P., Herranz, J.M., y Garc\u00eda, S. (2020). <a href=\"https:\/\/www.researchgate.net\/publication\/343099178_Como_construyen_El_Diario_Conquense_y_El_Deporte_Conquense_la_narrativa_en_360_para_el_desarrollo_del_periodismo_local_inmersivo\">\u00bfC\u00f3mo construyen El Diario Conquense y El Deporte Conquense la narrativa en 360\u00ba para el desarrollo del periodismo local inmersivo?<\/a> En P. Jer\u00f3nimo y J.C. Correia (eds.) O Pulsar da proximidade nos media e no jornalismo pp. 103-121. Covilha: LabCom &#8211; Comunica\u00e7\u00e3o e Artes. ISBN: 978-989-682-3. DOI: 10.25768\/20.04.05.02.07<\/li>\n<li>Sidorenko, P., Herranz, J.M. and Cantero, J.I. (2020). <a href=\"https:\/\/www.researchgate.net\/publication\/343080278_Use_of_New_Narratives_for_COVID-19_Reporting_From_360_Videos_to_Ephemeral_TikTok_Videos_in_Online_Media\">Use of New Narratives for COVID-19 Reporting: From 360\u00ba Videos to Ephemeral TikTok Videos in Online Media<\/a>. <em>Tr\u00edpodos<\/em>, 47 (1), pp. 105-122<\/li>\n<li>Manfredi, J.L. y Herranz, J.M. (2020). Las viejas nuevas guerras. Periodismo y seguridad en el orden post-liberal. En J.L. Manfredi, M. J. Ufarte y J.M. Herranz (coord). <em>Periodismo y Ciberseguridad en tiempos de incertidumbre<\/em>, pp.13-42. Salamanca: Comunicaci\u00f3n Social. ISBN:\u00a0978-84-17600-26-6.<\/li>\n<\/ul>\n<h3><strong>2019<\/strong><\/h3>\n<ul>\n<li>Cantero, J.I. y Herranz, J.M. (2019).<a href=\"https:\/\/www.researchgate.net\/publication\/338700675_Posibilidades_educativas_y_comunicativas_de_la_realidad_virtual_para_sensibilizar_sobre_los_derechos_humanos?_sg=cmV2yIXxVREfo6k3bTzNNealOIqHbMKQ12RYnuUT1nu-3v-0IgKETwpnRdH-o8rbTnjygWY8icDMqBSqvcD66YNt5gjocMO66zP8e6Uy.L-dG9KZvso0bf8QeFaC6BAu-7wNnGFnKD8xgkaI9aKEh3tcYfKVuJD_oWaocL5T9uXNv_hmXnjy7kguunhBCeQ\"> Posibilidades educativas y comunicativas de la realidad virtual para sensibilizar sobre los derechos humanos<\/a>. En M. del Carmen P\u00e9rez (ed.) Innovaci\u00f3n docente e investigaci\u00f3n en educaci\u00f3n y ciencias sociales, pp. 1135-1145. Madrid: Editorial DYKINSON. ISBN: 978-84-1324-562-1.<\/li>\n<li>Manfredi, J. L., Ufarte, M. J. y Herranz, J. M. (2019). <a href=\"https:\/\/www.researchgate.net\/publication\/336927215_Innovacion_periodistica_y_sociedad_digital_Una_adaptacion_de_los_estudios_de_Periodismo\">Innovaci\u00f3n period\u00edstica y sociedad digital: Una adaptaci\u00f3n de los estudios de Periodismo<\/a>. <em>Revista Latina de Comunicaci\u00f3n Social<\/em>, 74, pp. 1633 a 1654. DOI: <a href=\"https:\/\/www.researchgate.net\/deref\/http%3A%2F%2Fdx.doi.org%2F10.4185%2FRLCS-2019-1402-85?_sg%5B0%5D=z1rcI1n676jomcSoHa6e0epctqAeP4cx-NUH5hUx9wrO-MXLHXryE3CCC6PZTMw0df1w95vislV40wMKQQbY0TF7hw.wGoufPAGda_dmkQFjZyNaSr-ucEoOu8E9meMxZnjmi3chG8IQuFcGWLxfP-EdxgWf4AXdKQm6YmVtEB-hPU6Gw\">10.4185\/RLCS-2019-1402-85<\/a><\/li>\n<li>Herranz, J.M. y Cantero, J.I. (2019). <a href=\"https:\/\/www.researchgate.net\/publication\/338449847_El_tratamiento_informativo_de_los_colectivos_vulnerables_en_los_medios_de_comunicacion_Veracidad_desinformacion_o_estereotipos\">El tratamiento informativo de los colectivos vulnerables en los medios de comunicaci\u00f3n. \u00bfVeracidad, desinformaci\u00f3n o estereotipos?<\/a>. En E. G\u00f3mez (coord.) <em>Imagen, Estigma y Derechos humanos: Claves para abordar la vulnerabilidad y la exclusion social desde el trabajo social y la comunicaci\u00f3n<\/em>, pp. 29-62. Valencia: Editorial Tirant Lo Blanch. ISBN: 978-84-1336-512-1<\/li>\n<li>Herranz, J.M., Sidorenko, P. y Cantero, J.I. (2019). Realidad virtual y periodismo inmersivo: nuevas formas de contar historias para los periodistas. En M.J. Ufarte (coord.)\u00a0<em>Nuevos perfiles profesionales para el mercado period\u00edstico<\/em>, pp. 127-148. Salamanca: Comunicaci\u00f3n Social, ediciones y publicaciones. ISBN: 978-84-15544-82-1<\/li>\n<li>Mart\u00ednez, F. y Herranz, J.M. (2019). <a href=\"https:\/\/www.researchgate.net\/publication\/332999383_Representacion_del_medio_ambiente_en_prensa_y_telediarios_de_Mexico_y_Espana?_sg=4uu_m7K3BSW49m4b__R_r9-DZY0deZy29X5Aa4iqSso1Ic1P9gut6-qsx0IkrdQFwBSyZ7xd9b7J0rlTDMDy8SPLCmIanux-ETnR6pB0.VN2eBzNfhoHDj23kR5mL__mzFh4KKvJwZnWTFId1EaZ5qP6ca-z08lxr0_xwod2vVNYWGzs8RzfE07CVm_t6VQ\">Representaci\u00f3n del medio ambiente en prensa y telediarios de M\u00e9xico y Espa\u00f1a<\/a>. <em>Estudios sobre el Mensaje Period\u00edstico<\/em>, 25 (1), pp.\u00a0365-379. DOI: 10.5209\/ESMP.63734.<\/li>\n<li>Herranz, J.M.,\u00a0 Caerols, R. y Sidorenko, P. (2019). <a href=\"https:\/\/www.researchgate.net\/publication\/335585670_La_realidad_virtual_y_el_video_360_en_la_comunicacion_empresarial_e_institucional\">La realidad virtual y el v\u00eddeo 360\u00ba en la comunicaci\u00f3n empresarial e institucional<\/a>, <em>Revista de Comunicaci\u00f3n<\/em>, vol.18, n\u00b0 2. pp. 177-199. DOI: 10.26441\/RC18.2<\/li>\n<\/ul>\n<h3><strong>Art\u00edculos de Opini\u00f3n<\/strong><\/h3>\n<ul>\n<li><a href=\"https:\/\/theconversation.com\/profiles\/jose-maria-herranz-de-la-casa-726436\/articles\">The Conversation<\/a><\/li>\n<li><a href=\"http:\/\/eldeporteconquense.com\/author\/jose-maria-herranz-de-la-casa\/\">El deporte Conquense<\/a><\/li>\n<li><a href=\"http:\/\/just-communication.blogspot.com\/search?q=herranz\">Just-communication<\/a><\/li>\n<li>Post2020 (Blockchain)<\/li>\n<\/ul>\n<p>En el <a href=\"https:\/\/www.researchgate.net\/profile\/Jose_Maria_Herranz_De_La_Casa\">siguiente enlace se pueden encontrar el resto de las publicaciones m\u00e1s importantes<\/a>.<\/p>\n","protected":false},"excerpt":{"rendered":"<p>En este espacio se muestra el camino que he recorrido como profesor, investigador, periodista y comunicador. Est\u00e1n recogidos los \u00faltimos trabajos realizados (art\u00edculos cient\u00edficos, cap\u00edtulos de libro, art\u00edculos period\u00edsticos y art\u00edculos en revistas de divulgaci\u00f3n). This section outlines my career as a lecturer, researcher, journalist, and communicator. It includes my most recent work (academic papers, [&hellip;]<\/p>\n","protected":false},"author":84,"featured_media":0,"parent":0,"menu_order":0,"comment_status":"closed","ping_status":"closed","template":"","meta":{"footnotes":""},"class_list":["post-5","page","type-page","status-publish","hentry"],"_links":{"self":[{"href":"https:\/\/blog.uclm.es\/josemariaherranz\/wp-json\/wp\/v2\/pages\/5","targetHints":{"allow":["GET"]}}],"collection":[{"href":"https:\/\/blog.uclm.es\/josemariaherranz\/wp-json\/wp\/v2\/pages"}],"about":[{"href":"https:\/\/blog.uclm.es\/josemariaherranz\/wp-json\/wp\/v2\/types\/page"}],"author":[{"embeddable":true,"href":"https:\/\/blog.uclm.es\/josemariaherranz\/wp-json\/wp\/v2\/users\/84"}],"replies":[{"embeddable":true,"href":"https:\/\/blog.uclm.es\/josemariaherranz\/wp-json\/wp\/v2\/comments?post=5"}],"version-history":[{"count":37,"href":"https:\/\/blog.uclm.es\/josemariaherranz\/wp-json\/wp\/v2\/pages\/5\/revisions"}],"predecessor-version":[{"id":1622,"href":"https:\/\/blog.uclm.es\/josemariaherranz\/wp-json\/wp\/v2\/pages\/5\/revisions\/1622"}],"wp:attachment":[{"href":"https:\/\/blog.uclm.es\/josemariaherranz\/wp-json\/wp\/v2\/media?parent=5"}],"curies":[{"name":"wp","href":"https:\/\/api.w.org\/{rel}","templated":true}]}}