{"id":318,"date":"2017-06-12T09:50:57","date_gmt":"2017-06-12T08:50:57","guid":{"rendered":"http:\/\/blog.uclm.es\/josemariaherranz\/?page_id=318"},"modified":"2017-06-12T09:50:57","modified_gmt":"2017-06-12T08:50:57","slug":"periodismo-inmersivo-y-rv","status":"publish","type":"page","link":"https:\/\/blog.uclm.es\/josemariaherranz\/periodismo-inmersivo-y-rv\/","title":{"rendered":"Immersive Journalism \/\/ Virtual Reality"},"content":{"rendered":"<p><span style=\"color: #000000\"><strong>Encuentra en Cuenca<\/strong> is a research and production team about immersive Journalism, Virtual Reality and 360 video news at the School of Journalism in the University of\u00a0Castilla-La Mancha. The group is formed by Jos\u00e9 Mar\u00eda Herranz de la Casa ( @jmherranz), Pavel Sidorenko (@psbaut), Juan Ignacio Cantero ( @juanyck) and Sara Garc\u00eda (@sara_garcab) and have been researching since 2016. You can access to all the information about our project Immersive journalism, virtual reality and 360 video through the links below.<\/span><\/p>\n<p>\u00a0<\/p>\n<p><strong>Encuentra en Cuenca<\/strong> es un grupo de investigaci\u00f3n y producci\u00f3n de materiales de periodismo inmersivo, realidad virtual y v\u00eddeo\u00a0360\u00ba de la Facultad de Periodismo de la Universidad de Castilla-La Mancha. Est\u00e1 formado por Jos\u00e9 Mar\u00eda Herranz de la Casa ( @jmherranz), Pavel Sidorenko (@psbaut), Juan Ignacio Cantero ( @juanyck) <span style=\"color: #000000\">y Sara Garc\u00eda (@sara_garcab)<\/span>, y lleva trabajando desde 2016.<\/p>\n<p><img loading=\"lazy\" decoding=\"async\" class=\"size-full wp-image-235 alignright\" src=\"https:\/\/blog.uclm.es\/josemariaherranz\/wp-content\/uploads\/sites\/241\/2017\/04\/e2cvr.png\" alt=\"\" width=\"134\" height=\"132\" \/><span style=\"font-size: 1rem\">Puedes conocer toda la actualidad del trabajo que desarrollamos en el proyecto de periodismo inmersivo, realidad virtual y video 360\u00ba \u00abEncuentra en Cuenca\u00bb a trav\u00e9s de:<\/span><\/p>\n<h4>Publicaciones cient\u00edficas<\/h4>\n<ul>\n<li>\u00a0<a href=\"https:\/\/www.researchgate.net\/publication\/343127647_Los_contenidos_multimedia_en_360_como_herramientas_en_las_campanas_de_concienciacion_de_las_instituciones_publicas\">Los contenidos multimedia en 360\u00ba como herramientas en las campa\u00f1as de concienciaci\u00f3n de las instituciones p\u00fablicas<\/a><\/li>\n<li><a href=\"https:\/\/www.researchgate.net\/publication\/343099178_Como_construyen_El_Diario_Conquense_y_El_Deporte_Conquense_la_narrativa_en_360_para_el_desarrollo_del_periodismo_local_inmersivo\">\u00bfC\u00f3mo construyen El Diario Conquense y El Deporte Conquense la narrativa en 360\u00ba para el desarrollo del periodismo local inmersivo?<\/a>\u00a0<\/li>\n<li><a href=\"https:\/\/www.researchgate.net\/publication\/343080278_Use_of_New_Narratives_for_COVID-19_Reporting_From_360_Videos_to_Ephemeral_TikTok_Videos_in_Online_Media\">Use of New Narratives for COVID-19 Reporting: From 360\u00ba Videos to Ephemeral TikTok Videos in Online Media<\/a>.\u00a0<\/li>\n<li><a href=\"https:\/\/www.researchgate.net\/publication\/338700675_Posibilidades_educativas_y_comunicativas_de_la_realidad_virtual_para_sensibilizar_sobre_los_derechos_humanos\">Posibilidades educativas y comunicativas de la realidad virtual para sensibilizar sobre los derechos humanos<\/a><\/li>\n<li><a href=\"https:\/\/www.researchgate.net\/publication\/335585670_La_realidad_virtual_y_el_video_360_en_la_comunicacion_empresarial_e_institucional_Virtual_reality_and_360_video_in_business_and_institutional_communication\">La realidad virtual y el v\u00eddeo 360\u00ba en la comunicaci\u00f3n empresarial e institucional \/\/ Virtual reality and 360\u00ba video in business and institutional communication<\/a><\/li>\n<li><a href=\"https:\/\/www.researchgate.net\/publication\/338449554_Realidad_virtual_y_periodismo_inmersivo_nuevas_formas_de_contar_historias_para_los_periodistas\">Realidad virtual y periodismo inmersivo: nuevas formas de contar historias para los periodistas<\/a><\/li>\n<li><a class=\"nova-e-link nova-e-link--color-inherit nova-e-link--theme-bare\" href=\"https:\/\/www.researchgate.net\/profile\/Jose_Maria_Herranz_De_La_Casa\/publication\/331581898_Periodismo_inmersivo_cultural_una_revision_actual_de_la_situacion_en_Espana?_sg=_-DsNTQDQQ6yHHCyo7Q4PsGrYd9Bp97GHjnYT5aU-51HomRFd3bB3tYrwJKCEROn7NS8kkAlVhEmjD_-dJeX1KliDV5adUUj4PkAc4jZ.ecvTuSWTQP0CoHi-Szrs8jmsn4xyt6e2IPTKcI3dj6G1zUjgUhlRZjNZlFtO845QZpq7WztUG992YhVmxzn2Lg\">Periodismo inmersivo cultural: una revisi\u00f3n actual de la situaci\u00f3n en Espa\u00f1a<\/a><\/li>\n<li><a class=\"nova-e-link nova-e-link--color-inherit nova-e-link--theme-bare\" href=\"https:\/\/www.researchgate.net\/profile\/Jose_Maria_Herranz_De_La_Casa\/publication\/326345494_Realidad_virtual_contenidos_360_y_periodismo_inmersivo_en_los_medios_latinoamericanos_Una_revision_de_su_situacion_actual?_sg=I7M7B4QVvdik76sufXWqH5fXQEyBxyfDSPNqnprLx46zIx1DU20D9oxhXQWmSwVXuLxoIuttK_x-bLZlELVNpGyX3ceV3MXIBKSFCKhi.yUryblMMeQFxD2N4ZfV0_dseyRXv_lEAfLNifPh5TChxsV4IxuOT4909A7Ezb15tnqYhRlLY0Cap9KPP8bJG0w\">Realidad virtual contenidos 360 y periodismo inmersivo en los medios latinoamericanos. Una revisi\u00f3n de su situaci\u00f3n actual<\/a><\/li>\n<li><a class=\"nova-e-link nova-e-link--color-inherit nova-e-link--theme-bare\" href=\"https:\/\/www.researchgate.net\/profile\/Jose_Maria_Herranz_De_La_Casa\/publication\/325297097_Periodismo_y_realidad_virtual_la_tecnologia_al_servicio_de_la_informacion_deportiva?_sg=_-DsNTQDQQ6yHHCyo7Q4PsGrYd9Bp97GHjnYT5aU-51HomRFd3bB3tYrwJKCEROn7NS8kkAlVhEmjD_-dJeX1KliDV5adUUj4PkAc4jZ.ecvTuSWTQP0CoHi-Szrs8jmsn4xyt6e2IPTKcI3dj6G1zUjgUhlRZjNZlFtO845QZpq7WztUG992YhVmxzn2Lg\">Periodismo y realidad virtual la tecnolog\u00eda al servicio de la informaci\u00f3n deportiva<\/a><\/li>\n<li><a class=\"nova-e-link nova-e-link--color-inherit nova-e-link--theme-bare\" href=\"https:\/\/www.researchgate.net\/profile\/Pavel_Sidorenko_Bautista2\/publication\/322796309_Marketing_y_publicidad_inmersiva_el_formato_360_y_la_realidad_virtual_en_estrategias_transmedia?_sg=onEcj08-nzFnSeIpwO5Ta7D4VgJCmXMWvCnY9mdMqHDLsXxkl7lZlyFibdjk9KpmBr6YRGXyIMYsg5vg4FLOCMRzgdin4aIzjiCK4AGQ.h741mms7at9Ogkd_5VToTz_Z_rzOjvRSm06wjav1C-n0hhUeXRKHQgtqiPMJ3UiM4-77mJUvYkR5k9PuNwESvg\">Marketing y publicidad inmersiva: el formato 360\u00ba y la realidad virtual en estrategias transmedia<\/a><\/li>\n<li><a class=\"nova-e-link nova-e-link--color-inherit nova-e-link--theme-bare\" href=\"https:\/\/www.researchgate.net\/profile\/Jose_Maria_Herranz_De_La_Casa\/publication\/318012917_La_realidad_virtual_y_el_formato_multimedia_en_360_como_mecanismo_de_enriquecimiento_de_los_contenidos_periodisticos?_sg=_-DsNTQDQQ6yHHCyo7Q4PsGrYd9Bp97GHjnYT5aU-51HomRFd3bB3tYrwJKCEROn7NS8kkAlVhEmjD_-dJeX1KliDV5adUUj4PkAc4jZ.ecvTuSWTQP0CoHi-Szrs8jmsn4xyt6e2IPTKcI3dj6G1zUjgUhlRZjNZlFtO845QZpq7WztUG992YhVmxzn2Lg\">La realidad virtual y el formato multimedia en 360\u00ba como mecanismo de enriquecimiento de los contenidos period\u00edsticos<\/a><\/li>\n<\/ul>\n<h4>&#8211;<a href=\"http:\/\/blog.uclm.es\/josemariaherranz\/tag\/realidad-virtual\/\">Presentaciones de investigaci\u00f3n, congresos y seminarios \/\/ Research, Congress and Seminars<\/a><\/h4>\n<h4>&#8211;<a href=\"http:\/\/bit.ly\/encuentraencuenca\">Producciones en Youtube \/\/ Youtube Page<\/a><\/h4>\n<h4>&#8211;<a href=\"http:\/\/bit.ly\/encuentraencuenca1\">Producciones en Facebook \/\/ Facebook Page<\/a><\/h4>\n<h4>Producciones para Castilla-La Mancha Media (CMM) \/\/ Media Productions<\/h4>\n<ul>\n<li class=\"title style-scope ytd-video-primary-info-renderer\"><a href=\"https:\/\/youtu.be\/zWNqnTnvxYk\">D\u00eda Mundial de la Radio en 360 grados (CMM, 26 febrero 2018)<\/a><\/li>\n<li><a href=\"https:\/\/youtu.be\/_yjcMtmc4kA\">Pasajeros al tren en Manganilla. Un itinerario en 360\u00ba (CMM, 2 febrero 2018).\u00a0<\/a><\/li>\n<li><a href=\"https:\/\/youtu.be\/eX4q2kwRIKg\">La Alvarada de Ca\u00f1ete en 360\u00ba (CMM, 7 agosto 2017)<\/a><\/li>\n<li><a href=\"https:\/\/youtu.be\/tNuLE39Saxg\">El milagro de la Luz de la catedral de Cuenca visto en 360\u00ba (CMM, 28 julio 2017)<\/a><\/li>\n<\/ul>\n<h4>&#8211;<a href=\"http:\/\/eldeporteconquense.com\/category\/360o\/\">Producciones para El Deporte Conquense \/\/ Sport Media Productions<\/a><\/h4>\n<h4>&#8211;<a href=\"http:\/\/eldiarioconquense.es\/?s=360\">Producciones para El Diario Conquense<\/a><\/h4>\n<p>\u00a0<\/p>\n<p><img loading=\"lazy\" decoding=\"async\" class=\"alignnone wp-image-365 size-large\" src=\"https:\/\/blog.uclm.es\/josemariaherranz\/wp-content\/uploads\/sites\/241\/2017\/06\/IMG_0563-1024x1024.jpg\" alt=\"\" width=\"625\" height=\"625\" srcset=\"https:\/\/blog.uclm.es\/josemariaherranz\/wp-content\/uploads\/sites\/241\/2017\/06\/IMG_0563-1024x1024.jpg 1024w, https:\/\/blog.uclm.es\/josemariaherranz\/wp-content\/uploads\/sites\/241\/2017\/06\/IMG_0563-300x300.jpg 300w, https:\/\/blog.uclm.es\/josemariaherranz\/wp-content\/uploads\/sites\/241\/2017\/06\/IMG_0563-150x150.jpg 150w, https:\/\/blog.uclm.es\/josemariaherranz\/wp-content\/uploads\/sites\/241\/2017\/06\/IMG_0563-768x768.jpg 768w, https:\/\/blog.uclm.es\/josemariaherranz\/wp-content\/uploads\/sites\/241\/2017\/06\/IMG_0563-624x624.jpg 624w, https:\/\/blog.uclm.es\/josemariaherranz\/wp-content\/uploads\/sites\/241\/2017\/06\/IMG_0563.jpg 1080w\" sizes=\"auto, (max-width: 625px) 100vw, 625px\" \/><\/p>\n\n\n<figure class=\"wp-block-image\"><img loading=\"lazy\" decoding=\"async\" width=\"1024\" height=\"499\" src=\"https:\/\/blog.uclm.es\/josemariaherranz\/files\/2020\/02\/IMG-20200108-WA0002-1024x499.jpg\" alt=\"\" class=\"wp-image-959\" srcset=\"https:\/\/blog.uclm.es\/josemariaherranz\/wp-content\/uploads\/sites\/241\/2020\/02\/IMG-20200108-WA0002-1024x499.jpg 1024w, https:\/\/blog.uclm.es\/josemariaherranz\/wp-content\/uploads\/sites\/241\/2020\/02\/IMG-20200108-WA0002-300x146.jpg 300w, https:\/\/blog.uclm.es\/josemariaherranz\/wp-content\/uploads\/sites\/241\/2020\/02\/IMG-20200108-WA0002-768x374.jpg 768w, https:\/\/blog.uclm.es\/josemariaherranz\/wp-content\/uploads\/sites\/241\/2020\/02\/IMG-20200108-WA0002-624x304.jpg 624w, https:\/\/blog.uclm.es\/josemariaherranz\/wp-content\/uploads\/sites\/241\/2020\/02\/IMG-20200108-WA0002.jpg 1280w\" sizes=\"auto, (max-width: 1024px) 100vw, 1024px\" \/><figcaption>Pavel Sidorenko, Jos\u00e9 Mar\u00eda Herranz, Juan Ignacio Cantero y Sara Garc\u00eda<\/figcaption><\/figure>\n\n\n\n<p><\/p>\n","protected":false},"excerpt":{"rendered":"<p>Encuentra en Cuenca is a research and production team about immersive Journalism, Virtual Reality and 360 video news at the School of Journalism in the University of\u00a0Castilla-La Mancha. The group is formed by Jos\u00e9 Mar\u00eda Herranz de la Casa ( @jmherranz), Pavel Sidorenko (@psbaut), Juan Ignacio Cantero ( @juanyck) and Sara Garc\u00eda (@sara_garcab) and have [&hellip;]<\/p>\n","protected":false},"author":84,"featured_media":0,"parent":0,"menu_order":0,"comment_status":"closed","ping_status":"closed","template":"","meta":{"footnotes":""},"class_list":["post-318","page","type-page","status-publish","hentry"],"_links":{"self":[{"href":"https:\/\/blog.uclm.es\/josemariaherranz\/wp-json\/wp\/v2\/pages\/318","targetHints":{"allow":["GET"]}}],"collection":[{"href":"https:\/\/blog.uclm.es\/josemariaherranz\/wp-json\/wp\/v2\/pages"}],"about":[{"href":"https:\/\/blog.uclm.es\/josemariaherranz\/wp-json\/wp\/v2\/types\/page"}],"author":[{"embeddable":true,"href":"https:\/\/blog.uclm.es\/josemariaherranz\/wp-json\/wp\/v2\/users\/84"}],"replies":[{"embeddable":true,"href":"https:\/\/blog.uclm.es\/josemariaherranz\/wp-json\/wp\/v2\/comments?post=318"}],"version-history":[{"count":1,"href":"https:\/\/blog.uclm.es\/josemariaherranz\/wp-json\/wp\/v2\/pages\/318\/revisions"}],"predecessor-version":[{"id":1514,"href":"https:\/\/blog.uclm.es\/josemariaherranz\/wp-json\/wp\/v2\/pages\/318\/revisions\/1514"}],"wp:attachment":[{"href":"https:\/\/blog.uclm.es\/josemariaherranz\/wp-json\/wp\/v2\/media?parent=318"}],"curies":[{"name":"wp","href":"https:\/\/api.w.org\/{rel}","templated":true}]}}