{"id":21,"date":"2016-05-06T10:50:32","date_gmt":"2016-05-06T09:50:32","guid":{"rendered":"http:\/\/blog.uclm.es\/josemariaherranz\/?page_id=21"},"modified":"2026-03-26T16:33:48","modified_gmt":"2026-03-26T16:33:48","slug":"presentacion","status":"publish","type":"page","link":"https:\/\/blog.uclm.es\/josemariaherranz\/presentacion\/","title":{"rendered":"Biograf\u00eda"},"content":{"rendered":"<p><span style=\"color: #000000\">PhD in Journalism from Complutense University in Madrid (Spain). Currently he is associate professor at the School of Communication in the University of Castilla-La Mancha (Cuenca Campus), where he lectures on Sports Journalism, Specialized Reporting, Feature and Editorial Writing, and Institutional and Corporate Communication. He has been dean from April 2021 to June 2025. <\/span><span style=\"color: #000000\">His research interests are in the areas of communication and transparency in social organizations and NGOs, business and organizational communication, social responsibility, sustainable development goals, Agenda 2030 and environmental journalism. At the present, he is the Chief Investigator of the <a href=\"https:\/\/www.brandingverse.org\/\">International Academic Observatory of Communication, Marketing and Branding in the Metaverse (brandingverse.org)<\/a><\/span><\/p>\n<p><span style=\"color: #000000\">He has been a reporter at the most widely-read sports newspaper in Spain, Marca, and has also taught at the Catholic University of \u00c1vila (UCAV), where he was the head of the Department of Communication. He was also a lecturer at the Faculty of Humanities and Information at the European University Miguel de Cervantes in Valladolid, teaching courses in Journalism, Advertising and Public Relations. At this university he was also the director of the Office of Communication and Marketing for 4 years.<\/span><\/p>\n<p>Doctor en Periodismo por la Facultad de Ciencias de la Informaci\u00f3n de la Universidad Complutense de Madrid, con la calificaci\u00f3n de Sobresaliente \u201ccum laude\u201d por unanimidad (6 julio 2006), con su tesis titulada: La comunicaci\u00f3n y la trans<img loading=\"lazy\" decoding=\"async\" class=\"wp-image-1234 size-medium alignright\" src=\"https:\/\/blog.uclm.es\/josemariaherranz\/wp-content\/uploads\/sites\/241\/2021\/04\/fotojmherranz2-300x298.jpg\" alt=\"\" width=\"300\" height=\"298\" srcset=\"https:\/\/blog.uclm.es\/josemariaherranz\/wp-content\/uploads\/sites\/241\/2021\/04\/fotojmherranz2-300x298.jpg 300w, https:\/\/blog.uclm.es\/josemariaherranz\/wp-content\/uploads\/sites\/241\/2021\/04\/fotojmherranz2-1024x1018.jpg 1024w, https:\/\/blog.uclm.es\/josemariaherranz\/wp-content\/uploads\/sites\/241\/2021\/04\/fotojmherranz2-150x150.jpg 150w, https:\/\/blog.uclm.es\/josemariaherranz\/wp-content\/uploads\/sites\/241\/2021\/04\/fotojmherranz2-768x763.jpg 768w, https:\/\/blog.uclm.es\/josemariaherranz\/wp-content\/uploads\/sites\/241\/2021\/04\/fotojmherranz2-1536x1527.jpg 1536w, https:\/\/blog.uclm.es\/josemariaherranz\/wp-content\/uploads\/sites\/241\/2021\/04\/fotojmherranz2-2048x2036.jpg 2048w, https:\/\/blog.uclm.es\/josemariaherranz\/wp-content\/uploads\/sites\/241\/2021\/04\/fotojmherranz2-624x620.jpg 624w\" sizes=\"auto, (max-width: 300px) 100vw, 300px\" \/>parencia en las organizaciones no lucrativas, Premio Extraordinario de Doctorado de la Facultad de Ciencias de la Informaci\u00f3n de la Universidad Complutense de Madrid Curso Acad\u00e9mico 2005-2006.<\/p>\n<p>En la actualidad es profesor titular en la Facultad de Comunicaci\u00f3n de la Universidad de Castilla-La Mancha en el campus de Cuenca. En ella imparto las asignaturas de Periodismo especializado, Periodismo Deportivo y\u00a0 Comunicaci\u00f3n Institucional y Corporativa. He sido decano de la Facultad de Comunicaci\u00f3n desde abril de 2021 a junio de 2025. Adem\u00e1s tengo distintos trabajos y art\u00edculos publicados que giran en torno a las l\u00edneas de investigaci\u00f3n que desarrolla: la comunicaci\u00f3n y transparencia en las organizaciones sociales y ONG \u2014temas de su tesis doctoral\u2014; la comunicaci\u00f3n empresarial y organizacional; la responsabilidad social, Objetivos de Desarrollo Sostenible y Agenda 2030; la innovaci\u00f3n, el periodismo especializado (Deporte y Medio Ambiente) y el periodismo inmersivo \/ realidad virtual. Es investigador principal del Observatorio Acad\u00e9mico Internacional de Comunicaci\u00f3n, Marketing y Branding en el Metaverso (<a href=\"https:\/\/www.brandingverse.org\/\">Brandingverse.org<\/a>)<\/p>\n<p>He sido tesorero de la Asociaci\u00f3n de la Prensa de Cuenca entre 2016-2020 y formo parte de la Asociaci\u00f3n Dircom, donde he sido miembro de la Junta directiva de Dircom Castilla y Le\u00f3n hasta finales de 2012.<\/p>\n<p>Hasta julio de 2012 he sido profesor en la Facultad de Ciencias Humanas y de la Informaci\u00f3n de la Universidad Europea Miguel de Cervantes (Valladolid) desde octubre de 2006, impartiendo las asignaturas de: M\u00e9todos y T\u00e9cnicas de Investigaci\u00f3n, Demoscopia y Audiencias en medios de comunicaci\u00f3n; Comunicaci\u00f3n empresarial e institucional; Direcci\u00f3n de Comunicaci\u00f3n; y Periodismo pol\u00edtico y econ\u00f3mico.<\/p>\n<p>Tambi\u00e9n he sido director del Gabinete de Comunicaci\u00f3n y Marketing de la Universidad Europea Miguel de Cervantes, desde septiembre de 2007 hasta septiembre de 2011. Y despu\u00e9s, y durante un a\u00f1o, he sido hasta julio de 2012 director de postgrados en la universidad.\u00a0Del a\u00f1o 1999 al 2006 fui profesor en la Universidad Cat\u00f3lica de \u00c1vila y responsable adjunto del Gabinete de Comunicaci\u00f3n de la universidad.<\/p>\n<p>En el \u00e1mbito period\u00edstico profesional he trabajado como periodista en el diario deportivo MARCA durante tres a\u00f1os (1995-1999) y tengo la suerte de ser uno de los fundadores del <a href=\"https:\/\/web.archive.org\/web\/19990220133846\/http:\/\/www.ucm.es\/info\/Periodico\/hemer\/news10jul.html\">primer o segundo peri\u00f3dico espa\u00f1ol m\u00e1s precoz en la Internet: Espa\u00f1a Hoy: Noticias<\/a>. Empez\u00f3 en el a\u00f1o 1994 en los grupos de noticias de Internet, salt\u00f3 a la web un a\u00f1o despu\u00e9s, fue evolucionando a lo largo del tiempo, tuvo continuidad con otros compa\u00f1eros periodistas de la Universidad Complutense de Madrid hasta que finaliz\u00f3 su andadura en el 2000.<\/p>\n<p>Puedes contactar conmigo a trav\u00e9s del correo<a href=\"mailto:josemaria.herranz@uclm.es\"> josemaria.herranz@uclm.es<\/a><\/p>\n\n\n<p><\/p>\n","protected":false},"excerpt":{"rendered":"<p>PhD in Journalism from Complutense University in Madrid (Spain). Currently he is associate professor at the School of Communication in the University of Castilla-La Mancha (Cuenca Campus), where he lectures on Sports Journalism, Specialized Reporting, Feature and Editorial Writing, and Institutional and Corporate Communication. He has been dean from April 2021 to June 2025. His [&hellip;]<\/p>\n","protected":false},"author":84,"featured_media":0,"parent":0,"menu_order":0,"comment_status":"closed","ping_status":"closed","template":"","meta":{"footnotes":""},"class_list":["post-21","page","type-page","status-publish","hentry"],"_links":{"self":[{"href":"https:\/\/blog.uclm.es\/josemariaherranz\/wp-json\/wp\/v2\/pages\/21","targetHints":{"allow":["GET"]}}],"collection":[{"href":"https:\/\/blog.uclm.es\/josemariaherranz\/wp-json\/wp\/v2\/pages"}],"about":[{"href":"https:\/\/blog.uclm.es\/josemariaherranz\/wp-json\/wp\/v2\/types\/page"}],"author":[{"embeddable":true,"href":"https:\/\/blog.uclm.es\/josemariaherranz\/wp-json\/wp\/v2\/users\/84"}],"replies":[{"embeddable":true,"href":"https:\/\/blog.uclm.es\/josemariaherranz\/wp-json\/wp\/v2\/comments?post=21"}],"version-history":[{"count":4,"href":"https:\/\/blog.uclm.es\/josemariaherranz\/wp-json\/wp\/v2\/pages\/21\/revisions"}],"predecessor-version":[{"id":1639,"href":"https:\/\/blog.uclm.es\/josemariaherranz\/wp-json\/wp\/v2\/pages\/21\/revisions\/1639"}],"wp:attachment":[{"href":"https:\/\/blog.uclm.es\/josemariaherranz\/wp-json\/wp\/v2\/media?parent=21"}],"curies":[{"name":"wp","href":"https:\/\/api.w.org\/{rel}","templated":true}]}}