{"id":635,"date":"2016-07-30T10:20:47","date_gmt":"2016-07-30T09:20:47","guid":{"rendered":"http:\/\/blog.uclm.es\/joseluismartinez\/es\/?page_id=254"},"modified":"2016-07-30T10:20:47","modified_gmt":"2016-07-30T09:20:47","slug":"conference-proceedings-2","status":"publish","type":"page","link":"https:\/\/blog.uclm.es\/joseluismartinez\/conference-proceedings-2\/","title":{"rendered":"Conference Proceedings"},"content":{"rendered":"<p><strong>2006:<\/strong><\/p>\n<p class=\"p1\" style=\"text-align: justify\">1.\tJ.L. Martinez, P. Cuenca, F. Delicado and F.J. Quiles, \u201cOn the Capabilities of Quality Measures in Video Compression Standards\u201d, In Proceeding of 19th IEEE Canadian Conference on Electrical and Computer Engineering (CCECE 2006), IEEE Canada, I.S.B.N.: 1-4244-0038-4, pp.1010-1015, Ottawa, Canada, May, 2006<\/p>\n<p class=\"p1\" style=\"text-align: justify\">2.\tJ.L. Martinez, P. Cuenca and F.J. Quiles, \u201cObjetive Video Quality Metrics: A Performance Analysis\u201d, In Proceeding of 14th European Signal Processing Conference (EUSIPCO 2006), EURASIP, Florence, Italy, September, 2006<\/p>\n<p><strong>2007:<\/strong><\/p>\n<p class=\"p1\" style=\"text-align: justify\">3.\tW.A.R.J. Weerakkody, W.A.C. Fernando, J.L. Martinez, P. Cuenca and F.J. Quiles, \u201cAn Iterative Refinement Technique for Side Information Generation in DVC\u201d, In Proceeding of International Conference on Multimedia &amp; Expo (ICME 2007), IEEE Signal Processing Society, I.S.B.N.: 1-4244-1017-7, pp. 164-167, Beijing, China, July, 2007<\/p>\n<p class=\"p1\" style=\"text-align: justify\">4.\tW.A.R.J. Weerakkody, W.A.C. Fernando, J.L. Martinez, P. Cuenca and F.J. Quiles, \u201cMAP Decoder Design for Distributed Video Coding In Error Prone Wireless Channels\u201d, In Proceeding of 2nd International Conference on Industrial and Information Systems (ICIIS 2007), IEEE Signal Processing Society, I.S.B.N.: 1-4244-1152-1, pp. 379-382, Kandy, Sri Lanka, August, 2007<\/p>\n<p class=\"p1\" style=\"text-align: justify\">5.\tJ.L. Martinez, W.A.R.J. Weerakkody, P. Cuenca, F.J. Quiles and W.A.C. Fernando, \u201cDistributed Video Coding in Transform Domain\u201d, In Proceeding of Asia-Pacific Workshop on Visual Information Processing (VIP 2007), I.S.B.N.: 978-986-01-0510-0, pp.32-38, Tainan, Taiwan, December, 2007<\/p>\n<p><strong>2008:<br \/>\n<\/strong><\/p>\n<p class=\"p1\" style=\"text-align: justify\">6.\tJ.L. Martinez, C. Holder, G. Fern\u00e1ndez-Escribano, H. Kalva and F.J. Quiles, \u201cDVC Using a Half-Feedback Based Approach\u201d, In Proceeding of International Conference on Multimedia &amp; Expo (ICME 2008), IEEE Signal Processing Society, I.S.B.N.: 978-1-4244-2571-6, pp. 1125-1128, Hannover, Germany, June, 2008<\/p>\n<p class=\"p1\" style=\"text-align: justify\">7.\tG. Fern\u00e1ndez-Escribano, C. Holder, J.L. Martinez, R. Jillani, H. Kalva and P. Cuenca, \u201cVideo Encoding and Transcoding Using Machine Learning\u201d, In Proceeding of 14th ACM International Conference on Knowledge Discovery &amp; Data Mining (SIGKDD 2008), ACM Press, I.S.B.N.: 978-1-60558-261-0, pp. 53-62, Las Vegas, NE, USA, August, 2008<\/p>\n<p class=\"p1\" style=\"text-align: justify\">8.\tA.B.B. Adikari, W.A.C. Fernando, W.A.R.J. Weerakkody, A.M. Kondoz, J.L. Martinez and P. Cuenca, \u201cDVC Based Stereoscopic Video Transmission in a Mobile Communication System\u201d, In Proceeding of IEEE International Workshop on Future Multimedia Networking (FMN 2008), IEEE Signal Processing Society, , I.S.B.N.: 978-0-7695-3333-9, pp. 439-443, Cardiff, Wales, UK, September, 2008<\/p>\n<p class=\"p1\" style=\"text-align: justify\">9.\tJ.L. Martinez, G. Fern\u00e1ndez-Escribano, H. Kalva, W.A.R.J. Weerakkody, W.A.C. Fernando and A. Garrido, \u201cFeedback Free DVC Architecture Using Machine Learning\u201d, In Proceeding of IEEE International Conference on Image Processing (ICIP 2008), IEEE Signal Processing Society, I.S.B.N.: 978-1-4244-1764-3, pp. 1140-1143, San Diego, CA, USA, October, 2010.<\/p>\n<p><strong>2009:<br \/>\n<\/strong><\/p>\n<p class=\"p1\" style=\"text-align: justify\">10.\tJ.L. Martinez, G. Fern\u00e1ndez-Escribano, H. Kalva and A. Garrido, \u201cWyner-Ziv to H.264 Video Transcoder for Mobile Telephony\u201d, In Proceedings of IEEE International Conference on Consumer Electronics (ICCE 2009), IEEE Conference on Consumer Society, I.S.B.N.: 978-1-4244-2559-4, pp. 1-2, Las Vegas, NE, USA  January, 2009<\/p>\n<p class=\"p1\" style=\"text-align: justify\">11.\tJ.L. Mart\u00ednez, H. Kalva, W.A.C Fernando, P. Cuenca and F.J. Quiles,  \u201cEfficient WZ-TO-H.264 Transcoding Using Motion Vector Information Sharing\u201d, In Proceedings of IEEE International Conference on Multimedia &amp; Expo (ICME 2009), I.S.B.N.: 978-1-4244-4291-1, pp. 1394-1397, New York City, NY, USA, pp. 1394-1397, June 2009.<\/p>\n<p class=\"p1\" style=\"text-align: justify\">12.\tM. Badem, W.A.C Fernando, J.L. Mart\u00ednez and P. Cuenca, \u201cAn Iterative Side Information Refinement Technique for Transform Domain Distributed Video Coding\u201d, In Proceedings of IEEE International Conference on Multimedia &amp; Expo (ICME 2009), I.S.B.N.: 978-1-4244-4291-1, pp. 177-180, New York City, NY, USA, pp. 1394-1397, June 2009<\/p>\n<p class=\"p1\" style=\"text-align: justify\">13.\tJ. L. Mart\u00ednez, H. Kalva, G. Fern\u00e1ndez-Escribano, W.A.C Fernando, and P. Cuenca, \u201cWyner-Ziv to H.264 video transcoder\u201d, In Proceeding of 16th IEEE International Conference on Image Processing (ICIP 2009), IEEE Signal Processing Society, I.S.B.N.: 978-1-4244-1764-3 IEEE Signal Processing Society, I.S.B.N.: 978-1-4244-1764-3, pp. 2941-2944, Cairo, Egypt, November, 2009.<\/p>\n<p><strong>2010:<br \/>\n<\/strong><\/p>\n<p class=\"p1\" style=\"text-align: justify\">14.\tR. Rodriguez, J. L. Mart\u00ednez, G. Fern\u00e1ndez-Escribano, J. M. Claver and J. L. S\u00e1nchez, \u201cAccelerating H.264 Inter Prediction in a GPU by using CUDA\u201d, In Proceeding of IEEE International Conference on Consumer Electronics (ICCE 2010), IEEE Consumer Electronics, I.S.B.N.: 978-1-4244-4316-1, pp. 463-464,  Las Vegas, NV, USA, January 2010.<\/p>\n<p class=\"p1\" style=\"text-align: justify\">15.\tR. Garrido-Cantos, J. L. Mart\u00ednez, Pe. Cuenca and A. Garrido, \u201cOn the impact of temporal layers in an improved AVC to SVC transcoder\u201d, In Proceeding of 1st Workshop on Multimedia Data Coding and Transmission (WMDCT 2010), I.S.B.N.: 978-84-92812-70-7, pp. 27-32, Valencia, Spain, September 2010.<\/p>\n<p class=\"p1\" style=\"text-align: justify\">16.\tA.Corrales-Garcia, J.L. Martinez and G. Fern\u00e1ndez-Escribano, \u201cReducing DVC Decoder Complexity in a Multicore System\u201d, In Proceeding of IEEE 12th International Workshop on Multimedia Signal Processing (MMSP 2010), IEEE Signal Processing, I.S.B.N.: 978-1-4244-8112-5, pp.315-320 Saint-Malo, Francia, October, 2010<\/p>\n<p class=\"p1\" style=\"text-align: justify\">17.\tR. Garrido-Cantos, J. De Cock, J.L. Martinez, S. Van Leuven, P. Cuenca, A. Garrido and R. Van De Walle, \u201cVideo Adaptation for Mobile Digital Television\u201d, In Proceeding of 3rd Joint IFIP Wireless and Mobile Networking Conference (WMNC 2010), I.S.B.N.: 978-963-8111-73-9, IFIP &amp; IEEE, pp. 1-6, Budapest, Hungr\u00eda, October, 2010<\/p>\n<p class=\"p1\" style=\"text-align: justify\">18.\tA.Corrales-Garcia, J.L. Martinez and G. Fern\u00e1ndez-Escribano and F.J. Quiles, \u201cFlexible GOP Transcoding between DVC and H.264\u201d, 8th International Conference on Advances in Mobile Computing &amp; Multimedia (MoMM 2010), ACM, I.S.B.N.: 978-1-4503-0440-5, pp. 234-240, Paris, Francia, November, 2010<\/p>\n<p class=\"p1\" style=\"text-align: justify\">19.\tR. Garrido-Cantos, J. De Cock, J.L. Martinez, S. Van Leuven, P. Cuenca, A. Garrido and R. Van De Walle, \u201cOn the Impact of the GOP Size in an H.264\/AVC-to-SVC Transcoder with Temporal Scalability\u201d, 8th International Conference on Advances in Mobile Computing &amp; Multimedia (MoMM 2010), ACM, I.S.B.N.: 978-1-4503-0440-5, pp. 226-233, Paris, Francia, November, 2010<\/p>\n<p><strong>2011:<br \/>\n<\/strong><\/p>\n<p class=\"p1\" style=\"text-align: justify\">20.\tR. Garrido-Cantos, J. De Cock, J.L. Martinez, S. Van Leuven, P. Cuenca, A. Garrido and R. Van De Walle, \u201dAn H.264\/AVC to SVC Temporal Transcoder in Baseline Profile\u201d, In Proceedings of 29th IEEE International Conference on Consumer Electronics (ICCE 2011), IEEE Consumer Electronics Society,  I.S.B.N.: 978-142448712-7, pp. 339-340, Las Vegas, NV, USA, January, 2011<\/p>\n<p class=\"p1\" style=\"text-align: justify\">21.\tS. Van Leuven, G. Van Wallendael, J. De Cock, R. Garrido-Cantos, J.L. Martinez, P. Cuenca and R. Van De Walle, \u201cGeneric Techniques to Improve SVC Enhancement Layer Encoding\u201d, In Proceedings of 29th IEEE International Conference on Consumer Electronics (ICCE 2011), IEEE Consumer Electronics Society,  I.S.B.N.: 978-142448712-7, pp. 135-136, Las Vegas, NV, USA, January, 2011<\/p>\n<p class=\"p1\" style=\"text-align: justify\">22.\tR. Rodriguez, J. L. Mart\u00ednez, G. Fern\u00e1ndez-Escribano, J. M. Claver and J. L. S\u00e1nchez, \u201cH.264\/AVC Full-pixel Motion Estimation for GPU Platforms\u201d, In Proceedings of International Conference on Computational and Mathematical Methods in Science and Engieneering (CMMSE 2011), I.S.B.N.: 978-84-614-6167-7, pp. 1590-1601, Benidorm, Espa\u00f1a, July, 2011<\/p>\n<p class=\"p1\" style=\"text-align: justify\">23.\tS. Van Leuven, J. De Cock, G. Van Wallendael, R. Van De Walle, R. Garrido-Cantos, J.L. Martinez and P. Cuenca, \u201cA Low-Complexity Closed-Loop H.264\/AVC to Quality-Scalable SVC Transcoder\u201d, In Proceedings of 17th IEEE International Conference on Digital Signal Processing (DSP 2011), IEEE Signal Processing Society, I.S.B.N.: 978-145770274-7, pp. 1-6, Corfu, Grecia, July, 2011<\/p>\n<p class=\"p1\" style=\"text-align: justify\">24.\tS. Van Leuven, J. De Cock, G. Van Wallendael, R. Van De Walle, R. Garrido-Cantos, J.L. Martinez and P. Cuenca, \u201cCombining Open and Closed-Loop Architectures for H.264\/AVC-to-SVC Transcoding\u201d, In Proceedings of 18th IEEE International Conference on Image Processing (ICIP 2011), IEEE Signal Processing Society, pp.1661-1664,  Brussels, Belgium, September, 2011<\/p>\n<p class=\"p1\" style=\"text-align: justify\">25.\tJ. L. Mart\u00ednez , J.M. Villalon, J.H. Parre\u00f1o, P. Cuenca and H. Kalva, \u201cEnsuring Privacy in a Distributed Video Coding Surveillance Scenario\u201d, 1st IEEE International Conference on Consumer Electronics Berlin (ICCE-Berlin 2011), IEEE Consumer Electronic Society, I.S.B.N.: 978-1-4577-0232-7, pp. 102-105, Berlin, Germany, September, 2011<\/p>\n<p class=\"p1\" style=\"text-align: justify\">26.\tR. Rodriguez, J. L. Mart\u00ednez, G. Fern\u00e1ndez-Escribano, J. M. Claver and J. L. S\u00e1nchez, \u201cReducing Complexity in H.264\/AVC Motion Estimation by using a GPU\u201d, In Proceedings of 13th IEEE international Workshop on Multimedia Signal Processing (MMSP 2011), IEEE Signal Processing Society, I.S.B.N.: 978-1-4577-1433-7, pp. 1-6, Hangzhou,  China, October, 2011<\/p>\n<p class=\"p1\" style=\"text-align: justify\">27.\tA.Corrales-Garcia, J.L. Martinez and G. Fern\u00e1ndez-Escribano, F.J. Quiles and W.A.C. Fernando, \u201cWyner-Ziv Frame Parallel Decoding Based on Multicore Processors\u201d, In Proceedings of 13th IEEE International Workshop on Multimedia Signal Processing (MMSP 2011), IEEE Signal Processing Society, I.S.B.N.: 978-1-4577-1433-7, pp. 1-6, Hangzhou,  China, October, 2011<\/p>\n<p class=\"p1\" style=\"text-align: justify\">28.\tR. Garrido-Cantos, J. De Cock, J.L. Martinez, S. Van Leuven, A. Garrido, P. Cuenca and R. Van De Walle, \u201cLow Complexity Adaptation for Mobile Video Environments using Data Mining\u201d, In Proceedings of 4th Joint IFIP Wireless and Mobile Networking Conference (WMNC 2011), IFIP &amp; IEEE, I.S.B.N.: 978-145771193-0, pp. 95-100, Toulouse, France, October, 2011. BEST PAPER AWARD<\/p>\n<p><strong>2012:<br \/>\n<\/strong><\/p>\n<p class=\"p1\" style=\"text-align: justify\">29.\tA.Corrales, J.L. Martinez, G. Fern\u00e1ndez and  F.J.Quiles, \u201cMulti-Core Parallel Algorithm for Wyner-Ziv Video Decoding\u201d, In Proceedings of the IEEE International Symposium on Parallel and Distributed Processing with Applications (ISPA 2012), IEEE Computer Society Press, ISBN: 978-0-7695-4701-5 pp. 737-742, Legan\u00e9s, Madrid, July 2012<\/p>\n<p class=\"p1\" style=\"text-align: justify\">30.\tR. Rodr\u00edguez, J.L. Mart\u00ednez, G. Fern\u00e1ndez, J.L. S\u00e1nchez and J.M. Claver, \u201cA Fast GPU-Based Motion Estimation Algorithm for HD 3D Video Coding\u201d, In Proceedings of the IEEE International Symposium on Parallel and Distributed Processing with Applications (ISPA 2012), IEEE Computer Society Press, ISBN: 978-0-7695-4701-5 pp. 166-173, Legan\u00e9s, Madrid, July 2012<\/p>\n<p class=\"p1\" style=\"text-align: justify\">31.\tR. Garrido-Cantos, J. De Cock, J.L. Martinez, S. Van Leuven; P. Cuenca Castillo, A. Garrido and R. Van De Walle, \u201cTemporal Video Transcoding for Digital TV Broadcasting\u201d, In Proceeding of  5th joint IFIP Wireless and Mobile Networking Conference (WMNC 2012), IFIP &amp; IEEE, I.S.B.N.: 978-1-4673-2994-1, pp. 95-100, Bratislava, Slovak, September, 2012<\/p>\n<p class=\"p1\" style=\"text-align: justify\">32.\tA. J.  Diaz-Honrubia, J.L. Martinez and P. Cuenca, \u201cHEVC: A Review, Trends and Challenges\u201d, In Proceeding of 2nd Workshop on Multimedia Data, Coding and Transmission (WMDCT 2012), ISBN: 978-84-695-4472-3, pp. 10-15, Elche,  Spain, September, 2012<\/p>\n<p class=\"p1\" style=\"text-align: justify\">33.\tI. Rozas, A. Dapena, T.M. Fernandez-Camares and J.L. Martinez, \u201cEvaluation of Channel Encoders for H.264\/AVC Video Transmission over IEEE 802.11p\u201d, In Proceeding of 2nd Workshop on Multimedia Data, Coding and Transmission (WMDCT 2012), ISBN: 978-84-695-4472-3, pp. 4-9, Elche,  Spain, September, 2012<\/p>\n<p><strong>2013:<br \/>\n<\/strong><\/p>\n<p class=\"p1\" style=\"text-align: justify\">34.\tP. Van Luong J. De Cock, G. Van Wallendael, S. Van Leuven, R. Rodriguez-Sanchez, J. L. Martinez, P. Lambert and R. Van de Walle, \u00abFast transrating for High Efficiency Video Coding based on Machine Learning,\u00bb In Proceedings of 20th IEEE International Conference on Image Processing (ICIP 2013), pp.1573-1577, 15-18 Sept. 2013<\/p>\n<p class=\"p1\" style=\"text-align: justify\">35.\tR. Rodriguez-Sanchez, J. L. Martinez, J. De Cock J. L. Sanchez, J. M. Claver and R. Van de Walle, \u00abLow delay H.264\/AVC bidirectional inter prediction on a GPU,\u00bb In Proceedings of 20th IEEE International Conference on Image Processing (ICIP 2013), pp.2111-2115, 15-18 Sept. 2013<\/p>\n<p><strong>2014:<br \/>\n<\/strong><\/p>\n<p class=\"p1\" style=\"text-align: justify\">36.\tH. Migall\u00f3n, J.L. Hern\u00e1ndez-Losada, G. Cebri\u00e1n-M\u00e1rquez, P. Pi\u00f1ol, J.L. Mart\u00ednez,  O. L\u00f3pez-Granado and M. P. Malumbres, \u201cOpenMP HEVC Parallel Version on a GOP-based Approach\u201d, in Proceeding to The Ninth International Conference on Engineering Computational Technology (ECT2014), 2-5 September 2014, Napoles, Italy<\/p>\n<p class=\"p1\" style=\"text-align: justify\">37.\tAntonio J. Diaz-Honrubia, Jose L. Martinez, Jose Puerta Callejon, Jose A. Gamez, Jan De Cock,  Pedro Cuenca., \u201cFast Quadtree Level Decision Algorithm for H.264HEVC Transcoder\u201d, in Proceedings of IEEE International Conference on Image Processing (ICIP 2014), pp.2497-2501, ISBN 978-1-4799-5751-414. Paris. Frence, October 2014<\/p>\n<p class=\"p1\" style=\"text-align: justify\">38.\t \u00c1lvaro Garcia, Rafael Rodriguez-Sanchez, Jos\u00e9 Luis Martinez, \u00abAn smp-UMHexagonS-based motion estimation algorithm for heterogeneous architectures,\u00bb&nbsp;in Proceedings of IEEE International Conference on Image Processing (ICIP 2014), pp.1243-1247, Paris, France, 27-30 October 2014<\/p>\n<p class=\"p1\" style=\"text-align: justify\">39.\tD. Ruiz-Coll, V. Adzic, G. Fern\u00e1ndez-Escribano, H. Kalva, J.L. Mart\u00ednez and P. Cuenca, \u201cFast partitioning algorithm for HEVC Intra frame coding using machine learning\u201d, In Proceedings of the 21st IEEE International Conference on Image Processing (ICIP 2014). pp 4112 -4116, ISBN: 978-1-4799-5751-4\/1. Paris, France, October 27-30, 2014.<\/p>\n<p class=\"p1\" style=\"text-align: justify\">40.\tG. Cebri\u00e1n-M\u00e1rquez, J.L. Mart\u00ednez, P. Cuenca, M. Tang, J. Wen, \u201cAccelerating HEVC using GPU-based heterogeneous platforms,\u201d in CMMSE 2014: Proceedings of the 14th International Conference on Mathematical Methods in Science and Engineering, pp. 288-299, Rota (C\u00e1diz), Spain, July, 2014.<\/p>\n<p class=\"p1\" style=\"text-align: justify\">41.\t Rafael Rodriguez-Sanchez, Francisco D. Igual, Jos\u00e9 Luis Martinez, Rafael Mayo, Enrique Quintana-Orti, \u00abParallel performance and energy efficiency of modern video encoders on multithreaded architectures,\u00bb in Proceeding of 22nd European Signal Processing Conference (EUSIPCO 2014),&nbsp; pp.191-195, Lisbon, Portugal, 1-5 September 2014.<\/p>\n<p><strong>2015:<br \/>\n<\/strong><\/p>\n<p class=\"p1\" style=\"text-align: justify\">42.\t A.J. D\u00edaz-Honrubia J.L. Mart\u00ednez, P. Cuenca, J.A. G\u00e1mez and J.M. Puerta. \u201cA Data-Driven Probabilistic CTU Splitting Algorithm for Fast H.264\/HEVC Video Transcoding\u201d. Data Compression Conference (DCC 2015). April 2015. Snowbird (Utah), USA.<\/p>\n<p class=\"p1\" style=\"text-align: justify\">43.\tA.J. D\u00edaz-Honrubia J.L. Mart\u00ednez, P. Cuenca, J.A. G\u00e1mez and J.M. Puerta. \u201cA Statistical Approach of a CTU Splitting Algorithm for a H.264\/HEVC Video Transcoder\u201d. In Proceedings of the 15th International  Conference on Computational and Mathematical Methods in Science and Engineering (CMMSE 2015), pp. 449-459, ISBN: 978-84-617-2230-3, Rota, Spain, July 2015.<\/p>\n<p class=\"p1\" style=\"text-align: justify\">44.\tD. Ruiz Coll, G. Fern\u00e1ndez-Escribano, J. L. Mart\u00ednez and P. Cuenca, \u201cDominant gradient detection using Mean Directional Variance for intra-picture prediction in HEVC.\u201d In Proceedings of the 15th International  Conference on Computational and Mathematical Methods in Science and Engineering (CMMSE 2015), pp. 1233-1244, ISBN: 978-84-617-2230-3, Rota, Spain, July 2015.<\/p>\n<p class=\"p1\" style=\"text-align: justify\">45.\tA. J. Diaz-Honrubia, J. De Praeter, S. Van Leuve, J. De Cock, J.L. Martinez and P. Cuenca, \u201cUsing Bayesian Classifiers for Low Complexity Multiview H.264\/AVC and HEVC Hybrid Architecture\u201d In Proceedings of<br \/>\n25th IEEE International Workshop on Machine Learning for Signal Processing (MLSP2015), ISBN: 978-1-4673-7454-5\/15, Boston, USA, September 2015.<\/p>\n<p class=\"p1\" style=\"text-align: justify\">46.\tG. Cebrian Marquez, C. Ching Chi, J.L. Martinez, P. Cuenca, M. \u00c1lvarez-Mesa, S. Sanz and B. Juurlink, \u201cReducing HEVC Encoding Complexity Using Two-Stage Motion Estimation\u201d, In Proceedings of the IEEE International Conference on Visual Communications and Image Processing (VCIP2015), ISBN: 978-1-4673-7314-2, pp.1-4, Singapur, Singapur, December, 2015<\/p>\n<p class=\"p1\" style=\"text-align: justify\">47.\t E. de la Torre, R. Rodriguez-Sanchez and J.L. Mart\u00ednez, \u201cHEVC to VP9 Transcoder\u201d, In Proceedings of the IEEE International Conference on Visual Communications and Image Processing (VCIP2015), ISBN: 978-1-4673-7314-2, pp. 1-4, Singapur, Singapur, December, 2015.<\/p>\n<p class=\"p1\" style=\"text-align: justify\">48.\tR. Rodriguez-Sanchez, M. T. Alonso, J. L. Martinez, R. Mayo and E. S. Quintana-Orti, \u201cTime and Energy Modeling of an Intra-only HEVC Encocder\u201d, In Proceedings of the IEEE International Conference on Visual Communications and Image Processing (VCIP2015), ISBN: 978-1-4673-7314-2, pp. 1-4, Singapur, Singapur, December, 2015.<\/p>\n<p class=\"p1\" style=\"text-align: justify\">49.\tG. Cebri\u00e1n-M\u00e1rquez, A. J. Diaz-Honrubia, J. De Praeter, G. Van Wallendael, J. L. Martinez and P. Cuenca, \u201cA Motion Vector Re-Use Algorithm for H.264\/AVC and HEVC Simultaneous Video Encoding\u201d, In Proceedings of the 13th International Conference on Advances in Mobile Computing and Multimedia (MoMM2015), ISBN: 978-1-4503-3493-8, pp. 241-245, Brussels, Belgium, December 2015.<\/p>\n<p><strong>2016:<br \/>\n<\/strong><\/p>\n<p class=\"p1\" style=\"text-align: justify\">50.\tAntonio J. D\u00edaaz-Honrubia, Jos\u00e9 Luis Mart\u00ednez, Pedro Cuenca and Hari Kalva, \u201cA Fast Splitting Algorithm for an H.264\/AVC to HEVC Intra Video Transcoder\u201d, Data Compression Conference (DCC 2016). April 2016. Snowbird (Utah), USA.<\/p>\n<p class=\"p1\" style=\"text-align: justify\">51.\tGabriel Cebri\u00e1n-M\u00e1rquez, Jos\u00e9 Luis Mart\u00ednez and Pedro Cuenca, \u201cA pre-analysis Algorithm for Fast Motion Estimation in HEVC\u201d, Accepted in International Conference on Image Processing (ICIP), September 2016, Phoenix, Arizona, USA.<\/p>\n<p class=\"p1\" style=\"text-align: justify\">52.\tGabriel Cebri\u00e1n-M\u00e1rquez, Jos\u00e9 Luis Mart\u00ednez and Pedro Cuenca, \u201cTwo-Stage Intra Prediction Algorithm for HEVC\u201d, 16th International Conference Computational and Mathematical Methods in Science and Engineering, ISBN: ISBN 13-978-84-608-6082-2, Vol. 2, pp. 334-345, Rota, Cadiz, Espa\u00f1a, July 2016.<\/p>\n<p class=\"p1\" style=\"text-align: justify\">53.\tAntonio J. D\u00edaaz-Honrubia, Jos\u00e9 Luis Mart\u00ednez and Pedro Cuenca \u201cFast Intra Mode Decision for an H.264\/AVC to HEVC Video Transcoder\u201d, 16th International Conference Computational and Mathematical Methods in Science and Engineering, ISBN: ISBN 13-978-84-608-6082-2, Vol. 2, pp. 443-452, Rota, Cadiz, Espa\u00f1a, July 2016.<\/p>\n<p><strong>2017:<br \/>\n<\/strong><\/p>\n<p class=\"p1\" style=\"text-align: justify\">54. Gabriel Cebri\u00e1n-M\u00e1rquez, Vicente Galiano, H\u00e9ctor Migall\u00f3n, Jos\u00e9 Luis Mart\u00ednez, Pedro Cuenca and Otoniel L\u00f3pez-Granado, \u201cHeterogeneous CPU Plus GPU Tile-Based Approach for HEVC\u201d, Proceedings of the 17th International Conference on Computational and Mathematical Methods in Science and Engineering, CMMSE, Rota, Cadiz, Espa\u00f1a, 4\u20138 July, 2017<\/p>\n<p><strong>2021:<\/strong><\/p>\n<p class=\"p1\" style=\"text-align: justify\">55. Jos\u00e9 Rold\u00e1n-G\u00f3mez, Juan Boubeta-Puig, Juan Manuel Castelo, Javier Carrillo-Mond\u00e9jar, Jos\u00e9 Luis Mart\u00ednez, \u201cAttack Pattern Recognition in the Internet of Things Using Complex Event Processing and Machine Learning\u201d, 2021 IEEE International Conference on Systems, Man, and Cybernetics, IEEE SMC, Melbourne, Australia, October 2021<\/p>\n<p><strong>2022:<\/strong><\/p>\n<p class=\"p1\" style=\"text-align: justify\">56. Jos\u00e9 Rold\u00e1n-G\u00f3mez, Javier Carrillo-Mond\u00e9jar, Juan Manuel Castelo G\u00f3mez, Jos\u00e9 Luis Mart\u00ednez Mart\u00ednez, \u201cSecurity Assessment of the MQTT-SN Protocol for the Internet of Things\u201d, 2021 International Symposium on Automation, Information and Computing (ISAIC 2021)<\/p>\n<p class=\"p1\" style=\"text-align: justify\">57. Juan Manuel Castelo G\u00f3mez, Jos\u00e9 Rold\u00e1n G\u00f3mez, Jos\u00e9 Luis Mart\u00ednez Mart\u00ednez and \u00c1lvaro del Amo M\u00ednguez, \u201cForensic Analysis of the IoT Operating System Ubuntu Core\u201d, 2021 International Symposium on Automation, Information and Computing (ISAIC 2021)<\/p>\n","protected":false},"excerpt":{"rendered":"<p>2006: 1. J.L. Martinez, P. Cuenca, F. Delicado and F.J. Quiles, \u201cOn the Capabilities of Quality Measures in Video Compression Standards\u201d, In Proceeding of 19th IEEE Canadian Conference on Electrical and Computer Engineering (CCECE 2006), IEEE Canada, I.S.B.N.: 1-4244-0038-4, pp.1010-1015, Ottawa, Canada, May, 2006 2. J.L. Martinez, P. Cuenca and F.J. Quiles, \u201cObjetive Video Quality &hellip; <a href=\"https:\/\/blog.uclm.es\/joseluismartinez\/conference-proceedings-2\/\" class=\"more-link\">Seguir leyendo <span class=\"screen-reader-text\">Conference Proceedings<\/span> <span class=\"meta-nav\">&rarr;<\/span><\/a><\/p>\n","protected":false},"author":72,"featured_media":0,"parent":0,"menu_order":0,"comment_status":"closed","ping_status":"closed","template":"","meta":{"footnotes":""},"class_list":["post-635","page","type-page","status-publish","hentry"],"_links":{"self":[{"href":"https:\/\/blog.uclm.es\/joseluismartinez\/wp-json\/wp\/v2\/pages\/635","targetHints":{"allow":["GET"]}}],"collection":[{"href":"https:\/\/blog.uclm.es\/joseluismartinez\/wp-json\/wp\/v2\/pages"}],"about":[{"href":"https:\/\/blog.uclm.es\/joseluismartinez\/wp-json\/wp\/v2\/types\/page"}],"author":[{"embeddable":true,"href":"https:\/\/blog.uclm.es\/joseluismartinez\/wp-json\/wp\/v2\/users\/72"}],"replies":[{"embeddable":true,"href":"https:\/\/blog.uclm.es\/joseluismartinez\/wp-json\/wp\/v2\/comments?post=635"}],"version-history":[{"count":0,"href":"https:\/\/blog.uclm.es\/joseluismartinez\/wp-json\/wp\/v2\/pages\/635\/revisions"}],"wp:attachment":[{"href":"https:\/\/blog.uclm.es\/joseluismartinez\/wp-json\/wp\/v2\/media?parent=635"}],"curies":[{"name":"wp","href":"https:\/\/api.w.org\/{rel}","templated":true}]}}