{"id":634,"date":"2016-07-30T10:14:00","date_gmt":"2016-07-30T09:14:00","guid":{"rendered":"http:\/\/blog.uclm.es\/joseluismartinez\/es\/?page_id=247"},"modified":"2016-07-30T10:14:00","modified_gmt":"2016-07-30T09:14:00","slug":"book-chapters-2","status":"publish","type":"page","link":"https:\/\/blog.uclm.es\/joseluismartinez\/book-chapters-2\/","title":{"rendered":"Book Chapters"},"content":{"rendered":"<p><strong>2007:<\/strong><\/p>\n<p class=\"p1\" style=\"text-align: justify\"><strong>1.<\/strong>\tJ. L. Martinez, W.A.C Fernando, W.A R.J, Weerakkody, J. Oliver, O. Lopez, M. Martinez, M. Perez, P. Cuenca and F.J. Quiles and, \u201c<em><a href=\"http:\/\/link.springer.com\/chapter\/10.1007%2F978-3-540-77129-6_71#page-1\" target=\"_blank\" rel=\"noopener\">Low-Complexity TTCM Based Distributed Video Coding Architecture<\/a><\/em>\u201d, In Proceeding of 2nd IEEE Pacific Rim Symposium on Image Video and Technology (PSIVT 2007), I.S.B.N.: 978-3-540-77128-9, <strong>Lectures Notes in Computer Science<\/strong>, Vol. 4872, pp. 841-852, December, 2007<br \/>\n2008<\/p>\n<p><strong>2008:<\/strong><\/p>\n<p class=\"p1\" style=\"text-align: justify\"><strong>2.\t<\/strong>J.L. Martinez and G. Fern\u00e1ndez-Escribano, \u201c<em>Distributed Video Coding<\/em>\u201d, <strong>Encyclopedia of Multimedia<\/strong>, Springer, I.S.B.N.: 978-0-387-74724-8, 2nd Edition, pp. 194-198, 2008<\/p>\n<p class=\"p1\" style=\"text-align: justify\"><strong>3.<\/strong>\tJ. L. Martinez, W.A R.J, Weerakkody, P. Cuenca, F.J. Quiles and W.A.C Fernando, \u201c<em>T<a href=\"http:\/\/link.springer.com\/chapter\/10.1007%2F978-3-540-77409-9_39\" target=\"_blank\" rel=\"noopener\">ransform Domain Wyner-Ziv Codec based on Turbo Trellis Codes Modulation<\/a><\/em>\u201d, In Proceeding of 14th ACM\/IEEE International MultiMedia Modeling (MMM 2008), I.S.B.N.: 3-540-77407-6, <strong>Lectures Notes in Computer Science<\/strong>, Vol. 4903, , pp. 413-424, January 2008<\/p>\n<p><strong>2010:<\/strong><\/p>\n<p class=\"p1\" style=\"text-align: justify\"><strong>4.<\/strong>\tG. Van Wallendael, S. Van Leuven,  R. Garrido-Cantos, J. De Cock, J.L. Martinez, P. Lambert, P. Cuenca and R. Van de Walle, \u201c<em><a href=\"http:\/\/link.springer.com\/chapter\/10.1007%2F978-3-642-35155-6_49\" target=\"_blank\" rel=\"noopener\">Fast H.264\/AVC-to-SVC Transcoding in a Mobile Television Environment<\/a><\/em>\u201d, In Proceeding of 6th International ICST Mobile Multimedia Communications Conference (MobiMedia 2010), <strong>Springer Lecture Notes of ICST<\/strong> (LNICST), I.S.B.N.: 978-963-9799-98-1, Vol. 77,  September 2010. <strong>BEST PAPER AWARD<\/strong><\/p>\n<p class=\"p1\" style=\"text-align: justify\"><strong>5.<\/strong>\tA.Corrales-Garcia, J.L. Martinez and G. Fern\u00e1ndez-Escribano, \u201c<em><a href=\"http:\/\/link.springer.com\/chapter\/10.1007%2F978-3-642-35155-6_7\" target=\"_blank\" rel=\"noopener\">Efficient mobile-to-mobile video communications using a multicore transcoder<\/a><\/em>\u201d, In Proceeding of 6th International ICST Mobile Multimedia Communications Conference (MobiMedia 2010), <strong>Springer Lecture Notes of ICST<\/strong> (LNICST), I.S.B.N.: 978-963-9799-98-1, Vol. 77,  September 2010.<\/p>\n<p class=\"p1\" style=\"text-align: justify\"><strong>6.<\/strong>\tR. Garrido-Cantos, J.L. Martinez, P. Cuenca and A. Garrido, \u201c<em><a href=\"http:\/\/link.springer.com\/chapter\/10.1007%2F978-3-642-13803-4_28\" target=\"_blank\" rel=\"noopener\">An Approach for an AVC to SVC Transcoder with Temporal Scalability<\/a><\/em>\u201d, In Proceeding of 5th International Conference on Hybrid Artificial Intelligence Systems (HAIS 2010), I.S.B.N.: 978-3-642-13802-7,  <strong>Lecture Notes in Computer Science<\/strong>, Vol. 6077,pp 225-232, June 2010<\/p>\n<p class=\"p1\" style=\"text-align: justify\"><strong>7.<\/strong>\tA.Corrales-Garcia, R. Rodriguez-Sanchez, J.L. Martinez, G. Fern\u00e1ndez-Escribano, J.M. Claver  and J.L. Sanchez, \u201c<em><a href=\"http:\/\/link.springer.com\/chapter\/10.1007%2F978-3-642-13803-4_29#page-1\" target=\"_blank\" rel=\"noopener\">A GPU-Based DVC to H.264\/AVC Transcoder<\/a><\/em>\u201d, In Proceeding of  International Conference on 5th Hybrid Artificial Intelligence Systems (HAIS 2010), I.S.B.N.: 978-3-642-13802-7, <strong>Lecture Notes in Computer Science<\/strong>, Vol. ,6077, pp. 233-240,June,2010<\/p>\n<p><strong>2011<\/strong><\/p>\n<p class=\"p1\" style=\"text-align: justify\"><strong>8.<\/strong>\tJ.L. Martinez, A.Corrales-Garcia, P. Cuenca and F.J. Quiles, \u201c<em><a href=\"http:\/\/link.springer.com\/chapter\/10.1007%2F978-3-642-21501-8_62\" target=\"_blank\" rel=\"noopener\">Applying Data Mining Techniques in a Wyner-Ziv to H.264 Video Transcoder<\/a><\/em>\u201d, In Proceeding of 11th International Work Conference on Artificial Neural Networks (IWANN 2011), I.S.B.N.: 978-3-642-21500-1, <strong>Lecture Notes in Computer Science<\/strong>, Vol. 6691, pp 497-504, June, 2011<\/p>\n<p><strong>2012:<\/strong><\/p>\n<p class=\"p1\" style=\"text-align: justify\"><strong>9.<\/strong>\tA.Corrales-Garcia, J.L. Martinez, G. Fern\u00e1ndez-Escribano and  F.J.Quiles, \u201c<em><a href=\"http:\/\/www.intechopen.com\/books\/video-compression\/mobile-video-communications-based-on-fast-dvc-to-h-264-transcoding\" target=\"_blank\" rel=\"noopener\">Mobile Video Communications Based on Fast DVC to H.264 Transcoding<\/a><\/em>\u201d, <strong>Intech: Video Compression<\/strong>, I.S.B.N.: 979-953-307-604-0, Chapter 2, pp. 15-34, March, 2012<\/p>\n<p class=\"p1\" style=\"text-align: justify\"><strong>10.<\/strong>\tR. Garrido-Cantos, J. De Cock, J.L. Martinez, S. Van Leuven, P. Cuenca and A. Garrido, \u201c<em><a href=\"http:\/\/ebooks.iospress.nl\/publication\/7350\" target=\"_blank\" rel=\"noopener\">H.264\/AVC-to-SVC Temporal Transcoding using Machine Learning<\/a><\/em>\u201d, <strong>IOS Press: Frontiers in Artificial Intelligence and Applications<\/strong>, I.S.B.N.: 978-1-61499-104-5, Vol. 243: Advances in Knowledge-Based and Intelligent Information and Engineering Systems, pp. 1693-1702, September, 2012<\/p>\n<p class=\"p1\" style=\"text-align: justify\"><strong>11.<\/strong>\tRodriguez-Sanchez, J.L. Martinez, G. Fern\u00e1ndez-Escribano, J.L. Sanchez and J.M. Claver, \u201c<em><a href=\"http:\/\/link.springer.com\/chapter\/10.1007%2F978-3-642-27355-1_51\" target=\"_blank\" rel=\"noopener\">A Fast GPU-Based Motion Estimation Algorithm for H.264\/AVC<\/a><\/em>\u201d, In Proceeding of 18th International Conference in Multimedia Modeling (MMM 2012), I.S.B.N.: 978-3-642-25958-6, <strong>Lecture Notes in Computer Science<\/strong>, Vol. 7131, pp 551-562, January, 2012<\/p>\n<p class=\"p1\" style=\"text-align: justify\"><strong>12.<\/strong>\tA.Corrales-Garcia, J.L. Martinez, G. Fern\u00e1ndez-Escribano and F.J. Quiles, \u201c<em><a href=\"http:\/\/link.springer.com\/chapter\/10.1007%2F978-3-642-27355-1_23\" target=\"_blank\" rel=\"noopener\">Scalable mobile-to-mobile video communications based on an improved WZ-to-SVC transcoders<\/a><\/em>\u201d, In Proceeding of 18th International Conference on MultiMedia Modeling (MMM 2012), I.S.B.N.: 978-3-642-25958-6, <strong>Lecture Notes in Computer Science<\/strong>, Vol. 7131, pp 233-243, January, 2012<\/p>\n<p class=\"p1\" style=\"text-align: justify\"><strong>13.<\/strong>\tA.Corrales-Garcia, J.L. Martinez, G. Fern\u00e1ndez-Escribano and F.J. Quiles, \u201c<em><a href=\"http:\/\/link.springer.com\/chapter\/10.1007%2F978-3-642-27355-1_53#page-1\" target=\"_blank\" rel=\"noopener\">Forward Wyner-Ziv Fast Video Decoding Using Multicore Processors<\/a><\/em>\u201d, In Proceeding of 18th International Conference on MultiMedia Modeling (MMM 2012), I.S.B.N.: 978-3-642-25958-6, <strong>Lecture Notes in Computer Science<\/strong>, Vol. 7131, pp 574-584, January, 2012<\/p>\n<p><strong>2014:<\/strong><\/p>\n<p class=\"p1\" style=\"text-align: justify\"><strong>14.<\/strong>\tAntonio J. Diaz-Honrubia, Jose L. Martinez, Pedro Cuenca, \u201c<em><a href=\"http:\/\/link.springer.com\/chapter\/10.1007%2F978-3-319-04114-8_50#page-1\" target=\"_blank\" rel=\"noopener\">Multiple Reference Frame Transcoding from H.264AVC to HEVC<\/a><\/em>\u201d, In Proceeding of 20th International Conference on MultiMedia Modeling (MMM 2014), ISBN 978-3-319-04113-1, <strong>Lecture Notes in Computer Science<\/strong>, Vol. 8325, pp. 593-604.. Dublin, Irlanda, Enero 2014.<\/p>\n<p><strong>2016:<\/strong><\/p>\n<p class=\"p1\" style=\"text-align: justify\"><strong>15.<\/strong> Gabriel Cebri\u00e1n-M\u00e1rquez, H\u00e9ctor Migall\u00f3n, Jos\u00e9 Luis Mart\u00ednez, Otoniel L\u00f3pez-Granado, Pablo Pi\u00f1ol and Pedro Cuenca, \u201cGPU-Based Heterogeneous Coding Architecture for HEVC\u201d, in Proceeding of 16th International Conference Algorithms and Architectures for Parallel Processing (ICA3PP), ISBN: 978-3-319-49582-8, Lecture Notes in Computer Science, Vol. 10048, pp. 529-536. Granada, Spain, December, 2016<\/p>\n","protected":false},"excerpt":{"rendered":"<p>2007: 1. J. L. Martinez, W.A.C Fernando, W.A R.J, Weerakkody, J. Oliver, O. Lopez, M. Martinez, M. Perez, P. Cuenca and F.J. Quiles and, \u201cLow-Complexity TTCM Based Distributed Video Coding Architecture\u201d, In Proceeding of 2nd IEEE Pacific Rim Symposium on Image Video and Technology (PSIVT 2007), I.S.B.N.: 978-3-540-77128-9, Lectures Notes in Computer Science, Vol. 4872, &hellip; <a href=\"https:\/\/blog.uclm.es\/joseluismartinez\/book-chapters-2\/\" class=\"more-link\">Seguir leyendo <span class=\"screen-reader-text\">Book Chapters<\/span> <span class=\"meta-nav\">&rarr;<\/span><\/a><\/p>\n","protected":false},"author":72,"featured_media":0,"parent":0,"menu_order":0,"comment_status":"closed","ping_status":"closed","template":"","meta":{"footnotes":""},"class_list":["post-634","page","type-page","status-publish","hentry"],"_links":{"self":[{"href":"https:\/\/blog.uclm.es\/joseluismartinez\/wp-json\/wp\/v2\/pages\/634","targetHints":{"allow":["GET"]}}],"collection":[{"href":"https:\/\/blog.uclm.es\/joseluismartinez\/wp-json\/wp\/v2\/pages"}],"about":[{"href":"https:\/\/blog.uclm.es\/joseluismartinez\/wp-json\/wp\/v2\/types\/page"}],"author":[{"embeddable":true,"href":"https:\/\/blog.uclm.es\/joseluismartinez\/wp-json\/wp\/v2\/users\/72"}],"replies":[{"embeddable":true,"href":"https:\/\/blog.uclm.es\/joseluismartinez\/wp-json\/wp\/v2\/comments?post=634"}],"version-history":[{"count":0,"href":"https:\/\/blog.uclm.es\/joseluismartinez\/wp-json\/wp\/v2\/pages\/634\/revisions"}],"wp:attachment":[{"href":"https:\/\/blog.uclm.es\/joseluismartinez\/wp-json\/wp\/v2\/media?parent=634"}],"curies":[{"name":"wp","href":"https:\/\/api.w.org\/{rel}","templated":true}]}}