{"id":46,"date":"2016-07-27T16:07:33","date_gmt":"2016-07-27T15:07:33","guid":{"rendered":"http:\/\/blog.uclm.es\/joseluismartinez\/?page_id=46"},"modified":"2023-08-24T14:18:40","modified_gmt":"2023-08-24T13:18:40","slug":"principal","status":"publish","type":"page","link":"https:\/\/blog.uclm.es\/joseluismartinez\/principal\/","title":{"rendered":"PRESENTACI\u00d3N"},"content":{"rendered":"<p><strong>\u00a1Bienvenido a mi blog personal!<\/strong><\/p>\n<p class=\"p1\" style=\"text-align: justify\"><a><img loading=\"lazy\" decoding=\"async\" class=\"alignleft size-medium wp-image-117\" src=\"https:\/\/blog.uclm.es\/joseluismartinez\/wp-content\/uploads\/sites\/138\/2016\/07\/20160726_112417-300x225.jpg\" alt=\"20160726_112417\" width=\"300\" height=\"225\" srcset=\"https:\/\/blog.uclm.es\/joseluismartinez\/wp-content\/uploads\/sites\/138\/2016\/07\/20160726_112417-300x225.jpg 300w, https:\/\/blog.uclm.es\/joseluismartinez\/wp-content\/uploads\/sites\/138\/2016\/07\/20160726_112417-1024x768.jpg 1024w, https:\/\/blog.uclm.es\/joseluismartinez\/wp-content\/uploads\/sites\/138\/2016\/07\/20160726_112417-768x576.jpg 768w, https:\/\/blog.uclm.es\/joseluismartinez\/wp-content\/uploads\/sites\/138\/2016\/07\/20160726_112417-1536x1152.jpg 1536w, https:\/\/blog.uclm.es\/joseluismartinez\/wp-content\/uploads\/sites\/138\/2016\/07\/20160726_112417-2048x1536.jpg 2048w\" sizes=\"auto, (max-width: 300px) 100vw, 300px\" \/><\/a>Soy Jos\u00e9 Luis Mart\u00ednez^2, profesor Contratado Doctor Interino del <a href=\"http:\/\/dsi.uclm.es\/\" target=\"_blank\" rel=\"noopener\">departamento de Sistemas Inform\u00e1ticos<\/a> de la <a href=\"http:\/\/www.uclm.es\/\" target=\"_blank\" rel=\"noopener\">Universidad de Castilla-La Mancha<\/a> y estoy adscrito a la <a href=\"https:\/\/www.esiiab.uclm.es\/\" target=\"_blank\" rel=\"noopener\">Escuela Superior de Ingenier\u00eda Inform\u00e1tica<\/a>. Parte de mi labor investigadora la realizo en el grupo de investigaci\u00f3n <a href=\"http:\/\/www.i3a.uclm.es\/raap\/\" target=\"_blank\" rel=\"noopener\">Redes y Arquitectura de Altas Prestaciones<\/a> (RAAP) del <a href=\"https:\/\/www.i3a.uclm.es\/site\/index.php\" target=\"_blank\" rel=\"noopener\">Instituto de Investigaci\u00f3n Inform\u00e1tica de Albacete<\/a> (i3a).<\/p>\n<p class=\"p1\" style=\"text-align: justify\">Adem\u00e1s soy miembro de la asociaci\u00f3n -sin \u00e1nimo de lucro- NavajaNegra y participo como co-organizador, colaborador y voluntario en el congreso nacional sobre Seguridad Inform\u00e1tica que organiza dicha asociaci\u00f3n, <a href=\"https:\/\/navajanegra.com\/\" target=\"_blank\" rel=\"noopener\">NavajaNegra<\/a> que se celebra anualmente en Albacete, a finales de Septiembre.<\/p>\n<p>Puedes encontrarme en:<\/p>\n<p style=\"text-align: right\">\n<p><a href=\"https:\/\/twitter.com\/joseluis_pplu\" target=\"_blank\" rel=\"noopener\"><img loading=\"lazy\" decoding=\"async\" class=\"alignleft size-full wp-image-121\" src=\"https:\/\/blog.uclm.es\/joseluismartinez\/wp-content\/uploads\/sites\/138\/2016\/07\/images.png\" alt=\"images\" width=\"40\" height=\"40\" srcset=\"https:\/\/blog.uclm.es\/joseluismartinez\/wp-content\/uploads\/sites\/138\/2016\/07\/images.png 204w, https:\/\/blog.uclm.es\/joseluismartinez\/wp-content\/uploads\/sites\/138\/2016\/07\/images-150x150.png 150w\" sizes=\"auto, (max-width: 40px) 100vw, 40px\" \/><\/a><\/p>\n<p><a href=\"https:\/\/www.linkedin.com\/in\/jos%C3%A9-luis-mart%C3%ADnez-mart%C3%ADnez-060679120?trk=nav_responsive_tab_profile\" target=\"_blank\" rel=\"noopener\"><img loading=\"lazy\" decoding=\"async\" class=\"alignleft size-full wp-image-122\" src=\"https:\/\/blog.uclm.es\/joseluismartinez\/wp-content\/uploads\/sites\/138\/2016\/07\/descarga2.png\" alt=\"descarga2\" width=\"80\" height=\"80\" \/><\/a><\/p>\n<p><a href=\"http:\/\/orcid.org\/0000-0001-5119-2418\" target=\"_blank\" rel=\"noopener\"><img loading=\"lazy\" decoding=\"async\" class=\"alignleft size-full wp-image-124\" src=\"https:\/\/blog.uclm.es\/joseluismartinez\/wp-content\/uploads\/sites\/138\/2016\/07\/descarga.png\" alt=\"descarga\" width=\"60\" height=\"60\" \/><\/a><\/p>\n<p><a href=\"https:\/\/dblp.org\/pid\/00\/4229.html\" target=\"_blank\" rel=\"noopener\"><img loading=\"lazy\" decoding=\"async\" class=\"alignleft size-medium wp-image-123\" src=\"https:\/\/blog.uclm.es\/joseluismartinez\/wp-content\/uploads\/sites\/138\/2016\/07\/descarga3-300x117.png\" alt=\"descarga3\" width=\"100\" height=\"100\" \/><\/a><\/p>\n<p><strong>Contacto:<br \/>\n<\/strong><br \/>\nEscuela Superior de Ingener\u00eda Inform\u00e1tica<br \/>\nCampus Universitario<br \/>\nAvda. Espa\u00f1a s\/n &#8211; 02071 Albacete<br \/>\nDespacho 1.C.11<br \/>\nTfno.: + 34 926 599200 Ext. 2294<br \/>\ne-mail: joseluis(dot)martinez(at)uclm(dot)es<br \/>\nurl: https:\/\/blog.uclm.es\/joseluismartinez\/<\/p>\n","protected":false},"excerpt":{"rendered":"<p>\u00a1Bienvenido a mi blog personal! Soy Jos\u00e9 Luis Mart\u00ednez^2, profesor Contratado Doctor Interino del departamento de Sistemas Inform\u00e1ticos de la Universidad de Castilla-La Mancha y estoy adscrito a la Escuela Superior de Ingenier\u00eda Inform\u00e1tica. Parte de mi labor investigadora la realizo en el grupo de investigaci\u00f3n Redes y Arquitectura de Altas Prestaciones (RAAP) del Instituto &hellip; <a href=\"https:\/\/blog.uclm.es\/joseluismartinez\/principal\/\" class=\"more-link\">Seguir leyendo <span class=\"screen-reader-text\">PRESENTACI\u00d3N<\/span> <span class=\"meta-nav\">&rarr;<\/span><\/a><\/p>\n","protected":false},"author":72,"featured_media":0,"parent":0,"menu_order":0,"comment_status":"closed","ping_status":"closed","template":"","meta":{"footnotes":""},"class_list":["post-46","page","type-page","status-publish","hentry"],"_links":{"self":[{"href":"https:\/\/blog.uclm.es\/joseluismartinez\/wp-json\/wp\/v2\/pages\/46","targetHints":{"allow":["GET"]}}],"collection":[{"href":"https:\/\/blog.uclm.es\/joseluismartinez\/wp-json\/wp\/v2\/pages"}],"about":[{"href":"https:\/\/blog.uclm.es\/joseluismartinez\/wp-json\/wp\/v2\/types\/page"}],"author":[{"embeddable":true,"href":"https:\/\/blog.uclm.es\/joseluismartinez\/wp-json\/wp\/v2\/users\/72"}],"replies":[{"embeddable":true,"href":"https:\/\/blog.uclm.es\/joseluismartinez\/wp-json\/wp\/v2\/comments?post=46"}],"version-history":[{"count":1,"href":"https:\/\/blog.uclm.es\/joseluismartinez\/wp-json\/wp\/v2\/pages\/46\/revisions"}],"predecessor-version":[{"id":692,"href":"https:\/\/blog.uclm.es\/joseluismartinez\/wp-json\/wp\/v2\/pages\/46\/revisions\/692"}],"wp:attachment":[{"href":"https:\/\/blog.uclm.es\/joseluismartinez\/wp-json\/wp\/v2\/media?parent=46"}],"curies":[{"name":"wp","href":"https:\/\/api.w.org\/{rel}","templated":true}]}}