{"id":35,"date":"2016-07-27T15:46:20","date_gmt":"2016-07-27T14:46:20","guid":{"rendered":"http:\/\/blog.uclm.es\/joseluismartinez\/?page_id=35"},"modified":"2024-05-11T18:20:26","modified_gmt":"2024-05-11T17:20:26","slug":"curriculum-2","status":"publish","type":"page","link":"https:\/\/blog.uclm.es\/joseluismartinez\/curriculum-2\/","title":{"rendered":"CURRICULUM"},"content":{"rendered":"<p><strong>TITULACI\u00d3N ACAD\u00c9MICA<\/strong><\/p>\n<ul>\n<li>Ingeniero Inform\u00e1tico (Universidad de Castilla \u2013 La Mancha, 2005)<\/li>\n<li>Doctor en Inform\u00e1tica (Universidad de Castilla \u2013 La Mancha, 2009)<\/li>\n<\/ul>\n<p><strong>CERTIFICACIONES PROFESIONALES<\/strong><\/p>\n<ul>\n<li>CISCO CCNA Security Instructor -210-260 IINS- (Mayo, 2016)<\/li>\n<li>CISCO CCNP Switch Instructor -300-115- (Mayo, 2017)<\/li>\n<li>Instructor Certified Ethical Hacking (CEH) de EC Council (Enero, 2018)<\/li>\n<li>Instructor Computer Hacking Forensic Investigator (CHFI) de EC Council (Enero, 2021)<\/li>\n<li>Instructor Certified Network Defender (CND) de EC Council (Septiembre, 2021)<\/li>\n<\/ul>\n<p><strong>SITUACI\u00d3N ACTUAL<br \/>\n<\/strong><\/p>\n<ul>\n<li>Profesor Catedr\u00e1tico de Universidad, \u00c1rea de Arquitectura y Tecnolog\u00eda de Computadores, <a href=\"http:\/\/dsi.uclm.es\/\" target=\"_blank\" rel=\"noopener noreferrer\">Departamento de Sistemas Inform\u00e1ticos<\/a>, <a href=\"https:\/\/www.esiiab.uclm.es\/\" target=\"_blank\" rel=\"noopener noreferrer\">Escuela Superior de Ingenier\u00eda Inform\u00e1tica<\/a> (ESII) (2021-)<\/li>\n<li>Perito Forense Judicial<\/li>\n<li>Consultor\/formador en ciberseguridad<\/li>\n<li>Profesor Tutor en el <a href=\"https:\/\/universidadeuropea.com\/master-ciberseguridad-online\/\" target=\"_blank\" rel=\"noopener noreferrer\">Universitario en Seguridad de Tecnolog\u00edas de la Informaci\u00f3n y las Comunicaciones<\/a> de la Universidad Europea de Madrid (UEM)<\/li>\n<\/ul>\n<p><strong>TRAYECTORIA<\/strong><\/p>\n<ul>\n<li>Becario de iniciaci\u00f3n a la investigaci\u00f3n de la UCLM (2005-2006)<\/li>\n<li>Becario Formaci\u00f3n Personal Investigador de la JCCM (2006-2009)<\/li>\n<li>Becario posdoctoral de la JCCM (2009-2010)<\/li>\n<li>Profesor Ayudante Doctor, \u00e1rea de Arquitectura y Tecnolog\u00eda de Computadores del <a href=\"https:\/\/www.ucm.es\/dacya\" target=\"_blank\" rel=\"noopener noreferrer\">Departamento de Arquitectura de Computadores y Autom\u00e1tica<\/a> (DACyA) en la <a href=\"http:\/\/informatica.ucm.es\/\" target=\"_blank\" rel=\"noopener noreferrer\">Facultad de Inform\u00e1tica<\/a> de la <a href=\"https:\/\/www.ucm.es\/\" target=\"_blank\" rel=\"noopener noreferrer\">Universidad Complutense<\/a> (2010-2011)<\/li>\n<li>Profesor Ayudante Doctor, \u00e1rea de Arquitectura y Tecnolog\u00eda de Computadores, <a href=\"http:\/\/dsi.uclm.es\/\" target=\"_blank\" rel=\"noopener noreferrer\">Departamento de Sistemas Inform\u00e1ticos<\/a>, <a href=\"https:\/\/www.esiiab.uclm.es\/\" target=\"_blank\" rel=\"noopener noreferrer\">Escuela Superior de Ingenier\u00eda Inform\u00e1tica<\/a> (ESII) de la <a href=\"http:\/\/www.uclm.es\/\" target=\"_blank\" rel=\"noopener noreferrer\">Universidad de Castilla-La Mancha<\/a> (UCLM) (2011-2015)<\/li>\n<li>Profesor Contratado Doctor Temporal, \u00e1rea de Arquitectura y Tecnolog\u00eda de Computadores, <a href=\"http:\/\/dsi.uclm.es\/\" target=\"_blank\" rel=\"noopener noreferrer\">Departamento de Sistemas Inform\u00e1ticos<\/a>, <a href=\"https:\/\/www.esiiab.uclm.es\/\" target=\"_blank\" rel=\"noopener noreferrer\">Escuela Superior de Ingenier\u00eda Inform\u00e1tica<\/a> (ESII) de la <a href=\"http:\/\/www.uclm.es\/\" target=\"_blank\" rel=\"noopener noreferrer\">Universidad de Castilla-La Mancha<\/a> (UCLM) (2015-2016)<\/li>\n<li>Profesor Contratado Doctor Interino, \u00c1rea de Arquitectura y Tecnolog\u00eda de Computadores, <a href=\"http:\/\/dsi.uclm.es\/\" target=\"_blank\" rel=\"noopener noreferrer\">Departamento de Sistemas Inform\u00e1ticos<\/a>, <a href=\"https:\/\/www.esiiab.uclm.es\/\" target=\"_blank\" rel=\"noopener noreferrer\">Escuela Superior de Ingenier\u00eda Inform\u00e1tica<\/a> (ESII) (2016-2019)<\/li>\n<li>Profesor Titular de Universidad, \u00c1rea de Arquitectura y Tecnolog\u00eda de Computadores, <a href=\"http:\/\/dsi.uclm.es\/\" target=\"_blank\" rel=\"noopener noreferrer\">Departamento de Sistemas Inform\u00e1ticos<\/a>, <a href=\"https:\/\/www.esiiab.uclm.es\/\" target=\"_blank\" rel=\"noopener noreferrer\">Escuela Superior de Ingenier\u00eda Inform\u00e1tica<\/a> (ESII) (2019-2021)<\/li>\n<li>Profesor\/tutor TFM en MBA en la Universidad de la Rioja (2017-2018)<\/li>\n<li>Profesor Asociado en ICEMD &#8211; El Instituto de la Econom\u00eda Digital de ESIC en el <a href=\"https:\/\/landings.icemd.com\/formacion-ciberseguridad.php\/#inicio\" target=\"_blank\" rel=\"noopener noreferrer\">Programa Superior en Ciberseguridad y Hacking \u00c9tico (2018)<\/a><\/li>\n<li>Profesor en el <a href=\"https:\/\/www.ceupe.com\/programas\/master-ciberseguridad.html\" target=\"_blank\" rel=\"noopener noreferrer\">M\u00e1ster en Ciberseguridad<\/a> en el Centro Europeo de Posgrado (CEUPE) (hasta 2023)<\/li>\n<\/ul>\n<p><strong>CARGOS INSTITUCIONALES<br \/>\n<\/strong><\/p>\n<ul>\n<li>Director del <a href=\"https:\/\/mcsi.uclm.es\" target=\"_blank\" rel=\"noopener noreferrer\">Master en Ciberseguridad y Seguridad de la Informaci\u00f3n <\/a><\/li>\n<li>Director del Titulo de posgrado de Especialista en Seguridad Inform\u00e1tica y de la Informaci\u00f3n (<a href=\"http:\/\/tespsii.uclm.es\/\" target=\"_blank\" rel=\"noopener noreferrer\">ESII-3ed<\/a>, 2017\/2029), (<a href=\"http:\/\/www.esii-2.posgrado.uclm.es\/\" target=\"_blank\" rel=\"noopener noreferrer\">ESII-2ed<\/a>, 2016\/2017) y (<a href=\"http:\/\/www.esii-1.posgrado.uclm.es\/\" target=\"_blank\" rel=\"noopener noreferrer\">ESII-1ed<\/a>, 2015)<\/li>\n<li>Secretario del Curso de Verano de la UCLM. <em>Codificaci\u00f3n y transmisi\u00f3n de v\u00eddeo: desde la c\u00e1mara a la web, tv y cine<\/em>. Julio 2014.<\/li>\n<li>Coordinador de 4 curso en el grado de Ingenier\u00eda Inform\u00e1tica en la intensificaci\u00f3n de Tecnolog\u00edas de la Informaci\u00f3n (2015-2017)<\/li>\n<li>Coordinador de 4 curso en el grado de Ingenier\u00eda Inform\u00e1tica en la intensificaci\u00f3n de Ingenier\u00eda de Computadores (2013-2015)<\/li>\n<\/ul>\n<p><strong>ESTANCIAS DE INVESTIGACI\u00d3N<\/strong><\/p>\n<ul>\n<li>Estancia pre-doctoral en el Multimedia System Lab en <a href=\"http:\/\/www.fau.edu\/spanish\/\" target=\"_blank\" rel=\"noopener noreferrer\">Florida Atlantic University<\/a> en Boca Rat\u00f3n, Florida, USA. (Agosto&#8217;07-Mayo&#8217;08)<\/li>\n<li>Estancia pre-doctoral en el <a href=\"http:\/\/www.surrey.ac.uk\/ics\/\" target=\"_blank\" rel=\"noopener noreferrer\">Institute for Communication System<\/a> (ICS) de la <a href=\"http:\/\/www.surrey.ac.uk\/\" target=\"_blank\" rel=\"noopener noreferrer\">University of Surrey<\/a> en Guilford, Reino Unido. (Diciembre&#8217;08-Marzo&#8217;09)<\/li>\n<li>Estancia post-doctoral en el <a href=\"http:\/\/www.surrey.ac.uk\/ics\/\" target=\"_blank\" rel=\"noopener noreferrer\">Institute for Communication System<\/a> (ICS) de la <a href=\"http:\/\/www.surrey.ac.uk\/\" target=\"_blank\" rel=\"noopener noreferrer\">University of Surrey<\/a> en Guilford, Reino Unido. (Abril&#8217;10-Septiembre&#8217;10)<\/li>\n<\/ul>\n","protected":false},"excerpt":{"rendered":"<p>TITULACI\u00d3N ACAD\u00c9MICA Ingeniero Inform\u00e1tico (Universidad de Castilla \u2013 La Mancha, 2005) Doctor en Inform\u00e1tica (Universidad de Castilla \u2013 La Mancha, 2009) CERTIFICACIONES PROFESIONALES CISCO CCNA Security Instructor -210-260 IINS- (Mayo, 2016) CISCO CCNP Switch Instructor -300-115- (Mayo, 2017) Instructor Certified Ethical Hacking (CEH) de EC Council (Enero, 2018) Instructor Computer Hacking Forensic Investigator (CHFI) de &hellip; <a href=\"https:\/\/blog.uclm.es\/joseluismartinez\/curriculum-2\/\" class=\"more-link\">Seguir leyendo <span class=\"screen-reader-text\">CURRICULUM<\/span> <span class=\"meta-nav\">&rarr;<\/span><\/a><\/p>\n","protected":false},"author":72,"featured_media":0,"parent":0,"menu_order":0,"comment_status":"closed","ping_status":"closed","template":"","meta":{"footnotes":""},"class_list":["post-35","page","type-page","status-publish","hentry"],"_links":{"self":[{"href":"https:\/\/blog.uclm.es\/joseluismartinez\/wp-json\/wp\/v2\/pages\/35","targetHints":{"allow":["GET"]}}],"collection":[{"href":"https:\/\/blog.uclm.es\/joseluismartinez\/wp-json\/wp\/v2\/pages"}],"about":[{"href":"https:\/\/blog.uclm.es\/joseluismartinez\/wp-json\/wp\/v2\/types\/page"}],"author":[{"embeddable":true,"href":"https:\/\/blog.uclm.es\/joseluismartinez\/wp-json\/wp\/v2\/users\/72"}],"replies":[{"embeddable":true,"href":"https:\/\/blog.uclm.es\/joseluismartinez\/wp-json\/wp\/v2\/comments?post=35"}],"version-history":[{"count":1,"href":"https:\/\/blog.uclm.es\/joseluismartinez\/wp-json\/wp\/v2\/pages\/35\/revisions"}],"predecessor-version":[{"id":706,"href":"https:\/\/blog.uclm.es\/joseluismartinez\/wp-json\/wp\/v2\/pages\/35\/revisions\/706"}],"wp:attachment":[{"href":"https:\/\/blog.uclm.es\/joseluismartinez\/wp-json\/wp\/v2\/media?parent=35"}],"curies":[{"name":"wp","href":"https:\/\/api.w.org\/{rel}","templated":true}]}}