{"id":32,"date":"2016-07-27T15:46:08","date_gmt":"2016-07-27T14:46:08","guid":{"rendered":"http:\/\/blog.uclm.es\/joseluismartinez\/?page_id=32"},"modified":"2024-11-19T09:00:24","modified_gmt":"2024-11-19T08:00:24","slug":"docencia-2","status":"publish","type":"page","link":"https:\/\/blog.uclm.es\/joseluismartinez\/docencia-2\/","title":{"rendered":"DOCENCIA"},"content":{"rendered":"<p><strong>DOCENCIA CURSO 2024\/2025<br \/>\n<\/strong><\/p>\n<ul>\n<li><a href=\"https:\/\/planea.apps.uclm.es\/web\/guia\/406\/42340\/2024-25\" target=\"_blank\" rel=\"noopener noreferrer\">Seguridad en Redes.<\/a> 4\u00ba Curso del Grado en Ingenier\u00eda Inform\u00e1tica.<\/li>\n<li><a href=\"https:\/\/planea.apps.uclm.es\/web\/guia\/406\/42357\/2024-25\" target=\"_blank\" rel=\"noopener noreferrer\">Seguridad en Sistemas Inform\u00e1ticos.<\/a> 4\u00ba Curso del Grado en Ingenier\u00eda Inform\u00e1tica.<\/li>\n<\/ul>\n<p><strong>DOCENCIA CURSO 2023\/2024<br \/>\n<\/strong><\/p>\n<ul>\n<li><a href=\"https:\/\/esiiab.uclm.es\/asig.php?codasig=42340&amp;curso=2023-24\" target=\"_blank\" rel=\"noopener noreferrer\">Seguridad en Redes.<\/a> 4\u00ba Curso del Grado en Ingenier\u00eda Inform\u00e1tica.<\/li>\n<li><a href=\"https:\/\/planea.apps.uclm.es\/web\/guia\/406\/42357\/2023-24\" target=\"_blank\" rel=\"noopener noreferrer\">Seguridad en Sistemas Inform\u00e1ticos.<\/a> 4\u00ba Curso del Grado en Ingenier\u00eda Inform\u00e1tica.<\/li>\n<\/ul>\n<p><strong>DOCENCIA CURSO 2022\/2023<br \/>\n<\/strong><\/p>\n<ul>\n<li><a href=\"https:\/\/esiiab.uclm.es\/asig.php?codasig=42340&amp;curso=2022-23\" target=\"_blank\" rel=\"noopener noreferrer\">Seguridad en Redes.<\/a> 4\u00ba Curso del Grado en Ingenier\u00eda Inform\u00e1tica.<\/li>\n<li><a href=\"https:\/\/esiiab.uclm.es\/asig.php?codasig=42357&amp;curso=2022-23\" target=\"_blank\" rel=\"noopener noreferrer\">Seguridad en Sistemas Inform\u00e1ticos.<\/a> 4\u00ba Curso del Grado en Ingenier\u00eda Inform\u00e1tica.<\/li>\n<\/ul>\n<p><strong>DOCENCIA CURSO 2021\/2022<br \/>\n<\/strong><\/p>\n<ul>\n<li><a href=\"https:\/\/esiiab.uclm.es\/asig.php?codasig=42340&amp;curso=2021-22\" target=\"_blank\" rel=\"noopener noreferrer\">Seguridad en Redes.<\/a> 4\u00ba Curso del Grado en Ingenier\u00eda Inform\u00e1tica.<\/li>\n<li><a href=\"https:\/\/esiiab.uclm.es\/asig.php?codasig=42357&amp;curso=2021-22\" target=\"_blank\" rel=\"noopener noreferrer\">Seguridad en Sistemas Inform\u00e1ticos.<\/a> 4\u00ba Curso del Grado en Ingenier\u00eda Inform\u00e1tica.<\/li>\n<li><a href=\"https:\/\/esiiab.uclm.es\/asig.php?codasig=310608&amp;curso=2021-22\" target=\"_blank\" rel=\"noopener noreferrer\">Gesti\u00f3n de Auditor\u00eda y Seguridad.<\/a> Master Universitario en Ingenier\u00eda Inform\u00e1tica (MUii).<\/li>\n<\/ul>\n<p><strong>DOCENCIA CURSO 2020\/2021<br \/>\n<\/strong><\/p>\n<ul>\n<li><a href=\"https:\/\/esiiab.uclm.es\/asig.php?codasig=42340&amp;curso=2020-21\" target=\"_blank\" rel=\"noopener noreferrer\">Seguridad en Redes.<\/a> 4\u00ba Curso del Grado en Ingenier\u00eda Inform\u00e1tica.<\/li>\n<li><a href=\"https:\/\/esiiab.uclm.es\/asig.php?codasig=42357&amp;curso=2020-21\" target=\"_blank\" rel=\"noopener noreferrer\">Seguridad en Sistemas Inform\u00e1ticos.<\/a> 4\u00ba Curso del Grado en Ingenier\u00eda Inform\u00e1tica.<\/li>\n<li><a href=\"https:\/\/esiiab.uclm.es\/asig.php?codasig=310608&amp;curso=2020-21\" target=\"_blank\" rel=\"noopener noreferrer\">Gesti\u00f3n de Auditor\u00eda y Seguridad.<\/a> Master Universitario en Ingenier\u00eda Inform\u00e1tica (MUii).<\/li>\n<\/ul>\n<p><strong>DOCENCIA CURSO 2019\/2020<br \/>\n<\/strong><\/p>\n<ul>\n<li><a href=\"https:\/\/esiiab.uclm.es\/asig.php?codasig=42340&amp;curso=2019-20\" target=\"_blank\" rel=\"noopener noreferrer\">Seguridad en Redes.<\/a> 4\u00ba Curso del Grado en Ingenier\u00eda Inform\u00e1tica.<\/li>\n<li><a href=\"https:\/\/esiiab.uclm.es\/asig.php?codasig=42357&amp;curso=2019-20\" target=\"_blank\" rel=\"noopener noreferrer\">Seguridad en Sistemas Inform\u00e1ticos.<\/a> 4\u00ba Curso del Grado en Ingenier\u00eda Inform\u00e1tica.<\/li>\n<li><a href=\"https:\/\/esiiab.uclm.es\/asig.php?codasig=310608&amp;curso=2019-20\" target=\"_blank\" rel=\"noopener noreferrer\">Gesti\u00f3n de Auditor\u00eda y Seguridad.<\/a> Master Universitario en Ingenier\u00eda Inform\u00e1tica (MUii).<\/li>\n<\/ul>\n<p><strong>DOCENCIA CURSO 2018\/2019<br \/>\n<\/strong><\/p>\n<ul>\n<li><a href=\"https:\/\/esiiab.uclm.es\/asig.php?codasig=42340&amp;curso=2018-19\" target=\"_blank\" rel=\"noopener noreferrer\">Seguridad en Redes.<\/a> 4\u00ba Curso del Grado en Ingenier\u00eda Inform\u00e1tica.<\/li>\n<li><a href=\"https:\/\/esiiab.uclm.es\/asig.php?codasig=42357&amp;curso=2018-19\" target=\"_blank\" rel=\"noopener noreferrer\">Seguridad en Sistemas Inform\u00e1ticos.<\/a> 4\u00ba Curso del Grado en Ingenier\u00eda Inform\u00e1tica.<\/li>\n<li><a href=\"https:\/\/esiiab.uclm.es\/asig.php?codasig=310608&amp;curso=2018-19\" target=\"_blank\" rel=\"noopener noreferrer\">Gesti\u00f3n de Auditor\u00eda y Seguridad.<\/a> Master Universitario en Ingenier\u00eda Inform\u00e1tica (MUii).<\/li>\n<\/ul>\n<p><strong>DOCENCIA CURSO 2017\/2018<br \/>\n<\/strong><\/p>\n<ul>\n<li><a href=\"https:\/\/guiae.uclm.es\/vistaGuia\/346\/42340\/2017-18\" target=\"_blank\" rel=\"noopener noreferrer\">Seguridad en Redes.<\/a> 4\u00ba Curso del Grado en Ingenier\u00eda Inform\u00e1tica.<\/li>\n<li><a href=\"https:\/\/guiae.uclm.es\/vistaGuia\/346\/42357\/2017-18\" target=\"_blank\" rel=\"noopener noreferrer\">Seguridad en Sistemas Inform\u00e1ticos.<\/a> 4\u00ba Curso del Grado en Ingenier\u00eda Inform\u00e1tica.<\/li>\n<\/ul>\n<p><strong>DOCENCIA CURSO 2016\/2017<br \/>\n<\/strong><\/p>\n<ul>\n<li><a href=\"https:\/\/guiae.uclm.es\/vistaPrevia\/26786\/999\" target=\"_blank\" rel=\"noopener noreferrer\">Seguridad en Redes.<\/a> 4\u00ba Curso del Grado en Ingenier\u00eda Inform\u00e1tica.<\/li>\n<li><a href=\"https:\/\/guiae.uclm.es\/vistaPrevia\/26787\/999\" target=\"_blank\" rel=\"noopener noreferrer\">Seguridad en Sistemas Inform\u00e1ticos.<\/a> 4\u00ba Curso del Grado en Ingenier\u00eda Inform\u00e1tica.<\/li>\n<li><a href=\"https:\/\/guiae.uclm.es\/vistaPrevia\/26853\/999\" target=\"_blank\" rel=\"noopener noreferrer\">Redes De Computadores II<\/a>. 2\u00ba Curso del Grado en Ingenier\u00eda Inform\u00e1tica.<\/li>\n<\/ul>\n<p><strong>PROYECTOS FIN DE CARRERA DIRIGIDOS<\/strong><\/p>\n<p class=\"p1\" style=\"text-align: justify\">1. <em>Encriptaci\u00f3n de Objetos para Mantener la Privacidad en Secuencias codificadas con DVC<\/em>. Jose Herminio. Proyecto Fin de Carrera. Curso 2008\/2009<\/p>\n<p class=\"p1\" style=\"text-align: justify\">2. <em>Adaptaci\u00f3n del CODEC H.264 (JM), y desarrollo de una GUI, para una codificaci\u00f3n adaptativa en tiempo real<\/em>. Felix Saavedra. Proyecto Fin de Carrera. Curso 2009\/2010<\/p>\n<p class=\"p1\" style=\"text-align: justify\">3. <em>Evaluaci\u00f3n de M\u00e9tricas de Calidad de V\u00eddeo<\/em>. Josu\u00e9 Sainz. Proyecto Fin de Carrera. Curso 2009\/2010<\/p>\n<p class=\"p1\" style=\"text-align: justify\">4. <em>Prototipo para la Codificaci\u00f3n de V\u00eddeo 3D en Tiempo Real<\/em>. Antonio Jes\u00fas D\u00edaz. Proyecto Fin de Carrera. Curso 2010\/2011<\/p>\n<p class=\"p1\" style=\"text-align: justify\">5. <em>Plataforma de Contribuci\u00f3n Escalable para Contenidos 3D<\/em>. Antonio Rubio. Proyecto Fin de Carrera. Curso 2011\/2012<\/p>\n<p class=\"p1\" style=\"text-align: justify\">6. <em>Estudio y comparaci\u00f3n del estado del arte en codificadores de v\u00eddeo<\/em>. Cristina Gema Garc\u00eda. Trabajo Fin de Grado. Curso 2011\/2012<\/p>\n<p class=\"p1\" style=\"text-align: justify\">7. <em>Aceleraci\u00f3n de la codificaci\u00f3n inter-vista en secuencias 3D<\/em>. Jes\u00fas Arribas. Trabajo Fin de Grado. Curso 2011\/2012<\/p>\n<p class=\"p1\" style=\"text-align: justify\">8. <em>Dise\u00f1o de un Transcodificador Escalable Temporal Homog\u00e9neo en H.264\/AVC<\/em>. Jos\u00e9 Moreno. Trabajo Fin de Grado. Curso 2011\/2012<\/p>\n<p class=\"p1\" style=\"text-align: justify\">9. <em>Estudio y Evaluaci\u00f3n de prestaciones del Est\u00e1ndar 802.11p para redes vehiculares<\/em>. Angel Sotos Prieto. Trabajo Fin de Grado. Curso 2012\/2013<\/p>\n<p class=\"p1\" style=\"text-align: justify\">10. <em>Estudio de la codificaci\u00f3n de los mapas de profundidad en el escenario de codificaci\u00f3n de v\u00eddeo 3D+Depth<\/em>. Diego Lara Cedr\u00f3n. Trabajo Fin de Grado. Curso 2012\/2013<\/p>\n<p class=\"p1\" style=\"text-align: justify\">11. <em>Paralelizaci\u00f3n de la estimaci\u00f3n de movimiento en H.265HEVC mediante arquitecturas hetereogeneas basadas en GPU<\/em>. Gabriel Cebri\u00e1n M\u00e1rquez. Trabajo Fin de Grado. Curso 2012\/2013<\/p>\n<p class=\"p1\" style=\"text-align: justify\">12. <em>Adaptaci\u00f3n de algoritmos de codificaci\u00f3n de v\u00eddeo al paradigma MapReduce<\/em>. Gustavo Prados. Trabajo Fin de Grado. Curso 2012\/2013<\/p>\n<p class=\"p1\" style=\"text-align: justify\">13. <em>Transcodificador de v\u00eddeo VP8\/HEVC<\/em>. Hector Mas Garc\u00eda. Trabajo Fin de Grado. Curso 2012\/2013<\/p>\n<p class=\"p1\" style=\"text-align: justify\">14.<em> Algoritmo paralelo para el est\u00e1ndar de codificaci\u00f3n de v\u00eddeo HEVC sobre arquitecturas multicore<\/em>. Jos\u00e9 Luis Hern\u00e1ndez Losada. Trabajo Fin de Grado. Curso 2012\/2013<\/p>\n<p class=\"p1\" style=\"text-align: justify\">15. <em>Aplicaci\u00f3n Android para la detecci\u00f3n de accidentes de tr\u00e1fico utilizando la norma ISO 11898<\/em>. Miguel Angel Copado. Trabajo Fin de Grado. Curso 2012\/2013<\/p>\n<p class=\"p1\" style=\"text-align: justify\">16. <em>Aceleraci\u00f3n del Codificador de Video H.264AVC en GPUs usando CUDA<\/em>. Alvaro Garcia Real. Trabajo Fin de Grado. Curso 2013\/2014<\/p>\n<p class=\"p1\" style=\"text-align: justify\">17. <em>Evaluaci\u00f3n y Dise\u00f1o de algoritmos eficientes para la mejora de un transcodificador HEVC-VP9<\/em>. Enrique de la Torre. Trabajo Fin de Grado. Curso 2013\/2014<\/p>\n<p class=\"p1\" style=\"text-align: justify\">18.<em> La red MOST<\/em>. Francisco Nvara Ondo. Trabajo Fin de Grado. Curso 2013\/2014<\/p>\n<p class=\"p1\" style=\"text-align: justify\">19. <em>Uso de T\u00e9cnicas de aprendizaje para reducir las colisiones en redes WIFI<\/em>. Javier Lape\u00f1a. Trabajo Fin de Grado. Curso 2013\/2014<\/p>\n<p class=\"p1\" style=\"text-align: justify\">20. <em>Evaluaci\u00f3n de HEVC sobre 802.11p<\/em>. Jos\u00e9 Antonio S\u00e1nchez S\u00e1nchez. Trabajo Fin de Grado. Curso 2013\/2014<\/p>\n<p class=\"p1\" style=\"text-align: justify\">21. <em>Intra Transcoder H.264-HEVC<\/em>. Juan Jos\u00e9 Garc\u00eda L\u00f3pez. Trabajo Fin de Grado. Curso 2013\/2014<\/p>\n<p class=\"p1\" style=\"text-align: justify\">22. <em>GESTASERVER<\/em>. Juan Jos\u00e9 L\u00f3pez Jim\u00e9nez. Trabajo Fin de Grado. Curso 2013\/2014<\/p>\n<p class=\"p1\" style=\"text-align: justify\">23. <em>Adaptaci\u00f3n de algoritmo de v\u00eddeo al paradigma MapReduce para un cloud<\/em>. Sergio Fern\u00e1ndez Mart\u00ednez. Trabajo Fin de Grado. Curso 2013\/2014<\/p>\n<p class=\"p1\" style=\"text-align: justify\">24. <em>Estudio y adaptaci\u00f3n de los est\u00e1ndares HEVC y SHVC para m\u00e9tricas de v\u00eddeo<\/em>. Sergio Martinez Perez. Trabajo Fin de Grado. Curso 2013\/2014<\/p>\n<p class=\"p1\" style=\"text-align: justify\">25. <em>Mejora del algoritmo de transcodicacion H.264\/HEVC mediante un predictor de particiones asimetricas<\/em>. Blanca Rivas. Trabajo Fin de Grado. Curso 2014\/2015<\/p>\n<p class=\"p1\" style=\"text-align: justify\">26. <em>Desarrollo de una herramienta de pentesting para redes de area local<\/em>. Alejandro Espinosa. Trabajo Fin de Grado. Curso 2015\/2016<\/p>\n<p class=\"p1\" style=\"text-align: justify\">27. <em>TorProject<\/em>. Angel Montes. Trabajo Fin de Grado. Curso 2015\/2016<\/p>\n<p class=\"p1\" style=\"text-align: justify\">28. <em>H.264\/AVC to HEVC perceptual transcoder<\/em>. Dalia-Iuliana Bogdan. Trabajo Fin de Grado. Curso 2015\/2016<\/p>\n<p class=\"p1\" style=\"text-align: justify\">29. <em>Partexpress<\/em>. David D\u00edaz Parre\u00f1o. Trabajo Fin de Grado. Curso 2015\/2016<\/p>\n<p class=\"p1\" style=\"text-align: justify\">30. <em>Herramienta y auditoria de seguridad a dispositivos DHCP<\/em>. Guillermo Denia. Trabajo Fin de Grado. Curso 2015\/2016<\/p>\n<p class=\"p1\" style=\"text-align: justify\">31. <em>An\u00e1lisis de Malware<\/em>. Javier Carrillo. Trabajo Fin de Grado. Curso 2015\/2016<\/p>\n<p class=\"p1\" style=\"text-align: justify\">32. <em>Herramienta para crear diccionarios personalizados<\/em>. Jes\u00fas Correas. Trabajo Fin de Grado. Curso 2015\/2016<\/p>\n<p class=\"p1\" style=\"text-align: justify\">33. <em>An\u00e1lisis Forense a Dispositivos<\/em>. Juan Manuel Castelo. Trabajo Fin de Grado. Curso 2015\/2016<\/p>\n<p class=\"p1\" style=\"text-align: justify\">34. <em>Pentesting web, extendiendo la funcionalidad de Burp Suite<\/em>. Gino Paulo Angles. Trabajo Fin de Grado. Curso 2016\/2017<\/p>\n<p class=\"p1\" style=\"text-align: justify\">35. <em>BeeNet, Una botnet para Android<\/em>. Jos\u00e9 Rold\u00e1n. Trabajo Fin de Grado. Curso 2016\/2017<\/p>\n<p class=\"p1\" style=\"text-align: justify\">36. <em>Profundizando en en An\u00e1lisis Forense<\/em>. Marina Belmonte. Trabajo Fin de Grado. Curso 2016\/2017<\/p>\n<p class=\"p1\" style=\"text-align: justify\">37. <em>Investigaci\u00f3n y An\u00e1lisis Forense de Dispositivos m\u00f3viles Android<\/em>. Pedro Castillo. Trabajo Fin de Grado. Curso 2016\/2017<\/p>\n<p class=\"p1\" style=\"text-align: justify\">38. <em>Herramienta para la did\u00e1ctica en Redes: ScratchLayer<\/em>. Pedro Jos\u00e9 Mart\u00ednez. Trabajo Fin de Grado. Curso 2016\/2017<\/p>\n<p class=\"p1\" style=\"text-align: justify\">39. <em>Security Score in external audit<\/em>. Jos\u00e9 L\u00f3pez Mart\u00ednez. Trabajo Fin de Grado. Curso 2017\/2018<\/p>\n<p class=\"p1\" style=\"text-align: justify\">40. <em>Herramienta de b\u00fasqueda de informaci\u00f3n en fuentes abiertas<\/em>. \u00c1lvaro P\u00e9rez Cotillas. Trabajo Fin de Grado. Curso 2017\/2018<\/p>\n<p class=\"p1\" style=\"text-align: justify\">41. <em>Analysis and Development of Internal Security Audits.<\/em>. In\u00e9s S\u00e1nchez-Muliterno Bleda. Trabajo Fin de Grado. Curso 2018\/2019<\/p>\n<p class=\"p1\" style=\"text-align: justify\">42. <em>Despliegue de una infraestructura SIEM usando Splunk.<\/em>. Carlos Moreno Buitrago. Trabajo Fin de Grado. Curso 2018\/2019<\/p>\n<p class=\"p1\" style=\"text-align: justify\">43. <em>Dise\u00f1o y despliegue de una infraestructura IoT basada en el est\u00e1ndar 6LoWPAN para su an\u00e1lisis de seguridad.<\/em>. Eduardo Coloma Gonz\u00e1lez. Trabajo Fin de Grado. Curso 2018\/2019<\/p>\n<p class=\"p1\" style=\"text-align: justify\">44. <em>Plataforma para el an\u00e1lisis de malware.<\/em>. Jorge Camacho Torres. Trabajo Fin de Grado. Curso 2018\/2019<\/p>\n<p class=\"p1\" style=\"text-align: justify\">45. <em>Static and Dynamic Analysis of two Malware Samples.<\/em> Paula Pe\u00f1a Luj\u00e1n. Trabajo Fin de Grado. Curso 2018\/2019<\/p>\n<p class=\"p1\" style=\"text-align: justify\">46. <em>Sunaviota CTF.<\/em> Santiago U\u00f1a Viota. Trabajo Fin de Grado. Curso 2018\/2019<\/p>\n<p class=\"p1\" style=\"text-align: justify\">47. <em>An\u00e1lisis de malware en dispositivos IoT.<\/em> Iv\u00e1n Larios L\u00f3pez. Trabajo Fin de Grado. Curso 2019\/2020<\/p>\n<p class=\"p1\" style=\"text-align: justify\">48. <em>An\u00e1lisis Forense a la memoria no vol\u00e1til del sistema operativo Ubuntu Core.<\/em> \u00c1lvaro del Amo M\u00ednguez. Trabajo Fin de Grado. Curso 2019\/2020<\/p>\n<p class=\"p1\" style=\"text-align: justify\">49. <em>Creaci\u00f3n de una plataforma para el despliegue de m\u00e1quinas vulnerables para pentesting.<\/em> Jorge Olmedo Jim\u00e9nez. Trabajo Fin de Grado. Curso 2019\/2020<\/p>\n<p class=\"p1\" style=\"text-align: justify\">50. <em>Hack the Box.<\/em> Juan Gabriel Jim\u00e9nez Lagos. Trabajo Fin de Grado. Curso 2019\/2020<\/p>\n<p class=\"p1\" style=\"text-align: justify\">51. <em>Seguridad en IoT con honeypots.<\/em> Jes\u00fas Gregorio Mart\u00ednez de los Reyes. Trabajo Fin de Grado. Curso 2019\/2020<\/p>\n<p><strong>Curso 2020\/2021<\/strong><\/p>\n<p class=\"p1\" style=\"text-align: justify\">52. <em>Aplicando Machine Learning al An\u00e1lisis Forense en IoT.<\/em> Jorge Navarro Garc\u00eda.<\/p>\n<p class=\"p1\" style=\"text-align: justify\">53. <em>Capture The Flag &#8211; KairiCTF.<\/em> Eduardo Lozano Serra.<\/p>\n<p class=\"p1\" style=\"text-align: justify\">54. <em>Despliegue de una topolog\u00eda IoT smart home para su an\u00e1lisis de seguridad.<\/em> Antonio Leal Mora.<\/p>\n<p class=\"p1\" style=\"text-align: justify\">55. <em>Threat Hunting en Active Directory.<\/em> Iv\u00e1n L\u00f3pez Cort\u00e9s.<\/p>\n<p class=\"p1\" style=\"text-align: justify\">56. <em>An\u00e1lisis forense digital de dispositivos m\u00f3viles Android y equipos inform\u00e1ticos basado en ISO\/IEC 27037:2016.<\/em> Irene Cotillas Torres. Trabajo Fin de Grado en Ingenier\u00eda de Tecnolog\u00edas de Telecomunicaci\u00f3n.<\/p>\n<p><strong>Curso 2021\/2022<\/strong><\/p>\n<p class=\"p1\" style=\"text-align: justify\">57. <em>Despliegue de un laboratorio de seguridad usando docker<\/em> Laura Estop Valero. Trabajo Fin de Grado.<\/p>\n<p>58. An\u00e1lisis de malware en IoT. Iv\u00e1n Rodrigo. Curso 2021\/2022<\/p>\n<p>59. Despliegue de un HoneyPot en IoT para un an\u00e1lisis de seguridad. GIMENO MART\u00cdNEZ, IV\u00c1N.<\/p>\n<p>60. Despliegue de un laboratorio de seguridad usando AWS.\u00a0 VALIENTE M\u00cdNGUEZ, EDUARDO.<\/p>\n<p>61. Implantaci\u00f3n de un sistema de seguridad para redes dom\u00e9sticas o PYMEs. ARTEAGA RUIZ, GONZALO.<\/p>\n<p><strong>Curso 2022\/2023<\/strong><\/p>\n<p>62. An\u00e1lisis de Seguridad a los protocolos de redes inal\u00e1mbricas. S\u00c1NCHEZ G\u00d3MEZ, JES\u00daS<\/p>\n<p>63. Desarrollo de un honeypot de firmwares vulnerables de dispositivos IoT para su an\u00e1lisis de seguridad. P\u00c9REZ MART\u00cdNEZ, ALEJANDRO.<\/p>\n<p>64. Despliegue de una infraestructura de Directorio Activo en Azure para su an\u00e1lisis de seguridad. RECUENCO CAVA, MARCOS<\/p>\n<p>65. Dise\u00f1o de una plataforma blockchain sobre una infraestructura de red Edge computing para el almacenamiento de evidencias digitales. CUENCA SERRANO, ANTONIO<\/p>\n<p>66. Recolecci\u00f3n y an\u00e1lisis de malware. MANZANO POVEDA, ENRIQUE<\/p>\n<p>67. Una auditor\u00eda de seguridad a una aplicaci\u00f3n web y su APK. HONRUBIA MOROTE, \u00c1NGEL<\/p>\n<p><strong>Curso 2023\/2024<\/strong><\/p>\n<p>68. Despliegue de un laboratorio de simulaci\u00f3n de ciberseguridad. MU\u00d1OZ CASTILLEJO, CARLOS<\/p>\n<p>69. Dise\u00f1o y desarrollo de un centro de operaciones de seguridad que integre herramientas de seguridad para mejorar el an\u00e1lisis y la gesti\u00f3n de la ciberseguridad de las empresas. BELINCH\u00d3N CUESTA, JORGE<\/p>\n<p>70. Dise\u00f1o y Despliegue de un Centro de Operaciones de Seguridad. MONTENEGRO RUBIO, PEDRO<\/p>\n<p>71. Hacking con Flipper Zero. MORENO MARCHANTE, MIGUEL<\/p>\n<p>72. Un Ejercicio de Red Team. GONZ\u00c1LEZ RUIZ, MARCOS<\/p>\n<p><strong>Curso 2024\/2025<\/strong><\/p>\n<p><em>\u00a0<\/em><\/p>\n<p><em><strong>TRABAJOS FIN DE MASTER<\/strong><br \/>\n<\/em><\/p>\n<p class=\"p1\" style=\"text-align: justify\"><em>1. <em>Comunicaciones de V\u00eddeo Entre Dispositivos M\u00f3viles Basadas en la Transcodificaci\u00f3n DVC\/H.264<\/em>. Alberto Corrales. Master Tecnolog\u00edas Inform\u00e1ticas Avanzadas. Septiembre 2009<\/em><\/p>\n<p class=\"p1\" style=\"text-align: justify\"><em>2. <em>Video Adaptation for Mobile Digital Television<\/em>. Mar\u00eda del Rosario Garrido. Master Tecnolog\u00edas Inform\u00e1ticas Avanzadas. Septiembre 2010<\/em><\/p>\n<p class=\"p1\" style=\"text-align: justify\"><em>3. <em>Transcodificaci\u00f3n Homog\u00e9nea Escalable en H.264\/AVC<\/em>. Francisco Javier Honrubia. Master Tecnolog\u00edas Inform\u00e1ticas Avanzadas. Septiembre 2011<\/em><\/p>\n<p class=\"p1\" style=\"text-align: justify\">4. <em>Codificacion de Video 3D Soluciones Actuales<\/em>. Pascual S\u00e1nchez. Master Tecnolog\u00edas Inform\u00e1ticas Avanzadas. Septiembre 2011<\/p>\n<p class=\"p1\" style=\"text-align: justify\">5. <em>Futuras L\u00edneas de Investigaci\u00f3n en la Transcodificaci\u00f3n de V\u00eddeo H.264\/HEVC<\/em>. Antonio Jes\u00fas D\u00edaz. Master Tecnolog\u00edas Inform\u00e1ticas Avanzadas. Julio 2012.<\/p>\n<p class=\"p1\" style=\"text-align: justify\">6. <em>Mejora de las Prestaciones del C\u00f3dec de V\u00eddeo 3D en Tiempo Real<\/em>. Antonio Jes\u00fas D\u00edaz. Master en Ingenier\u00eda Inform\u00e1tica. Septiembre 2012.<\/p>\n<p class=\"p1\" style=\"text-align: justify\">7. <em>Arquitectura heterog\u00e9nea para la transcodificaci\u00f3n de v\u00eddeo H.264\/HEVC<\/em>. Gabriel Cebri\u00e1n. Master en Ingenier\u00eda Inform\u00e1tica. Julio 2014.<\/p>\n<p class=\"p1\" style=\"text-align: justify\">8. <em>Algoritmo de pre-an\u00e1lisis para el est\u00e1ndar de codificaci\u00f3n de v\u00eddeo HEVC<\/em>. Gabriel Cebri\u00e1n. Master Tecnolog\u00edas Inform\u00e1ticas Avanzadas. Julio 2015.<\/p>\n<p class=\"p1\" style=\"text-align: justify\">9. <em>Detecci\u00f3n de Vulnerabilidades mediante Instrumentaci\u00f3n Din\u00e1mica<\/em>. Javier Carrillo. Master en Ingenier\u00eda Inform\u00e1tica. Septiembre 2017.<\/p>\n<p class=\"p1\" style=\"text-align: justify\">10. <em>An\u00e1lisis Forense de Malware<\/em>. Juan Manuel Castelo. Master en Ingenier\u00eda Inform\u00e1tica. Septiembre 2017.<\/p>\n<p class=\"p1\" style=\"text-align: justify\">11. <em>Problemas y avances de la seguridad IoT y detecci\u00f3n de amenazas<\/em>. Jos\u00e9 Rold\u00e1n G\u00f3mez. Master en Ingenier\u00eda Inform\u00e1tica. Septiembre 2018.<\/p>\n<p class=\"p1\" style=\"text-align: justify\">12. <em>Desarrollo de un simulador Enigma<\/em>. Leonardo Cardozo G\u00f3mez. Master en Ingenier\u00eda Inform\u00e1tica. Junio 2019.<\/p>\n<p class=\"p1\" style=\"text-align: justify\">13. <em>Evaluaci\u00f3n y an\u00e1lisis de simuladores para el estudio de Multi-Access Edge Computing<\/em>. Sergio Ruiz Villafranca. Master en Ingenier\u00eda Inform\u00e1tica. Junio 2021.<\/p>\n<p>14. Mejorando la ciberseguridad de Federated Learning en entornos MEC-IoT con Blockchain. GARC\u00cdA S\u00c1EZ, LUIS MIGUEL. Junio 2024<\/p>\n","protected":false},"excerpt":{"rendered":"<p>DOCENCIA CURSO 2024\/2025 Seguridad en Redes. 4\u00ba Curso del Grado en Ingenier\u00eda Inform\u00e1tica. Seguridad en Sistemas Inform\u00e1ticos. 4\u00ba Curso del Grado en Ingenier\u00eda Inform\u00e1tica. DOCENCIA CURSO 2023\/2024 Seguridad en Redes. 4\u00ba Curso del Grado en Ingenier\u00eda Inform\u00e1tica. Seguridad en Sistemas Inform\u00e1ticos. 4\u00ba Curso del Grado en Ingenier\u00eda Inform\u00e1tica. DOCENCIA CURSO 2022\/2023 Seguridad en Redes. 4\u00ba &hellip; <a href=\"https:\/\/blog.uclm.es\/joseluismartinez\/docencia-2\/\" class=\"more-link\">Seguir leyendo <span class=\"screen-reader-text\">DOCENCIA<\/span> <span class=\"meta-nav\">&rarr;<\/span><\/a><\/p>\n","protected":false},"author":72,"featured_media":0,"parent":0,"menu_order":0,"comment_status":"closed","ping_status":"closed","template":"","meta":{"footnotes":""},"class_list":["post-32","page","type-page","status-publish","hentry"],"_links":{"self":[{"href":"https:\/\/blog.uclm.es\/joseluismartinez\/wp-json\/wp\/v2\/pages\/32","targetHints":{"allow":["GET"]}}],"collection":[{"href":"https:\/\/blog.uclm.es\/joseluismartinez\/wp-json\/wp\/v2\/pages"}],"about":[{"href":"https:\/\/blog.uclm.es\/joseluismartinez\/wp-json\/wp\/v2\/types\/page"}],"author":[{"embeddable":true,"href":"https:\/\/blog.uclm.es\/joseluismartinez\/wp-json\/wp\/v2\/users\/72"}],"replies":[{"embeddable":true,"href":"https:\/\/blog.uclm.es\/joseluismartinez\/wp-json\/wp\/v2\/comments?post=32"}],"version-history":[{"count":2,"href":"https:\/\/blog.uclm.es\/joseluismartinez\/wp-json\/wp\/v2\/pages\/32\/revisions"}],"predecessor-version":[{"id":720,"href":"https:\/\/blog.uclm.es\/joseluismartinez\/wp-json\/wp\/v2\/pages\/32\/revisions\/720"}],"wp:attachment":[{"href":"https:\/\/blog.uclm.es\/joseluismartinez\/wp-json\/wp\/v2\/media?parent=32"}],"curies":[{"name":"wp","href":"https:\/\/api.w.org\/{rel}","templated":true}]}}