{"id":29,"date":"2016-07-27T15:46:00","date_gmt":"2016-07-27T14:46:00","guid":{"rendered":"http:\/\/blog.uclm.es\/joseluismartinez\/?page_id=29"},"modified":"2024-11-19T08:22:38","modified_gmt":"2024-11-19T07:22:38","slug":"investigacion-2","status":"publish","type":"page","link":"https:\/\/blog.uclm.es\/joseluismartinez\/investigacion-2\/","title":{"rendered":"INVESTIGACI\u00d3N"},"content":{"rendered":"<p><strong>TESIS DOCTORAL<br \/>\n<\/strong><br \/>\n<em>Towards Practical Wyner-Ziv Video Coding Solutions<\/em>.<br \/>\nDirigida por Prof. Dr. Francisco Jos\u00e9 Quiles Flor y Prof. Dr. Gerardo Fern\u00e1ndez Escribano. Julio 2009.<br \/>\nTesis con menci\u00f3n de Doctorado Europeo. Programa de Doctorado con menci\u00f3n de calidad (Ref: MCD2006-00423).<br \/>\nCalificaci\u00f3n: SOBRESALIENTE CUM LAUDE<\/p>\n<p><a href=\"http:\/\/www.i3a.uclm.es\/raap\/?page_id=434\" target=\"_blank\" rel=\"noopener noreferrer\">L\u00cdNEAS DE INVESTIGACI\u00d3N<\/a>:<\/p>\n<ul>\n<li>An\u00e1lisis Forense<\/li>\n<li>Detecci\u00f3n de anomal\u00edas<\/li>\n<li>An\u00e1lisis de malware<\/li>\n<li>Seguridad en IoT y Multi-Access Edge Computing<\/li>\n<\/ul>\n<p><strong>TESIS DOCTORALES DIRIGIDAS:<\/strong><\/p>\n<ul>\n<li><a href=\"https:\/\/blog.uclm.es\/joseluismartinez\/wp-content\/uploads\/sites\/138\/2016\/07\/Tesis-Charo.pdf\">Temporal Video Transcoding from H.264\/AVC-TO-SVC <\/a>. Dr. Maria del Rosario Garrido Cantos. Abril 2012<\/li>\n<li><a href=\"https:\/\/db.tt\/sRScOgZr\">Efficient Wyner-Ziv to H.264\/AVC-SVC transcoding.<\/a> Dr. Alberto Corrales Garc\u00eda. Septiembre 2012.<\/li>\n<li><a href=\"https:\/\/blog.uclm.es\/joseluismartinez\/wp-content\/uploads\/sites\/138\/2016\/07\/thesis-ilovepdf-compressed.pdf\">2D and 3D H.264 Inter Prediction Algorithms for GPU\u2013based heterogeneous architectures.<\/a> Dr. Rafael Rodr\u00edguez S\u00e1nchez. Febrero 2013.<\/li>\n<li><a href=\"https:\/\/blog.uclm.es\/joseluismartinez\/wp-content\/uploads\/sites\/138\/2016\/07\/Low-Complexity-HEVC-Intra-Coding-ilovepdf-compressed.pdf\">Low Complexity HEVC Intra Coding.<\/a> Jos\u00e9 Dami\u00e1n Ruiz Coll. Enero 2016<\/li>\n<li><a href=\"https:\/\/blog.uclm.es\/joseluismartinez\/wp-content\/uploads\/sites\/138\/2017\/01\/tesis.pdf\">H.264\/AVC and HEVC Collaborative Video Coding.<\/a> Antonio Jes\u00fas D\u00edaz Honrubia. Noviembre 2016<\/li>\n<li><a href=\"https:\/\/blog.uclm.es\/joseluismartinez\/wp-content\/uploads\/sites\/138\/2019\/06\/Thesis-Final.pdf\">Towards Fast HEVC encoding using Heterogeneous Architectures.<\/a> Dr. Gabriel Cebri\u00e1n Marquez. Marzo 2018<\/li>\n<li><a href=\"https:\/\/blog.uclm.es\/joseluismartinez\/wp-content\/uploads\/sites\/138\/2022\/06\/Towards-the-Design-of-a-Forensic-Methodology-for-the-Investigation-of-Cyberincidents-on-the-Internet-of-Things.pdf\">Towards the Design of a Forensic Methodology for the Investigation of Cyberincidents on the Internet of Things .<\/a> Dr. Juan Manuel Castelo G\u00f3mez. Diciembre 2021<\/li>\n<li><a href=\"https:\/\/blog.uclm.es\/joseluismartinez\/wp-content\/uploads\/sites\/138\/2023\/08\/Modeling-Analysis-and-Detection-of-Threats-in-the-Internet-Of-Things-Ecosystem_Javier_Carrillo_compressed.pdf\">Modeling, Analysis, and Detection of Threats in the Internet-Of-Things Ecosystem<\/a>. Dr. Javier Carrillo Mondejar. Noviembre 2022<\/li>\n<li><a href=\"https:\/\/blog.uclm.es\/joseluismartinez\/wp-content\/uploads\/sites\/138\/2023\/08\/Tesis_doctoral_jose-FINAL_compressed.pdf\">Intelligent threat detection in Internet of Things environments<\/a>. Dr. Jos\u00e9 Rold\u00e1n G\u00f3mez. Marzo 2023<\/li>\n<\/ul>\n<p><strong>PROYECTOS DIRIGIDOS:<\/strong><\/p>\n<ul>\n<li>Mejora en los procesos de codificaci\u00f3n y distribuci\u00f3n de v\u00eddeo a trav\u00e9s de redes Wifi. Ref:SBPLY\/17\/180501\/000353. Junta de Comunidades de Castilla-La Mancha. Consejer\u00eda de Educaci\u00f3n, Cultura y Deportes (2018-2021)<\/li>\n<li>Transcodificador de V\u00eddeo Heterog\u00e9neo H.264\/HEVC. Convocatoria de Infraestructura Cient\u00edfico-T\u00e9cnica.Ministerio de Econom\u00eda y Competetividad. Ref: UNCM13-1E-2294. (2012-2013)<\/li>\n<li>CODIFICACI\u00d3N COLABORATIVA DE CONTEXTOS DE USUARIO PARA HEVC. Diputaci\u00f3n de Albacete. Ref: DIPUAB17MARTINEZMARTINEZ. (2017)<\/li>\n<\/ul>\n<p><strong>PARTICIPACI\u00d3N EN PROYECTOS:<\/strong><\/p>\n<ul>\n<li>\n<p class=\"p1\">T\u00edtulo del Proyecto: DESARROLLO Y MEJORA DE APLICACIONES, SERVICIOS E INFRAESTRUCTURAS EN HPC Y CENTROS DE DATOS.MINECO (PID2021-123627OB-C52). Investigador Principal: PEDRO ANGEL CUENCA CASTILLO (UCLM).\u00a0Duracion: 01\/09\/2022 &#8211; 31\/08\/2025. Cuant\u00eda de la Subvenci\u00f3n: 363.000 \u20ac<\/p>\n<\/li>\n<li>\n<p class=\"p1\">TECNOLOG\u00cdAS Y APLICACIONES INNOVADORAS PARA CENTROS DE DATOS Y COMPUTADORES DE ALTAS PRESTACIONES . CICYT. RTI2018-098156-B-C52.<\/p>\n<\/li>\n<li>\n<p class=\"p1\">T\u00e9cnicas para la Mejora de las Prestaciones, Consumo de Energ\u00eda y Gesti\u00f3n de Recursos de los Servidores. Optimizaci\u00f3n de la Codificaci\u00f3n y Distribuci\u00f3n de Contenidos Multimedia. TIN2015-66972-C5-2-R<\/p>\n<\/li>\n<li>\n<p class=\"p1\">Mejora de Arquitectura de Servidores, Servicios y Aplicaciones. CICYT. TIN2012-38341-C04-04.<\/p>\n<\/li>\n<li>\n<p class=\"p1\">Arquitecturas Fiables y de Altas Prestaciones para Centros de Proceso de Datos y Servidores de Internet. Programa INGENIO 2010 CONSOLIDER. CSD2006-46<\/p>\n<\/li>\n<li>\n<p class=\"p1\">Arquitectura de Servidores, Aplicaciones y Servicios. CICYT. TIN2009-14475-C04-03<\/p>\n<\/li>\n<li>\n<p class=\"p1\">Mejora de las Prestaciones, Fiabilidad y Servicios Ofrecidos por los Servidores de Altas Prestaciones Basados en Arquitectura Cluster. CICYT. TIN2006-15516-C04-02<\/p>\n<\/li>\n<li>\n<p class=\"p1\">Mejora de las Prestaciones de Arquitecturas de Redes SAN\/LAN para la Difusi\u00f3n de Tr\u00e1fico Multimedia con Soporte de QoS. CICYT. TIC2003-08154-C06-02<\/p>\n<\/li>\n<li>\n<p class=\"p1\">Mejora de las prestaciones de distribuci\u00f3n de contenidos multimedia sobre redes inal\u00e1mbricas de banda ancha. Junta Comunidades de Castilla-La Mancha. PEII09-0037-2328<\/p>\n<\/li>\n<li>\n<p class=\"p1\">Integraci\u00f3n de IPTV sobre una red WIMAX punto-multipunto. Junta Comunidades de Castilla-La Mancha. PII2I09-0045-9916<\/p>\n<\/li>\n<li>\n<p class=\"p1\">Mejora de las Prestaciones de las Comunicaciones Multimedia en Redes de Acceso Inal\u00e1mbricas de Banda Ancha. Junta Comunidades de Castilla-La Mancha. PAI06-106<\/p>\n<\/li>\n<li>\n<p class=\"p1\">Mejora de las Prestaciones de los Sistemas de Transporte de V\u00eddeo por Redes Locales Inal\u00e1mbricas. Junta Comunidades de Castilla-La Mancha. PBC-03-001<\/p>\n<\/li>\n<li>\n<p class=\"p1\">Mejora de la Infraestructura dedicada a proporcionar Servicios de Internet. Junta Comunidades de Castilla-La Mancha, PREG-05-25<\/p>\n<\/li>\n<li>Transcodificaci\u00f3n Heterog\u00e9nea de Video DVC\/H.264. Universidad de Castilla la Mancha. TC20091095<\/li>\n<\/ul>\n<p><strong>PARTICIPACI\u00d3N EN PROYECTOS de I+D+i DE TRANSFERENCIA:<\/strong><\/p>\n<ul>\n<li>I+D de una plataforma de contribuci\u00f3n escalable para contenidos 3D. Ministerio de industria, turismo y comercio. TSI-020302-2010-56<\/li>\n<li>Transcodificador de v\u00eddeo 2D\/3D Heterog\u00e9neo H.264\/HEVC. Ministerio de industria, turismo y comercio. TSI-020602-2012-111<\/li>\n<\/ul>\n","protected":false},"excerpt":{"rendered":"<p>TESIS DOCTORAL Towards Practical Wyner-Ziv Video Coding Solutions. Dirigida por Prof. Dr. Francisco Jos\u00e9 Quiles Flor y Prof. Dr. Gerardo Fern\u00e1ndez Escribano. Julio 2009. Tesis con menci\u00f3n de Doctorado Europeo. Programa de Doctorado con menci\u00f3n de calidad (Ref: MCD2006-00423). Calificaci\u00f3n: SOBRESALIENTE CUM LAUDE L\u00cdNEAS DE INVESTIGACI\u00d3N: An\u00e1lisis Forense Detecci\u00f3n de anomal\u00edas An\u00e1lisis de malware Seguridad &hellip; <a href=\"https:\/\/blog.uclm.es\/joseluismartinez\/investigacion-2\/\" class=\"more-link\">Seguir leyendo <span class=\"screen-reader-text\">INVESTIGACI\u00d3N<\/span> <span class=\"meta-nav\">&rarr;<\/span><\/a><\/p>\n","protected":false},"author":72,"featured_media":0,"parent":0,"menu_order":0,"comment_status":"closed","ping_status":"closed","template":"","meta":{"footnotes":""},"class_list":["post-29","page","type-page","status-publish","hentry"],"_links":{"self":[{"href":"https:\/\/blog.uclm.es\/joseluismartinez\/wp-json\/wp\/v2\/pages\/29","targetHints":{"allow":["GET"]}}],"collection":[{"href":"https:\/\/blog.uclm.es\/joseluismartinez\/wp-json\/wp\/v2\/pages"}],"about":[{"href":"https:\/\/blog.uclm.es\/joseluismartinez\/wp-json\/wp\/v2\/types\/page"}],"author":[{"embeddable":true,"href":"https:\/\/blog.uclm.es\/joseluismartinez\/wp-json\/wp\/v2\/users\/72"}],"replies":[{"embeddable":true,"href":"https:\/\/blog.uclm.es\/joseluismartinez\/wp-json\/wp\/v2\/comments?post=29"}],"version-history":[{"count":3,"href":"https:\/\/blog.uclm.es\/joseluismartinez\/wp-json\/wp\/v2\/pages\/29\/revisions"}],"predecessor-version":[{"id":712,"href":"https:\/\/blog.uclm.es\/joseluismartinez\/wp-json\/wp\/v2\/pages\/29\/revisions\/712"}],"wp:attachment":[{"href":"https:\/\/blog.uclm.es\/joseluismartinez\/wp-json\/wp\/v2\/media?parent=29"}],"curies":[{"name":"wp","href":"https:\/\/api.w.org\/{rel}","templated":true}]}}