{"id":265,"date":"2016-07-30T10:26:15","date_gmt":"2016-07-30T09:26:15","guid":{"rendered":"http:\/\/blog.uclm.es\/joseluismartinez\/es\/?page_id=265"},"modified":"2025-12-03T17:45:13","modified_gmt":"2025-12-03T16:45:13","slug":"national-conference-proceedings-2","status":"publish","type":"page","link":"https:\/\/blog.uclm.es\/joseluismartinez\/national-conference-proceedings-2\/","title":{"rendered":"National Conference Proceedings"},"content":{"rendered":"<p class=\"p1\" style=\"text-align: justify\">1. J.L. Martinez, P. Cuenca and F.J. Quiles, \u201cDVC: Un Nuevo Paradigma para la Codificaci\u00f3n de V\u00eddeo\u201d, Actas de las XVII Jornadas de Paralelismo (JP 2006), I.S.B.N.: 84 &#8211; 690-0551-0, pp.523-530, Albacete, Espa\u00f1a, Septiembre, 2006<\/p>\n<p class=\"p1\" style=\"text-align: justify\">2. J.L. Martinez, X, Artigas, F. Tarr\u00e9s, M. Martinez-Rach, M. Perez and P. Cuenca, \u201cLow-Complexity Distributed Video Coding Architecture\u201d, Actas de las XIX Jornadas de Paralelismo (JP 2008), I.S.B.N.: 978-84-8021-676-0, Castell\u00f3n, Espa\u00f1a, Septiembre, 2008<\/p>\n<p class=\"p1\" style=\"text-align: justify\">3. A. Corrales-Garcia, J.L. Martinez and F.J. Quiles, \u201cFuturos Avances en la Transcodificaci\u00f3n de V\u00eddeo DVC\u201d, Actas de las XX Jornadas de Paralelismo, I.S.B.N.: 84-9749-346-8, La Coru\u00f1a, Espa\u00f1a, Septiembre, 2009<\/p>\n<p class=\"p1\" style=\"text-align: justify\">4. R. Rodr\u00edguez, J.L. Mart\u00ednez, G. Fern\u00e1ndez, J.L. S\u00e1nchez and J.M. Claver, \u201cH.264\/AVC Inter Prediction in a Heterogeneous Computing System\u201d, Actas de las XXI Jornadas de Paralelismo, I.S.B.N.: 978-84-92812-49, Valencia, Espa\u00f1a, Septiembre, 2010<\/p>\n<p class=\"p1\" style=\"text-align: justify\">5. A. Corrales-Garcia, J.L. Martinez and F.J. Quiles, \u201cParalelizaci\u00f3n de la Codificaci\u00f3n Distribuida de V\u00eddeo en un Sistema Multicore\u201d, Actas de las XXI Jornadas de Paralelismo, I.S.B.N.: 978-84-92812-49, Valencia, Espa\u00f1a, Septiembre, 2010<\/p>\n<p class=\"p1\" style=\"text-align: justify\">6. A.J. Diaz Honrubia,; J.L. Martinez Martinez; P.A. Cuenca Castillo, \u201cTranscodificaci\u00f3n de v\u00eddeo h.264\/AVC a HEVC con varios frames de referencia \u201c, XXIV Jornadas de Paralelismo, ISBN: 978-84-695-8330-2, Septiembre 2013, Madrid<\/p>\n<p class=\"p1\" style=\"text-align: justify\">7. D. Ruiz Coll,; V. Adzic; R. Garcia; H. Kalva; G. Fernandez Escribano; J.L. Martinez,; P.A. Cuenca Castillo, \u201cAlgoritmo de baja complejidad para la predicci\u00f3n intra-frame en HEVC\u201d , XXIV Jornadas de Paralelismo, ISBN: 978-84-695-8330-2, Septiembre 2013, Madrid<\/p>\n<p class=\"p1\" style=\"text-align: justify\">8. R. Rodr\u00edguez-S\u00e1nchez, F. D. Igual, J. L. Mart\u00ednez, R. Mayo, E. S. Quintana-Ort\u00ed, \u201cEvaluacio\u00f3n de codificadores de v\u00eddeo actuales\u201d, XXIX Simposium Nacional de la Uni\u00f3n Cient\u00edfica Internacional de Radio. URSI 2014, Valencia, Septiembre 2014<\/p>\n<p class=\"p1\" style=\"text-align: justify\">9. D. Ruiz-Coll, G. Fern\u00e1ndez-Escribano, J.L. Mart\u00ednez y P. Cuenca. \u201cAn\u00e1lisis estad\u00edstico\u00a0de la eficiencia de la predicci\u00f3n direccional intra-cuadro en HEVC\u201d, Actas de las XXVI Jornadas de Paralelismo. pp. 500 &#8211; 508, ISBN 978-84-16017-52-2, C\u00f3rdoba, Spain, September 2015.<\/p>\n<p class=\"p1\" style=\"text-align: justify\">10. G. Cebrian-Marquez, J.L. Martinez y P. Cuenca, \u201cLimitando el uso de Cuadros de Referencia en HEVC\u201d, Actas de las XXVI Jornadas de Paralelismo. pp. 169 &#8211; 174, ISBN 978-84-16017-52-2, C\u00f3rdoba, Spain, September 2015.<\/p>\n<p class=\"p1\" style=\"text-align: justify\">11. A. J. Diaz-Honrubia, J.L. Martinez, P. Cuenca, J.M. Puerta y J.A. Gamez, \u201cAlgoritmo Adaptativo para la Decisi\u00f3n R\u00e1pida de Nivel para el Quadtree del Transcodificador H.264\/HEVC\u201d, Actas de las XXVI Jornadas de Paralelismo. pp. 82 &#8211; 87, ISBN 978-84-16017-52-2, C\u00f3rdoba, Spain, September 2015.<\/p>\n<p class=\"p1\" style=\"text-align: justify\">12. Javier Carrillo and Jos\u00e9 Luis Mart\u00ednez. \u201cT\u00e9cnica de ocultaci\u00f3n de malware\u201d. Actas de las XXVII Jornadas de Paralelismo. Salamanca, Spain. Septiembre, 2016<\/p>\n<p class=\"p1\" style=\"text-align: justify\">13. Juan Manuel Castelo and Jos\u00e9 Luis Mart\u00ednez. \u201cUn recorrido por el an\u00e1lisis forense\u201d. Actas de las XXVII Jornadas de Paralelismo. Salamanca, Spain. Septiembre, 2016<\/p>\n<p class=\"p1\" style=\"text-align: justify\">14. G. Cebrian-Marquez, J.L. Martinez y P. Cuenca, \u201cAlgoritmo de pre-an\u00e1lisis para la estimaci\u00f3n de movimiento en HEVC\u201d, Actas de las XXVII Jornadas de Paralelismo. Salamanca, Spain. Septiembre, 2016<\/p>\n<p class=\"p1\" style=\"text-align: justify\">15. G. Cebrian-Marquez, J.L. Martinez y P. Cuenca, \u201cUn r\u00e1pido vistazo a la codificaci\u00f3n de v\u00eddeo del futuro\u201d, Actas de las XXVIII Jornadas de Paralelismo. M\u00e1laga, Spain, Septiembre, 2017<\/p>\n<p class=\"p1\" style=\"text-align: justify\">16. Javier Carrillo y Jos\u00e9 Luis Mart\u00ednez, \u201cDetecci\u00f3n de vulnerabilidades basadas en Stack Overflow mediante DBI\u201d, Actas de las IV Jornadas Nacionales de Investigaci\u00f3n en Ciberseguridad (JNIC), San Sebastian, Spain, Junio 2018<\/p>\n<p class=\"p1\" style=\"text-align: justify\">17. Juan Manuel Castelo y Jos\u00e9 Luis Mart\u00ednez, \u201cForensic Analysis Overview in the IoT Environment. A Windows 10 IoT Core Approach\u201d, Actas de las V Jornadas Nacionales de Investigaci\u00f3n en Ciberseguridad (JNIC), C\u00e1ceres, Spain, Junio 2019<\/p>\n","protected":false},"excerpt":{"rendered":"<p>1. J.L. Martinez, P. Cuenca and F.J. Quiles, \u201cDVC: Un Nuevo Paradigma para la Codificaci\u00f3n de V\u00eddeo\u201d, Actas de las XVII Jornadas de Paralelismo (JP 2006), I.S.B.N.: 84 &#8211; 690-0551-0, pp.523-530, Albacete, Espa\u00f1a, Septiembre, 2006 2. J.L. Martinez, X, Artigas, F. Tarr\u00e9s, M. Martinez-Rach, M. Perez and P. Cuenca, \u201cLow-Complexity Distributed Video Coding Architecture\u201d, Actas &hellip; <a href=\"https:\/\/blog.uclm.es\/joseluismartinez\/national-conference-proceedings-2\/\" class=\"more-link\">Seguir leyendo <span class=\"screen-reader-text\">National Conference Proceedings<\/span> <span class=\"meta-nav\">&rarr;<\/span><\/a><\/p>\n","protected":false},"author":72,"featured_media":0,"parent":0,"menu_order":0,"comment_status":"closed","ping_status":"closed","template":"","meta":{"footnotes":""},"class_list":["post-265","page","type-page","status-publish","hentry"],"_links":{"self":[{"href":"https:\/\/blog.uclm.es\/joseluismartinez\/wp-json\/wp\/v2\/pages\/265","targetHints":{"allow":["GET"]}}],"collection":[{"href":"https:\/\/blog.uclm.es\/joseluismartinez\/wp-json\/wp\/v2\/pages"}],"about":[{"href":"https:\/\/blog.uclm.es\/joseluismartinez\/wp-json\/wp\/v2\/types\/page"}],"author":[{"embeddable":true,"href":"https:\/\/blog.uclm.es\/joseluismartinez\/wp-json\/wp\/v2\/users\/72"}],"replies":[{"embeddable":true,"href":"https:\/\/blog.uclm.es\/joseluismartinez\/wp-json\/wp\/v2\/comments?post=265"}],"version-history":[{"count":2,"href":"https:\/\/blog.uclm.es\/joseluismartinez\/wp-json\/wp\/v2\/pages\/265\/revisions"}],"predecessor-version":[{"id":724,"href":"https:\/\/blog.uclm.es\/joseluismartinez\/wp-json\/wp\/v2\/pages\/265\/revisions\/724"}],"wp:attachment":[{"href":"https:\/\/blog.uclm.es\/joseluismartinez\/wp-json\/wp\/v2\/media?parent=265"}],"curies":[{"name":"wp","href":"https:\/\/api.w.org\/{rel}","templated":true}]}}