{"id":217,"date":"2016-07-30T09:16:33","date_gmt":"2016-07-30T08:16:33","guid":{"rendered":"http:\/\/blog.uclm.es\/joseluismartinez\/es\/?page_id=217"},"modified":"2023-08-24T14:21:35","modified_gmt":"2023-08-24T13:21:35","slug":"presentacion-2","status":"publish","type":"page","link":"https:\/\/blog.uclm.es\/joseluismartinez\/","title":{"rendered":"PRESENTACI\u00d3N"},"content":{"rendered":"\n<div class=\"wp-block-columns is-layout-flex wp-container-core-columns-is-layout-9d6595d7 wp-block-columns-is-layout-flex\">\n<div class=\"wp-block-column is-layout-flow wp-block-column-is-layout-flow\" style=\"flex-basis:33.33%\">\n<figure class=\"wp-block-image size-large is-resized\"><img loading=\"lazy\" decoding=\"async\" src=\"https:\/\/blog.uclm.es\/joseluismartinez\/wp-content\/uploads\/sites\/138\/2016\/07\/cropped-20160726_112417-1024x1024.jpg\" alt=\"\" class=\"wp-image-589\" width=\"183\" height=\"183\" srcset=\"https:\/\/blog.uclm.es\/joseluismartinez\/wp-content\/uploads\/sites\/138\/2016\/07\/cropped-20160726_112417-1024x1024.jpg 1024w, https:\/\/blog.uclm.es\/joseluismartinez\/wp-content\/uploads\/sites\/138\/2016\/07\/cropped-20160726_112417-300x300.jpg 300w, https:\/\/blog.uclm.es\/joseluismartinez\/wp-content\/uploads\/sites\/138\/2016\/07\/cropped-20160726_112417-150x150.jpg 150w, https:\/\/blog.uclm.es\/joseluismartinez\/wp-content\/uploads\/sites\/138\/2016\/07\/cropped-20160726_112417-768x768.jpg 768w, https:\/\/blog.uclm.es\/joseluismartinez\/wp-content\/uploads\/sites\/138\/2016\/07\/cropped-20160726_112417-1536x1536.jpg 1536w, https:\/\/blog.uclm.es\/joseluismartinez\/wp-content\/uploads\/sites\/138\/2016\/07\/cropped-20160726_112417.jpg 1944w\" sizes=\"auto, (max-width: 183px) 100vw, 183px\" \/><\/figure>\n<\/div>\n\n\n\n<div class=\"wp-block-column is-layout-flow wp-block-column-is-layout-flow\" style=\"flex-basis:66.66%\">\n<p class=\"has-text-align-left has-small-font-size\">Soy Jos\u00e9 Luis Mart\u00ednez^2, profesor Catedr\u00e1tico de Universidad en el departamento de <a rel=\"noreferrer noopener\" href=\"http:\/\/dsi.uclm.es\/\" target=\"_blank\">Sistemas Inform\u00e1ticos<\/a> de la <a rel=\"noreferrer noopener\" href=\"http:\/\/www.uclm.es\" target=\"_blank\">Universidad de Castilla-La Mancha<\/a> (UCLM) y estoy adscrito en la <a rel=\"noreferrer noopener\" href=\"https:\/\/www.esiiab.uclm.es\/\" target=\"_blank\">Escuela Superior de Ingenier\u00eda Inform\u00e1tica <\/a>(ESII) de Albacete. La mayor parte de mi labor investigadora la realizo en el grupo de <a rel=\"noreferrer noopener\" href=\"http:\/\/www.i3a.uclm.es\/raap\/\" target=\"_blank\">Redes y Arquitecturas de Altas Prestaciones<\/a> (RAAP) del <a rel=\"noreferrer noopener\" href=\"http:\/\/www.i3a.uclm.es\/site\/index.php\" target=\"_blank\">Instituto de Investigaci\u00f3n en Inform\u00e1tica de Albacete<\/a> (i3a)<\/p>\n\n\n\n<p>Puedes encontrarme tambi\u00e9n en:<\/p>\n<\/div>\n<\/div>\n\n\n\n<div class=\"wp-block-columns is-layout-flex wp-container-core-columns-is-layout-9d6595d7 wp-block-columns-is-layout-flex\">\n<div class=\"wp-block-column is-layout-flow wp-block-column-is-layout-flow\"><div class=\"wp-block-image\">\n<figure class=\"aligncenter size-full is-resized\"><a href=\"https:\/\/twitter.com\/joseluis_pplu\" target=\"_blank\" rel=\"noreferrer noopener\"><img loading=\"lazy\" decoding=\"async\" src=\"https:\/\/blog.uclm.es\/joseluismartinez\/wp-content\/uploads\/sites\/138\/2016\/07\/images.png\" alt=\"\" class=\"wp-image-121\" width=\"48\" height=\"48\" srcset=\"https:\/\/blog.uclm.es\/joseluismartinez\/wp-content\/uploads\/sites\/138\/2016\/07\/images.png 204w, https:\/\/blog.uclm.es\/joseluismartinez\/wp-content\/uploads\/sites\/138\/2016\/07\/images-150x150.png 150w\" sizes=\"auto, (max-width: 48px) 100vw, 48px\" \/><\/a><\/figure>\n<\/div><\/div>\n\n\n\n<div class=\"wp-block-column is-layout-flow wp-block-column-is-layout-flow\"><div class=\"wp-block-image\">\n<figure class=\"aligncenter size-full\"><a href=\"https:\/\/www.linkedin.com\/in\/jos%C3%A9-luis-mart%C3%ADnez-mart%C3%ADnez-060679120?trk=nav_responsive_tab_profile\" target=\"_blank\" rel=\"noreferrer noopener\"><img loading=\"lazy\" decoding=\"async\" width=\"232\" height=\"63\" src=\"https:\/\/blog.uclm.es\/joseluismartinez\/wp-content\/uploads\/sites\/138\/2016\/07\/descarga2.png\" alt=\"\" class=\"wp-image-122\" \/><\/a><\/figure>\n<\/div><\/div>\n\n\n\n<div class=\"wp-block-column is-layout-flow wp-block-column-is-layout-flow\"><div class=\"wp-block-image\">\n<figure class=\"aligncenter size-full\"><a href=\"http:\/\/orcid.org\/0000-0001-5119-2418\" target=\"_blank\" rel=\"noreferrer noopener\"><img loading=\"lazy\" decoding=\"async\" width=\"131\" height=\"40\" src=\"https:\/\/blog.uclm.es\/joseluismartinez\/wp-content\/uploads\/sites\/138\/2016\/07\/descarga.png\" alt=\"\" class=\"wp-image-124\" \/><\/a><\/figure>\n<\/div><\/div>\n\n\n\n<div class=\"wp-block-column is-layout-flow wp-block-column-is-layout-flow\"><div class=\"wp-block-image\">\n<figure class=\"aligncenter size-full\"><a href=\"https:\/\/dblp.org\/pid\/00\/4229.html\" target=\"_blank\" rel=\"noreferrer noopener\"><img loading=\"lazy\" decoding=\"async\" width=\"307\" height=\"120\" src=\"https:\/\/blog.uclm.es\/joseluismartinez\/wp-content\/uploads\/sites\/138\/2016\/07\/descarga3.png\" alt=\"\" class=\"wp-image-123\" srcset=\"https:\/\/blog.uclm.es\/joseluismartinez\/wp-content\/uploads\/sites\/138\/2016\/07\/descarga3.png 307w, https:\/\/blog.uclm.es\/joseluismartinez\/wp-content\/uploads\/sites\/138\/2016\/07\/descarga3-300x117.png 300w\" sizes=\"auto, (max-width: 307px) 100vw, 307px\" \/><\/a><\/figure>\n<\/div><\/div>\n<\/div>\n\n\n\n<div class=\"wp-block-group\"><div class=\"wp-block-group__inner-container is-layout-constrained wp-block-group-is-layout-constrained\">\n<h2 class=\"wp-block-heading\">Contacto<\/h2>\n\n\n\n<p>Escuela Superior de Ingenier\u00eda Inform\u00e1tica<br>Campus Universitario<br>Avda. Espa\u00f1a s\/n &#8211; 02071 Albacete<br>Despacho 1.C.11<br>Tlf: +34 967 599200 &#8211; 2294<br>mail: joseluis(dot)martinez(at)uclm(dot)es<br>blog: https:\/\/blog.uclm.es\/joseluismartinez<\/p>\n<\/div><\/div>\n","protected":false},"excerpt":{"rendered":"<p>Soy Jos\u00e9 Luis Mart\u00ednez^2, profesor Catedr\u00e1tico de Universidad en el departamento de Sistemas Inform\u00e1ticos de la Universidad de Castilla-La Mancha (UCLM) y estoy adscrito en la Escuela Superior de Ingenier\u00eda Inform\u00e1tica (ESII) de Albacete. La mayor parte de mi labor investigadora la realizo en el grupo de Redes y Arquitecturas de Altas Prestaciones (RAAP) del &hellip; <a href=\"https:\/\/blog.uclm.es\/joseluismartinez\/\" class=\"more-link\">Seguir leyendo <span class=\"screen-reader-text\">PRESENTACI\u00d3N<\/span> <span class=\"meta-nav\">&rarr;<\/span><\/a><\/p>\n","protected":false},"author":72,"featured_media":0,"parent":0,"menu_order":0,"comment_status":"closed","ping_status":"closed","template":"","meta":{"footnotes":""},"class_list":["post-217","page","type-page","status-publish","hentry"],"_links":{"self":[{"href":"https:\/\/blog.uclm.es\/joseluismartinez\/wp-json\/wp\/v2\/pages\/217","targetHints":{"allow":["GET"]}}],"collection":[{"href":"https:\/\/blog.uclm.es\/joseluismartinez\/wp-json\/wp\/v2\/pages"}],"about":[{"href":"https:\/\/blog.uclm.es\/joseluismartinez\/wp-json\/wp\/v2\/types\/page"}],"author":[{"embeddable":true,"href":"https:\/\/blog.uclm.es\/joseluismartinez\/wp-json\/wp\/v2\/users\/72"}],"replies":[{"embeddable":true,"href":"https:\/\/blog.uclm.es\/joseluismartinez\/wp-json\/wp\/v2\/comments?post=217"}],"version-history":[{"count":9,"href":"https:\/\/blog.uclm.es\/joseluismartinez\/wp-json\/wp\/v2\/pages\/217\/revisions"}],"predecessor-version":[{"id":694,"href":"https:\/\/blog.uclm.es\/joseluismartinez\/wp-json\/wp\/v2\/pages\/217\/revisions\/694"}],"wp:attachment":[{"href":"https:\/\/blog.uclm.es\/joseluismartinez\/wp-json\/wp\/v2\/media?parent=217"}],"curies":[{"name":"wp","href":"https:\/\/api.w.org\/{rel}","templated":true}]}}