{"id":11,"date":"2016-04-20T17:00:18","date_gmt":"2016-04-20T16:00:18","guid":{"rendered":"http:\/\/blog.uclm.es\/josejesuscastro\/?page_id=11"},"modified":"2024-09-17T17:33:11","modified_gmt":"2024-09-17T17:33:11","slug":"sobre-este-blog","status":"publish","type":"page","link":"https:\/\/blog.uclm.es\/josejesuscastro\/","title":{"rendered":"Sobre este blog"},"content":{"rendered":"\n<p class=\"has-text-align-left\"><\/p>\n\n\n<div align=\"justify\">\n<p>Mi nombre es Jos\u00e9 Jes\u00fas Castro, soy profesor del <strong><a href=\"https:\/\/www.uclm.es\/departamentos\/dtsi\" target=\"_blank\" rel=\"noreferrer noopener\">Departamento de Tecnolog\u00edas y Sistemas de Informaci\u00f3n<\/a><\/strong>, con docencia en la <a href=\"http:\/\/www.esi.uclm.es\/\"><strong>Escuela Superior de Inform\u00e1tica<\/strong><\/a> y en la <strong><a href=\"https:\/\/www.uclm.es\/ciudad-real\/ETSII\">Escuela T\u00e9cnica Superior de Ingenier\u00eda Industrial<\/a><\/strong>\u00a0de la <a href=\"http:\/\/www.uclm.es\/\"><strong>Universidad de Castilla-La Mancha<\/strong><\/a>. En el curso 2015\/16 me decid\u00ed a poner en marcha este blog, despu\u00e9s de un curso muy enriquecedor, uno de esos en los que uno se siente especialmente satisfecho por la tarea docente realizada. El blog nac\u00eda con la intenci\u00f3n de ser el medio en el que publicar contenidos relacionados con la docencia que imparto, con la experiencia de ser docente en general y con aquellos aspectos del mundo universitario que nos afectan cuando desempe\u00f1amos nuestra labor docente.<\/p>\n<p>Mi idea inicial es publicar historias\/reflexiones\/noticias con una periodicidad normal\/alta (tratado como valor difuso). No obstante, a veces ocurre, y quiz\u00e1s con m\u00e1s frecuencia de lo que nos gustar\u00eda, que ese \u00edmpetu con el que se comienza todo proyecto, poco a poco va decayendo. \u00a1Espero que esto no ocurra con este proyecto! Sirva esta presentaci\u00f3n del blog como una declaraci\u00f3n de intenciones que me comprometo cumplir. De hecho, la leer\u00e9 de vez en cuando, sobre todo en aquellos momentos en los que quiera hacer \u00abrenovaci\u00f3n de votos de relaci\u00f3n formal\u00bb con mi blog.<\/p>\n<p>Como sabr\u00e1s, en un blog, las publicaciones se presentan en orden cronol\u00f3gico inverso, es decir, lo que se ha publicado m\u00e1s reciente ser\u00e1 lo primero que aparecer\u00e1 en la pantalla. Por lo que, para facilitar la consulta de historias anteriores, se ha empleado un men\u00fa de navegaci\u00f3n por categor\u00edas, una por cada asignatura que imparto o he impartido, y un miscel\u00e1neo en el que tratar\u00e9 temas relacionados con la docencia y la universidad. De este modo, cada categor\u00eda agrupa las publicaciones relacionadas con ella.<\/p>\n<p>En este blog no encontrar\u00e1s informaci\u00f3n sobre m\u00ed, no presento la investigaci\u00f3n que he realizado o estoy realizando, ni la docencia que he impartido o imparto, ni la labor de gesti\u00f3n que desempe\u00f1o en la actualidad o he desarrollado a lo largo del tiempo, tampoco est\u00e1n aqu\u00ed los enlaces a las publicaciones que tengo. Para ello he puesto un enlace en el blog a mi web, que es el lugar en el que podr\u00e1s obtener informaci\u00f3n <a href=\"http:\/\/www.esi.uclm.es\/www\/jjcastro\/\"><strong>sobre m\u00ed<\/strong><\/a>&#8211; Queda por tanto este espacio, \u00fanica y exclusivamente, reservado para la publicaci\u00f3n de mis reflexiones.<\/p>\n<p>Estoy seguro de que, para m\u00ed, este blog va a ser de una grand\u00edsima ayuda, ya que me va a permitir tener mis momentos de reflexi\u00f3n sobre mi d\u00eda a d\u00eda como docente. Me gustar\u00eda que tambi\u00e9n a ti, que has llegado aqu\u00ed de forma casual a trav\u00e9s de las p\u00e1ginas de resultados de los buscadores (las Search Engiene Results Page, m\u00e1s conocidas como SERP), te pueda aportar algo. \u00a1Ah! Y si necesitas contactar conmigo, mira <a href=\"http:\/\/www.esi.uclm.es\/www\/jjcastro\/contacta.html\"><strong>mis datos de contacto<\/strong><\/a>, no dudes en escribirme si lo deseas.<\/p>\n<p><a href=\"http:\/\/www.esi.uclm.es\/www\/jjcastro\/\"><strong>J.J. Castro-Schez<\/strong><\/a><br \/>Ciudad Real, 21\/04\/2015<\/p>\n<\/div>\n<p><!--more--><\/p>\n<p><!--more--><\/p>\n<p><!--more--><\/p>","protected":false},"excerpt":{"rendered":"<p>Mi nombre es Jos\u00e9 Jes\u00fas Castro, soy profesor del Departamento de Tecnolog\u00edas y Sistemas de Informaci\u00f3n, con docencia en la Escuela Superior de Inform\u00e1tica y en la Escuela T\u00e9cnica Superior de Ingenier\u00eda Industrial\u00a0de la Universidad de Castilla-La Mancha. En el curso 2015\/16 me decid\u00ed a poner en marcha este blog, despu\u00e9s de un curso muy [&hellip;]<\/p>\n","protected":false},"author":85,"featured_media":0,"parent":0,"menu_order":0,"comment_status":"closed","ping_status":"closed","template":"","meta":{"footnotes":""},"class_list":["post-11","page","type-page","status-publish","hentry"],"_links":{"self":[{"href":"https:\/\/blog.uclm.es\/josejesuscastro\/wp-json\/wp\/v2\/pages\/11","targetHints":{"allow":["GET"]}}],"collection":[{"href":"https:\/\/blog.uclm.es\/josejesuscastro\/wp-json\/wp\/v2\/pages"}],"about":[{"href":"https:\/\/blog.uclm.es\/josejesuscastro\/wp-json\/wp\/v2\/types\/page"}],"author":[{"embeddable":true,"href":"https:\/\/blog.uclm.es\/josejesuscastro\/wp-json\/wp\/v2\/users\/85"}],"replies":[{"embeddable":true,"href":"https:\/\/blog.uclm.es\/josejesuscastro\/wp-json\/wp\/v2\/comments?post=11"}],"version-history":[{"count":10,"href":"https:\/\/blog.uclm.es\/josejesuscastro\/wp-json\/wp\/v2\/pages\/11\/revisions"}],"predecessor-version":[{"id":1546,"href":"https:\/\/blog.uclm.es\/josejesuscastro\/wp-json\/wp\/v2\/pages\/11\/revisions\/1546"}],"wp:attachment":[{"href":"https:\/\/blog.uclm.es\/josejesuscastro\/wp-json\/wp\/v2\/media?parent=11"}],"curies":[{"name":"wp","href":"https:\/\/api.w.org\/{rel}","templated":true}]}}