{"id":99,"date":"2017-12-23T10:30:03","date_gmt":"2017-12-23T09:30:03","guid":{"rendered":"http:\/\/blog.uclm.es\/joseasanchez\/?page_id=99"},"modified":"2025-06-26T10:15:42","modified_gmt":"2025-06-26T10:15:42","slug":"parataxis-2-0","status":"publish","type":"page","link":"https:\/\/blog.uclm.es\/joseasanchez\/parataxis-2-0\/","title":{"rendered":"Parataxis 2.0"},"content":{"rendered":"\n<h5 class=\"wp-block-heading\"><\/h5>\n\n\n\n<h6 class=\"wp-block-heading\">\u00abUna tentativa de escritura igualitaria para pensar relaciones igualitarias: artes, literaturas, experiencias.\u00bb<\/h6>\n\n\n\n<p>Comenc\u00e9 la publicaci\u00f3n de este blog durante una estancia en la Universidad de Roehampton, Londres, con motivo de un a\u00f1o sab\u00e1tico, entre septiembre de 2010 y julio de 2011. Posteriormente, he ido a\u00f1adiendo entradas que tambi\u00e9n est\u00e1n recogidas en el blog principal. <\/p>\n\n\n\n<p>Entradas seleccionadas:<\/p>\n\n\n\n<p><a href=\"https:\/\/parataxis20.wordpress.com\/2016\/04\/08\/experiencia-y-realidad-2016\/\">Expansi\u00f3n y realidad<\/a>&nbsp;(2016)<\/p>\n\n\n\n<p><a href=\"https:\/\/parataxis20.wordpress.com\/2016\/03\/21\/despues-de-los-incontados\/\">Despu\u00e9s de&nbsp;<em>Los&nbsp;<\/em><i>incontados<\/i><\/a>&nbsp;(2016)<\/p>\n\n\n\n<p><a href=\"https:\/\/parataxis20.wordpress.com\/2015\/02\/01\/la-emocion-y-el-trabajo\/\">La emoci\u00f3n y el trabajo<\/a> (2015)<\/p>\n\n\n\n<p><a href=\"https:\/\/parataxis20.wordpress.com\/2015\/07\/12\/dispositivos-de-participacion\/\">Dispositivos de participaci\u00f3n<\/a> (2015)<\/p>\n\n\n\n<p><a href=\"https:\/\/parataxis20.wordpress.com\/2011\/04\/18\/primavera-en-jerusalen\/\">Primavera en Jerusal\u00e9n<\/a> (2011)<\/p>\n\n\n\n<p><a href=\"https:\/\/parataxis20.wordpress.com\/2011\/07\/22\/quien-tiene-miedo-de-la-representacion\/\">Qui\u00e9n tiene miedo de la representaci\u00f3n<\/a> (2011)<\/p>\n\n\n\n<p>Ir al blog <a href=\"https:\/\/parataxis20.wordpress.com\">Parataxis 2.0<\/a><\/p>\n","protected":false},"excerpt":{"rendered":"<p>\u00abUna tentativa de escritura igualitaria para pensar relaciones igualitarias: artes, literaturas, experiencias.\u00bb Comenc\u00e9 la publicaci\u00f3n de este blog durante una estancia en la Universidad de Roehampton, Londres, con motivo de un a\u00f1o sab\u00e1tico, entre septiembre de 2010 y julio de 2011. Posteriormente, he ido a\u00f1adiendo entradas que tambi\u00e9n est\u00e1n recogidas en el blog principal. Entradas [&hellip;]<\/p>\n","protected":false},"author":285,"featured_media":0,"parent":0,"menu_order":0,"comment_status":"closed","ping_status":"closed","template":"","meta":{"footnotes":""},"class_list":["post-99","page","type-page","status-publish","hentry"],"_links":{"self":[{"href":"https:\/\/blog.uclm.es\/joseasanchez\/wp-json\/wp\/v2\/pages\/99","targetHints":{"allow":["GET"]}}],"collection":[{"href":"https:\/\/blog.uclm.es\/joseasanchez\/wp-json\/wp\/v2\/pages"}],"about":[{"href":"https:\/\/blog.uclm.es\/joseasanchez\/wp-json\/wp\/v2\/types\/page"}],"author":[{"embeddable":true,"href":"https:\/\/blog.uclm.es\/joseasanchez\/wp-json\/wp\/v2\/users\/285"}],"replies":[{"embeddable":true,"href":"https:\/\/blog.uclm.es\/joseasanchez\/wp-json\/wp\/v2\/comments?post=99"}],"version-history":[{"count":2,"href":"https:\/\/blog.uclm.es\/joseasanchez\/wp-json\/wp\/v2\/pages\/99\/revisions"}],"predecessor-version":[{"id":3469,"href":"https:\/\/blog.uclm.es\/joseasanchez\/wp-json\/wp\/v2\/pages\/99\/revisions\/3469"}],"wp:attachment":[{"href":"https:\/\/blog.uclm.es\/joseasanchez\/wp-json\/wp\/v2\/media?parent=99"}],"curies":[{"name":"wp","href":"https:\/\/api.w.org\/{rel}","templated":true}]}}