{"id":415,"date":"2018-01-13T19:57:54","date_gmt":"2018-01-13T18:57:54","guid":{"rendered":"http:\/\/blog.uclm.es\/joseasanchez\/?page_id=415"},"modified":"2026-01-10T12:23:02","modified_gmt":"2026-01-10T12:23:02","slug":"resenas","status":"publish","type":"page","link":"https:\/\/blog.uclm.es\/joseasanchez\/resenas\/","title":{"rendered":"Rese\u00f1as"},"content":{"rendered":"\n<h4 class=\"wp-block-heading\"><strong>Rese\u00f1as de literatura, cine, filosof\u00eda y artes esc\u00e9nicas<\/strong><\/h4>\n\n\n\n<h5 class=\"wp-block-heading\">Lecturas<\/h5>\n\n\n\n<p><a href=\"http:\/\/blog.uclm.es\/joseasanchez\/2013\/12\/05\/del-cuerpo-a-la-red-2013\/\">Del cuerpo a la red<\/a>, de Fernando Quesada (2013)<\/p>\n\n\n\n<p><a href=\"https:\/\/parataxis20.wordpress.com\/2011\/02\/11\/punto-omega-agotamiento-y-escala\/\">Punto Omega<\/a>, de Don de Lillo (2010)<\/p>\n\n\n\n<p><a href=\"http:\/\/blog.uclm.es\/joseasanchez\/2010\/04\/13\/comunicacion-y-poder\/\">Comunicaci\u00f3n y poder<\/a><a href=\"http:\/\/blog.uclm.es\/joseasanchez\/2010\/12\/15\/tratado-de-teologia-2005\/\">,<\/a> de Manuel Castells (2009 \/ 2010)<\/p>\n\n\n\n<p><a href=\"http:\/\/blog.uclm.es\/joseasanchez\/2010\/12\/15\/tratado-de-teologia-2005\/\">Tratado de ateolog\u00eda<\/a>, de Michel Onfray (2005)<\/p>\n\n\n\n<p><a href=\"http:\/\/blog.uclm.es\/joseasanchez\/2007\/05\/15\/lo-real-2001\/\">Lo real<\/a>, de Bel\u00e9n Gopegui (2001)<\/p>\n\n\n\n<p><a href=\"http:\/\/blog.uclm.es\/joseasanchez\/2005\/05\/13\/la-estetica-relacional-de-nicolas-bourriaud\/\">Est\u00e9tica relacional<\/a>, de Nicol\u00e1s Bourriaud (1997)<\/p>\n\n\n\n<p><a href=\"http:\/\/blog.uclm.es\/joseasanchez\/2004\/11\/11\/las-reglas-del-arte\/\">Las reglas del arte<\/a>, de Pierre Bourdieu (1992)<\/p>\n\n\n\n<p><a href=\"http:\/\/blog.uclm.es\/joseasanchez\/2007\/01\/15\/esperando-a-los-barbaros-1980\/\">Esperando a los b\u00e1rbaros<\/a>, de J.M. Coetzee (1980)<\/p>\n\n\n\n<h5 class=\"wp-block-heading\">Presencias<\/h5>\n\n\n\n<p><em><a href=\"https:\/\/blog.uclm.es\/joseasanchez\/2021\/06\/25\/a-nublo\/\">A Nublo<\/a><\/em>, de Mar\u00eda Jerez y Edurne Rubio (2021)<\/p>\n\n\n\n<p><a href=\"http:\/\/blog.uclm.es\/joseasanchez\/las-ultracosas-de-cuqui-jerez\/\">Las ultracosas<\/a>, de Cuqui Jerez (2020)<\/p>\n\n\n\n<p><a href=\"http:\/\/blog.uclm.es\/joseasanchez\/2014\/02\/17\/ya-llegan-los-personajes-2015\/\">Ya llegan los personajes<\/a>, de Los Torreznos y Juan Dom\u00ednguez (2014)<\/p>\n\n\n\n<p><a href=\"http:\/\/blog.uclm.es\/joseasanchez\/2015\/06\/20\/atlas-2011\/\">Atlas,<\/a> de&nbsp;Ana Borralho y&nbsp;Jo\u00e3o&nbsp;Galante (2011)<\/p>\n\n\n\n<p><a href=\"http:\/\/blog.uclm.es\/joseasanchez\/2009\/09\/15\/while-we-were-holding-it-together-2009\/\">While we were holding it together<\/a>, de Ivana M\u00fcller (2009)<\/p>\n\n\n\n<p><a href=\"http:\/\/blog.uclm.es\/joseasanchez\/2009\/11\/30\/llamame-mariachi\/\">Ll\u00e1mame Mariachi<\/a>, de La Ribot (2009)<\/p>\n\n\n\n<p><a href=\"http:\/\/blog.uclm.es\/joseasanchez\/2008\/10\/15\/la-danza-que-se-toca-2008\/\">La danza que se toca<\/a>, sobre Solo a ciegas, de Olga Mesa (2008)<\/p>\n\n\n\n<p><a href=\"http:\/\/blog.uclm.es\/joseasanchez\/2008\/10\/24\/kairos-sisifos-y-zombies-2008\/\">Kair\u00f3s, S\u00edsifos y Zombies<\/a>, de L&#8217;Alakran (2008)<\/p>\n\n\n\n<p><a href=\"http:\/\/blog.uclm.es\/joseasanchez\/2008\/10\/15\/memory-2008\/\">Memory<\/a>, de Living Dance Studio (2008)<\/p>\n\n\n\n<p><a href=\"http:\/\/blog.uclm.es\/joseasanchez\/2007\/07\/15\/perro-muerto-en-tintoreria-los-fuertes-2007\/\">Perro muerto en tintorer\u00eda. Los fuertes<\/a>, de Ang\u00e9lica Liddell (2007)<\/p>\n\n\n\n<p><a href=\"http:\/\/blog.uclm.es\/joseasanchez\/2007\/09\/15\/moviendo-fijamente-la-mirada-2007\/\">Moviendo fijamente la mirada<\/a>, sobre una pieza de La Ribot (2007)<\/p>\n\n\n\n<p><a href=\"http:\/\/blog.uclm.es\/joseasanchez\/2006\/05\/21\/testimoni-de-llops-2006\/\">Testimoni de Llops<\/a>, de Mal Pelo (2006)<\/p>\n\n\n\n<p><a href=\"http:\/\/blog.uclm.es\/joseasanchez\/2006\/09\/09\/la-construccion-del-accidente-2006\/\">La construcci\u00f3n del accidente<\/a>, sobre una pieza de Cuqui Jerez (2006)<\/p>\n\n\n\n<p><a href=\"http:\/\/blog.uclm.es\/joseasanchez\/2005\/05\/15\/pichet-klunchun-myself-2005\/\">Pichet Klunchun and Myself<\/a>, de Jerome Bel (2005)<\/p>\n\n\n\n<p><a href=\"http:\/\/blog.uclm.es\/joseasanchez\/2003\/11\/13\/todos-los-buenos-espias-tienen-mi-edad\/\">Todos los buenos esp\u00edas tienen mi edad<\/a>, de Juan Dom\u00ednguez (2002)<\/p>\n\n\n\n<p><a href=\"http:\/\/blog.uclm.es\/joseasanchez\/2009\/07\/15\/the-continuum-beyond-the-killing-fields-2002\/\">The Continuum. Beyond the Killing Fields<\/a>, de Ong Keng Sen (2002)<\/p>\n\n\n\n<p><a href=\"http:\/\/blog.uclm.es\/joseasanchez\/2006\/08\/13\/three-posters\/\">Three posters<\/a>, de Rabih Mrou\u00e9 y Elias Khoury (2000 \/ 2006)<\/p>\n\n\n\n<p><a href=\"https:\/\/blog.uclm.es\/joseasanchez\/2000\/10\/16\/jeanne-public-lab-9-de-barbara-manzetti\/\">Jeanne public \/ lab9<\/a>, de Barbara Manzetti (2000)<\/p>\n\n\n\n<p><a href=\"https:\/\/blog.uclm.es\/joseasanchez\/1998\/04\/06\/desordenes-para-un-cuarteto-de-olga-mesa\/\">Des\u00f3rdenes para un cuarteto<\/a>, de Olga Mesa (1998)<\/p>\n\n\n\n<p><a href=\"http:\/\/blog.uclm.es\/joseasanchez\/etihw\/\">ETIHW<\/a>, de Anne Carlson (1995)<\/p>\n\n\n\n<p><a href=\"https:\/\/blog.uclm.es\/joseasanchez\/1993\/09\/27\/ojo-caliente-de-john-jesurun\/\">Ojo Caliente<\/a>, de John Jesurun (1993)<\/p>\n\n\n\n<h5 class=\"wp-block-heading\">Miradas<\/h5>\n\n\n\n<p><a href=\"https:\/\/blog.uclm.es\/joseasanchez\/2024\/12\/21\/tardes-de-soledad\/\">Tardes de soledad<\/a> (2024)<\/p>\n\n\n\n<p><a href=\"http:\/\/blog.uclm.es\/joseasanchez\/2007\/01\/13\/la-vida-de-los-otros\/\">La vida de los otros<\/a>, de Florian Henckel (2006)<\/p>\n\n\n\n<p><a href=\"http:\/\/blog.uclm.es\/joseasanchez\/2005\/12\/15\/madeinusa-2005\/\">Madeinusa<\/a>, de Claudia Llosa (2005)<\/p>\n\n\n\n<p><a href=\"http:\/\/blog.uclm.es\/joseasanchez\/2005\/10\/15\/un-cuento-de-cine-2005\/\">Un cuento de cine<\/a>, de Hong Sang-soo (2005)<\/p>\n\n\n\n<p><a href=\"http:\/\/blog.uclm.es\/joseasanchez\/2005\/01\/15\/s-21-la-maquina-de-matar-2003\/\">S-21. La m\u00e1quina de matar<\/a>, de Rithy Pahn (2003)<\/p>\n\n\n\n<p><a href=\"http:\/\/blog.uclm.es\/joseasanchez\/2004\/11\/15\/ararat-2002\/\">Ararat<\/a>, de Atom Egoyan (2002)<\/p>\n\n\n\n<p><a href=\"http:\/\/blog.uclm.es\/joseasanchez\/2004\/11\/15\/la-commune-paris-1871-1999\/\">La Commune (Paris, 1871)<\/a>, de Peter Watkins (1999)<\/p>\n\n\n\n<p><a href=\"http:\/\/blog.uclm.es\/joseasanchez\/2004\/06\/15\/los-idiotas-1998\/\">Los Idiotas<\/a>, de Lars von Trier (1998)<\/p>\n\n\n\n<p><a href=\"http:\/\/blog.uclm.es\/joseasanchez\/2007\/06\/15\/haonan-haonu-1995\/\">Haonan Haonu<\/a>, de Hou Hsiao Asien (1995)<\/p>\n\n\n\n<p><a href=\"http:\/\/blog.uclm.es\/joseasanchez\/2005\/02\/15\/relampago-sobre-el-agua-1979\/\">Rel\u00e1mpago sobre el agua<\/a>, de Wim Wenders (1979)<\/p>\n\n\n\n<p><a href=\"http:\/\/blog.uclm.es\/joseasanchez\/2011\/03\/13\/la-regla-de-juego\/\">La regla de juego<\/a>, de Jean Renoir (1939)<\/p>\n","protected":false},"excerpt":{"rendered":"<p>Rese\u00f1as de literatura, cine, filosof\u00eda y artes esc\u00e9nicas Lecturas Del cuerpo a la red, de Fernando Quesada (2013) Punto Omega, de Don de Lillo (2010) Comunicaci\u00f3n y poder, de Manuel Castells (2009 \/ 2010) Tratado de ateolog\u00eda, de Michel Onfray (2005) Lo real, de Bel\u00e9n Gopegui (2001) Est\u00e9tica relacional, de Nicol\u00e1s Bourriaud (1997) Las reglas [&hellip;]<\/p>\n","protected":false},"author":285,"featured_media":0,"parent":0,"menu_order":0,"comment_status":"closed","ping_status":"closed","template":"","meta":{"footnotes":""},"class_list":["post-415","page","type-page","status-publish","hentry"],"_links":{"self":[{"href":"https:\/\/blog.uclm.es\/joseasanchez\/wp-json\/wp\/v2\/pages\/415","targetHints":{"allow":["GET"]}}],"collection":[{"href":"https:\/\/blog.uclm.es\/joseasanchez\/wp-json\/wp\/v2\/pages"}],"about":[{"href":"https:\/\/blog.uclm.es\/joseasanchez\/wp-json\/wp\/v2\/types\/page"}],"author":[{"embeddable":true,"href":"https:\/\/blog.uclm.es\/joseasanchez\/wp-json\/wp\/v2\/users\/285"}],"replies":[{"embeddable":true,"href":"https:\/\/blog.uclm.es\/joseasanchez\/wp-json\/wp\/v2\/comments?post=415"}],"version-history":[{"count":9,"href":"https:\/\/blog.uclm.es\/joseasanchez\/wp-json\/wp\/v2\/pages\/415\/revisions"}],"predecessor-version":[{"id":4578,"href":"https:\/\/blog.uclm.es\/joseasanchez\/wp-json\/wp\/v2\/pages\/415\/revisions\/4578"}],"wp:attachment":[{"href":"https:\/\/blog.uclm.es\/joseasanchez\/wp-json\/wp\/v2\/media?parent=415"}],"curies":[{"name":"wp","href":"https:\/\/api.w.org\/{rel}","templated":true}]}}