{"id":3410,"date":"2010-06-25T11:21:00","date_gmt":"2010-06-25T11:21:00","guid":{"rendered":"https:\/\/blog.uclm.es\/joseasanchez\/?page_id=3410"},"modified":"2025-07-16T12:35:41","modified_gmt":"2025-07-16T12:35:41","slug":"miscelanea","status":"publish","type":"page","link":"https:\/\/blog.uclm.es\/joseasanchez\/miscelanea\/","title":{"rendered":"Miscel\u00e1nea"},"content":{"rendered":"\n<p><\/p>\n\n\n\n<p><a href=\"https:\/\/blog.uclm.es\/joseasanchez\/2025\/06\/13\/san-antonio-perez-de-cuenca\/\" data-type=\"link\" data-id=\"https:\/\/blog.uclm.es\/joseasanchez\/2025\/06\/13\/san-antonio-perez-de-cuenca\/\">(San) Antonio P\u00e9rez (de Cuenca)<\/a>(2025)<\/p>\n\n\n\n<p><a href=\"https:\/\/blog.uclm.es\/joseasanchez\/2022\/12\/28\/a-quien-corresponda\/\">A quien corresponda<\/a> (2023)<\/p>\n\n\n\n<p><a href=\"https:\/\/blog.uclm.es\/joseasanchez\/2018\/04\/14\/prologo-y-dedicatoria-en-la-presentacion-de-palabras-ajenas-en-madrid\/\">Pr\u00f3logo y dedicatoria en la presentaci\u00f3n de&nbsp;<em>Palabras ajenas&nbsp;<\/em> en Madrid<\/a> (2018)<\/p>\n\n\n\n<p><a href=\"https:\/\/blog.uclm.es\/joseasanchez\/2011\/01\/14\/photomusee-de-la-danse-2010\/\">Photomus\u00e9e de la danse<\/a> (2011)<\/p>\n\n\n\n<p><a href=\"http:\/\/blog.uclm.es\/joseasanchez\/2007\/02\/14\/encuesta-sobre-ensenanza-artistica-2006\/\">Encuesta sobre ense\u00f1anza art\u00edstica<\/a> (2006)<\/p>\n\n\n\n<p><a href=\"https:\/\/blog.uclm.es\/joseasanchez\/2007\/10\/11\/en-la-recepcion-del-premio-sebastia-gasch\/\">En la recepci\u00f3n del Premio Sebasti\u00e0 Gasch<\/a> (2007)<\/p>\n\n\n\n<p><a href=\"http:\/\/blog.uclm.es\/joseasanchez\/2007\/01\/14\/informe-sobre-la-incidencia-de-la-creacion-escenica-espanola-en-el-exterior-2007\/\">Informe sobre la incidencia de la creaci\u00f3n esc\u00e9nica espa\u00f1ola en el exterior<\/a> (2007)<\/p>\n\n\n\n<p><a href=\"http:\/\/blog.uclm.es\/joseasanchez\/2000\/02\/21\/la-ensenanza-de-las-bellas-artes-en-espana-2000\/\">La ense\u00f1anza de las (bellas) artes<\/a> (2000)<\/p>\n\n\n\n<p><a href=\"https:\/\/blog.uclm.es\/joseasanchez\/1997\/11\/04\/ellen-stewart-teatro-amor-universo\/\">Ellen Stewart, teatro, amor, universo<\/a> (1997)<\/p>\n\n\n\n<p><a href=\"https:\/\/blog.uclm.es\/joseasanchez\/1997\/09\/11\/el-ladron-de-miradas-1997\/\">El ladr\u00f3n de miradas<\/a> (1997)<\/p>\n\n\n\n<p><a href=\"https:\/\/blog.uclm.es\/joseasanchez\/1994\/05\/11\/las-40-horas\/\" data-type=\"post\" data-id=\"4339\">Las 40 horas<\/a> (1994)<\/p>\n","protected":false},"excerpt":{"rendered":"<p>(San) Antonio P\u00e9rez (de Cuenca)(2025) A quien corresponda (2023) Pr\u00f3logo y dedicatoria en la presentaci\u00f3n de&nbsp;Palabras ajenas&nbsp; en Madrid (2018) Photomus\u00e9e de la danse (2011) Encuesta sobre ense\u00f1anza art\u00edstica (2006) En la recepci\u00f3n del Premio Sebasti\u00e0 Gasch (2007) Informe sobre la incidencia de la creaci\u00f3n esc\u00e9nica espa\u00f1ola en el exterior (2007) La ense\u00f1anza de las [&hellip;]<\/p>\n","protected":false},"author":285,"featured_media":0,"parent":0,"menu_order":0,"comment_status":"closed","ping_status":"closed","template":"","meta":{"footnotes":""},"class_list":["post-3410","page","type-page","status-publish","hentry"],"_links":{"self":[{"href":"https:\/\/blog.uclm.es\/joseasanchez\/wp-json\/wp\/v2\/pages\/3410","targetHints":{"allow":["GET"]}}],"collection":[{"href":"https:\/\/blog.uclm.es\/joseasanchez\/wp-json\/wp\/v2\/pages"}],"about":[{"href":"https:\/\/blog.uclm.es\/joseasanchez\/wp-json\/wp\/v2\/types\/page"}],"author":[{"embeddable":true,"href":"https:\/\/blog.uclm.es\/joseasanchez\/wp-json\/wp\/v2\/users\/285"}],"replies":[{"embeddable":true,"href":"https:\/\/blog.uclm.es\/joseasanchez\/wp-json\/wp\/v2\/comments?post=3410"}],"version-history":[{"count":4,"href":"https:\/\/blog.uclm.es\/joseasanchez\/wp-json\/wp\/v2\/pages\/3410\/revisions"}],"predecessor-version":[{"id":4344,"href":"https:\/\/blog.uclm.es\/joseasanchez\/wp-json\/wp\/v2\/pages\/3410\/revisions\/4344"}],"wp:attachment":[{"href":"https:\/\/blog.uclm.es\/joseasanchez\/wp-json\/wp\/v2\/media?parent=3410"}],"curies":[{"name":"wp","href":"https:\/\/api.w.org\/{rel}","templated":true}]}}