{"id":185,"date":"2017-12-26T16:18:12","date_gmt":"2017-12-26T15:18:12","guid":{"rendered":"http:\/\/blog.uclm.es\/joseasanchez\/?page_id=185"},"modified":"2026-02-03T19:58:02","modified_gmt":"2026-02-03T19:58:02","slug":"2010-2017","status":"publish","type":"page","link":"https:\/\/blog.uclm.es\/joseasanchez\/2010-2017\/","title":{"rendered":"Textos en l\u00ednea"},"content":{"rendered":"\n<h5 class=\"wp-block-heading\">2020-2025<\/h5>\n\n\n\n<ul class=\"wp-block-list\">\n<li><a href=\"https:\/\/blog.uclm.es\/joseasanchez\/2025\/11\/12\/materia-en-fuga\/\">Materia en fuga <\/a>(2025)<\/li>\n\n\n\n<li><a href=\"https:\/\/blog.uclm.es\/joseasanchez\/2025\/08\/20\/etica-en-el-teatro\/\" data-type=\"post\" data-id=\"4393\">\u00c9tica en el teatro<\/a> (2025)<\/li>\n\n\n\n<li><a href=\"https:\/\/blog.uclm.es\/joseasanchez\/2024\/06\/15\/indagacion-sobre-lo-justo-mas-alla-de-la-representacion\/\">Indagaci\u00f3n sobre lo justo: m\u00e1s all\u00e1 de la representaci\u00f3n<\/a> (2023)<\/li>\n\n\n\n<li><a href=\"https:\/\/blog.uclm.es\/joseasanchez\/2024\/02\/05\/entrevista\/\">No se trata de construir mundos paralelos&#8230;<\/a> (2023)<\/li>\n\n\n\n<li><a href=\"https:\/\/blog.uclm.es\/joseasanchez\/2023\/10\/09\/sueno-en-el-amazonas\/\">Sue\u00f1o en el Amazonas<\/a> (2023)<\/li>\n\n\n\n<li><a href=\"https:\/\/blog.uclm.es\/joseasanchez\/2023\/03\/28\/la-ficcion-como-procedimiento-de-investigacion\/\" data-type=\"post\" data-id=\"4634\">La ficci\u00f3n como procedimiento de investigaci\u00f3n<\/a> (2023)<\/li>\n\n\n\n<li><a href=\"https:\/\/blog.uclm.es\/joseasanchez\/la-ideologia-y-las-bacterias\/\">La ideolog\u00eda y las bacterias<\/a> (2023)<\/li>\n\n\n\n<li><a href=\"http:\/\/Lo que no pudimos ver\">Lo que no pudimos ver<\/a> (2022)<\/li>\n\n\n\n<li><a href=\"https:\/\/blog.uclm.es\/joseasanchez\/2022\/10\/29\/variation-on-the-unaccounted-a-triptych-by-mapa-teatro\/\">Variation on The Unaccounted: A Triptych, by Mapa Teatro<\/a> (2022)<\/li>\n\n\n\n<li><a href=\"https:\/\/blog.uclm.es\/joseasanchez\/2024\/06\/29\/voces-y-lenguas\/\">Voces y lenguas<\/a> (2021)<\/li>\n\n\n\n<li><a href=\"https:\/\/blog.uclm.es\/joseasanchez\/2021\/12\/17\/merdre\/\">Merdre!<\/a> (2021)<\/li>\n\n\n\n<li><a href=\"https:\/\/blog.uclm.es\/joseasanchez\/2021\/11\/24\/cuerpos-poeticos-2\/\">Cuerpos po\u00e9ticos: el espacio como campo de experimentaci\u00f3n \u00e9tica<\/a> (2021)<\/li>\n\n\n\n<li><a href=\"https:\/\/blog.uclm.es\/joseasanchez\/2021\/06\/25\/a-nublo\/\" data-type=\"post\" data-id=\"4575\">A Nublo,<\/a> de Mar\u00eda Jerez y Edurne Rubio (2021)<\/li>\n\n\n\n<li><a href=\"http:\/\/blog.uclm.es\/joseasanchez\/las-ultracosas-de-cuqui-jerez\/\">Las ultracosas<\/a>, de Cuqui Jerez (2020)<\/li>\n\n\n\n<li><a href=\"https:\/\/blog.uclm.es\/joseasanchez\/investigacion-artistica-y-razon-poetica\/\" target=\"_blank\" rel=\"noopener\">Investigaci\u00f3n art\u00edstica y raz\u00f3n po\u00e9tica<\/a> (2020)<\/li>\n\n\n\n<li><a href=\"https:\/\/blog.uclm.es\/joseasanchez\/2021\/01\/02\/sobre-la-puesta-en-voz-de-palabras-ajenas\/\">Sobre la puesta en voz de&nbsp;<em>Palabras ajenas<\/em><\/a> (2020)<\/li>\n\n\n\n<li><a href=\"https:\/\/blog.uclm.es\/joseasanchez\/2021\/01\/04\/sobre-la-ausencia\/\">Sobre la ausencia<\/a> (2020)<\/li>\n<\/ul>\n\n\n\n<h5 class=\"wp-block-heading\">2015-2019<\/h5>\n\n\n\n<ul class=\"wp-block-list\">\n<li><a href=\"https:\/\/blog.uclm.es\/joseasanchez\/2020\/02\/17\/presence-and-disappearance\/\">Presence and disappearance<\/a> (2019)<\/li>\n\n\n\n<li><a href=\"http:\/\/blog.uclm.es\/joseasanchez\/2018\/11\/18\/la-grieta-del-oro-2018\/\">La grieta de oro<\/a> (2018)<\/li>\n\n\n\n<li><a href=\"http:\/\/blog.uclm.es\/joseasanchez\/2018\/09\/25\/los-limites-de-la-ficcion-2018\/\" target=\"_blank\" rel=\"noopener noreferrer\">Los l\u00edmites de la ficci\u00f3n<\/a>&nbsp;(2018)<\/li>\n\n\n\n<li><a href=\"https:\/\/blog.uclm.es\/joseasanchez\/2017\/01\/18\/pensamiento-y-accion-la-investigacion-en-artes\/\" data-type=\"post\" data-id=\"2234\">Pensamiento y acci\u00f3n: la investigaci\u00f3n en artes<\/a> (2017)<\/li>\n\n\n\n<li><a href=\"http:\/\/blog.uclm.es\/joseasanchez\/2016\/03\/17\/dispositivos-poeticos-disidencia-y-cooperacion-2016\/\">Dispositivos po\u00e9ticos: disidencia y cooperaci\u00f3n<\/a>&nbsp;(2016)<\/li>\n\n\n\n<li><a href=\"https:\/\/parataxis20.wordpress.com\/2016\/04\/08\/experiencia-y-realidad-2016\/\">Expansi\u00f3n y realidad<\/a>&nbsp;(2016)<\/li>\n\n\n\n<li><a href=\"https:\/\/parataxis20.wordpress.com\/2016\/03\/21\/despues-de-los-incontados\/\">Despu\u00e9s de&nbsp;<em>Los&nbsp;<\/em><i>incontados<\/i><\/a>&nbsp;(2016) <\/li>\n\n\n\n<li><a href=\"http:\/\/blog.uclm.es\/joseasanchez\/2015\/04\/14\/la-investigacion-artistica-y-el-arte-de-los-dispositivos-2015\/\">La investigaci\u00f3n art\u00edstica y el arte de los dispositivos<\/a> (2015)<\/li>\n\n\n\n<li><a href=\"https:\/\/blog.uclm.es\/joseasanchez\/2015\/09\/20\/teatro-y-fascismo\/\">Teatro y fascismo<\/a> (2015)<\/li>\n\n\n\n<li><a href=\"https:\/\/blog.uclm.es\/joseasanchez\/2015\/09\/30\/presencia-y-desaparicion-2015\/\" target=\"_self\" rel=\"noopener noreferrer\">Presencia y desaparici\u00f3n<\/a>&nbsp;(2015)<\/li>\n\n\n\n<li><a href=\"https:\/\/blog.uclm.es\/joseasanchez\/2015\/06\/27\/cosas-para-estar-juntos-2015\/?customize_changeset_uuid=5259c5f3-6a56-41aa-8321-c78b7fcfa873&amp;customize_messenger_channel=preview-0\" target=\"_self\" rel=\"noopener noreferrer\">Cosas para estar juntos<\/a>&nbsp;(2015)<\/li>\n\n\n\n<li><a href=\"http:\/\/blog.uclm.es\/joseasanchez\/2015\/03\/28\/teatralidad-y-disidencia-2015\/\">Teatralidad y disidencia<\/a> (2015)<\/li>\n\n\n\n<li><a href=\"http:\/\/blog.uclm.es\/joseasanchez\/2015\/02\/26\/juicio-al-senor-antonin-artaud-2015\/\">Juicio al se\u00f1or Antonin Artaud<\/a> (2015)<\/li>\n<\/ul>\n\n\n\n<h5 class=\"wp-block-heading\">2010-2014<\/h5>\n\n\n\n<ul class=\"wp-block-list\">\n<li><a href=\"http:\/\/blog.uclm.es\/joseasanchez\/2014\/02\/26\/actuar-realizar-manifestar-2014\/\">Actuar, realizar, manifestar \/ Act, realize, manifest<\/a> (2014)<\/li>\n\n\n\n<li><a href=\"http:\/\/blog.uclm.es\/joseasanchez\/2014\/07\/14\/etica-de-la-representacion-2014\/\">\u00c9tica de la representaci\u00f3n<\/a> (2014)<\/li>\n\n\n\n<li><a href=\"https:\/\/blog.uclm.es\/joseasanchez\/2014\/02\/17\/ya-llegan-los-personajes-2015\/\">Ya llegan los personajes<\/a> (2014)<\/li>\n\n\n\n<li><a href=\"https:\/\/blog.uclm.es\/joseasanchez\/2013\/08\/14\/de-la-obscenidad\/\" data-type=\"post\" data-id=\"3924\">De la obscenidad <\/a>(2013)<\/li>\n\n\n\n<li><a href=\"http:\/\/blog.uclm.es\/joseasanchez\/2013\/08\/27\/in-definiciones-la-investigacion-en-artes-2013\/\">In-definiciones: la investigaci\u00f3n en artes<\/a> (2013)<\/li>\n\n\n\n<li><a href=\"http:\/\/blog.uclm.es\/joseasanchez\/2013\/02\/04\/para-una-lectura-posteatral-del-teatro-posdramatico-de-hans-thies-lehman-2013\/\">Para una lectura posteatral del <em>Teatro Posdram\u00e1tico<\/em><\/a> (2013)<\/li>\n\n\n\n<li><a href=\"https:\/\/blog.uclm.es\/joseasanchez\/2012\/09\/23\/cuerpo-memoria-lenguaje-2\/\">Cuerpo, memoria, lenguaje: algunas reflexiones a prop\u00f3sito de un proyecto multidisciplinar en Jerusal\u00e9n<\/a> (2012)<\/li>\n\n\n\n<li><a href=\"http:\/\/blog.uclm.es\/joseasanchez\/2016\/10\/20\/apres-la-derniere-projection-despues-de-la-ultima-proyeccion-2012\/\">Despu\u00e9s de la \u00faltima proyecci\u00f3n \/ Apr\u00e8s la derni\u00e8re projection&nbsp;<\/a>(2012)<\/li>\n\n\n\n<li><a href=\"http:\/\/blog.uclm.es\/joseasanchez\/2011\/03\/14\/emergencia-del-arte-investigacion\/\">Emergencia del arte investigaci\u00f3n<\/a> (2011)<\/li>\n\n\n\n<li><a href=\"https:\/\/blog.uclm.es\/joseasanchez\/2011\/10\/24\/on-off-language\/\">On\/Off Language<\/a>, con Lara Khaldi (2011)<\/li>\n\n\n\n<li><a href=\"https:\/\/blog.uclm.es\/joseasanchez\/2011\/07\/19\/quien-tiene-miedo-de-la-representacion\/\">\u00bfQui\u00e9n tiene miedo de la representaci\u00f3n?<\/a> (2011)<\/li>\n\n\n\n<li><a href=\"http:\/\/blog.uclm.es\/joseasanchez\/2012\/01\/11\/la-narrativa-in-trascendente-de-hong-sang-soo-2012\/\">La narrativa intrascendente de Hong Sang-soo \/ In-trascendental narrative of Hong Sang-soo<\/a>&nbsp;(2010-12)<\/li>\n\n\n\n<li><a href=\"http:\/\/blog.uclm.es\/joseasanchez\/2011\/02\/27\/dramaturgia-en-el-campo-expandido\/\">Dramaturgia en el campo expandido<\/a> (2010)<\/li>\n\n\n\n<li><a href=\"https:\/\/blog.uclm.es\/joseasanchez\/2010\/10\/10\/research-in-the-performing-arts\/\">Research in the performing arts<\/a>, con Victoria P\u00e9rez Royo (2010)<\/li>\n<\/ul>\n\n\n\n<h5 class=\"wp-block-heading\">2005-2009<\/h5>\n\n\n\n<ul class=\"wp-block-list\">\n<li><a href=\"http:\/\/blog.uclm.es\/joseasanchez\/2009\/04\/06\/teatralidad-y-cultura-visual-2009\/\">Teatralidad y cultura visual<\/a>&nbsp;(2009)<\/li>\n\n\n\n<li><a href=\"http:\/\/blog.uclm.es\/joseasanchez\/2009\/06\/12\/vivencias-literarias-del-cine-y-el-teatro-2009\/\">Vivencias literarias del cine y el teatro<\/a> (2009)<\/li>\n\n\n\n<li><a href=\"http:\/\/blog.uclm.es\/joseasanchez\/2013\/01\/14\/caligrafia-de-enero-2009\/\">Caligraf\u00eda de enero<\/a> (2009)<\/li>\n\n\n\n<li><a href=\"http:\/\/blog.uclm.es\/joseasanchez\/2009\/07\/11\/teatralidad-y-disidencia-en-el-cine-de-joaquin-jorda-2007\/\">Teatralidad y disidencia en el cine de Joaqu\u00edn Jord\u00e1<\/a> (2009)<\/li>\n\n\n\n<li><a href=\"http:\/\/blog.uclm.es\/joseasanchez\/2009\/06\/12\/la-mirada-y-el-tiempo-2009\/\">La mirada y el tiempo<\/a> (2009)<\/li>\n\n\n\n<li><a href=\"https:\/\/blog.uclm.es\/joseasanchez\/2008\/11\/19\/la-documentacion-y-la-memoria-de-lo-efimero-1998\/\" data-type=\"post\" data-id=\"655\">La documentaci\u00f3n y la memoria de lo ef\u00edmero<\/a> (2008)<\/li>\n\n\n\n<li><a href=\"http:\/\/Volando a ras de suelo\">Volando a ras de suelo<\/a> (2008)<\/li>\n\n\n\n<li><a href=\"http:\/\/La libertad y las delicias\">La libertad y las delicias<\/a> (2008)<\/li>\n\n\n\n<li><a href=\"http:\/\/blog.uclm.es\/joseasanchez\/2008\/07\/17\/cuerpo-y-cinematografia-2008\/\">Cuerpo y cinematograf\u00eda<\/a> (2008)<\/li>\n\n\n\n<li><a href=\"http:\/\/blog.uclm.es\/joseasanchez\/2008\/10\/14\/el-campo-expandido-de-la-creacion-escenica-2008\/\">El campo expandido de la creaci\u00f3n esc\u00e9nica<\/a> (2006\/2008)<\/li>\n\n\n\n<li><a href=\"https:\/\/blog.uclm.es\/joseasanchez\/2007\/09\/15\/moviendo-fijamente-la-mirada-2007\/\">Moviendo fijamente la mirada<\/a> (2007)<\/li>\n\n\n\n<li><a href=\"https:\/\/blog.uclm.es\/joseasanchez\/2007\/07\/05\/el-tiempo-de-la-belleza\/\" data-type=\"post\" data-id=\"4231\">El tiempo de la belleza<\/a> (2007), con Isis Saz.<\/li>\n\n\n\n<li><a href=\"https:\/\/blog.uclm.es\/joseasanchez\/2007\/06\/29\/la-representacion-de-lo-real\/\">La representaci\u00f3n de lo rea<\/a><a href=\"http:\/\/artesescenicas.uclm.es\/index.php?sec=texto&amp;id=146\">l<\/a>&nbsp;(2007)<\/li>\n\n\n\n<li><a href=\"http:\/\/blog.uclm.es\/joseasanchez\/2007\/04\/14\/el-teatro-en-el-campo-expandido-2007\/\">El teatro en el campo expandido<\/a> (2007)<\/li>\n\n\n\n<li><a href=\"http:\/\/blog.uclm.es\/joseasanchez\/2007\/07\/12\/la-escena-futura-2007\/\">La escena futura<\/a> (2007)<\/li>\n\n\n\n<li><a href=\"http:\/\/blog.uclm.es\/joseasanchez\/2006\/11\/11\/cartografia-de-la-memoria-y-el-muro\/\">Cartograf\u00eda de la memoria y el muro<\/a> (2006), en colaboraci\u00f3n con Gonzalo Fern\u00e1ndez Parrilla.<\/li>\n\n\n\n<li><a href=\"http:\/\/blog.uclm.es\/joseasanchez\/2006\/04\/12\/escribir-como-mirar-imagen-escenica-y-accion-cinematografica-en-la-obra-de-samuel-beckett-2006\/\">Escribir como mirar: imagen esc\u00e9nica y acci\u00f3n cinematogr\u00e1fica en la obra de Samuel Beckett<\/a> &nbsp;(2006)<\/li>\n\n\n\n<li><a href=\"https:\/\/blog.uclm.es\/joseasanchez\/2003\/09\/19\/genesis-y-contexto\/\" data-type=\"post\" data-id=\"1043\">G\u00e9nesis y contexto de la creaci\u00f3n esc\u00e9nica en Espa\u00f1a<\/a>&nbsp;(2006)<\/li>\n\n\n\n<li><a href=\"https:\/\/blog.uclm.es\/joseasanchez\/2005\/06\/29\/cundua-de-mapa-teatro\/\" target=\"_blank\" rel=\"noreferrer noopener\">C\u00fandua<\/a>&nbsp;(2006)<\/li>\n\n\n\n<li><a href=\"https:\/\/blog.uclm.es\/joseasanchez\/2005\/06\/29\/el-ensayismo-escenico-de-roger-bernat\/\">El ensayismo esc\u00e9nico de Roger Bernat<\/a>&nbsp;(2005)<\/li>\n\n\n\n<li><a href=\"https:\/\/blog.uclm.es\/joseasanchez\/2005\/09\/16\/practicas-indisciplinares\/\">Pr\u00e1cticas indisciplinares en la escena contempor\u00e1nea<\/a> (2005)<\/li>\n<\/ul>\n\n\n\n<h5 class=\"wp-block-heading\">1992-2004<\/h5>\n\n\n\n<ul class=\"wp-block-list\">\n<li><a href=\"http:\/\/blog.uclm.es\/joseasanchez\/2003\/01\/15\/eyes-in-movement-2003\/\">Eyes in movement<\/a> (2003)<\/li>\n\n\n\n<li><a href=\"http:\/\/blog.uclm.es\/joseasanchez\/2003\/01\/14\/la-danza-empieza-por-la-mirada-2003\/\">La danza empieza por la mirada<\/a> (2003), con Olga Mesa<\/li>\n\n\n\n<li><a href=\"https:\/\/blog.uclm.es\/joseasanchez\/2003\/06\/29\/olga-mesa-la-crueldad-y-la-mirada\/\">Olga Mesa, la crueldad y a mirada<\/a> (2003)<\/li>\n\n\n\n<li><a href=\"https:\/\/blog.uclm.es\/joseasanchez\/2003\/06\/29\/la-necesidad-de-hacerse-preguntas\/\">La necesidad de hacerse preguntas<\/a> (2003), con Mar\u00eda Mu\u00f1oz y Pep Ramis<\/li>\n\n\n\n<li><a href=\"https:\/\/blog.uclm.es\/joseasanchez\/2002\/06\/27\/en-un-cafe-de-ginebra\/\" data-type=\"post\" data-id=\"3621\">En un caf\u00e9 de Ginebra<\/a> (2002), con \u00d3skar G\u00f3mez y Rodrigo Garc\u00eda.<\/li>\n\n\n\n<li><a href=\"\/\/blog.uclm.es\/joseasanchez\/2003\/01\/14\/en-celra\/\">L&#8217;animal a l&#8217;esquena<\/a> (2001), con Mar\u00eda Mu\u00f1oz y Pep Ramis<\/li>\n\n\n\n<li><a href=\"http:\/\/blog.uclm.es\/joseasanchez\/2001\/06\/12\/las-artes-escenicas-en-la-enciclopedia\/\">Las artes esc\u00e9nicas en La Enciclopedia<\/a> (2001)<\/li>\n\n\n\n<li><a href=\"https:\/\/blog.uclm.es\/joseasanchez\/2003\/06\/29\/la-ribot-el-gran-game\/\" target=\"_blank\" rel=\"noreferrer noopener\">La Ribot:&nbsp;<em>El gran game<\/em><\/a>&nbsp;(2000)<\/li>\n\n\n\n<li><a href=\"https:\/\/blog.uclm.es\/joseasanchez\/1999\/06\/29\/la-nueva-danza-en-espana\/\">La nueva danza en Espa\u00f1a<\/a> (1999)<\/li>\n\n\n\n<li><a href=\"https:\/\/blog.uclm.es\/joseasanchez\/1999\/06\/29\/pensando-con-el-cuerpo\/\" data-type=\"post\" data-id=\"3976\">Pensando con el cuerpo<\/a>&nbsp;(1998)<\/li>\n\n\n\n<li><a href=\"http:\/\/blog.uclm.es\/joseasanchez\/1998\/06\/14\/el-teatro-imposible-1998\/\">El teatro imposible<\/a> (1998)<\/li>\n\n\n\n<li><a href=\"https:\/\/blog.uclm.es\/joseasanchez\/1998\/01\/26\/el-lenguaje-oral-y-las-artes-escenicas-1998\/\">El lenguaje oral y las artes esc\u00e9nicas<\/a> (1998)<\/li>\n\n\n\n<li><a href=\"https:\/\/blog.uclm.es\/joseasanchez\/1997\/06\/29\/defensa-de-la-nueva-danza\/\" target=\"_blank\" rel=\"noreferrer noopener\">Defensa de la nueva danza<\/a>&nbsp;(1997)<\/li>\n\n\n\n<li><a href=\"http:\/\/blog.uclm.es\/joseasanchez\/1997\/03\/12\/modelos-y-figuras-de-la-epoca-de-resistencia-1997\/\">Modelos y figuras de la \u00e9poca de resistencia<\/a> (1997)<\/li>\n\n\n\n<li><a href=\"https:\/\/blog.uclm.es\/joseasanchez\/1997\/06\/29\/introduccion-a-almas-y-jardines\/\">Introducci\u00f3n a <em>Almas y jardines <\/em>de Margarita Borja<\/a> (1997)<\/li>\n\n\n\n<li><a href=\"http:\/\/blog.uclm.es\/joseasanchez\/1997\/06\/12\/sociologia-de-la-literatura-y-cultura-de-masas-1997\/\">Sociolog\u00eda de la literatura y cultura de masas. La aportaci\u00f3n cr\u00edtica de Leo L\u00f6wenthal<\/a> (1996)<\/li>\n\n\n\n<li><a href=\"https:\/\/blog.uclm.es\/joseasanchez\/dramaturgias-de-la-imagen-materiales\/\">Dramaturgias de la imagen<\/a> (1994\/99)<\/li>\n\n\n\n<li><a href=\"https:\/\/blog.uclm.es\/joseasanchez\/1993\/03\/17\/dramaturgias-de-la-complejidad\/\" data-type=\"post\" data-id=\"4384\">Dramaturgias de la complejidad<\/a> (1993)<\/li>\n\n\n\n<li><a href=\"http:\/\/blog.uclm.es\/joseasanchez\/1992\/10\/12\/brecht-y-el-expresionismo-1992\/\">Brecht y el expresionismo<\/a> (1992)<\/li>\n<\/ul>\n\n\n\n<h5 class=\"wp-block-heading\">1984-1992: Textos de formaci\u00f3n<\/h5>\n\n\n\n<ul class=\"wp-block-list\">\n<li><a href=\"https:\/\/blog.uclm.es\/joseasanchez\/wp-content\/uploads\/sites\/195\/2025\/06\/1992.-Platon.-La-teoria-de-las-ideas-y-su-dimension-antropologico-social.pdf\" data-type=\"attachment\" data-id=\"3637\">Plat\u00f3n: la teor\u00eda de las ideas y su dimensi\u00f3n antropol\u00f3gico social<\/a>&nbsp;(1992)<\/li>\n\n\n\n<li><a href=\"http:\/\/blog.uclm.es\/joseasanchez\/1992\/01\/14\/los-restos-de-la-ilusion-el-gran-teatro-kleeiano-1992\/\">Los restos de la ilusi\u00f3n. El (gran) teatro kleeiano<\/a> (1992)<\/li>\n\n\n\n<li><a href=\"http:\/\/blog.uclm.es\/joseasanchez\/1988\/06\/12\/ulises-y-el-silencio-de-las-sirenas-1988\/\">Ulises y el silencio de las sirenas<\/a> (1988), en colaboraci\u00f3n con Carlos Conchillo<\/li>\n\n\n\n<li><a href=\"http:\/\/blog.uclm.es\/joseasanchez\/1986\/10\/14\/el-problema-de-la-abstraccion-en-el-pensamiento-plastico-de-paul-klee-1986\/\">El problema de la abstracci\u00f3n en el pensamiento pl\u00e1stico de Paul Klee<\/a> (1986)<\/li>\n\n\n\n<li><a href=\"https:\/\/blog.uclm.es\/joseasanchez\/2020\/04\/07\/el-dialogo-de-las-categorias-aproximacion-a-la-estetica-de-la-ilustracion\/\">El di\u00e1logo de las categor\u00edas. Aproximaci\u00f3n a la est\u00e9tica de la Ilustraci\u00f3n<\/a> (1985)<\/li>\n\n\n\n<li><a href=\"https:\/\/blog.uclm.es\/joseasanchez\/2020\/04\/07\/friedrich-nietzsche-ensayo-de-lectura\/\">Friedrich Nietzsche: un ensayo de lectura<\/a> (1984)<\/li>\n<\/ul>\n\n\n\n<p><\/p>\n\n\n\n<p>&gt;&gt;&gt; Ver tambi\u00e9n textos en<a href=\"https:\/\/parataxis20.wordpress.com\"> Parataxis 2.0<\/a>. y <a href=\"https:\/\/blog.uclm.es\/joseasanchez\/category\/conferencia-2\/\">Conferencias<\/a><\/p>\n","protected":false},"excerpt":{"rendered":"<p>2020-2025 2015-2019 2010-2014 2005-2009 1992-2004 1984-1992: Textos de formaci\u00f3n &gt;&gt;&gt; Ver tambi\u00e9n textos en Parataxis 2.0. y Conferencias<\/p>\n","protected":false},"author":285,"featured_media":0,"parent":0,"menu_order":0,"comment_status":"closed","ping_status":"closed","template":"","meta":{"footnotes":""},"class_list":["post-185","page","type-page","status-publish","hentry"],"_links":{"self":[{"href":"https:\/\/blog.uclm.es\/joseasanchez\/wp-json\/wp\/v2\/pages\/185","targetHints":{"allow":["GET"]}}],"collection":[{"href":"https:\/\/blog.uclm.es\/joseasanchez\/wp-json\/wp\/v2\/pages"}],"about":[{"href":"https:\/\/blog.uclm.es\/joseasanchez\/wp-json\/wp\/v2\/types\/page"}],"author":[{"embeddable":true,"href":"https:\/\/blog.uclm.es\/joseasanchez\/wp-json\/wp\/v2\/users\/285"}],"replies":[{"embeddable":true,"href":"https:\/\/blog.uclm.es\/joseasanchez\/wp-json\/wp\/v2\/comments?post=185"}],"version-history":[{"count":42,"href":"https:\/\/blog.uclm.es\/joseasanchez\/wp-json\/wp\/v2\/pages\/185\/revisions"}],"predecessor-version":[{"id":4678,"href":"https:\/\/blog.uclm.es\/joseasanchez\/wp-json\/wp\/v2\/pages\/185\/revisions\/4678"}],"wp:attachment":[{"href":"https:\/\/blog.uclm.es\/joseasanchez\/wp-json\/wp\/v2\/media?parent=185"}],"curies":[{"name":"wp","href":"https:\/\/api.w.org\/{rel}","templated":true}]}}