{"id":1741,"date":"2001-07-27T19:34:07","date_gmt":"2001-07-27T18:34:07","guid":{"rendered":"http:\/\/blog.uclm.es\/joseasanchez\/?page_id=1741"},"modified":"2025-06-23T17:25:54","modified_gmt":"2025-06-23T17:25:54","slug":"practicas-de-lo-real","status":"publish","type":"page","link":"https:\/\/blog.uclm.es\/joseasanchez\/practicas-de-lo-real\/","title":{"rendered":"Pr\u00e1cticas de lo real. Apuntes"},"content":{"rendered":"\n<h3 class=\"wp-block-heading\">Apuntes, esbozos, materiales preparatorios<\/h3>\n\n\n\n<p><\/p>\n\n\n\n<p>San Sebasti\u00e1n, 10 de julio de 2001. <\/p>\n\n\n\n<p>Lo real es el contrapunto de la ligereza. Lo real es pesado.  La ligereza y la ilusi\u00f3n no son lo mismo. La ligereza es una actitud hacia lo real. Por eso el arte puede ser ligero, pero nunca puede ser ilusorio. Es decir, no se puede hacer arte partiendo de la ilusi\u00f3n, porque entonces caer\u00edamos en una especie de enso\u00f1aci\u00f3n metafant\u00e1stica. Por la misma raz\u00f3n, consideramos falsa la vida que se instala en la ilusi\u00f3n. El arte tiene que ver con lo real. El arte es un constante empe\u00f1o por ir al encuentro de lo real, a veces con ligereza, a veces con profundidad. Tomarse a la ligera determinados juegos puede conducir a la destrucci\u00f3n o a la muerte en vida. Definir qu\u00e9 juegos generan realidad y qu\u00e9 juegos generan \u00fanicamente irrealidad, \u00e9sta es la responsabilidad de la cr\u00edtica en relaci\u00f3n al arte. Tambi\u00e9n de la \u00e9tica en relaci\u00f3n a la vida.<\/p>\n\n\n\n<p><\/p>\n\n\n\n<p><\/p>\n","protected":false},"excerpt":{"rendered":"<p>Apuntes, esbozos, materiales preparatorios San Sebasti\u00e1n, 10 de julio de 2001. Lo real es el contrapunto de la ligereza. Lo real es pesado. La ligereza y la ilusi\u00f3n no son lo mismo. La ligereza es una actitud hacia lo real. Por eso el arte puede ser ligero, pero nunca puede ser ilusorio. Es decir, no [&hellip;]<\/p>\n","protected":false},"author":285,"featured_media":0,"parent":0,"menu_order":0,"comment_status":"closed","ping_status":"closed","template":"","meta":{"footnotes":""},"class_list":["post-1741","page","type-page","status-publish","hentry"],"_links":{"self":[{"href":"https:\/\/blog.uclm.es\/joseasanchez\/wp-json\/wp\/v2\/pages\/1741","targetHints":{"allow":["GET"]}}],"collection":[{"href":"https:\/\/blog.uclm.es\/joseasanchez\/wp-json\/wp\/v2\/pages"}],"about":[{"href":"https:\/\/blog.uclm.es\/joseasanchez\/wp-json\/wp\/v2\/types\/page"}],"author":[{"embeddable":true,"href":"https:\/\/blog.uclm.es\/joseasanchez\/wp-json\/wp\/v2\/users\/285"}],"replies":[{"embeddable":true,"href":"https:\/\/blog.uclm.es\/joseasanchez\/wp-json\/wp\/v2\/comments?post=1741"}],"version-history":[{"count":1,"href":"https:\/\/blog.uclm.es\/joseasanchez\/wp-json\/wp\/v2\/pages\/1741\/revisions"}],"predecessor-version":[{"id":3333,"href":"https:\/\/blog.uclm.es\/joseasanchez\/wp-json\/wp\/v2\/pages\/1741\/revisions\/3333"}],"wp:attachment":[{"href":"https:\/\/blog.uclm.es\/joseasanchez\/wp-json\/wp\/v2\/media?parent=1741"}],"curies":[{"name":"wp","href":"https:\/\/api.w.org\/{rel}","templated":true}]}}