{"id":1710,"date":"1991-01-01T12:56:00","date_gmt":"1991-01-01T11:56:00","guid":{"rendered":"http:\/\/blog.uclm.es\/joseasanchez\/?page_id=1710"},"modified":"2025-06-23T10:44:00","modified_gmt":"2025-06-23T10:44:00","slug":"dramaturgias-de-la-imagen","status":"publish","type":"page","link":"https:\/\/blog.uclm.es\/joseasanchez\/dramaturgias-de-la-imagen\/","title":{"rendered":"Dramaturgias de la imagen. Apuntes preparatorios"},"content":{"rendered":"\n<h2 class=\"wp-block-heading\">Apuntes preparatorios<\/h2>\n\n\n\n<p><\/p>\n\n\n\n<p>La insuficiencia de la palabra como medio de comunicaci\u00f3n, la complicidad de la palabra con las estructuras de poder conduce al abandono de la literatura dram\u00e1tica por parte del teatro en cuanto soporte de sus creaciones.<\/p>\n\n\n\n<p>La b\u00fasqueda del drama no verbal atraviesa la historia del teatro contempor\u00e1neo. El inicio de esta b\u00fasqueda se encuentra en dos autores anclados en el XIX:<\/p>\n\n\n\n<ul class=\"wp-block-list\"><li>-Gordon Craig: dramaturgia de la imagen.<\/li><li>-Adolphe Applia: dramaturgia del cuerpo.<\/li><\/ul>\n\n\n\n<p>La dramaturgia experimental del XX debe entenderse como el resultado de los conflictos planteados por los lenguajes de la imagen (no s\u00f3lo de la pl\u00e1stica) y del cuerpo en cuento escritura habitual.&nbsp;<\/p>\n\n\n\n<p>El cuerpo y la imagen constituyen los l\u00edmites opuestos de la experimentaci\u00f3n verbal. Si el cuerpo es un anularse de la palabra en la comunicaci\u00f3n de las pulsiones ocultas, de los sentimientos profundos, de la visceralidad, la imagen es un escapar intangible de lo verbal, hasta entonces aferrado a las leyes de la causalidad y del tiempo.<\/p>\n\n\n\n<p>El cuerpo y la imagen son los l\u00edmites material e inmaterial de la palabra; su relaci\u00f3n dial\u00e9ctica con la palabra da lugar a las nuevas dramaturgias.&nbsp;&nbsp;<\/p>\n\n\n\n<p class=\"has-text-align-right\">\u00a0\u00a0\u00a0\u00a0\u00a0\u00a0\u00a0\u00a0\u00a0\u00a0\u00a0\u00a0\u00a0\u00a0\u00a0\u00a0\u00a0\u00a0\u00a0\u00a0\u00a0\u00a0\u00a0\u00a0\u00a0\u00a0\u00a0\u00a0\u00a0\u00a0\u00a0\u00a0\u00a0\u00a0\u00a0\u00a0\u00a0\u00a0\u00a0\u00a0\u00a0\u00a0\u00a0\u00a0\u00a0\u00a0\u00a0\u00a0\u00a0\u00a0\u00a0\u00a0\u00a0\u00a0\u00a0\u00a0\u00a0\u00a0\u00a0\u00a0\u00a0\u00a0\u00a0\u00a0\u00a0\u00a0\u00a0\u00a0\u00a0\u00a0\u00a0\u00a0\u00a0\u00a0\u00a0\u00a0\u00a0\u00a0\u00a0\u00a0\u00a0\u00a0\u00a0\u00a0\u00a0\u00a0\u00a0\u00a0\u00a0\u00a0\u00a0\u00a0\u00a0\u00a0\u00a0\u00a0\u00a0\u00a0\u00a0\u00a0\u00a0\u00a0\u00a0\u00a0murcia,\u00a0\u00a01 \/ 1 \/ 91<\/p>\n","protected":false},"excerpt":{"rendered":"<p>Apuntes preparatorios La insuficiencia de la palabra como medio de comunicaci\u00f3n, la complicidad de la palabra con las estructuras de poder conduce al abandono de la literatura dram\u00e1tica por parte del teatro en cuanto soporte de sus creaciones. La b\u00fasqueda del drama no verbal atraviesa la historia del teatro contempor\u00e1neo. El inicio de esta b\u00fasqueda [&hellip;]<\/p>\n","protected":false},"author":285,"featured_media":0,"parent":0,"menu_order":0,"comment_status":"closed","ping_status":"closed","template":"","meta":{"footnotes":""},"class_list":["post-1710","page","type-page","status-publish","hentry"],"_links":{"self":[{"href":"https:\/\/blog.uclm.es\/joseasanchez\/wp-json\/wp\/v2\/pages\/1710","targetHints":{"allow":["GET"]}}],"collection":[{"href":"https:\/\/blog.uclm.es\/joseasanchez\/wp-json\/wp\/v2\/pages"}],"about":[{"href":"https:\/\/blog.uclm.es\/joseasanchez\/wp-json\/wp\/v2\/types\/page"}],"author":[{"embeddable":true,"href":"https:\/\/blog.uclm.es\/joseasanchez\/wp-json\/wp\/v2\/users\/285"}],"replies":[{"embeddable":true,"href":"https:\/\/blog.uclm.es\/joseasanchez\/wp-json\/wp\/v2\/comments?post=1710"}],"version-history":[{"count":1,"href":"https:\/\/blog.uclm.es\/joseasanchez\/wp-json\/wp\/v2\/pages\/1710\/revisions"}],"predecessor-version":[{"id":3192,"href":"https:\/\/blog.uclm.es\/joseasanchez\/wp-json\/wp\/v2\/pages\/1710\/revisions\/3192"}],"wp:attachment":[{"href":"https:\/\/blog.uclm.es\/joseasanchez\/wp-json\/wp\/v2\/media?parent=1710"}],"curies":[{"name":"wp","href":"https:\/\/api.w.org\/{rel}","templated":true}]}}