{"id":1688,"date":"1987-07-24T18:41:00","date_gmt":"1987-07-24T17:41:00","guid":{"rendered":"http:\/\/blog.uclm.es\/joseasanchez\/?page_id=1688"},"modified":"2025-06-27T19:32:04","modified_gmt":"2025-06-27T19:32:04","slug":"brecht-apuntes-preparatorios","status":"publish","type":"page","link":"https:\/\/blog.uclm.es\/joseasanchez\/brecht-apuntes-preparatorios\/","title":{"rendered":"Brecht y el expresionismo. Apuntes"},"content":{"rendered":"\n<h2 class=\"wp-block-heading\">Apuntes preparatorios<\/h2>\n\n\n\n<p><strong>Esbozo:<\/strong><\/p>\n\n\n\n<ol class=\"wp-block-list\">\n<li>bert brecht, un hombre peque\u00f1o que se burla del mundo, pero sobre todo se burla de la burgues\u00eda, que ha enviado a sus hijos a la guerra.<\/li>\n\n\n\n<li>bertolt brecht, peque\u00f1o revolucionario que ha comprendido la necesidad de no ser simplemente un in\u00fatil buf\u00f3n y de que su risa sirva para algo. ese algo viene dado por la necesidad hist\u00f3rica y es: el comunismo. al mismo tiempo, la dial\u00e9ctica le sirve como medio t\u00e9cnico de singularizar su obra.\u00a0<\/li>\n\n\n\n<li>brecht, peque\u00f1o diablo envejecido, no se retracta de nada, pero su sonrisa otra vez joven descubre la malicia de sus teor\u00edas, el trasfondo nihilista de su compromiso. la aplicaci\u00f3n interesada del marxismo como m\u00e9todo, la placidez de quien se ha re\u00eddo del mundo siendo \u00fatil al mundo.\u00a0    (mayo 1987)<\/li>\n<\/ol>\n\n\n\n<ol class=\"wp-block-list\">\n<li>el vitalismo de principios de siglo contra el expresionismo. Nietzsche, futurismo, dad\u00e1. el expresionismo como t\u00e9cnica.<\/li>\n\n\n\n<li>la dial\u00e9ctica como vanguardia art\u00edstica. el debate del expresionismo como defensa de la experimentaci\u00f3n: la dial\u00e9ctica en el teatro es tambi\u00e9n experimento.<\/li>\n\n\n\n<li>la filosof\u00eda oriental es la base de la \u00faltima \u00e9poca brechtiana. oriente es la alternativa a los movimientos de occidente, pero oriente es tambi\u00e9n una fantas\u00eda.  (mayo 1987)<\/li>\n<\/ol>\n\n\n\n<p><\/p>\n\n\n\n<p><\/p>\n\n\n\n<p><strong>La est\u00e9tica del Caos<\/strong><\/p>\n\n\n\n<p>CRISIS<\/p>\n\n\n\n<ul class=\"wp-block-list\">\n<li>del sujeto. La est\u00e9tica nietzscheana: Strindberg \/ Wedekind<\/li>\n\n\n\n<li>del espacio. La escena microcosmos naturalista.<\/li>\n\n\n\n<li>del lenguaje. Corupci\u00f3n del lenguaje dram\u00e1tico.<\/li>\n<\/ul>\n\n\n\n<p>EXPRESIONISMO. Caos = Mundo <\/p>\n\n\n\n<ul class=\"wp-block-list\">\n<li>El sujeto. ICH. Crea el mundo.<\/li>\n\n\n\n<li>El espacio subordinado al ICH del poeta.<\/li>\n\n\n\n<li>El lenguaje: roto y plagado de silencios<\/li>\n<\/ul>\n\n\n\n<p>CONSTRUCTIVISMO. Realidad = Problema<\/p>\n\n\n\n<ul class=\"wp-block-list\">\n<li>Piscator. El sujeto como funci\u00f3n social. El espacio abierto, como tribuna E lenguaje impuro: el montaje.<\/li>\n\n\n\n<li>Cine.<\/li>\n\n\n\n<li>Bauhaus.<\/li>\n<\/ul>\n\n\n\n<p>Teor\u00eda brechtiana del drama.<\/p>\n\n\n\n<p class=\"has-text-align-right\">Frankfurt, junio 1987<\/p>\n\n\n\n<p><\/p>\n\n\n\n<p><\/p>\n\n\n\n<p><strong>Sujeto y espacio. Teatro alem\u00e1n. 1900-1940<\/strong><\/p>\n\n\n\n<ul class=\"wp-block-list\">\n<li>El tiempo de la disoluci\u00f3n\n<ul class=\"wp-block-list\">\n<li>1. disoluci\u00f3n del sujeto. Wedekind \u2013 Baal.<\/li>\n\n\n\n<li>2. disoluci\u00f3n del espacio: de la casa a la jungla.<\/li>\n<\/ul>\n<\/li>\n\n\n\n<li>Po\u00e9tica del Caos\n<ul class=\"wp-block-list\">\n<li>Teor\u00eda expresionista del sujeto.\u00a0Das Ich sch\u00e4ft die Welt.<\/li>\n\n\n\n<li>V\u00edas abstractivas<\/li>\n<\/ul>\n<\/li>\n\n\n\n<li>La realidad como problema.\n<ul class=\"wp-block-list\">\n<li>Los constructors del espacio: Appia y Craig \/ Schlemmer \u2013 Bauhaus<\/li>\n\n\n\n<li>Dada: destrucci\u00f3n y compromiso<\/li>\n\n\n\n<li>Reinhardt \/ Piscator<\/li>\n\n\n\n<li>El cine: del expresionismo al realismo.<\/li>\n<\/ul>\n<\/li>\n\n\n\n<li>Sujeto y espacio en la teor\u00eda teatral de B. Brecht\n<ul class=\"wp-block-list\">\n<li>La dial\u00e9ctica como principio formal de ordenaci\u00f3n: sujeto \/ espacio<\/li>\n\n\n\n<li>Realismo \/ Experimentalismo: discusi\u00f3n<\/li>\n\n\n\n<li>Las v\u00edas de un nuevo clasicismo: un nuevo sujeto \/ un nuevo espacio\u2026<\/li>\n<\/ul>\n<\/li>\n<\/ul>\n\n\n\n<p><\/p>\n\n\n\n<p><\/p>\n\n\n\n<p><strong>El espacio &#8216;brechtiano&#8217; en el contexto del teatro alem\u00e1n de entreguerras<\/strong><\/p>\n\n\n\n<figure class=\"wp-block-image size-full\"><img decoding=\"async\" src=\"https:\/\/blog.uclm.es\/joseasanchez\/wp-content\/uploads\/sites\/195\/2025\/06\/1992.-Brecht.-El-espacio-brechtiano_compressed.pdf\" alt=\"\" class=\"wp-image-3639\" \/><\/figure>\n\n\n\n<p><\/p>\n\n\n\n<p><\/p>\n","protected":false},"excerpt":{"rendered":"<p>Apuntes preparatorios Esbozo: La est\u00e9tica del Caos CRISIS EXPRESIONISMO. Caos = Mundo CONSTRUCTIVISMO. Realidad = Problema Teor\u00eda brechtiana del drama. Frankfurt, junio 1987 Sujeto y espacio. Teatro alem\u00e1n. 1900-1940 El espacio &#8216;brechtiano&#8217; en el contexto del teatro alem\u00e1n de entreguerras<\/p>\n","protected":false},"author":285,"featured_media":0,"parent":0,"menu_order":0,"comment_status":"closed","ping_status":"closed","template":"","meta":{"footnotes":""},"class_list":["post-1688","page","type-page","status-publish","hentry"],"_links":{"self":[{"href":"https:\/\/blog.uclm.es\/joseasanchez\/wp-json\/wp\/v2\/pages\/1688","targetHints":{"allow":["GET"]}}],"collection":[{"href":"https:\/\/blog.uclm.es\/joseasanchez\/wp-json\/wp\/v2\/pages"}],"about":[{"href":"https:\/\/blog.uclm.es\/joseasanchez\/wp-json\/wp\/v2\/types\/page"}],"author":[{"embeddable":true,"href":"https:\/\/blog.uclm.es\/joseasanchez\/wp-json\/wp\/v2\/users\/285"}],"replies":[{"embeddable":true,"href":"https:\/\/blog.uclm.es\/joseasanchez\/wp-json\/wp\/v2\/comments?post=1688"}],"version-history":[{"count":2,"href":"https:\/\/blog.uclm.es\/joseasanchez\/wp-json\/wp\/v2\/pages\/1688\/revisions"}],"predecessor-version":[{"id":3640,"href":"https:\/\/blog.uclm.es\/joseasanchez\/wp-json\/wp\/v2\/pages\/1688\/revisions\/3640"}],"wp:attachment":[{"href":"https:\/\/blog.uclm.es\/joseasanchez\/wp-json\/wp\/v2\/media?parent=1688"}],"curies":[{"name":"wp","href":"https:\/\/api.w.org\/{rel}","templated":true}]}}