{"id":1313,"date":"2018-04-17T12:55:45","date_gmt":"2018-04-17T11:55:45","guid":{"rendered":"http:\/\/blog.uclm.es\/joseasanchez\/?page_id=1313"},"modified":"2025-06-28T11:45:35","modified_gmt":"2025-06-28T11:45:35","slug":"palabras-ajenas-madrid-2018-imagenes","status":"publish","type":"page","link":"https:\/\/blog.uclm.es\/joseasanchez\/palabras-ajenas-madrid-2018-imagenes\/","title":{"rendered":"Im\u00e1genes PA Madrid 2018"},"content":{"rendered":"\n<p>Fotograf\u00edas de Ignacio Oliva:<\/p>\n\n\n\n<figure class=\"wp-block-image alignnone wp-image-1302\"><img loading=\"lazy\" decoding=\"async\" width=\"300\" height=\"172\" src=\"https:\/\/blog.uclm.es\/joseasanchez\/wp-content\/uploads\/sites\/195\/2018\/04\/L1000663-300x172.jpg\" alt=\"\" class=\"wp-image-1302\" srcset=\"https:\/\/blog.uclm.es\/joseasanchez\/wp-content\/uploads\/sites\/195\/2018\/04\/L1000663-300x172.jpg 300w, https:\/\/blog.uclm.es\/joseasanchez\/wp-content\/uploads\/sites\/195\/2018\/04\/L1000663-1024x587.jpg 1024w, https:\/\/blog.uclm.es\/joseasanchez\/wp-content\/uploads\/sites\/195\/2018\/04\/L1000663-768x440.jpg 768w, https:\/\/blog.uclm.es\/joseasanchez\/wp-content\/uploads\/sites\/195\/2018\/04\/L1000663-1536x880.jpg 1536w, https:\/\/blog.uclm.es\/joseasanchez\/wp-content\/uploads\/sites\/195\/2018\/04\/L1000663.jpg 1887w\" sizes=\"auto, (max-width: 300px) 100vw, 300px\" \/><figcaption class=\"wp-element-caption\">La prensa. (Simone Negrin, Raquel Vidales, Barbara Ba\u00f1uelos, Ernesto Garc\u00eda L\u00f3pez).<\/figcaption><\/figure>\n\n\n\n<figure class=\"wp-block-image alignnone wp-image-1305\"><img loading=\"lazy\" decoding=\"async\" width=\"300\" height=\"300\" src=\"https:\/\/blog.uclm.es\/joseasanchez\/wp-content\/uploads\/sites\/195\/2018\/04\/L1000688-300x300.jpg\" alt=\"\" class=\"wp-image-1305\" srcset=\"https:\/\/blog.uclm.es\/joseasanchez\/wp-content\/uploads\/sites\/195\/2018\/04\/L1000688-300x300.jpg 300w, https:\/\/blog.uclm.es\/joseasanchez\/wp-content\/uploads\/sites\/195\/2018\/04\/L1000688-1024x1024.jpg 1024w, https:\/\/blog.uclm.es\/joseasanchez\/wp-content\/uploads\/sites\/195\/2018\/04\/L1000688-150x150.jpg 150w, https:\/\/blog.uclm.es\/joseasanchez\/wp-content\/uploads\/sites\/195\/2018\/04\/L1000688-768x768.jpg 768w, https:\/\/blog.uclm.es\/joseasanchez\/wp-content\/uploads\/sites\/195\/2018\/04\/L1000688-1536x1536.jpg 1536w, https:\/\/blog.uclm.es\/joseasanchez\/wp-content\/uploads\/sites\/195\/2018\/04\/L1000688-2048x2048.jpg 2048w\" sizes=\"auto, (max-width: 300px) 100vw, 300px\" \/><figcaption class=\"wp-element-caption\">Johnson y Hitler (Jaime Vallaure y Claudia Faci)<\/figcaption><\/figure>\n\n\n\n<figure class=\"wp-block-image alignnone wp-image-1303\"><img loading=\"lazy\" decoding=\"async\" width=\"300\" height=\"254\" src=\"https:\/\/blog.uclm.es\/joseasanchez\/wp-content\/uploads\/sites\/195\/2018\/04\/L1000662-300x254.jpg\" alt=\"\" class=\"wp-image-1303\" srcset=\"https:\/\/blog.uclm.es\/joseasanchez\/wp-content\/uploads\/sites\/195\/2018\/04\/L1000662-300x254.jpg 300w, https:\/\/blog.uclm.es\/joseasanchez\/wp-content\/uploads\/sites\/195\/2018\/04\/L1000662-1024x868.jpg 1024w, https:\/\/blog.uclm.es\/joseasanchez\/wp-content\/uploads\/sites\/195\/2018\/04\/L1000662-768x651.jpg 768w, https:\/\/blog.uclm.es\/joseasanchez\/wp-content\/uploads\/sites\/195\/2018\/04\/L1000662.jpg 1307w\" sizes=\"auto, (max-width: 300px) 100vw, 300px\" \/><figcaption class=\"wp-element-caption\">Paul VI (Rafael Lamata)<\/figcaption><\/figure>\n\n\n\n<figure class=\"wp-block-image alignnone wp-image-1306\"><img loading=\"lazy\" decoding=\"async\" width=\"300\" height=\"300\" src=\"https:\/\/blog.uclm.es\/joseasanchez\/wp-content\/uploads\/sites\/195\/2018\/04\/L1000695-300x300.jpg\" alt=\"\" class=\"wp-image-1306\" srcset=\"https:\/\/blog.uclm.es\/joseasanchez\/wp-content\/uploads\/sites\/195\/2018\/04\/L1000695-300x300.jpg 300w, https:\/\/blog.uclm.es\/joseasanchez\/wp-content\/uploads\/sites\/195\/2018\/04\/L1000695-1024x1024.jpg 1024w, https:\/\/blog.uclm.es\/joseasanchez\/wp-content\/uploads\/sites\/195\/2018\/04\/L1000695-150x150.jpg 150w, https:\/\/blog.uclm.es\/joseasanchez\/wp-content\/uploads\/sites\/195\/2018\/04\/L1000695-768x768.jpg 768w, https:\/\/blog.uclm.es\/joseasanchez\/wp-content\/uploads\/sites\/195\/2018\/04\/L1000695-1536x1536.jpg 1536w, https:\/\/blog.uclm.es\/joseasanchez\/wp-content\/uploads\/sites\/195\/2018\/04\/L1000695-2048x2048.jpg 2048w\" sizes=\"auto, (max-width: 300px) 100vw, 300px\" \/><figcaption class=\"wp-element-caption\">Truman, Y . Yamaguchi, Soldado norteamericano (Jos\u00e9 Aja, Selina Blasco, Amaia Bono Jim\u00e9nez)<\/figcaption><\/figure>\n\n\n\n<figure class=\"wp-block-image alignnone wp-image-1307\"><img loading=\"lazy\" decoding=\"async\" width=\"300\" height=\"300\" src=\"https:\/\/blog.uclm.es\/joseasanchez\/wp-content\/uploads\/sites\/195\/2018\/04\/L1000702-300x300.jpg\" alt=\"\" class=\"wp-image-1307\" srcset=\"https:\/\/blog.uclm.es\/joseasanchez\/wp-content\/uploads\/sites\/195\/2018\/04\/L1000702-300x300.jpg 300w, https:\/\/blog.uclm.es\/joseasanchez\/wp-content\/uploads\/sites\/195\/2018\/04\/L1000702-1024x1024.jpg 1024w, https:\/\/blog.uclm.es\/joseasanchez\/wp-content\/uploads\/sites\/195\/2018\/04\/L1000702-150x150.jpg 150w, https:\/\/blog.uclm.es\/joseasanchez\/wp-content\/uploads\/sites\/195\/2018\/04\/L1000702-768x768.jpg 768w, https:\/\/blog.uclm.es\/joseasanchez\/wp-content\/uploads\/sites\/195\/2018\/04\/L1000702-1536x1536.jpg 1536w, https:\/\/blog.uclm.es\/joseasanchez\/wp-content\/uploads\/sites\/195\/2018\/04\/L1000702-2048x2048.jpg 2048w\" sizes=\"auto, (max-width: 300px) 100vw, 300px\" \/><figcaption class=\"wp-element-caption\">Y. Ykeda, S. Yamamoto, Tibbets.(Isidoro Valc\u00e1rcel Medina, Selina Blasco, Jos\u00e9 Aja)<\/figcaption><\/figure>\n\n\n\n<figure class=\"wp-block-image alignnone wp-image-1314\"><img loading=\"lazy\" decoding=\"async\" width=\"300\" height=\"173\" src=\"https:\/\/blog.uclm.es\/joseasanchez\/wp-content\/uploads\/sites\/195\/2018\/04\/L1000666-300x173.jpg\" alt=\"\" class=\"wp-image-1314\" srcset=\"https:\/\/blog.uclm.es\/joseasanchez\/wp-content\/uploads\/sites\/195\/2018\/04\/L1000666-300x173.jpg 300w, https:\/\/blog.uclm.es\/joseasanchez\/wp-content\/uploads\/sites\/195\/2018\/04\/L1000666-1024x590.jpg 1024w, https:\/\/blog.uclm.es\/joseasanchez\/wp-content\/uploads\/sites\/195\/2018\/04\/L1000666-768x443.jpg 768w, https:\/\/blog.uclm.es\/joseasanchez\/wp-content\/uploads\/sites\/195\/2018\/04\/L1000666-1536x885.jpg 1536w, https:\/\/blog.uclm.es\/joseasanchez\/wp-content\/uploads\/sites\/195\/2018\/04\/L1000666.jpg 1936w\" sizes=\"auto, (max-width: 300px) 100vw, 300px\" \/><figcaption class=\"wp-element-caption\">Goebbels y HItler (Antonio Zancada y Claudia Faci)<\/figcaption><\/figure>\n\n\n\n<figure class=\"wp-block-image alignnone wp-image-1315\"><img loading=\"lazy\" decoding=\"async\" width=\"300\" height=\"169\" src=\"https:\/\/blog.uclm.es\/joseasanchez\/wp-content\/uploads\/sites\/195\/2018\/04\/L1000677-300x169.jpg\" alt=\"\" class=\"wp-image-1315\" srcset=\"https:\/\/blog.uclm.es\/joseasanchez\/wp-content\/uploads\/sites\/195\/2018\/04\/L1000677-300x169.jpg 300w, https:\/\/blog.uclm.es\/joseasanchez\/wp-content\/uploads\/sites\/195\/2018\/04\/L1000677-1024x576.jpg 1024w, https:\/\/blog.uclm.es\/joseasanchez\/wp-content\/uploads\/sites\/195\/2018\/04\/L1000677-768x432.jpg 768w, https:\/\/blog.uclm.es\/joseasanchez\/wp-content\/uploads\/sites\/195\/2018\/04\/L1000677-1536x864.jpg 1536w, https:\/\/blog.uclm.es\/joseasanchez\/wp-content\/uploads\/sites\/195\/2018\/04\/L1000677-2048x1152.jpg 2048w\" sizes=\"auto, (max-width: 300px) 100vw, 300px\" \/><figcaption class=\"wp-element-caption\">La Prensa y Paulo VI (Simone Negrin, Raquel Vidales, Cristina Cejas, Carlos Pulp\u00f3n, Jos\u00e9 Aja)<\/figcaption><\/figure>\n\n\n\n<figure class=\"wp-block-image alignnone wp-image-1316\"><img loading=\"lazy\" decoding=\"async\" width=\"300\" height=\"250\" src=\"https:\/\/blog.uclm.es\/joseasanchez\/wp-content\/uploads\/sites\/195\/2018\/04\/L1000696-300x250.jpg\" alt=\"\" class=\"wp-image-1316\" srcset=\"https:\/\/blog.uclm.es\/joseasanchez\/wp-content\/uploads\/sites\/195\/2018\/04\/L1000696-300x250.jpg 300w, https:\/\/blog.uclm.es\/joseasanchez\/wp-content\/uploads\/sites\/195\/2018\/04\/L1000696-1024x853.jpg 1024w, https:\/\/blog.uclm.es\/joseasanchez\/wp-content\/uploads\/sites\/195\/2018\/04\/L1000696-768x640.jpg 768w, https:\/\/blog.uclm.es\/joseasanchez\/wp-content\/uploads\/sites\/195\/2018\/04\/L1000696-1536x1279.jpg 1536w, https:\/\/blog.uclm.es\/joseasanchez\/wp-content\/uploads\/sites\/195\/2018\/04\/L1000696-2048x1706.jpg 2048w\" sizes=\"auto, (max-width: 300px) 100vw, 300px\" \/><figcaption class=\"wp-element-caption\">La prensa ( Dani Garc\u00eda, Laura Casielles, Laura Barrag\u00e1n, Eduardo Linares Jim\u00e9nez)<\/figcaption><\/figure>\n\n\n\n<figure class=\"wp-block-image alignnone wp-image-1320\"><img loading=\"lazy\" decoding=\"async\" width=\"300\" height=\"300\" src=\"https:\/\/blog.uclm.es\/joseasanchez\/wp-content\/uploads\/sites\/195\/2018\/04\/L1000697-300x300.jpg\" alt=\"\" class=\"wp-image-1320\" srcset=\"https:\/\/blog.uclm.es\/joseasanchez\/wp-content\/uploads\/sites\/195\/2018\/04\/L1000697-300x300.jpg 300w, https:\/\/blog.uclm.es\/joseasanchez\/wp-content\/uploads\/sites\/195\/2018\/04\/L1000697-1024x1024.jpg 1024w, https:\/\/blog.uclm.es\/joseasanchez\/wp-content\/uploads\/sites\/195\/2018\/04\/L1000697-150x150.jpg 150w, https:\/\/blog.uclm.es\/joseasanchez\/wp-content\/uploads\/sites\/195\/2018\/04\/L1000697-768x768.jpg 768w, https:\/\/blog.uclm.es\/joseasanchez\/wp-content\/uploads\/sites\/195\/2018\/04\/L1000697.jpg 1368w\" sizes=\"auto, (max-width: 300px) 100vw, 300px\" \/><figcaption class=\"wp-element-caption\">Juan, Apocalipsis (Jessica Huerta)<\/figcaption><\/figure>\n\n\n\n<p>&nbsp;<\/p>\n\n\n\n<p>Fotograf\u00edas de Uriel Fogu\u00e9:<\/p>\n\n\n\n<figure class=\"wp-block-image size-large wp-image-1328\"><img loading=\"lazy\" decoding=\"async\" width=\"1024\" height=\"768\" src=\"https:\/\/blog.uclm.es\/joseasanchez\/wp-content\/uploads\/sites\/195\/2018\/04\/IMG_20180414_181853-2-1024x768.jpg\" alt=\"\" class=\"wp-image-1336\" srcset=\"https:\/\/blog.uclm.es\/joseasanchez\/wp-content\/uploads\/sites\/195\/2018\/04\/IMG_20180414_181853-2-1024x768.jpg 1024w, https:\/\/blog.uclm.es\/joseasanchez\/wp-content\/uploads\/sites\/195\/2018\/04\/IMG_20180414_181853-2-300x225.jpg 300w, https:\/\/blog.uclm.es\/joseasanchez\/wp-content\/uploads\/sites\/195\/2018\/04\/IMG_20180414_181853-2-768x576.jpg 768w, https:\/\/blog.uclm.es\/joseasanchez\/wp-content\/uploads\/sites\/195\/2018\/04\/IMG_20180414_181853-2-1536x1152.jpg 1536w, https:\/\/blog.uclm.es\/joseasanchez\/wp-content\/uploads\/sites\/195\/2018\/04\/IMG_20180414_181853-2-2048x1536.jpg 2048w\" sizes=\"auto, (max-width: 1024px) 100vw, 1024px\" \/><figcaption class=\"wp-element-caption\">La Prensa, Paulo VI, Goebbels, Johnson, Misal (Dani Garc\u00eda, Laura Casielles, Ksenia Guinea, Ra\u00fal Maracos, Rafael Lamata, Jessica Huerta, Jaime Vallaure, Cristobal Adam)<\/figcaption><\/figure>\n\n\n\n<figure class=\"wp-block-image alignnone wp-image-1339\"><img loading=\"lazy\" decoding=\"async\" width=\"1024\" height=\"768\" src=\"https:\/\/blog.uclm.es\/joseasanchez\/wp-content\/uploads\/sites\/195\/2018\/04\/IMG_20180414_210512-1024x768.jpg\" alt=\"\" class=\"wp-image-1339\" srcset=\"https:\/\/blog.uclm.es\/joseasanchez\/wp-content\/uploads\/sites\/195\/2018\/04\/IMG_20180414_210512-1024x768.jpg 1024w, https:\/\/blog.uclm.es\/joseasanchez\/wp-content\/uploads\/sites\/195\/2018\/04\/IMG_20180414_210512-300x225.jpg 300w, https:\/\/blog.uclm.es\/joseasanchez\/wp-content\/uploads\/sites\/195\/2018\/04\/IMG_20180414_210512-768x576.jpg 768w, https:\/\/blog.uclm.es\/joseasanchez\/wp-content\/uploads\/sites\/195\/2018\/04\/IMG_20180414_210512-1536x1152.jpg 1536w, https:\/\/blog.uclm.es\/joseasanchez\/wp-content\/uploads\/sites\/195\/2018\/04\/IMG_20180414_210512-2048x1536.jpg 2048w\" sizes=\"auto, (max-width: 1024px) 100vw, 1024px\" \/><figcaption class=\"wp-element-caption\">Arroz (Santiago Eraso, Laura Barrag\u00e1n, B\u00e1rbara Hang, Jessica Huerta)<\/figcaption><\/figure>\n\n\n\n<figure class=\"wp-block-image alignnone wp-image-1340\"><img loading=\"lazy\" decoding=\"async\" width=\"1024\" height=\"768\" src=\"https:\/\/blog.uclm.es\/joseasanchez\/wp-content\/uploads\/sites\/195\/2018\/04\/IMG_20180414_210707-1-1024x768.jpg\" alt=\"\" class=\"wp-image-1340\" srcset=\"https:\/\/blog.uclm.es\/joseasanchez\/wp-content\/uploads\/sites\/195\/2018\/04\/IMG_20180414_210707-1-1024x768.jpg 1024w, https:\/\/blog.uclm.es\/joseasanchez\/wp-content\/uploads\/sites\/195\/2018\/04\/IMG_20180414_210707-1-300x225.jpg 300w, https:\/\/blog.uclm.es\/joseasanchez\/wp-content\/uploads\/sites\/195\/2018\/04\/IMG_20180414_210707-1-768x576.jpg 768w, https:\/\/blog.uclm.es\/joseasanchez\/wp-content\/uploads\/sites\/195\/2018\/04\/IMG_20180414_210707-1-1536x1152.jpg 1536w, https:\/\/blog.uclm.es\/joseasanchez\/wp-content\/uploads\/sites\/195\/2018\/04\/IMG_20180414_210707-1-2048x1536.jpg 2048w\" sizes=\"auto, (max-width: 1024px) 100vw, 1024px\" \/><figcaption class=\"wp-element-caption\">Arroz. (Ruth Est\u00e9vez, Juan Ernesto D\u00edaz, Laila Tafur, Jos\u00e9 A. S\u00e1nchez)<\/figcaption><\/figure>\n\n\n\n<p>Otras im\u00e1genes:<\/p>\n\n\n\n<figure class=\"wp-block-image alignnone wp-image-1342\"><img decoding=\"async\" src=\"https:\/\/blog.uclm.es\/joseasanchez\/wp-content\/uploads\/sites\/195\/2018\/04\/IMG_1735-1.jpg\" alt=\"\" class=\"wp-image-1342\" \/><figcaption class=\"wp-element-caption\">Coro final. Prensa. Paulo VI. Goebbels. Himmler. Johnson. Hitler. Spellman. Rivers. Gen. Le May. Cristo. Biblia. Dios (Simone Negrin, Raquel Vidales, B\u00e1rbara Ba\u00f1uelos, Ernesto Garc\u00eda L\u00f3pez, Rafael Lamata, Eliana Murgia, Antonio Zancada, Jaime Vallaure, Claudia Faci, Javier P\u00e9rez Iglesias, Amaia Bono Jim\u00e9nez, Jos\u00e9 Aja, Juan Pablo Fuentes, Ksenia Guinea, B\u00e1rbara Hang)<\/figcaption><\/figure>\n\n\n\n<p>&nbsp;<\/p>\n","protected":false},"excerpt":{"rendered":"<p>Fotograf\u00edas de Ignacio Oliva: &nbsp; Fotograf\u00edas de Uriel Fogu\u00e9: Otras im\u00e1genes: &nbsp;<\/p>\n","protected":false},"author":285,"featured_media":0,"parent":0,"menu_order":0,"comment_status":"closed","ping_status":"closed","template":"","meta":{"footnotes":""},"class_list":["post-1313","page","type-page","status-publish","hentry"],"_links":{"self":[{"href":"https:\/\/blog.uclm.es\/joseasanchez\/wp-json\/wp\/v2\/pages\/1313","targetHints":{"allow":["GET"]}}],"collection":[{"href":"https:\/\/blog.uclm.es\/joseasanchez\/wp-json\/wp\/v2\/pages"}],"about":[{"href":"https:\/\/blog.uclm.es\/joseasanchez\/wp-json\/wp\/v2\/types\/page"}],"author":[{"embeddable":true,"href":"https:\/\/blog.uclm.es\/joseasanchez\/wp-json\/wp\/v2\/users\/285"}],"replies":[{"embeddable":true,"href":"https:\/\/blog.uclm.es\/joseasanchez\/wp-json\/wp\/v2\/comments?post=1313"}],"version-history":[{"count":1,"href":"https:\/\/blog.uclm.es\/joseasanchez\/wp-json\/wp\/v2\/pages\/1313\/revisions"}],"predecessor-version":[{"id":3738,"href":"https:\/\/blog.uclm.es\/joseasanchez\/wp-json\/wp\/v2\/pages\/1313\/revisions\/3738"}],"wp:attachment":[{"href":"https:\/\/blog.uclm.es\/joseasanchez\/wp-json\/wp\/v2\/media?parent=1313"}],"curies":[{"name":"wp","href":"https:\/\/api.w.org\/{rel}","templated":true}]}}