{"id":109,"date":"2017-12-23T10:45:44","date_gmt":"2017-12-23T09:45:44","guid":{"rendered":"http:\/\/blog.uclm.es\/joseasanchez\/?page_id=109"},"modified":"2025-06-30T14:26:53","modified_gmt":"2025-06-30T14:26:53","slug":"actividades-de-id","status":"publish","type":"page","link":"https:\/\/blog.uclm.es\/joseasanchez\/actividades-de-id\/","title":{"rendered":"Actividades de I+D"},"content":{"rendered":"\n<p><\/p>\n\n\n\n<p><a href=\"https:\/\/blog.uclm.es\/artea\/2025\/02\/17\/experimenta-seminario-de-investigacion-2025\/\" data-type=\"link\" data-id=\"https:\/\/blog.uclm.es\/artea\/2025\/02\/17\/experimenta-seminario-de-investigacion-2025\/\" target=\"_blank\" rel=\"noreferrer noopener\">Experimenta: I Seminario de Investigaci\u00f3n<\/a>. Cuenca, 23-26 de abril de 2025.<\/p>\n\n\n\n<p><a href=\"https:\/\/blog.uclm.es\/artea\/2021\/09\/28\/catedra-de-teatralidades-expandidas\/\" data-type=\"link\" data-id=\"https:\/\/blog.uclm.es\/artea\/2021\/09\/28\/catedra-de-teatralidades-expandidas\/\" target=\"_blank\" rel=\"noreferrer noopener\">C\u00e1tedra de Teatralidades Expandidas<\/a>. Madrid, 2021-23.<\/p>\n\n\n\n<p>&#8211;<a href=\"https:\/\/blog.uclm.es\/artea\/2023\/09\/15\/catedra-teatralidades-expandidas-2\/\" data-type=\"link\" data-id=\"https:\/\/blog.uclm.es\/artea\/2023\/09\/15\/catedra-teatralidades-expandidas-2\/\" target=\"_blank\" rel=\"noreferrer noopener\">Entretenimiento forzoso<\/a>. Tim Etchels &#8211; Forced Entertainment. Madrid, 2023.<\/p>\n\n\n\n<p>&#8211;<a href=\"https:\/\/blog.uclm.es\/artea\/2022\/06\/21\/yuyachkani-memorias-en-accion\/\">Yuyachkani: memorias en acci\u00f3n<\/a>. Teresa Ralli &#8211; Yuyachkani. Madrid. 2022.<\/p>\n\n\n\n<p>&#8211;<a href=\"https:\/\/blog.uclm.es\/artea\/2021\/10\/29\/catedra-teatralidades-expandidas\/\" data-type=\"link\" data-id=\"https:\/\/blog.uclm.es\/artea\/2021\/10\/29\/catedra-teatralidades-expandidas\/\" target=\"_blank\" rel=\"noreferrer noopener\">Materia Insurgente<\/a>. Heiner Goebbels. Madrid, 2022.<\/p>\n\n\n\n<p><a href=\"https:\/\/blog.uclm.es\/artea\/2022\/03\/29\/encuentro-artea-2\/\" data-type=\"link\" data-id=\"https:\/\/blog.uclm.es\/artea\/2022\/03\/29\/encuentro-artea-2\/\" target=\"_blank\" rel=\"noreferrer noopener\">Encuentro ARTEA<\/a>. Cuenca, 25 de mayo de 2022.<\/p>\n\n\n\n<p><a href=\"https:\/\/blog.uclm.es\/artea\/2019\/09\/05\/un-teatro-el-presente-poetica-politica-realidad\/\" target=\"_blank\" rel=\"noreferrer noopener\">Un teatro del presente: po\u00e9tica, pol\u00edtica, realidad<\/a>. Ciudad de M\u00e9xico, 5 y 6 de septiembre de 2019.<\/p>\n\n\n\n<p><a href=\"https:\/\/blog.uclm.es\/artea\/2018\/04\/12\/un-teatro-del-presente-retorica-y-poder-en-palabras-ajenas-de-leon-ferrari\/\" target=\"_blank\" rel=\"noreferrer noopener\">Un teatro del presente. Ret\u00f3rica y poder en <em>Palabras ajenas<\/em> de Le\u00f3n Ferrari<\/a>. 12, 13, 14 de abril de 2018.<\/p>\n\n\n\n<p><a href=\"https:\/\/blog.uclm.es\/artea\/2017\/06\/14\/podria-quien-te-recuerda-cuerpo-archivo-y-memoria\/\">Podr\u00eda quien te recuerda&#8230; Cuerpo, archivo y memoria<\/a>. Seminario internacional. 14, 15, 16 y 17 de junio de 2017.<\/p>\n\n\n\n<p><a href=\"https:\/\/blog.uclm.es\/artea\/2017\/06\/14\/podria-quien-te-recuerda-cuerpo-archivo-y-memoria\/\" data-type=\"link\" data-id=\"https:\/\/blog.uclm.es\/artea\/2017\/06\/14\/podria-quien-te-recuerda-cuerpo-archivo-y-memoria\/\">Cuerpo, des\u00f3rdenes y democracia<\/a>. Madrid, 9 a 12 de marzo de 2017<\/p>\n\n\n\n<p><a href=\"https:\/\/blog.uclm.es\/artea\/2016\/11\/26\/teatralidades-expandidas-cuerpo-y-democracia-2\/\">Teatralidades expandidas: cuerpo y democracia<\/a>. Madrid, 2017.<\/p>\n\n\n\n<p><a href=\"https:\/\/blog.uclm.es\/artea\/2016\/06\/16\/dispositivos-escenicos\/\">Dispositivos esc\u00e9nicos: modos alternativos de&nbsp;<em>ser p\u00fablico<\/em><\/a>. Seminario internacional. 16-18 de junio de 2016. <\/p>\n\n\n\n<p><a href=\"https:\/\/blog.uclm.es\/artea\/2015\/10\/26\/teatralidades-expandidas-cuerpo-y-democracia\/\">Teatralidades expandidas: cuerpo y democracia<\/a>. Madrid, 2015-16.<\/p>\n\n\n\n<p><a href=\"https:\/\/blog.uclm.es\/artea\/2015\/04\/19\/hacer-sumar-desaprender\/\" data-type=\"link\" data-id=\"https:\/\/blog.uclm.es\/artea\/2015\/04\/19\/hacer-sumar-desaprender\/\" target=\"_blank\" rel=\"noreferrer noopener\">Hacer, sumar, desaprender<\/a>. Seminario. 21-24 de abril de 2015. Facultad de Bellas Artes de Cuenca<a href=\"http:\/\/arte-a.org\/node\/1161\">.<\/a><\/p>\n\n\n\n<p><a href=\"https:\/\/blog.uclm.es\/artea\/2014\/05\/15\/habitar-la-dispersion\/\" target=\"_blank\" rel=\"noreferrer noopener\">Habitar la dispersi\u00f3n<\/a>. Seminario internacional. 15-19 de mayo de 2014.<a href=\"http:\/\/www.museoreinasofia.es\/actividades\/habitar-dispersion\">&gt;&gt;&gt;<\/a><\/p>\n\n\n\n<p><a href=\"https:\/\/blog.uclm.es\/artea\/2014\/01\/10\/teatralidades-expandidas-redes-de-afecto\/\" data-type=\"link\" data-id=\"https:\/\/blog.uclm.es\/artea\/2014\/01\/10\/teatralidades-expandidas-redes-de-afecto\/\" target=\"_blank\" rel=\"noreferrer noopener\">Teatralidades expandidas: redes de afecto<\/a>. Madrid, 2014.<\/p>\n\n\n\n<p><a href=\"https:\/\/blog.uclm.es\/artea\/2013\/04\/13\/no-hay-mas-poesia-que-la-accion\/\" target=\"_blank\" rel=\"noreferrer noopener\">No hay m\u00e1s poes\u00eda que la acci\u00f3n: teatralidades disidentes<\/a>. Seminario internacional. &nbsp;Seminario Internacional. 12-13 de abril de 2013. Museo Reina Sof\u00eda.<\/p>\n\n\n\n<p><a href=\"https:\/\/blog.uclm.es\/artea\/2011\/06\/17\/teoria-y-critica-de-las-practicas-performativas\/\" target=\"_blank\" rel=\"noreferrer noopener\">Teor\u00eda y cr\u00edtica de las pr\u00e1cticas performativas<\/a>. Madrid, 2009-11-<\/p>\n\n\n\n<p>&#8211;<a href=\"https:\/\/blog.uclm.es\/artea\/2009\/11\/01\/arte-tiempo\/\" data-type=\"link\" data-id=\"https:\/\/blog.uclm.es\/artea\/2009\/11\/01\/arte-tiempo\/\" target=\"_blank\" rel=\"noreferrer noopener\">Arte\/Tiempo<\/a>. 2009-10<\/p>\n\n\n\n<p>&#8211;<a href=\"https:\/\/blog.uclm.es\/artea\/2010\/12\/09\/repensar-el-espectador\/\" target=\"_blank\" rel=\"noreferrer noopener\">Repensar el espectador<\/a>. 2010-11.<\/p>\n\n\n\n<p><a href=\"https:\/\/blog.uclm.es\/joseasanchez\/2009\/11\/29\/seminario-internacional-de-nuevas-dramaturgias-2009\/\" data-type=\"post\" data-id=\"552\">Nuevas dramaturgias<\/a>. Seminario Internacional. Murcia, 2009.<\/p>\n\n\n\n<p><a href=\"https:\/\/blog.uclm.es\/artea\/2007\/11\/28\/digitalizara-lo-efimero\/\">Digitalizar lo ef\u00edmero<\/a>. 2007<\/p>\n\n\n\n<p><a href=\"https:\/\/blog.uclm.es\/artea\/2005\/10\/25\/teatralidad-y-resistencia\/\">Teatralidad y resistencia<\/a>. 2006<\/p>\n\n\n\n<p><a href=\"https:\/\/blog.uclm.es\/artea\/2004\/04\/28\/artes-de-la-escena-y-de-la-accion-en-espana-1978-2002-2\/\" data-type=\"link\" data-id=\"https:\/\/blog.uclm.es\/artea\/2004\/04\/28\/artes-de-la-escena-y-de-la-accion-en-espana-1978-2002-2\/\" target=\"_blank\" rel=\"noreferrer noopener\">Artes de la escena y de la acci\u00f3n<\/a>. 2004.<\/p>\n\n\n\n<p>Ver todas las actividades en <a href=\"https:\/\/blog.uclm.es\/joseasanchez\/cvn\/\">CVN<\/a><\/p>\n\n\n\n<p><\/p>\n","protected":false},"excerpt":{"rendered":"<p>Experimenta: I Seminario de Investigaci\u00f3n. Cuenca, 23-26 de abril de 2025. C\u00e1tedra de Teatralidades Expandidas. Madrid, 2021-23. &#8211;Entretenimiento forzoso. Tim Etchels &#8211; Forced Entertainment. Madrid, 2023. &#8211;Yuyachkani: memorias en acci\u00f3n. Teresa Ralli &#8211; Yuyachkani. Madrid. 2022. &#8211;Materia Insurgente. Heiner Goebbels. Madrid, 2022. Encuentro ARTEA. Cuenca, 25 de mayo de 2022. Un teatro del presente: po\u00e9tica, [&hellip;]<\/p>\n","protected":false},"author":285,"featured_media":0,"parent":0,"menu_order":0,"comment_status":"closed","ping_status":"closed","template":"","meta":{"footnotes":""},"class_list":["post-109","page","type-page","status-publish","hentry"],"_links":{"self":[{"href":"https:\/\/blog.uclm.es\/joseasanchez\/wp-json\/wp\/v2\/pages\/109","targetHints":{"allow":["GET"]}}],"collection":[{"href":"https:\/\/blog.uclm.es\/joseasanchez\/wp-json\/wp\/v2\/pages"}],"about":[{"href":"https:\/\/blog.uclm.es\/joseasanchez\/wp-json\/wp\/v2\/types\/page"}],"author":[{"embeddable":true,"href":"https:\/\/blog.uclm.es\/joseasanchez\/wp-json\/wp\/v2\/users\/285"}],"replies":[{"embeddable":true,"href":"https:\/\/blog.uclm.es\/joseasanchez\/wp-json\/wp\/v2\/comments?post=109"}],"version-history":[{"count":9,"href":"https:\/\/blog.uclm.es\/joseasanchez\/wp-json\/wp\/v2\/pages\/109\/revisions"}],"predecessor-version":[{"id":4077,"href":"https:\/\/blog.uclm.es\/joseasanchez\/wp-json\/wp\/v2\/pages\/109\/revisions\/4077"}],"wp:attachment":[{"href":"https:\/\/blog.uclm.es\/joseasanchez\/wp-json\/wp\/v2\/media?parent=109"}],"curies":[{"name":"wp","href":"https:\/\/api.w.org\/{rel}","templated":true}]}}