{"id":108,"date":"2017-12-23T10:45:44","date_gmt":"2017-12-23T09:45:44","guid":{"rendered":"http:\/\/blog.uclm.es\/joseasanchez\/?page_id=108"},"modified":"2026-02-09T13:20:48","modified_gmt":"2026-02-09T13:20:48","slug":"tesis","status":"publish","type":"page","link":"https:\/\/blog.uclm.es\/joseasanchez\/tesis\/","title":{"rendered":"Tesis de doctorado"},"content":{"rendered":"<h5>Tesis dirigidas<\/h5>\n<p>Tzu-Han Hung.\u00a0<em>La escucha consciente. Un estudio del ruido blanco del cuerpo y del entorno. <\/em>Co-director: Ra\u00fal Hidalgo. UCLM. Cuenca, 19\/01\/2026. Sobresaliente cum laude.<\/p>\n<p>Romina Casile. \u00a0<em><a href=\"https:\/\/ruidera.uclm.es\/items\/60262a6b-c47a-4c6d-a64b-bf2b51abcb5e\" target=\"_blank\" rel=\"noopener\">Voces, resonancias, escrituras. Pr\u00e1cticas de desplazamiento y transformaci\u00f3n<\/a>.<\/em><span lang=\"ES-TRAD\"> Tesis de investigaci\u00f3n basada en la propia pr\u00e1ctica art\u00edstica. Cuenca: 26\/09\/2023. Sobresaliente cum laude.<\/span><\/p>\n<p>Ignacio de Antonio Ant\u00f3n. <a href=\"https:\/\/ruidera.uclm.es\/items\/652f309a-ab10-4da5-97e6-b0bc7c88b165\" target=\"_blank\" rel=\"noopener\"><em>Fugitive\u00a0<\/em><i>dances<\/i>.<\/a> Tesis de investigaci\u00f3n basada en la propia pr\u00e1ctica esc\u00e9nica. Cuenca, 29\/11\/2021. Sobresaliente cum laude.<\/p>\n<p>Janaina Carrer<strong>.\u00a0<\/strong>\u00a0<a href=\"http:\/\/archivoartea.uclm.es\/publicaciones\/janaina-carrer-dis-autonomia-una-conceptafora-para-practicas-de-re-existencia-y-co-elaboracion\/\" target=\"_blank\" rel=\"noopener\"><em><span style=\"font-size: revert\">Dis.autonom\u00eda: una concept\u00e1fora para pr\u00e1cticas de re.existencia y\u00a0<\/span><span style=\"font-size: revert\">co.elaboraci\u00f3n<\/span><\/em><\/a>. Co-direccci\u00f3n: Victoria P\u00e9rez Royo y Jos\u00e9 A. S\u00e1nchez. Cuenca, 26\/10\/2021. Sobresaliente cum laude.<\/p>\n<p>Ana Luiza Fortes Carvalho.<a href=\"https:\/\/drive.google.com\/file\/d\/110JtEoMb-xD5zANRsZGJmsq5os-zMXP-\/view\" target=\"_blank\" rel=\"noopener\"> <em>Los diarios de la Doble<\/em><\/a>. Tesis de investigaci\u00f3n basada en la pr\u00e1ctica. Direcci\u00f3n: Jos\u00e9 A. S\u00e1nchez. Cuenca, 19\/10\/2021. Sobresaliente cum laude<\/p>\n<p>Anto Rodr\u00edguez Velasco.\u00a0<a href=\"https:\/\/ruidera.uclm.es\/xmlui\/handle\/10578\/23284\" target=\"_blank\" rel=\"noopener\"><em>Sobre la autobiograf\u00eda, el troleo y las artes de relaci\u00f3n. Relato en primera persona de un proceso de investigaci\u00f3n basado en la pr\u00e1ctica<\/em><\/a>. Co-directora: Victoria P\u00e9rez Royo. UCLM. Cuenca. 4\/10\/2019. Sobresaliente cum Laude. \u00a0<a href=\"http:\/\/www.tea-tron.com\/antorodriguez\/blog\/\" target=\"_blank\" rel=\"noopener noreferrer\">&gt;&gt;&gt; Ver Blog de Anto Rodr\u00edguez<\/a><\/p>\n<p>Bertha D\u00edaz Mart\u00ednez. <a href=\"https:\/\/dialnet.unirioja.es\/servlet\/tesis?codigo=248949\" target=\"_blank\" rel=\"noopener\"><em>La cr\u00edtica de las artes vivas como acontecimiento. Tesis de investigaci\u00f3n basada en la propia pr\u00e1ctica de escritura cr\u00edtica, ensayista y de acompa\u00f1amiento de procesos de creaci\u00f3n e investigaci\u00f3n en artes vivas<\/em><\/a>. UCLM. Cuenca, 23\/04\/2018.\u00a0Sobresaliente cum laude<\/p>\n<p>Marian del Valle. \u00a0<a href=\"http:\/\/www.theses.fr\/2013NICE2032\" target=\"_blank\" rel=\"noopener\"><em>Accompagner les processus cr\u00e9atifs de Monica Klinger, Barbara Manzetti et Marian del Valle<\/em> (janvier 2009-d\u00e9cembre 2012)<\/a>.\u00a0Co-direcci\u00f3n: Marina Nordera.\u00a0Universit\u00e9 Nice Sophia Antipolis.\u00a0Faculte des Lettres, arts et sciences humaines. Univ. de Niza, 27\/11\/2013.\u00a0Tr\u00e8s honorable avec f\u00e9licitation.<\/p>\n<p>Esther Belvis.\u00a0<em><a href=\"http:\/\/wrap.warwick.ac.uk\/49942\/\" target=\"_blank\" rel=\"noopener\">Trans-formative performance: living further realities<\/a>.\u00a0<\/em>Universidad de Barcelona \/ University of Warwick (UK). Facultad de Ciencias de la Educacion \/ Department of Theater, Performance and Cultural Policies. Univ. of Warwick, 31\/05\/2012.\u00a0Sobresaliente cum laude por unanimidad.<\/p>\n<p>Ixiar Rozas.\u00a0<em>VOIC(e)SCAPES: experiencias y potencias de la voz, el lenguaje y la tactilidad en la escena actual de la danza<\/em>.\u00a0Departamento de Pintura y audiovisual de la UPV, Bilbao, 07\/01\/2012. Sobresaliente cum laude por unanimidad.<\/p>\n<p>Ana\u00a0Harcha.\u00a0<em>Teatralidad, procedimientos de creaci\u00f3n y configuraci\u00f3n de la identidad en la pr\u00e1ctica esc\u00e9nica de Andr\u00e9s P\u00e9rez Araya<\/em>. Departamento de Filolog\u00eda. Universidad Polit\u00e9cnica de Valencia. Lectura: 29 de noviembre de 2010. Excellent cum laude por unanimidad. <a href=\"http:\/\/blog.uclm.es\/joseasanchez\/2010\/11\/29\/teatralidad-y-configuracion-de-la-identidad-en-la-practica-artistica-y-social-de-andres-perez-araya-2010\/\" target=\"_blank\" rel=\"noopener noreferrer\">&gt;&gt;&gt;Leer m\u00e1s<\/a><\/p>\n<p><a href=\"http:\/\/arte-a.org\/node\/106\">Isabel de Naver\u00e1n<\/a>.\u00a0<em>Procedimientos cinematogr\u00e1ficos en la escena contempor\u00e1nea<\/em>. Universidad del Pa\u00eds Vasco. Lectura: 26 de octubre 2010. Calificaci\u00f3n: sobresaliente cum laude por unanimidad.<\/p>\n<p><a href=\"http:\/\/arte-a.org\/node\/107\">Amparo \u00c9cija<\/a>.\u00a0<a href=\"https:\/\/dialnet.unirioja.es\/servlet\/tesis?codigo=108226\" target=\"_blank\" rel=\"noopener\"><em>Cuerpo, mirada, escritura. aproximaci\u00f3n a la nueva danza a partir de La Ribot, Olga Mesa y M\u00f3nica Valenciano<\/em><\/a>. \u00a0Departamento de historia del arte. Universidad de Castilla-La Mancha. Lectura: 20 de julio 2010. Calificaci\u00f3n: Sobresaliente cum laude por unanimidad.<\/p>\n<p><a href=\"http:\/\/arte-a.org\/node\/104\">Isis Saz<\/a><a href=\"http:\/\/arte-a.org\/node\/104\">.<\/a>\u00a0<a href=\"https:\/\/dialnet.unirioja.es\/servlet\/tesis?codigo=108451\" target=\"_blank\" rel=\"noopener\"><em>Videofronteras. entre el cuerpo y la c\u00e1mara<\/em><\/a>. Departamento de arte. Universidad\u00a0 de Castilla-La Mancha. Lectura: 12 de noviembre de 2009.\u00a0 Calificaci\u00f3n: sobresaliente cum laude por unanimidad. \u00a0<a href=\"http:\/\/isissaz.com\/\">&gt;&gt;Ver sitio personal de Isis Saz<\/a><\/p>\n<p>Javier Lloret Melis.\u00a0<em>Visiones del dolor y rituales del cuerpo: dolor, enfermedad y muerte en el arte contempor\u00e1neo<\/em>\u201d. Departamento de Arte de la Universidad de Castilla-La Mancha. Defensa realizada el 28 de marzo de 2001 en la Facultad de Bellas Artes. Sobresaliente cum laude.<\/p>\n<h5><strong>Tesis en proceso<\/strong><\/h5>\n<p>Charo Mar\u00edn. Tema de investigaci\u00f3n: \u00abObservaci\u00f3n y an\u00e1lisis del cante flamenco, reconstrucci\u00f3n del cuerpo y de la estructuras musicales, y aplicaciones pedag\u00f3gicas\u00bb. Presentaci\u00f3n prevista: 2026.<\/p>\n<p>Youssef Taki. Tema de investigaci\u00f3n: \u00abDesvincular la centralidad, habitar el margen. Construcciones identitarias y narrativas migratorias a trav\u00e9s de la pr\u00e1ctica art\u00edstica\u00bb. Presentacion prevista: 2028.<\/p>\n<p>Dami\u00e1n S\u00e1nchez M\u00f3ntesdeoca. Tema de investigaci\u00f3n: \u00abArtes esc\u00e9nicas contempor\u00e1neas y comedia. Puesta en valor del uso del humor en la escena posdram\u00e1tica y el arte de acci\u00f3n\u00bb. Presentaci\u00f3n prevista: 2028.<\/p>\n","protected":false},"excerpt":{"rendered":"<p>Tesis dirigidas Tzu-Han Hung.\u00a0La escucha consciente. Un estudio del ruido blanco del cuerpo y del entorno. Co-director: Ra\u00fal Hidalgo. UCLM. Cuenca, 19\/01\/2026. Sobresaliente cum laude. Romina Casile. \u00a0Voces, resonancias, escrituras. Pr\u00e1cticas de desplazamiento y transformaci\u00f3n. Tesis de investigaci\u00f3n basada en la propia pr\u00e1ctica art\u00edstica. Cuenca: 26\/09\/2023. Sobresaliente cum laude. Ignacio de Antonio Ant\u00f3n. Fugitive\u00a0dances. Tesis [&hellip;]<\/p>\n","protected":false},"author":285,"featured_media":0,"parent":0,"menu_order":0,"comment_status":"closed","ping_status":"closed","template":"","meta":{"footnotes":""},"class_list":["post-108","page","type-page","status-publish","hentry"],"_links":{"self":[{"href":"https:\/\/blog.uclm.es\/joseasanchez\/wp-json\/wp\/v2\/pages\/108","targetHints":{"allow":["GET"]}}],"collection":[{"href":"https:\/\/blog.uclm.es\/joseasanchez\/wp-json\/wp\/v2\/pages"}],"about":[{"href":"https:\/\/blog.uclm.es\/joseasanchez\/wp-json\/wp\/v2\/types\/page"}],"author":[{"embeddable":true,"href":"https:\/\/blog.uclm.es\/joseasanchez\/wp-json\/wp\/v2\/users\/285"}],"replies":[{"embeddable":true,"href":"https:\/\/blog.uclm.es\/joseasanchez\/wp-json\/wp\/v2\/comments?post=108"}],"version-history":[{"count":17,"href":"https:\/\/blog.uclm.es\/joseasanchez\/wp-json\/wp\/v2\/pages\/108\/revisions"}],"predecessor-version":[{"id":4645,"href":"https:\/\/blog.uclm.es\/joseasanchez\/wp-json\/wp\/v2\/pages\/108\/revisions\/4645"}],"wp:attachment":[{"href":"https:\/\/blog.uclm.es\/joseasanchez\/wp-json\/wp\/v2\/media?parent=108"}],"curies":[{"name":"wp","href":"https:\/\/api.w.org\/{rel}","templated":true}]}}