{"id":858,"date":"2023-02-10T09:04:29","date_gmt":"2023-02-10T09:04:29","guid":{"rendered":"https:\/\/blog.uclm.es\/joseantonioromo\/?page_id=858"},"modified":"2025-12-08T20:07:03","modified_gmt":"2025-12-08T20:07:03","slug":"recopilatorio-de-normativa-de-doctorado","status":"publish","type":"page","link":"https:\/\/blog.uclm.es\/joseantonioromo\/trabajo\/recopilatorio-de-normativa-de-doctorado\/","title":{"rendered":"Recopilatorio de normativa de doctorado"},"content":{"rendered":"\n<p>La normativa de doctorado aplicable en la UCLM se publica en la web de la instituci\u00f3n, <a href=\"http:\/\/www.uclm.es\" target=\"_blank\" rel=\"noreferrer noopener\">www.uclm.es<\/a>. <\/p>\n\n\n\n<p>Se ofrece en este apartado un extracto de aquella sin pretender sustituir a la informaci\u00f3n oficial y a los simples efectos de facilitar su localizaci\u00f3n a los interesados. <\/p>\n\n\n\n<p>Ante la posibilidad de que este listado no est\u00e9 actualizado se recomienda comprobar la vigencia de la norma en la que se est\u00e9 interesado.<\/p>\n\n\n\n<h1 class=\"wp-block-heading\">Normativa Estatal<\/h1>\n\n\n\n<ul class=\"wp-block-list\">\n<li><a href=\"https:\/\/www.boe.es\/eli\/es\/lo\/2023\/03\/22\/2\/con\">Ley Org\u00e1nica 2\/2003, de 22 de marzo, del Sistema Universitario<\/a><br><\/li>\n\n\n\n<li><a href=\"https:\/\/www.boe.es\/buscar\/act.php?id=BOE-A-2011-9617\">Ley 14\/2011, de 1 de junio, de la Ciencia, la Tecnolog\u00eda y la Innovaci\u00f3n<\/a><\/li>\n<\/ul>\n\n\n\n<ul class=\"wp-block-list\">\n<li><a href=\"https:\/\/www.boe.es\/eli\/es\/rd\/2021\/09\/28\/822\/con\">Real Decreto 822\/2021, de 28 de septiembre, por el que se establece la organizaci\u00f3n de las ense\u00f1anzas universitarias y del procedimiento de aseguramiento de su calidad<\/a><\/li>\n<\/ul>\n\n\n\n<ul class=\"wp-block-list\">\n<li><a href=\"https:\/\/www.boe.es\/eli\/es\/rd\/2022\/10\/18\/889\">Real Decreto 889\/2022, de 18 de octubre, por el que se establecen las condiciones y los procedimientos de homologaci\u00f3n, de declaraci\u00f3n de equivalencia y de convalidaci\u00f3n de ense\u00f1anzas universitarias de sistemas educativos extranjeros y por el que se regula el procedimiento para establecer la correspondencia al nivel del Marco Espa\u00f1ol de Cualificaciones para la Educaci\u00f3n Superior de los t\u00edtulos universitarios oficiales pertenecientes a ordenaciones acad\u00e9micas anteriores<\/a><\/li>\n<\/ul>\n\n\n\n<ul class=\"wp-block-list\">\n<li><a href=\"http:\/\/www.boe.es\/buscar\/doc.php?id=BOE-A-2011-2541\">Real Decreto 99\/2011, de 28 de enero, por el que se regulan las ense\u00f1anzas oficiales de Doctorado<\/a><\/li>\n<\/ul>\n\n\n\n<ul class=\"wp-block-list\">\n<li><a href=\"http:\/\/www.boe.es\/buscar\/doc.php?id=BOE-A-2016-5339\">Real Decreto 195\/2016, de 13 de mayo, por el que se establecen los requisitos para la expedici\u00f3n del Suplemento Europeo al T\u00edtulo Universitario de Doctor<\/a><\/li>\n<\/ul>\n\n\n\n<ul class=\"wp-block-list\">\n<li><a href=\"https:\/\/www.boe.es\/eli\/es\/rd\/2019\/03\/01\/103\/con\">Real Decreto 103\/2019, de 1 de marzo, por el que se aprueba el Estatuto del personal investigador predoctoral en formaci\u00f3n<\/a><\/li>\n<\/ul>\n\n\n\n<ul class=\"wp-block-list\">\n<li><a href=\"http:\/\/www.boe.es\/buscar\/doc.php?id=BOE-A-2007-15674\">ORDEN ECI\/2514\/2007, de 13 de agosto, sobre expedici\u00f3n de t\u00edtulos universitarios oficiales de M\u00e1ster y Doctor<\/a><\/li>\n<\/ul>\n\n\n\n<h2 class=\"wp-block-heading\">Normativa Auton\u00f3mica<\/h2>\n\n\n\n<ul class=\"wp-block-list\">\n<li><a href=\"https:\/\/e.uclm.es\/servicios\/doc\/?id=UCLMDOCID-12-1344\">Decreto 49\/2013, de 25\/07\/2013, por el que se aprueba la creaci\u00f3n de la Escuela Internacional de Doctorado, en la Universidad de Castilla-La Mancha<\/a><\/li>\n<\/ul>\n\n\n\n<h2 class=\"wp-block-heading\">Normativa interna UCLM<\/h2>\n\n\n\n<h3 class=\"wp-block-heading\">General<\/h3>\n\n\n\n<ul class=\"wp-block-list\">\n<li><a href=\"https:\/\/hdl.handle.net\/10578\/45405\">Reglamento de los estudios de Doctorado de la UCLM (Acuerdo del Consejo de Gobierno de 4 de noviembre de 2025)<\/a><\/li>\n<\/ul>\n\n\n\n<ul class=\"wp-block-list\">\n<li><a href=\"https:\/\/hdl.handle.net\/10578\/39165\">Reglamento de la Escuela Internacional de Doctorado de la UCLM (Acuerdo del Consejo de Gobierno de 22 de octubre de 2024)<\/a><\/li>\n<\/ul>\n\n\n\n<ul class=\"wp-block-list\">\n<li><a href=\"https:\/\/e.uclm.es\/servicios\/doc\/?id=UCLMDOCID-12-1076\">Resoluci\u00f3n sobre la adecuaci\u00f3n de las calificaciones de las tesis doctorales de la UCLM al Real Decreto 534\/2013 de 12 de julio (15\/07\/2013)<\/a><\/li>\n<\/ul>\n\n\n\n<ul class=\"wp-block-list\">\n<li><a href=\"https:\/\/e.uclm.es\/servicios\/doc\/?id=UCLMDOCID-12-6128\">Resoluci\u00f3n del Vicerrector de Pol\u00edtica Cient\u00edfica sobre condiciones de las estancias de los doctorandos en las instituciones extranjeras<\/a><\/li>\n<\/ul>\n\n\n\n<h3 class=\"wp-block-heading\">Acceso a Doctorado<\/h3>\n\n\n\n<ul class=\"wp-block-list\">\n<li><a href=\"https:\/\/www.uclm.es\/-\/media\/Files\/Normativas\/ML029-Directrices-acceso-admision-y-matricula-doctorando.ashx\">Directrices para el acceso, admisi\u00f3n y matr\u00edcula en los programas de Doctorado de la UCLM<\/a><br><\/li>\n\n\n\n<li><a href=\"https:\/\/e.uclm.es\/servicios\/doc\/?id=UCLMDOCID-12-1291\">Establecimiento de equivalencias de titulaciones oficiales espa\u00f1olas anteriores al Real Decreto 1393\/2007, a efectos de su acceso a estudios oficiales de Doctorado, regulados en el Real Decreto 99\/2011 (Acuerdo del Consejo de Gobierno de 28 de mayo de 2014)<\/a><\/li>\n<\/ul>\n\n\n\n<h3 class=\"wp-block-heading\">Cotutela de tesis con universidades extranjeras<\/h3>\n\n\n\n<ul class=\"wp-block-list\">\n<li><a href=\"https:\/\/e.uclm.es\/servicios\/doc\/?id=UCLMDOCID-12-154\">Procedimiento para el establecimiento de cotutela de tesis doctorales entre la Universidad de Castilla-La Mancha y una universidad extranjera<\/a><\/li>\n<\/ul>\n\n\n\n<h3 class=\"wp-block-heading\">Premio Extraordinario de Doctorado<\/h3>\n\n\n\n<ul class=\"wp-block-list\">\n<li><a href=\"https:\/\/docm.jccm.es\/docm\/descargarArchivo.do?ruta=2022\/12\/09\/pdf\/2022_11205.pdf&amp;tipo=rutaDocm\">Normativa reguladora de los premios extraordinarios de Doctorado de la UCLM (Acuerdo del Consejo de Gobierno de 29 de noviembre de 2022)<\/a><\/li>\n<\/ul>\n\n\n\n<h3 class=\"wp-block-heading\">Homologaci\u00f3n de t\u00edtulos<\/h3>\n\n\n\n<ul class=\"wp-block-list\">\n<li><a href=\"https:\/\/e.uclm.es\/servicios\/doc\/?id=UCLMDOCID-12-1841\">Procedimiento para la equivalencia de titulos extranjeros de educaci\u00f3n superior al nivel acad\u00e9mico de Doctor (Acuerdo del Consejo de Gobierno de 13 de abril de 2015)<\/a><\/li>\n<\/ul>\n\n\n\n<h3 class=\"wp-block-heading\">C\u00f3digos de buenas pr\u00e1cticas<\/h3>\n\n\n\n<ul class=\"wp-block-list\">\n<li><a href=\"https:\/\/hdl.handle.net\/10578\/39561\">C\u00f3digo de buenas pr\u00e1cticas para la elaboraci\u00f3n y supervisi\u00f3n de tesis doctorales en la UCLM<\/a><br><\/li>\n\n\n\n<li><a href=\"https:\/\/hdl.handle.net\/10578\/35815\" target=\"_blank\" rel=\"noreferrer noopener\">C\u00f3digo de Buenas Pr\u00e1cticas Cient\u00edficas (CBPC) de la Universidad de Castilla-La Mancha<\/a><br><\/li>\n\n\n\n<li><a href=\"https:\/\/www.uclm.es\/-\/media\/Files\/Normativas\/ML033-Codigo-Etico-UCLM.ashx\" target=\"_blank\" rel=\"noreferrer noopener\">C\u00f3digo \u00c9tico y de buen Gobierno de la UCLM<\/a><\/li>\n<\/ul>\n\n\n\n<p><\/p>\n","protected":false},"excerpt":{"rendered":"<p>La normativa de doctorado aplicable en la UCLM se publica en la web de la instituci\u00f3n, www.uclm.es. Se ofrece en este apartado un extracto de aquella sin pretender sustituir a la informaci\u00f3n oficial y a los simples efectos de facilitar su localizaci\u00f3n a los interesados. Ante la posibilidad de que este listado no est\u00e9 actualizado &hellip; <\/p>\n<p class=\"link-more\"><a href=\"https:\/\/blog.uclm.es\/joseantonioromo\/trabajo\/recopilatorio-de-normativa-de-doctorado\/\" class=\"more-link\">Continuar leyendo<span class=\"screen-reader-text\"> \u00abRecopilatorio de normativa de doctorado\u00bb<\/span><\/a><\/p>\n","protected":false},"author":65,"featured_media":0,"parent":854,"menu_order":0,"comment_status":"closed","ping_status":"closed","template":"","meta":{"footnotes":""},"class_list":["post-858","page","type-page","status-publish","hentry"],"_links":{"self":[{"href":"https:\/\/blog.uclm.es\/joseantonioromo\/wp-json\/wp\/v2\/pages\/858","targetHints":{"allow":["GET"]}}],"collection":[{"href":"https:\/\/blog.uclm.es\/joseantonioromo\/wp-json\/wp\/v2\/pages"}],"about":[{"href":"https:\/\/blog.uclm.es\/joseantonioromo\/wp-json\/wp\/v2\/types\/page"}],"author":[{"embeddable":true,"href":"https:\/\/blog.uclm.es\/joseantonioromo\/wp-json\/wp\/v2\/users\/65"}],"replies":[{"embeddable":true,"href":"https:\/\/blog.uclm.es\/joseantonioromo\/wp-json\/wp\/v2\/comments?post=858"}],"version-history":[{"count":7,"href":"https:\/\/blog.uclm.es\/joseantonioromo\/wp-json\/wp\/v2\/pages\/858\/revisions"}],"predecessor-version":[{"id":883,"href":"https:\/\/blog.uclm.es\/joseantonioromo\/wp-json\/wp\/v2\/pages\/858\/revisions\/883"}],"up":[{"embeddable":true,"href":"https:\/\/blog.uclm.es\/joseantonioromo\/wp-json\/wp\/v2\/pages\/854"}],"wp:attachment":[{"href":"https:\/\/blog.uclm.es\/joseantonioromo\/wp-json\/wp\/v2\/media?parent=858"}],"curies":[{"name":"wp","href":"https:\/\/api.w.org\/{rel}","templated":true}]}}