{"id":344,"date":"2020-05-21T09:32:05","date_gmt":"2020-05-21T08:32:05","guid":{"rendered":"http:\/\/blog.uclm.es\/joseantoniolopez\/?page_id=89"},"modified":"2022-11-18T09:25:45","modified_gmt":"2022-11-18T08:25:45","slug":"presentacion","status":"publish","type":"page","link":"https:\/\/blog.uclm.es\/joseantoniolopez\/presentacion\/","title":{"rendered":"Presentaci\u00f3n"},"content":{"rendered":"\n<p class=\"has-medium-font-size has-large-font-size\">Soy T\u00e9cnico III del <a href=\"https:\/\/www.uclm.es\/areas\/areatic\" target=\"_blank\" rel=\"noopener\">\u00c1rea de Gesti\u00f3n de Tecnolog\u00eda y Comunicaciones<\/a> <a href=\"https:\/\/www.uclm.es\/Areas\/AreaTIC\/Estructura\/GestionTICCampusCuenca\" target=\"_blank\" rel=\"noopener\">del Campus de Cuenca.<\/a><\/p>\n\n\n\n<p class=\"has-medium-font-size\">&nbsp;&nbsp;&nbsp;&nbsp;&nbsp;Empec\u00e9 mi andadura en la UCLM all\u00e1 por el a\u00f1o 2001 en el Campus de Toledo, campus en el que desempe\u00f1\u00e9 mis funciones hasta el a\u00f1o 2005 que me traslad\u00e9 a Cuenca.<\/p>\n\n\n\n<p class=\"has-medium-font-size\">&nbsp;&nbsp;&nbsp;&nbsp;&nbsp;En el campus he dado soporte a varios centros siendo la <a href=\"https:\/\/www.uclm.es\/Cuenca\/fcomunicacion\" target=\"_blank\" rel=\"noopener\">Facultad de Comunicaci\u00f3n<\/a> y la <a href=\"https:\/\/www.uclm.es\/Cuenca\/epc\" target=\"_blank\" rel=\"noopener\">Escuela Polit\u00e9cnica de Cuenca<\/a> los centros principales a los que doy soporte actualmente.<\/p>\n","protected":false},"excerpt":{"rendered":"<p>Soy T\u00e9cnico III del \u00c1rea de Gesti\u00f3n de Tecnolog\u00eda y Comunicaciones del Campus de Cuenca. &nbsp;&nbsp;&nbsp;&nbsp;&nbsp;Empec\u00e9 mi andadura en la UCLM all\u00e1 por el a\u00f1o 2001 en el Campus de Toledo, campus en el que desempe\u00f1\u00e9 mis funciones hasta el a\u00f1o 2005 que me traslad\u00e9 a Cuenca. &nbsp;&nbsp;&nbsp;&nbsp;&nbsp;En el campus he dado soporte a varios &hellip; <a href=\"https:\/\/blog.uclm.es\/joseantoniolopez\/presentacion\/\" class=\"more-link\">Seguir leyendo <span class=\"screen-reader-text\">Presentaci\u00f3n<\/span> <span class=\"meta-nav\">&rarr;<\/span><\/a><\/p>\n","protected":false},"author":170,"featured_media":0,"parent":0,"menu_order":0,"comment_status":"closed","ping_status":"closed","template":"page-templates\/full-width.php","meta":{"footnotes":""},"class_list":["post-344","page","type-page","status-publish","hentry"],"_links":{"self":[{"href":"https:\/\/blog.uclm.es\/joseantoniolopez\/wp-json\/wp\/v2\/pages\/344","targetHints":{"allow":["GET"]}}],"collection":[{"href":"https:\/\/blog.uclm.es\/joseantoniolopez\/wp-json\/wp\/v2\/pages"}],"about":[{"href":"https:\/\/blog.uclm.es\/joseantoniolopez\/wp-json\/wp\/v2\/types\/page"}],"author":[{"embeddable":true,"href":"https:\/\/blog.uclm.es\/joseantoniolopez\/wp-json\/wp\/v2\/users\/170"}],"replies":[{"embeddable":true,"href":"https:\/\/blog.uclm.es\/joseantoniolopez\/wp-json\/wp\/v2\/comments?post=344"}],"version-history":[{"count":1,"href":"https:\/\/blog.uclm.es\/joseantoniolopez\/wp-json\/wp\/v2\/pages\/344\/revisions"}],"predecessor-version":[{"id":358,"href":"https:\/\/blog.uclm.es\/joseantoniolopez\/wp-json\/wp\/v2\/pages\/344\/revisions\/358"}],"wp:attachment":[{"href":"https:\/\/blog.uclm.es\/joseantoniolopez\/wp-json\/wp\/v2\/media?parent=344"}],"curies":[{"name":"wp","href":"https:\/\/api.w.org\/{rel}","templated":true}]}}