{"id":986,"date":"2023-02-03T15:57:01","date_gmt":"2023-02-03T14:57:01","guid":{"rendered":"https:\/\/blog.uclm.es\/jesuspadilla\/?page_id=986"},"modified":"2023-02-10T15:44:31","modified_gmt":"2023-02-10T14:44:31","slug":"books","status":"publish","type":"page","link":"https:\/\/blog.uclm.es\/jesuspadilla\/books\/","title":{"rendered":"Books"},"content":{"rendered":"\n<h3 class=\"has-text-align-center wp-block-heading\"><span style=\"color: #ba0606\"><a href=\"https:\/\/blog.uclm.es\/jesuspadilla\/wp-content\/uploads\/sites\/208\/2020\/06\/CV_2020.pdf\" target=\"_blank\" rel=\"noreferrer noopener\">KEY PUBLICATIONS<\/a><\/span><\/h3>\n\n\n\n<h4 class=\"alignwide wp-block-heading\">Libros\/Books\/B\u00fccher<\/h4>\n\n\n\n<div class=\"wp-block-media-text alignwide is-stacked-on-mobile\" style=\"grid-template-columns:15% auto\"><figure class=\"wp-block-media-text__media\"><img loading=\"lazy\" decoding=\"async\" width=\"100\" height=\"136\" src=\"https:\/\/blog.uclm.es\/jesuspadilla\/wp-content\/uploads\/sites\/208\/2020\/06\/Referenz_und_Theorie.jpg\" alt=\"\" class=\"wp-image-489 size-full\" \/><\/figure><div class=\"wp-block-media-text__content\">\n<p>1989:<em>&nbsp;<a rel=\"noreferrer noopener\" href=\"https:\/\/blog.uclm.es\/jesuspadilla\/wp-content\/uploads\/sites\/208\/2020\/06\/Referenz_und_Theorie.pdf\" target=\"_blank\">Referenz und Theorie der m\u00f6glichen Welten. Darstellung und Kritik der logisch-semantischen Theorie in der Sprachanalytischen Philosophie.<\/a><\/em>&nbsp;Europ\u00e4ische Hochschulschriften. Reihe 20, Philosophie, Vol. 267, Frankfurt a. M., 1989.<\/p>\n<\/div><\/div>\n\n\n\n<div class=\"wp-block-group alignwide is-vertical is-layout-flex wp-container-core-group-is-layout-8cf370e7 wp-block-group-is-layout-flex\">\n<p>Review: Jan Wolenski, <em>Referenz und Theorie der m\u00f6glichen Welten. Darstellung und Kritik der logisch-semantischen Theorie in der Sprachanalytischen Philosophie.<\/em>En: <em>Reports on Philosophy<\/em>, No 14 1991, pp. 154-156.<\/p>\n\n\n\n<p>Jorge Alfredo Roetti, <em>Referenz und Theorie der m\u00f6glichen Welten. Darstellung und Kritik der logisch-semantischen Theorie in der Sprachanalytischen Philosophie<\/em>. En:<em> Revista Latinoamericana de Filosof\u00eda<\/em>, 1994, pp. 371-373.<\/p>\n\n\n\n<p>E. Runggaldier, <em>Analytische Sprachphilosophie.<\/em> Stuttgart-Berlin-K\u00f6ln: Kohlhammer, 1990.<\/p>\n\n\n\n<p>Wulf Kellerwessel, <em>Referenz und Theorie der m\u00f6glichen Welten. Darstellung und Kritik der logisch-semantischen Theorie in der Sprachanalytischen Philosophie<\/em>. En:<em> A Bibliography on Reference and Some Related Topics in Analytical Philosophy. <\/em>Frankfurt a. M., Peter Lang, 1996, p. 128 [1371]<\/p>\n<\/div>\n\n\n\n<div class=\"wp-block-media-text alignwide is-stacked-on-mobile\" style=\"grid-template-columns:15% auto\"><figure class=\"wp-block-media-text__media\"><img loading=\"lazy\" decoding=\"async\" width=\"100\" height=\"137\" src=\"https:\/\/blog.uclm.es\/jesuspadilla\/wp-content\/uploads\/sites\/208\/2020\/06\/tratado_metateorico.jpg\" alt=\"\" class=\"wp-image-488 size-full\" \/><\/figure><div class=\"wp-block-media-text__content\">\n<p>2000<em>:\u00a0<a rel=\"noreferrer noopener\" href=\"https:\/\/blog.uclm.es\/jesuspadilla\/wp-content\/uploads\/sites\/208\/2020\/06\/tratado_metateorico.pdf\" target=\"_blank\">Tratado Metate\u00f3rico de las Teor\u00edas Cient\u00edficas<\/a><\/em>. Cuenca: Ediciones de la Universidad de Castilla-La Mancha, 2000.<\/p>\n<\/div><\/div>\n\n\n\n<div class=\"wp-block-media-text alignwide is-stacked-on-mobile\" style=\"grid-template-columns:15% auto\"><figure class=\"wp-block-media-text__media\"><img loading=\"lazy\" decoding=\"async\" width=\"100\" height=\"152\" src=\"https:\/\/blog.uclm.es\/jesuspadilla\/wp-content\/uploads\/sites\/208\/2020\/06\/Spanienknigge.jpg\" alt=\"\" class=\"wp-image-487 size-full\" \/><\/figure><div class=\"wp-block-media-text__content\">\n<p>2005: <em><a href=\"http:\/\/www.oldenbourg.de\/\" target=\"_blank\" rel=\"noopener noreferrer\">Spanienknigge. Sozio\u00f6konomische Einf\u00fchrung in die Interkulturalit\u00e4t<\/a>.<\/em> Jes\u00fas Padilla G\u00e1lvez \/ Margit Gaffal. M\u00fcnchen: Oldenbourg, 2005.<\/p>\n<\/div><\/div>\n\n\n\n<div class=\"wp-block-group alignwide is-vertical is-layout-flex wp-container-core-group-is-layout-8cf370e7 wp-block-group-is-layout-flex\">\n<p>Review: VV.AA., Padilla G\u00e1lvez, Gaffal, Spanienknigge \/ 57869. IHK-Information L\u00fcbeck, Au\u00dfenwirtschaft aktuell, Nr. 08, 2006, p. 18.<\/p>\n<\/div>\n\n\n\n<div class=\"wp-block-media-text alignwide is-stacked-on-mobile\" style=\"grid-template-columns:15% auto\"><figure class=\"wp-block-media-text__media\"><img loading=\"lazy\" decoding=\"async\" width=\"100\" height=\"142\" src=\"https:\/\/blog.uclm.es\/jesuspadilla\/wp-content\/uploads\/sites\/208\/2020\/06\/Verdad_Demostracion.jpg\" alt=\"\" class=\"wp-image-486 size-full\" \/><\/figure><div class=\"wp-block-media-text__content\">\n<p>2007: <a href=\"https:\/\/blog.uclm.es\/jesuspadilla\/wp-content\/uploads\/sites\/208\/2020\/06\/Verdad_Demostracion.pdf\" target=\"_blank\" rel=\"noopener noreferrer\"><em>Verdad y demostraci\u00f3n<\/em><\/a>. Madrid: Plaza y Vald\u00e9s, 2007 (ISBN: 978-84-96780-19-4)<\/p>\n<\/div><\/div>\n\n\n\n<div class=\"wp-block-group alignwide is-vertical is-layout-flex wp-container-core-group-is-layout-8cf370e7 wp-block-group-is-layout-flex\">\n<p>El trabajo sobre verdad y demostraci\u00f3n me parece muy valioso\u00bb.<\/p>\n\n\n\n<p>Ernst Tugendhat<br>T\u00fcbingen, 15 de diciembre de 2007<\/p>\n\n\n\n<p><a rel=\"noreferrer noopener\" href=\"https:\/\/blog.uclm.es\/jesuspadilla\/wp-content\/uploads\/sites\/208\/2020\/06\/Verdad_Demostracion_indice.pdf\" target=\"_blank\">\u00cdNDICE<\/a> | <a rel=\"noreferrer noopener\" href=\"https:\/\/blog.uclm.es\/jesuspadilla\/wp-content\/uploads\/sites\/208\/2020\/06\/Verdad_Demostracion_prologo.pdf\" target=\"_blank\">PR\u00d3LOGO<\/a> | <a rel=\"noreferrer noopener\" href=\"http:\/\/www.todoebook.com\/ficha-public.asp?cod=PUB0024799\" target=\"_blank\">FICHA DE LA PUBLICACI\u00d3N<\/a><\/p>\n\n\n\n<p>Martine Reicherts, Review: Verdad y demostraci\u00f3n. <em>European Union Publishers&#8217; Forum<\/em>, Luxembourg: Office for Official Publications of the European Communities, 2007, p. 44. (ISSN 1725-0390)<\/p>\n\n\n\n<p>Review: Di\u00e1logo filos\u00f3fico, n\u00ba 71, Mayo \/ agosto, 2008, p. 358.<\/p>\n<\/div>\n\n\n\n<div class=\"wp-block-media-text alignwide is-stacked-on-mobile\" style=\"grid-template-columns:15% auto\"><figure class=\"wp-block-media-text__media\"><img loading=\"lazy\" decoding=\"async\" width=\"100\" height=\"146\" src=\"https:\/\/blog.uclm.es\/jesuspadilla\/wp-content\/uploads\/sites\/208\/2020\/06\/LecturasTractarianas.gif\" alt=\"\" class=\"wp-image-485 size-full\" \/><\/figure><div class=\"wp-block-media-text__content\">\n<p>2009: <a href=\"http:\/\/www.plazayvaldes.es\/libro\/wittgenstein-i\/1312\/#%20\" target=\"_blank\" rel=\"noopener noreferrer\"><em>Wittgenstein. Lecturas tractarianas<\/em><\/a>. Plaza y Vald\u00e9s, 2009. 274 P\u00e1ginas (ISBN: 978-84-96780-18-7)<\/p>\n<\/div><\/div>\n\n\n\n<div class=\"wp-block-group alignwide is-vertical is-layout-flex wp-container-core-group-is-layout-8cf370e7 wp-block-group-is-layout-flex\">\n<p>Review: <em>Eikasia. Revista de Filosof\u00eda <\/em>, a\u00f1o IV, 25 (mayo 2009), pp. 193-195.<\/p>\n<\/div>\n\n\n\n<div class=\"wp-block-media-text alignwide is-stacked-on-mobile\" style=\"grid-template-columns:15% auto\"><figure class=\"wp-block-media-text__media\"><img loading=\"lazy\" decoding=\"async\" width=\"100\" height=\"151\" src=\"https:\/\/blog.uclm.es\/jesuspadilla\/wp-content\/uploads\/sites\/208\/2020\/06\/IssuesAndDebates.gif\" alt=\"\" class=\"wp-image-484 size-full\" \/><\/figure><div class=\"wp-block-media-text__content\">\n<p>2010: Eric Lemaire, Jes\u00fas Padilla G\u00e1lvez (Eds.),<a href=\"https:\/\/blog.uclm.es\/jesuspadilla\/wp-content\/uploads\/sites\/208\/2020\/06\/IssuesAndDebates.pdf\" target=\"_blank\" rel=\"noopener noreferrer\"><em> Wittgenstein: Issues and Debates.<\/em><\/a> Frankfurt a. M.: Ontos Verlag, 2010, (ISBN 13: 978-3-86838-083-5)<\/p>\n<\/div><\/div>\n\n\n\n<h4 class=\"alignwide wp-block-heading\">Editor de vol\u00famenes colectivos \/ Editor \/ Herausgeber<\/h4>\n\n\n\n<div class=\"wp-block-media-text alignwide is-stacked-on-mobile\" style=\"grid-template-columns:15% auto\"><figure class=\"wp-block-media-text__media\"><img loading=\"lazy\" decoding=\"async\" width=\"100\" height=\"135\" src=\"https:\/\/blog.uclm.es\/jesuspadilla\/wp-content\/uploads\/sites\/208\/2020\/06\/Circulo_Viena_Reconsiderado.jpg\" alt=\"\" class=\"wp-image-506 size-full\" \/><\/figure><div class=\"wp-block-media-text__content\">\n<p>1996:<a href=\"https:\/\/blog.uclm.es\/jesuspadilla\/wp-content\/uploads\/sites\/208\/2020\/06\/Circulo_Viena_Reconsiderado.pdf\" target=\"_blank\" rel=\"noopener noreferrer\"> <em>El C\u00edrculo de Viena, reconsiderado<\/em><\/a><em>. <\/em>(Editor) <em>Arbor<\/em>, N\u00ba 612, Tomo CLV, Diciembre 1996.<\/p>\n<\/div><\/div>\n\n\n\n<div class=\"wp-block-group alignwide is-vertical is-layout-flex wp-container-core-group-is-layout-8cf370e7 wp-block-group-is-layout-flex\">\n<p>Review: Camilla R. Nielsen,&nbsp;<em>El C\u00edrculo de Viena, Reconsiderado.&nbsp;<\/em><em>Vienna Circle Institute Yearbook<\/em>, 1997, 5, 435-437.<\/p>\n\n\n\n<p>Javier Echeverr\u00eda, Andoni Ibarra, Thomas Mormann, The Long and Winding Road to the Philosophy of Science in Spain. in: Representations of Scientific Rationality. Contemporary Formal Philosophy of Science in Spain (Ed. Andoni Ibarra, Thomas Mormann), Rodopi, Amsterdam, 1997, p. 31<\/p>\n<\/div>\n\n\n\n<div class=\"wp-block-media-text alignwide is-stacked-on-mobile\" style=\"grid-template-columns:15% auto\"><figure class=\"wp-block-media-text__media\"><img loading=\"lazy\" decoding=\"async\" width=\"100\" height=\"145\" src=\"https:\/\/blog.uclm.es\/jesuspadilla\/wp-content\/uploads\/sites\/208\/2020\/06\/Circulo_Viena.jpg\" alt=\"\" class=\"wp-image-505 size-full\" \/><\/figure><div class=\"wp-block-media-text__content\">\n<p>1998:<a href=\"http:\/\/www.uclm.es\/congresos\/wittgenstein\/\"><em>\u00a0Wittgenstein<\/em><\/a><em>\u00a0y el\u00a0<a rel=\"noreferrer noopener\" href=\"https:\/\/blog.uclm.es\/jesuspadilla\/wp-content\/uploads\/sites\/208\/2020\/06\/Circulo_Viena.pdf\" target=\"_blank\">C\u00edrculo de Viena<\/a>\u00a0\/\u00a0<a href=\"https:\/\/blog.uclm.es\/jesuspadilla\/congreso-wittgenstein\/\">Wittgenstein<\/a>\u00a0und der Wiener Kreis.\u00a0<\/em>(Coordinadores: Jes\u00fas Padilla G\u00e1lvez and Raimundo Drudis-Baldrich). Cuenca: Ediciones de la Universidad de Castilla-La Mancha, 1998.<\/p>\n<\/div><\/div>\n\n\n\n<div class=\"wp-block-group alignwide is-vertical is-layout-flex wp-container-core-group-is-layout-8cf370e7 wp-block-group-is-layout-flex\">\n<p>Review:&nbsp;<em>Mathematical Reviews<\/em>, 1999, 99b (February; 99b:00022 (00B25 00A30)), S. 739.<\/p>\n\n\n\n<p><em>Current Mathematical Publications<\/em>, 1998, 15 (November 6; Nr. 15), 2571. [03\/03A].<\/p>\n\n\n\n<p><em><a href=\"https:\/\/blog.uclm.es\/jesuspadilla\/congreso-wittgenstein\/\">Wittgenstein<\/a>&nbsp;und der Wiener Kreis.&nbsp;<\/em>(Jes\u00fas Padilla G\u00e1lvez R. Drudis-Baldrich).&nbsp;<em>The Philosopher\u2019s Index<\/em>, 1998, 32,209.<\/p>\n\n\n\n<p><em>Nelson G.<\/em>&nbsp;Gomes,&nbsp;<em><a href=\"https:\/\/blog.uclm.es\/jesuspadilla\/congreso-wittgenstein\/\">Wittgenstein<\/a>&nbsp;y el C\u00edrculo de Viena =<a href=\"https:\/\/blog.uclm.es\/jesuspadilla\/congreso-wittgenstein\/\">Wittgenstein<\/a>&nbsp;und der Wiener Kreis. Actas del Congreso Internacional. Toledo 2-5 de Noviembre 1994.&nbsp;<\/em>Coordinadores Jes\u00fas Padilla G\u00e1lvez R. Drudis-Baldrich. Cuenca: Ediciones de la Universidad de Castilla-La Mancha.&nbsp;<em>Vienna Circle Institute Yearbook<\/em>, 1999,&nbsp;<strong>7<\/strong>, 353-356.<\/p>\n\n\n\n<p>S. Awodey<em>, Mathematical Reviews<\/em>, 1999, 99j (October; 99j:03003 (0305 03-03)), 6591.<\/p>\n\n\n\n<p>J. R. Isbell,&nbsp;<em>Mathematical Reviews<\/em>, 1999, 99f (June; 99f:54002 (54-03 01\u00aa60 55-03)), 7.<\/p>\n\n\n\n<p>Gonzalo Serrano,&nbsp;<em><a href=\"https:\/\/blog.uclm.es\/jesuspadilla\/congreso-wittgenstein\/\">Wittgenstein<\/a>&nbsp;y el C\u00edrculo de Viena =<a href=\"https:\/\/blog.uclm.es\/jesuspadilla\/congreso-wittgenstein\/\">Wittgenstein<\/a>&nbsp;und der Wiener Kreis. Actas del Congreso Internacional. Toledo 2-5 de Noviembre 1994.&nbsp;<\/em>Coordinadores Jes\u00fas Padilla G\u00e1lvez R. Drudis-Baldrich. Cuenca: Ediciones de la Universidad de Castilla-La Mancha.&nbsp;<em>Mathesis<\/em>, 2001, II, 1, 233-238.<\/p>\n\n\n\n<p>Review: Mar\u00eda de Basauri (Redacci\u00f3n), Jes\u00fas Padilla G\u00e1lvez,&nbsp;<em><a href=\"https:\/\/blog.uclm.es\/jesuspadilla\/congreso-wittgenstein\/\">Wittgenstein<\/a>, from a New Point of View<\/em>. En<em>: Di\u00e1logo Cient\u00edfico<\/em>, Vol. 12, N\u00b0 1\/2, 2003, pp. 76-78<\/p>\n<\/div>\n\n\n\n<div class=\"wp-block-media-text alignwide is-stacked-on-mobile\" style=\"grid-template-columns:15% auto\"><figure class=\"wp-block-media-text__media\"><img loading=\"lazy\" decoding=\"async\" width=\"100\" height=\"143\" src=\"https:\/\/blog.uclm.es\/jesuspadilla\/wp-content\/uploads\/sites\/208\/2020\/06\/Idealismus.jpg\" alt=\"\" class=\"wp-image-503 size-full\" \/><\/figure><div class=\"wp-block-media-text__content\">\n<p>2007:\u00a0<em><a rel=\"noreferrer noopener\" href=\"https:\/\/blog.uclm.es\/jesuspadilla\/wp-content\/uploads\/sites\/208\/2020\/06\/Idealismus.jpg\" target=\"_blank\">Idealismus und sprachanalytische Philosophie<\/a><\/em>. Jes\u00fas Padilla G\u00e1lvez (Ed.)\u00a0<a rel=\"noreferrer noopener\" href=\"http:\/\/www.peterlang.de\/\" target=\"_blank\">Peter Lang, Frankfurt a.M<\/a>., 2007. 199 p\u00e1gs. ( ISBN: 36 315 607 53)<\/p>\n<\/div><\/div>\n\n\n\n<div class=\"wp-block-group alignwide is-vertical is-layout-flex wp-container-core-group-is-layout-8cf370e7 wp-block-group-is-layout-flex\">\n<p>Review: Informaciones y referencias en: Friedrich Wilhelm Bautz, G. W. F. Hegel, Biographisch-Bibliographisches Kirchenlexikon. Verlag Traugott Bautz. Vol. II, 2007. Spalte 643-649 [www.bautz.de\/bbkl]. Diego Compagna, L. J. J. Wittgenstein, Biographisch-Bibliographisches Kirchenlexikon. Verlag Traugott Bautz. Vol. XV, 2007. Spalte 1524-1543 [www.bautz.de\/bbkl]. Peter Moser, Idealismus und Sprachanalytische Philosophie. Information Philosophie, 1, M\u00e4rz 2007, p. 149.<\/p>\n<\/div>\n\n\n\n<div class=\"wp-block-media-text alignwide is-stacked-on-mobile\" style=\"grid-template-columns:15% auto\"><figure class=\"wp-block-media-text__media\"><img loading=\"lazy\" decoding=\"async\" width=\"100\" height=\"142\" src=\"https:\/\/blog.uclm.es\/jesuspadilla\/wp-content\/uploads\/sites\/208\/2020\/06\/LaberintoLenguaje.jpg\" alt=\"\" class=\"wp-image-502 size-full\" \/><\/figure><div class=\"wp-block-media-text__content\">\n<p>2007: <a href=\"https:\/\/blog.uclm.es\/jesuspadilla\/wp-content\/uploads\/sites\/208\/2020\/06\/LaberintoLenguaje.jpg\"><em>El Laberinto del Lenguaje &#8211; The Labyrinth of Language<\/em><\/a>. Jes\u00fas Padilla G\u00e1lvez. Cuenca: Ediciones de la Universidad de Castilla-La Mancha, 2007 (ISBN: 978-84-8427-510-7)<\/p>\n<\/div><\/div>\n\n\n\n<div class=\"wp-block-group alignwide is-vertical is-layout-flex wp-container-core-group-is-layout-8cf370e7 wp-block-group-is-layout-flex\">\n<p>Review: VV.AA., Noticias de libros: Jes\u00fas Padilla G\u00e1lvez (coord.).&nbsp;<em>El laberinto del lenguaje = The Labyrinth of Language<\/em>. Ediciones de la Universidad de Castilla-La Mancha, Cuenca, 2007; 188 pp. En:&nbsp;<em>Di\u00e1logo filos\u00f3fico<\/em>, Nr. 69, Septiembre \/ diciembre 2007, p. 535.<\/p>\n\n\n\n<p>Review: VV.AA.,&nbsp;<em>El laberinto del lenguaje<\/em>, Jes\u00fas Padilla G\u00e1lvez (Coord.). Humanidades, 93, Ediciones de la Universidad de Castilla-La Mancha, Cuenca, 2007; 192 pp; 15,5 x 22 cm. ISBN: 978-84-8427-510-7. En:&nbsp;<em>UNE \u2013 Novedades editoriales universitarias espa\u00f1olas<\/em>. N\u00fam 15, Oto\u00f1o<br>2007, p. 13.<\/p>\n\n\n\n<p>La filosof\u00eda anal\u00edtica parte del presupuesto de que muchos de nuestros errores se deben al uso incorrecto del lenguaje. El lenguaje dificulta entender los problemas que plantemos y genera, muchas veces, laberintos de los que resultada dif\u00edcil escapar. El uso del lenguaje tiene repercusi\u00f3n sobre nuestra forma de entender el mundo. Emprender el estudio de la evoluci\u00f3n seguida por Ludwig Wittgenstein del an\u00e1lisis del lenguaje es una labor laboriosa pero<br>fascinante.<\/p>\n<\/div>\n\n\n\n<div class=\"wp-block-media-text alignwide is-stacked-on-mobile\" style=\"grid-template-columns:15% auto\"><figure class=\"wp-block-media-text__media\"><img loading=\"lazy\" decoding=\"async\" width=\"210\" height=\"141\" src=\"https:\/\/blog.uclm.es\/jesuspadilla\/wp-content\/uploads\/sites\/208\/2020\/06\/Phenomenology.jpg\" alt=\"\" class=\"wp-image-507 size-full\" \/><\/figure><div class=\"wp-block-media-text__content\">\n<p>2008: <em><a href=\"http:\/\/www.ontos-verlag.de\/Buchreihen-ALWS-978-3-938793-91-6.php\" target=\"_blank\" rel=\"noopener noreferrer\">Phenomenology as Grammar<\/a><\/em>. Edited by Jes\u00fas Padilla G\u00e1lvez. Frankfurt a. M.: Ontos Verlag, 2008. (ISBN 13: 978-3-938793-91-6)<\/p>\n<\/div><\/div>\n\n\n\n<div class=\"wp-block-group alignwide is-vertical is-layout-flex wp-container-core-group-is-layout-8cf370e7 wp-block-group-is-layout-flex\">\n<p>Vytautas Grenda,&nbsp;<a href=\"https:\/\/blog.uclm.es\/jesuspadilla\/wp-content\/uploads\/sites\/208\/2020\/06\/Phenomenology_review.pdf\" target=\"_blank\" rel=\"noreferrer noopener\">Are Negations of Analytic Propositions Meaningless?<\/a>, Santalka. Filosofija. 2009, 17, nr. 1, pp. 91-93. (ISSN 1822-430X print\/1822-4318 online).<\/p>\n\n\n\n<p>Cecilia B. Beristain, Rese\u00f1a de Jes\u00fas Padilla G\u00e1lvez. Phenomenology as Grammar. (= Publications of the Austrian Ludwig Wittgenstein Society. New Series, volume 8), Frankfurt a. M.: Ontos Verlag, 2008, 224 S. (ISBN 13: 978-3-938793-91-6), Philosophisches Jahrbuch, 116, Jahrgang \/ II, 2009, pp.483-486.<\/p>\n<\/div>\n\n\n\n<div class=\"wp-block-media-text alignwide is-stacked-on-mobile\" style=\"grid-template-columns:15% auto\"><figure class=\"wp-block-media-text__media\"><img loading=\"lazy\" decoding=\"async\" width=\"100\" height=\"145\" src=\"https:\/\/blog.uclm.es\/jesuspadilla\/wp-content\/uploads\/sites\/208\/2020\/06\/Igualdad.jpg\" alt=\"\" class=\"wp-image-509 size-full\" \/><\/figure><div class=\"wp-block-media-text__content\">\n<p>Jes\u00fas Padilla G\u00e1lvez (Ed.), <em><a rel=\"noopener noreferrer\" href=\"http:\/\/www.plazayvaldes.es\/libro\/igualdad-en-el-derecho-y-la-moral\/1328\/#\" target=\"_blank\">Igualdad en el Derecho y la Moral<\/a><\/em>Plaza y Vald\u00e9s, Madrid, M\u00e9xico D.F. 2009, p\u00e1gs. 144. (ISBN: 978-84-92751-25-9)<\/p>\n<\/div><\/div>\n\n\n\n<div class=\"wp-block-media-text alignwide is-stacked-on-mobile\" style=\"grid-template-columns:15% auto\"><figure class=\"wp-block-media-text__media\"><img loading=\"lazy\" decoding=\"async\" width=\"211\" height=\"145\" src=\"https:\/\/blog.uclm.es\/jesuspadilla\/wp-content\/uploads\/sites\/208\/2020\/06\/C12_PhilosophicalAntropology.jpg\" alt=\"\" class=\"wp-image-226 size-full\" \/><\/figure><div class=\"wp-block-media-text__content\">\n<p>Jes\u00fas Padilla G\u00e1lvez (Ed.), <em><a rel=\"noopener noreferrer\" href=\"http:\/\/www.ontos-verlag.de\/index.php?option=com_virtuemart&amp;page=shop.browse&amp;category_id=27&amp;Itemid=1?=de\" target=\"_blank\">Philosophical anthropology<\/a> <\/em>Frankfurt a. M.: Ontos Verlag, 2010, (ISBN 13: 978-3-86838-0687-5)<\/p>\n<\/div><\/div>\n\n\n\n<div class=\"wp-block-media-text alignwide is-stacked-on-mobile\" style=\"grid-template-columns:15% auto\"><figure class=\"wp-block-media-text__media\"><img loading=\"lazy\" decoding=\"async\" width=\"100\" height=\"148\" src=\"https:\/\/blog.uclm.es\/jesuspadilla\/wp-content\/uploads\/sites\/208\/2020\/06\/AntropologiaWittgenstein.jpg\" alt=\"\" class=\"wp-image-510 size-full\" \/><\/figure><div class=\"wp-block-media-text__content\">\n<p>Jes\u00fas Padilla G\u00e1lvez (Ed.), Antropolog\u00eda de Wittgenstein. Reflexionando con P.M.S. Hacker. Madrid &#8211; M\u00e9xico D.F, Plaza y Vald\u00e9s, 2010, (ISBN 13: 978-84-92751-95-2)<\/p>\n<\/div><\/div>\n\n\n\n<div class=\"wp-block-media-text alignwide is-stacked-on-mobile\" style=\"grid-template-columns:15% auto\"><figure class=\"wp-block-media-text__media\"><img loading=\"lazy\" decoding=\"async\" width=\"211\" height=\"145\" src=\"https:\/\/blog.uclm.es\/jesuspadilla\/wp-content\/uploads\/sites\/208\/2020\/06\/C12_FormsOfLive.jpg\" alt=\"\" class=\"wp-image-222 size-full\" \/><\/figure><div class=\"wp-block-media-text__content\">\n<p>Jes\u00fas Padilla G\u00e1lvez, Margit Gaffal (Eds.), <a title=\"Acceso a la informaci\u00f3n (se abrir\u00e1 en una ventana nueva)\" rel=\"noopener noreferrer\" href=\"http:\/\/www.ontosverlag.com\/index.php?page=shop.product_details&amp;category_id=27&amp;flypage=flypage.tpl&amp;product_id=354&amp;option=com_virtuemart&amp;Itemid=1\" target=\"_blank\">Forms of Life and Language Games<\/a>. Ontos Verlag, Frankfurt a.M., 2011, (ISBN: 978-3-86838-122-1)<\/p>\n<\/div><\/div>\n\n\n\n<div class=\"wp-block-media-text alignwide is-stacked-on-mobile\" style=\"grid-template-columns:15% auto\"><figure class=\"wp-block-media-text__media\"><img loading=\"lazy\" decoding=\"async\" width=\"211\" height=\"153\" src=\"https:\/\/blog.uclm.es\/jesuspadilla\/wp-content\/uploads\/sites\/208\/2020\/06\/FenomenologiaComoGramatica.jpg\" alt=\"\" class=\"wp-image-512 size-full\" \/><\/figure><div class=\"wp-block-media-text__content\">\n<p>Jes\u00fas Padilla G\u00e1lvez, <a rel=\"noreferrer noopener\" href=\"https:\/\/blog.uclm.es\/jesuspadilla\/wp-content\/uploads\/sites\/208\/2020\/06\/FenomenologiaComoGramatica.pdf\" target=\"_blank\">Fenomenolog\u00eda como Gram\u00e1tica<\/a>. UnB, Brasilia, 2011, (ISBN 978-85-230-1294-6)<\/p>\n<\/div><\/div>\n\n\n\n<h4 class=\"alignwide wp-block-heading\">Editor de textos \/ Editor \/ Herausgeber<\/h4>\n\n\n\n<div class=\"wp-block-group alignwide is-vertical is-layout-flex wp-container-core-group-is-layout-8cf370e7 wp-block-group-is-layout-flex\">\n<p><strong>1995:<\/strong> <em><a href=\"https:\/\/blog.uclm.es\/jesuspadilla\/wp-content\/uploads\/sites\/208\/2020\/06\/Mathesis.pdf\" target=\"_blank\" rel=\"noopener noreferrer\">Metal\u00f3gica \/ Metalogik<\/a>.<\/em> (Editor) <em>Mathesis<\/em>, XI &#8211; N\u00ba 2, 1995, 137-192.<\/p>\n\n\n\n<p><strong>2007:<\/strong> <a href=\"https:\/\/blog.uclm.es\/jesuspadilla\/wp-content\/uploads\/sites\/208\/2020\/06\/Mathesis2007.pdf\" target=\"_blank\" rel=\"noopener noreferrer\">Sobre consistencia y completud en el sistema axiom\u00e1tico.<\/a> Mathesis, III, 2, 1, pp. 193-196 y pp. 197-204.<\/p>\n<\/div>\n\n\n\n<h3 class=\"alignwide has-text-align-left wp-block-heading\">LSP<\/h3>\n\n\n\n<div class=\"wp-block-group alignwide is-vertical is-layout-flex wp-container-core-group-is-layout-8cf370e7 wp-block-group-is-layout-flex\">\n<p><strong>1997<\/strong><em><strong>:<\/strong> Wirtschaftsspanisch Textproduktion.<\/em> Oldenbourg. M\u00fcnchen 1997.<\/p>\n\n\n\n<ul class=\"wp-block-list\">\n<li>Review: Sofocleto, <em>El dominical. El Comercio (Per\u00fa).<\/em> 3 de enero 1998.<\/li>\n<\/ul>\n\n\n\n<p><strong>1997<\/strong><strong>:<\/strong> <em>Austria. Estudio de los mercados tur\u00edsticos emisores: El mercado austriaco.<\/em>Ministerio. Madrid, 1997.<\/p>\n\n\n\n<p><strong>1998<\/strong><strong>:<\/strong> <em>Wirtschaftsspanisch Marketing.<\/em>Oldenbourg. M\u00fcnchen 1998.<\/p>\n\n\n\n<p><strong>1998<\/strong><strong>:<\/strong> <em>El lenguaje econ\u00f3mico. Lengua de especialidad, comunicaci\u00f3n, programas. <\/em>Trauner Universit\u00e4ts Verlag, Linz, 1998.<\/p>\n\n\n\n<ul class=\"wp-block-list\">\n<li>Review: Claudia Sol\u00eds-Haje, <em>El lenguaje econ\u00f3mico. Lengua de especialidad, comunicaci\u00f3n, programas<\/em> (Jes\u00fas Padilla G\u00e1lvez (Ed.). <em>Anuario de Letras<\/em>, 1999, 37, pp. 335-337.<\/li>\n\n\n\n<li>Carten Sinner, <em>El lenguaje econ\u00f3mico. Lengua de especialidad, comunicaci\u00f3n, programas<\/em> (Jes\u00fas Padilla G\u00e1lvez (Ed.). <em>Ibero Americana<\/em>, 1999, 75\/76, 226-231.<\/li>\n\n\n\n<li>Frank hoffmann, <em>El lenguaje econ\u00f3mico. Lengua de especialidad, comunicaci\u00f3n, programas<\/em> (Jes\u00fas Padilla G\u00e1lvez (Ed.). <em>Fachsprache<\/em>, 2000, 83-86.<\/li>\n<\/ul>\n\n\n\n<p><strong>1999<\/strong><strong>:<\/strong> <em>Wirtschaftsspanisch \u2013 W\u00f6rterbuch. Spanisch \u2013 Deutsch \u00b7 Deutsch \u2013 Spanisch<\/em>. Oldenbourg. M\u00fcnchen 1999.<\/p>\n\n\n\n<p><strong>2001<\/strong><strong>:<\/strong> <em>Wirtschaftsspanisch-Lexikon. Spanisch <\/em><em>\u2013 Deutsch und Deutsch \u2013 Spanisch<\/em>. Oldenbourg. M\u00fcnchen, 2001.<\/p>\n\n\n\n<p><strong>2003<\/strong><strong>:<\/strong> <em>Lengua de especialidad: Econom\u00eda europea y derecho europeo \/ Language for Specific Purposes: European Economy and European Law \/ Fachsprache: Europ\u00e4ische Wirtschaft und europ\u00e4isches Recht.<\/em>Eds. Jes\u00fas Padilla G\u00e1lvez \/ Margit Gaffal. Ediciones de la Universidad de Castilla-La Mancha, Cuenca, 2003.<\/p>\n<\/div>\n","protected":false},"excerpt":{"rendered":"<p>KEY PUBLICATIONS Libros\/Books\/B\u00fccher 1989:&nbsp;Referenz und Theorie der m\u00f6glichen Welten. Darstellung und Kritik der logisch-semantischen Theorie in der Sprachanalytischen Philosophie.&nbsp;Europ\u00e4ische Hochschulschriften. Reihe 20, Philosophie, Vol. 267, Frankfurt a. M., 1989. Review: Jan Wolenski, Referenz und Theorie der m\u00f6glichen Welten. Darstellung und Kritik der logisch-semantischen Theorie in der Sprachanalytischen Philosophie.En: Reports on Philosophy, No 14 1991, pp. [&hellip;]<\/p>\n","protected":false},"author":291,"featured_media":0,"parent":0,"menu_order":0,"comment_status":"closed","ping_status":"closed","template":"","meta":{"footnotes":""},"class_list":["post-986","page","type-page","status-publish","hentry"],"_links":{"self":[{"href":"https:\/\/blog.uclm.es\/jesuspadilla\/wp-json\/wp\/v2\/pages\/986","targetHints":{"allow":["GET"]}}],"collection":[{"href":"https:\/\/blog.uclm.es\/jesuspadilla\/wp-json\/wp\/v2\/pages"}],"about":[{"href":"https:\/\/blog.uclm.es\/jesuspadilla\/wp-json\/wp\/v2\/types\/page"}],"author":[{"embeddable":true,"href":"https:\/\/blog.uclm.es\/jesuspadilla\/wp-json\/wp\/v2\/users\/291"}],"replies":[{"embeddable":true,"href":"https:\/\/blog.uclm.es\/jesuspadilla\/wp-json\/wp\/v2\/comments?post=986"}],"version-history":[{"count":30,"href":"https:\/\/blog.uclm.es\/jesuspadilla\/wp-json\/wp\/v2\/pages\/986\/revisions"}],"predecessor-version":[{"id":1103,"href":"https:\/\/blog.uclm.es\/jesuspadilla\/wp-json\/wp\/v2\/pages\/986\/revisions\/1103"}],"wp:attachment":[{"href":"https:\/\/blog.uclm.es\/jesuspadilla\/wp-json\/wp\/v2\/media?parent=986"}],"curies":[{"name":"wp","href":"https:\/\/api.w.org\/{rel}","templated":true}]}}