{"id":48,"date":"2020-05-28T08:15:21","date_gmt":"2020-05-28T07:15:21","guid":{"rendered":"http:\/\/blog.uclm.es\/jesuspadilla\/?page_id=48"},"modified":"2023-03-31T09:28:08","modified_gmt":"2023-03-31T08:28:08","slug":"papers","status":"publish","type":"page","link":"https:\/\/blog.uclm.es\/jesuspadilla\/papers\/","title":{"rendered":"Papers"},"content":{"rendered":"\n<h3 class=\"alignwide has-text-align-left wp-block-heading\"><strong>Art\u00edculos en la red \/ Articles in the internet \/ Artikel im Internet abrufbar<\/strong><\/h3>\n\n\n\n<div class=\"wp-block-group alignwide is-vertical is-layout-flex wp-container-core-group-is-layout-8cf370e7 wp-block-group-is-layout-flex\">\n<ol class=\"wp-block-list\">\n<li>Jes\u00fas Padilla G\u00e1lvez, <a href=\"http:\/\/alerce.pntic.mec.es\/%7Emcui0002\/masazul\/rudolf_carnap.htm\" target=\"_blank\" rel=\"noopener noreferrer\">La refutaci\u00f3n de la metal\u00f3gica descriptiva a la concepci\u00f3n aritm\u00e9tica de la metal\u00f3gica.<\/a><\/li>\n\n\n\n<li>Jes\u00fas Padilla-G\u00e1lvez, <a href=\"http:\/\/www.science-digital.com\/Ontos\/samples\/O-Neumaier-PP-S.pdf%20\" target=\"_blank\" rel=\"noopener noreferrer\">Die List der Wahrheit. <\/a><\/li>\n\n\n\n<li>Jes\u00fas Padilla G\u00e1lvez, <a href=\"http:\/\/www.springerlink.com\/content\/k8p448198232m71w\/\" target=\"_blank\" rel=\"noopener noreferrer\">Wahrheit und Selbstr\u00fcckbez\u00fcglichkeit<\/a><\/li>\n\n\n\n<li>Jes\u00fas Padilla G\u00e1lvez, <a href=\"http:\/\/www.academia-verlag.de\/titel\/69355.htm\" target=\"_blank\" rel=\"noopener noreferrer\">La recepci\u00f3n popperiana del concepto dokosis<\/a><\/li>\n\n\n\n<li>Jes\u00fas Padilla-G\u00e1lvez, <a href=\"http:\/\/www.univie.ac.at\/ivc\/publikat\/index.htm\" target=\"_blank\" rel=\"noopener noreferrer\">Rudolf Carnap contra Kurt G\u00f6del: Die Kritik Carnaps von 1931 am Projekt G\u00f6dels<\/a><\/li>\n\n\n\n<li>Jes\u00fas Padilla G\u00e1lvez, <a href=\"http:\/\/www.rodopi.nl\/senj.asp?BookId=GPS+57\" target=\"_blank\" rel=\"noopener noreferrer\">Metamathematik versus deskriptive Metalogik.<\/a><\/li>\n\n\n\n<li>Jes\u00fas Padilla G\u00e1lvez, <a href=\"http:\/\/www.sorites.org\/Issue_16\/padilla.htm\" target=\"_blank\" rel=\"noopener noreferrer\">Tarskian Metamathematics in Carnap&#8217;s Metalogic <\/a><strong><br><\/strong><\/li>\n\n\n\n<li>Jes\u00fas Padilla-G\u00e1lvez, <a href=\"http:\/\/www.hrfd.hr\/nova\/si\/brsi38.html\" target=\"_blank\" rel=\"noopener noreferrer\">Mediendemokratie vom ethischen Standpunkt<\/a><\/li>\n\n\n\n<li>Jes\u00fas Padilla-G\u00e1lvez, <a href=\"http:\/\/kfil.upol.cz\/prezentace\/obsah1.htm\" target=\"_blank\" rel=\"noopener noreferrer\">Parteien im Zeitalter der Mediendemokratie<\/a><\/li>\n\n\n\n<li>Jes\u00fas Padilla G\u00e1lvez, <a href=\"http:\/\/www.iuc.hr\/c_detail.php?kursID=245\" target=\"_blank\" rel=\"noopener noreferrer\">Demokratie und Terrorismus<\/a><\/li>\n\n\n\n<li>Jes\u00fas Padilla G\u00e1lvez, <a href=\"http:\/\/www.information-philosophie.de\/philosophie\/spanien.html\" target=\"_blank\" rel=\"noopener noreferrer\">Das Elend der Philosophie in Spanien.<\/a><\/li>\n\n\n\n<li>Jes\u00fas Padilla G\u00e1lvez, <a href=\"http:\/\/docm.jccm.es\/RevistaJuridica\/Sumario33.pdf\" target=\"_blank\" rel=\"noopener noreferrer\">Comentario al libro de Clemens Jabloner y Friedrich Stadler: empirismo l\u00f3gico y teor\u00eda pura del Derecho. Las relaciones entre el C\u00edrculo de Viena y la Escuela de Hans Kelsen.<\/a><\/li>\n\n\n\n<li>Jes\u00fas Padilla G\u00e1lvez, <a href=\"http:\/\/216.239.59.104\/search?q=cache:w8V0xevDj_QJ:www.nlb-hannover.de\/Leibniz\/Gesellschaft\/Dokumente\/Kongressprogramm.pdf+%22Jes%C3%BAs+Padilla+G%C3%A1lvez%22&amp;hl=de&amp;gl=de&amp;ct=clnk&amp;cd=54%20\" target=\"_blank\" rel=\"noopener noreferrer\">Die Setzung der Einheit <\/a><\/li>\n\n\n\n<li>Jes\u00fas Padilla G\u00e1lvez, <a href=\"http:\/\/www.leibniz-kongress.tu-berlin.de\/webprogramm.html\" target=\"_blank\" rel=\"noopener noreferrer\">Modalisation und M\u00f6gliche Welten in den logisch-semantischen Untersuchungen um 1686 <\/a><\/li>\n\n\n\n<li>Jes\u00fas Padilla G\u00e1lvez, <a href=\"http:\/\/www2.bvs.org.ve\/scielo.php?script=sci_arttext&amp;pid=S0798-43242005000100003&amp;lng=es&amp;nrm=iso&amp;tlng=es\" target=\"_blank\" rel=\"noopener noreferrer\">Minima Visibilia <\/a><\/li>\n\n\n\n<li>Jes\u00fas Padilla G\u00e1lvez, <a href=\"http:\/\/www.scielo.org.ve\/scielo.php?pid=S0798-11712005000200003&amp;script=sci_arttext&amp;tlng=es\" target=\"_blank\" rel=\"noopener noreferrer\">Sobre creencias, la forma general del enunciado&nbsp;y el Alma<\/a>. Una relectura de <em>TLP <\/em>5.54 \u2013 5.5423 ( On Beliefs, the General Form of the Proposition and the Soul. A Review of <em>TLP <\/em>5.54 \u2013 5.5423)<\/li>\n\n\n\n<li>Jes\u00fas Padilla G\u00e1lvez, <a href=\"http:\/\/sammelpunkt.philo.at:8080\/archive\/00000433\/\" target=\"_blank\" rel=\"noopener noreferrer\">Die Verwendung des Wortes \u00abIch\u00bb bei L. Wittgenstein . <em>Wittgenstein Studien 2 <\/em><\/a>( 1 ) 1995.<\/li>\n\n\n\n<li>Jes\u00fas Padilla-G\u00e1lvez , <a href=\"http:\/\/homepages.ed.ac.uk\/pmilne\/ml\/abs2.html#jpg\" target=\"_blank\" rel=\"noopener noreferrer\">L\u00f3gica, Lenguaje y Teor\u00eda de la cuantificaci\u00f3n<\/a> (A Proposito de los <em>&#8216;Selected Essays <\/em>&#8216; de Jean van Heijenoort), <em>Modern Logic <\/em>2 (1991)<\/li>\n<\/ol>\n<\/div>\n\n\n\n<h3 class=\"alignwide has-text-align-left wp-block-heading\">Rese\u00f1as en interned \/ Review in Internet \/ Rezensionen im Internet<\/h3>\n\n\n\n<div class=\"wp-block-group alignwide is-vertical is-layout-flex wp-container-core-group-is-layout-8cf370e7 wp-block-group-is-layout-flex\">\n<ol class=\"wp-block-list\">\n<li>G\u00f6del, Kurt: <em>Ensayos in\u00e9ditos. <\/em>(Ed. Francisco Rodr\u00edguez Consuegra, Pr\u00f3logo de W. V. Quine). Barcelona : Mondadori, 1994, 240pp. + 8 Fotos. G\u00f6del, Kurt: <em>Unpublished Philosophical Essays <\/em>. (With a historico-philosophical introduction by Francisco A. Rodr\u00edguez-Consuegra (Ed.) and Foreword by W. V. Quine). Basel ; Boston ; Berlin : Birkh\u00e4user, 1995, 235pp. + 8 Fotos. (<a href=\"http:\/\/www.sorites.org\/Issue_06\/item5.htm\" target=\"_blank\" rel=\"noopener noreferrer\">Book Reviews by Jes\u00fas Padilla-G\u00e1lvez<\/a>). pp. 61-68.<\/li>\n\n\n\n<li><a href=\"http:\/\/www.klostermann.de\/zeitsch\/phli_504.htm\" target=\"_blank\" rel=\"noopener noreferrer\">Volver Halbach: Axiomatische Wahrheitstheorien<\/a> (Jes\u00fas Padilla G\u00e1lvez)<\/li>\n\n\n\n<li><a href=\"http:\/\/www.filosoficas.unam.mx\/index.php3?version=&amp;pagina=publicaciones\/dianoia\/dia04\/dia2004.html\" target=\"_blank\" rel=\"noopener noreferrer\">Ludwig Wittgenstein, Tractatus logico-philosophicus<\/a> (Jes\u00fas Padilla G\u00e1lvez)<\/li>\n\n\n\n<li><a href=\"http:\/\/www.accessmylibrary.com\/coms2\/summary_0286-4743342_ITM\" target=\"_blank\" rel=\"noopener noreferrer\">Ludwig Wittgenstein, Tractatus logico-philosophicus<\/a> (Jes\u00fas Padilla G\u00e1lvez)<\/li>\n\n\n\n<li><a href=\"http:\/\/critica.filosoficas.unam.mx\/tablesone.html\" target=\"_blank\" rel=\"noopener noreferrer\">Truth, Vagueness, and Paradox. An Essay on the Logic of Truth. Giovanni Sommaruga-Rosolemos, Fixed Point Constructions in Various Theories of Mathematical Logic , Vann McGee<\/a> (Jes\u00fas Padilla G\u00e1lvez)<\/li>\n<\/ol>\n<\/div>\n","protected":false},"excerpt":{"rendered":"<p>Art\u00edculos en la red \/ Articles in the internet \/ Artikel im Internet abrufbar Rese\u00f1as en interned \/ Review in Internet \/ Rezensionen im Internet<\/p>\n","protected":false},"author":291,"featured_media":0,"parent":0,"menu_order":0,"comment_status":"closed","ping_status":"closed","template":"","meta":{"footnotes":""},"class_list":["post-48","page","type-page","status-publish","hentry"],"_links":{"self":[{"href":"https:\/\/blog.uclm.es\/jesuspadilla\/wp-json\/wp\/v2\/pages\/48","targetHints":{"allow":["GET"]}}],"collection":[{"href":"https:\/\/blog.uclm.es\/jesuspadilla\/wp-json\/wp\/v2\/pages"}],"about":[{"href":"https:\/\/blog.uclm.es\/jesuspadilla\/wp-json\/wp\/v2\/types\/page"}],"author":[{"embeddable":true,"href":"https:\/\/blog.uclm.es\/jesuspadilla\/wp-json\/wp\/v2\/users\/291"}],"replies":[{"embeddable":true,"href":"https:\/\/blog.uclm.es\/jesuspadilla\/wp-json\/wp\/v2\/comments?post=48"}],"version-history":[{"count":17,"href":"https:\/\/blog.uclm.es\/jesuspadilla\/wp-json\/wp\/v2\/pages\/48\/revisions"}],"predecessor-version":[{"id":1079,"href":"https:\/\/blog.uclm.es\/jesuspadilla\/wp-json\/wp\/v2\/pages\/48\/revisions\/1079"}],"wp:attachment":[{"href":"https:\/\/blog.uclm.es\/jesuspadilla\/wp-json\/wp\/v2\/media?parent=48"}],"curies":[{"name":"wp","href":"https:\/\/api.w.org\/{rel}","templated":true}]}}