{"id":109,"date":"2020-05-28T08:46:27","date_gmt":"2020-05-28T07:46:27","guid":{"rendered":"http:\/\/blog.uclm.es\/jesuspadilla\/?page_id=109"},"modified":"2023-02-10T12:43:04","modified_gmt":"2023-02-10T11:43:04","slug":"biography","status":"publish","type":"page","link":"https:\/\/blog.uclm.es\/jesuspadilla\/biography\/","title":{"rendered":"Biography"},"content":{"rendered":"\n<h3 class=\"alignwide has-text-align-left wp-block-heading\">PROFESSOR&nbsp;DR. PHIL, M.A. (Universit\u00e4t zu K\u00f6ln)<\/h3>\n\n\n\n<h4 class=\"alignwide wp-block-heading\"><strong>Professor Dr. Phil, M.A.<\/strong><\/h4>\n\n\n\n<div class=\"wp-block-group alignwide is-vertical is-layout-flex wp-container-core-group-is-layout-8cf370e7 wp-block-group-is-layout-flex\">\n<p class=\"has-normal-font-size\">Universidad de Castilla-La Mancha<br>Facultad de Ciencias Jur\u00eddicas y Sociales<br>Cobertizo de San Pedro M\u00e1rtir, s\/n.<br>E-45071 Toledo&nbsp;(Spain)<\/p>\n\n\n\n<p class=\"has-normal-font-size\">Tel.: 00 34 925 26 88 00 (Extensi\u00f3n: 5126)<br>Fax: 00 34 925 268832<br>E-mail: <a href=\"mailto:jesus.padilla@uclm.es\">Jesus.Padilla@uclm.es<\/a><\/p>\n\n\n\n<p class=\"has-normal-font-size\">His main interests are in Philosophy of Language, Philosophy and History of Science, History of Logic, Leibniz, <a href=\"https:\/\/blog.uclm.es\/jesuspadilla\/congreso-wittgenstein\/\" target=\"_blank\" rel=\"noreferrer noopener\">Wittgenstein<\/a> and LSP.<\/p>\n<\/div>\n\n\n\n<h4 class=\"alignwide wp-block-heading\">Career<\/h4>\n\n\n\n<div class=\"wp-block-group alignwide is-vertical is-layout-flex wp-container-core-group-is-layout-8cf370e7 wp-block-group-is-layout-flex\">\n<ul class=\"has-normal-font-size wp-block-list\">\n<li>Universit\u00e4t zu K\u00f6ln (Germany)1977-1983:M.A. in Philosophy<\/li>\n\n\n\n<li>Universit\u00e4t zu K\u00f6ln (Germany)1983-1988: Dr. phil. in Philosophy<\/li>\n\n\n\n<li>Universidad de Murcia (Spain)1988-1991Research Assistant<\/li>\n\n\n\n<li>Universidad de Le\u00f3n (Spain)1991-1993Associate Professor<\/li>\n\n\n\n<li>Johannes Kepler Universit\u00e4t (Austria)1994-1999Guest Professor<\/li>\n\n\n\n<li>Universidad de Castilla-La Mancha (Spain)Since 1999Full Professor<\/li>\n\n\n\n<li>Visiting posts at Universit\u00e4t Erlangen-N\u00fcrnberg (Germany), Universit\u00e4t Graz (Austria), Cambridge University (G.B.), Universit\u00e4t Potsdam (Germany), Universit\u00e4t M\u00fcnchen (Germany).<\/li>\n<\/ul>\n<\/div>\n\n\n\n<h4 class=\"alignwide wp-block-heading\">Docencia \/ Lectiring \/ Lehre<\/h4>\n\n\n\n<div class=\"wp-block-group alignwide is-vertical is-layout-flex wp-container-core-group-is-layout-8cf370e7 wp-block-group-is-layout-flex\">\n<ul class=\"has-normal-font-size wp-block-list\">\n<li>Evaluados positivamente seis tramos de docencia (1989 &#8211; 1995 \/ 1996 &#8211; 2000 \/ 2001 \u2013 2005 \/ 2006 &#8211; 2010 \/ 2011 &#8211; 2015 \/ 2016 -2020).<\/li>\n\n\n\n<li>An external Evaluation Agency has positively evaluated and recognized 30 years of lecturing.<\/li>\n\n\n\n<li>Im Bereich der Lehre wurden insgesamt 30 Jahre Lehrt\u00e4tigkeit von einer unabh\u00e4ngigen Evaluierungskommission anerkannt.<\/li>\n<\/ul>\n<\/div>\n\n\n\n<h4 class=\"alignwide wp-block-heading\">Investigaci\u00f3n \/ Research \/ Forschung<\/h4>\n\n\n\n<div class=\"wp-block-group alignwide is-vertical is-layout-flex wp-container-core-group-is-layout-8cf370e7 wp-block-group-is-layout-flex\">\n<ul class=\"has-normal-font-size wp-block-list\">\n<li>Evaluados positivamente cinco tramos de investigaci\u00f3n (1988 \u2013 1993 \/ 1994 \u2013 1999 \/ 2000 \u2013 2005 \/ 2010 &#8211; 2015 \/ 2016 &#8211; 2021 ) &nbsp;por el Ministerio de Educaci\u00f3n y Ciencia.<\/li>\n\n\n\n<li>The Evaluation Agency of the Spanish Ministry of Education and Science (Ministerio de Educaci\u00f3n y Ciencia) has recognized the results of 30 years research.<\/li>\n\n\n\n<li>In der Forschung hat die Evaluierungskommission des Spanischen Ministeriums f\u00fcr Wissenschaft und Forschung (Ministerio de Educaci\u00f3n y Ciencia) die Forschungsergebnisse von insgesamt 30 Jahren anerkannt.<\/li>\n<\/ul>\n<\/div>\n\n\n\n<h3 class=\"alignwide has-text-align-left wp-block-heading\">Curriculum Vitae<\/h3>\n\n\n\n<div class=\"wp-block-file alignleft\"><a id=\"wp-block-file--media-d156a7cd-4ced-4b4a-92fb-01e20020c977\" href=\"https:\/\/blog.uclm.es\/jesuspadilla\/wp-content\/uploads\/sites\/208\/2020\/06\/CV_2020.pdf\" target=\"_blank\" rel=\"noreferrer noopener\">Show CV<\/a><a href=\"https:\/\/blog.uclm.es\/jesuspadilla\/wp-content\/uploads\/sites\/208\/2020\/06\/CV_2020.pdf\" class=\"wp-block-file__button wp-element-button\" download aria-describedby=\"wp-block-file--media-d156a7cd-4ced-4b4a-92fb-01e20020c977\">download<\/a><\/div>\n\n\n\n<div style=\"height:30px\" aria-hidden=\"true\" class=\"wp-block-spacer\"><\/div>\n","protected":false},"excerpt":{"rendered":"<p>PROFESSOR&nbsp;DR. PHIL, M.A. (Universit\u00e4t zu K\u00f6ln) Professor Dr. Phil, M.A. Universidad de Castilla-La ManchaFacultad de Ciencias Jur\u00eddicas y SocialesCobertizo de San Pedro M\u00e1rtir, s\/n.E-45071 Toledo&nbsp;(Spain) Tel.: 00 34 925 26 88 00 (Extensi\u00f3n: 5126)Fax: 00 34 925 268832E-mail: Jesus.Padilla@uclm.es His main interests are in Philosophy of Language, Philosophy and History of Science, History of Logic, [&hellip;]<\/p>\n","protected":false},"author":291,"featured_media":0,"parent":0,"menu_order":0,"comment_status":"closed","ping_status":"closed","template":"","meta":{"footnotes":""},"class_list":["post-109","page","type-page","status-publish","hentry"],"_links":{"self":[{"href":"https:\/\/blog.uclm.es\/jesuspadilla\/wp-json\/wp\/v2\/pages\/109","targetHints":{"allow":["GET"]}}],"collection":[{"href":"https:\/\/blog.uclm.es\/jesuspadilla\/wp-json\/wp\/v2\/pages"}],"about":[{"href":"https:\/\/blog.uclm.es\/jesuspadilla\/wp-json\/wp\/v2\/types\/page"}],"author":[{"embeddable":true,"href":"https:\/\/blog.uclm.es\/jesuspadilla\/wp-json\/wp\/v2\/users\/291"}],"replies":[{"embeddable":true,"href":"https:\/\/blog.uclm.es\/jesuspadilla\/wp-json\/wp\/v2\/comments?post=109"}],"version-history":[{"count":33,"href":"https:\/\/blog.uclm.es\/jesuspadilla\/wp-json\/wp\/v2\/pages\/109\/revisions"}],"predecessor-version":[{"id":1086,"href":"https:\/\/blog.uclm.es\/jesuspadilla\/wp-json\/wp\/v2\/pages\/109\/revisions\/1086"}],"wp:attachment":[{"href":"https:\/\/blog.uclm.es\/jesuspadilla\/wp-json\/wp\/v2\/media?parent=109"}],"curies":[{"name":"wp","href":"https:\/\/api.w.org\/{rel}","templated":true}]}}