{"id":9,"date":"2020-05-26T10:48:37","date_gmt":"2020-05-26T09:48:37","guid":{"rendered":"http:\/\/blog.uclm.es\/jesusfsantos\/?page_id=9"},"modified":"2020-05-26T10:48:37","modified_gmt":"2020-05-26T09:48:37","slug":"sobre-mi","status":"publish","type":"page","link":"https:\/\/blog.uclm.es\/jesusfsantos\/sobre-mi\/","title":{"rendered":"Sobre M\u00ed"},"content":{"rendered":"<p>Este es mi blog oficial en la Universidad de Castilla-La Mancha. Me llamo Jes\u00fas Francisco Santos Santos y trabajo como profesor en el Departamento de Geograf\u00eda y Ordenaci\u00f3n del Territorio, con sede en la Facultad de Letras del campus de Ciudad Real.<\/p>\n<p>Durante mucho tiempo he fotografiado territorios como parte de mi trabajo. Paisajes, gente, monta\u00f1as, patrimonio, tradiciones, infraestructuras, eventos&#8230; Ahora he decidido empezar a compartir esas im\u00e1genes, acompa\u00f1adas de una breve reflexi\u00f3n.<\/p>\n<p>Este blog quiz\u00e1 pueda ayudar a que entendamos mejor el mundo en que vivimos a diferentes escalas. Desde la m\u00e1s global hasta la local.<br>\nEspero que os sirva.<\/p>\n\n\n<figure class=\"wp-block-image size-large\"><img loading=\"lazy\" decoding=\"async\" width=\"1024\" height=\"683\" src=\"https:\/\/blog.uclm.es\/jesusfsantos\/wp-content\/uploads\/sites\/69\/2020\/06\/jesusf.santos13840-1024x683.jpg\" alt=\"Jes\u00fas Francisco Santos Santos, mirador, Parque Nacional de Caba\u00f1eros, Caba\u00f1eros, ra\u00f1a, monte, dehesa, ge\u00f3grafo, geograf\u00eda\" class=\"wp-image-85\" srcset=\"https:\/\/blog.uclm.es\/jesusfsantos\/wp-content\/uploads\/sites\/69\/2020\/06\/jesusf.santos13840-1024x683.jpg 1024w, https:\/\/blog.uclm.es\/jesusfsantos\/wp-content\/uploads\/sites\/69\/2020\/06\/jesusf.santos13840-300x200.jpg 300w, https:\/\/blog.uclm.es\/jesusfsantos\/wp-content\/uploads\/sites\/69\/2020\/06\/jesusf.santos13840-768x512.jpg 768w, https:\/\/blog.uclm.es\/jesusfsantos\/wp-content\/uploads\/sites\/69\/2020\/06\/jesusf.santos13840.jpg 1200w\" sizes=\"auto, (max-width: 1024px) 100vw, 1024px\" \/><figcaption>Jes\u00fas Francisco Santos, ge\u00f3grafo en Caba\u00f1eros<\/figcaption><\/figure>\n","protected":false},"excerpt":{"rendered":"<p>Este es mi blog oficial en la Universidad de Castilla-La Mancha. Me llamo Jes\u00fas Francisco Santos Santos y trabajo como profesor en el Departamento de Geograf\u00eda y Ordenaci\u00f3n del Territorio, con sede en la Facultad de Letras del campus de Ciudad Real. Durante mucho tiempo he fotografiado territorios como parte de mi trabajo. Paisajes, gente, &hellip; <a href=\"https:\/\/blog.uclm.es\/jesusfsantos\/sobre-mi\/\" class=\"more-link\">Seguir leyendo <span class=\"screen-reader-text\">Sobre M\u00ed<\/span> <span class=\"meta-nav\">&rarr;<\/span><\/a><\/p>\n","protected":false},"author":144,"featured_media":0,"parent":0,"menu_order":0,"comment_status":"closed","ping_status":"closed","template":"","meta":{"footnotes":""},"class_list":["post-9","page","type-page","status-publish","hentry"],"_links":{"self":[{"href":"https:\/\/blog.uclm.es\/jesusfsantos\/wp-json\/wp\/v2\/pages\/9","targetHints":{"allow":["GET"]}}],"collection":[{"href":"https:\/\/blog.uclm.es\/jesusfsantos\/wp-json\/wp\/v2\/pages"}],"about":[{"href":"https:\/\/blog.uclm.es\/jesusfsantos\/wp-json\/wp\/v2\/types\/page"}],"author":[{"embeddable":true,"href":"https:\/\/blog.uclm.es\/jesusfsantos\/wp-json\/wp\/v2\/users\/144"}],"replies":[{"embeddable":true,"href":"https:\/\/blog.uclm.es\/jesusfsantos\/wp-json\/wp\/v2\/comments?post=9"}],"version-history":[{"count":0,"href":"https:\/\/blog.uclm.es\/jesusfsantos\/wp-json\/wp\/v2\/pages\/9\/revisions"}],"wp:attachment":[{"href":"https:\/\/blog.uclm.es\/jesusfsantos\/wp-json\/wp\/v2\/media?parent=9"}],"curies":[{"name":"wp","href":"https:\/\/api.w.org\/{rel}","templated":true}]}}