{"id":57,"date":"2020-06-12T17:36:06","date_gmt":"2020-06-12T16:36:06","guid":{"rendered":"http:\/\/blog.uclm.es\/jesusfsantos\/?page_id=57"},"modified":"2020-06-12T17:36:06","modified_gmt":"2020-06-12T16:36:06","slug":"inicio","status":"publish","type":"page","link":"https:\/\/blog.uclm.es\/jesusfsantos\/inicio\/","title":{"rendered":"Inicio"},"content":{"rendered":"<p>Bienvenido a este blog de divulgaci\u00f3n cient\u00edfica sobre la geograf\u00eda desde un punto de vista fotogr\u00e1fico.<\/p>\n<p>En geograf\u00eda siempre estamos en camino. Es la ciencia de andar y ver, pero con m\u00e9todo. Siempre vamos o venimos de alg\u00fan lugar, de alg\u00fan territorio, de alg\u00fan espacio. Y adem\u00e1s estamos en constante evoluci\u00f3n, como todas las disciplinas cient\u00edficas. Adapt\u00e1ndonos a lo nuevo. De ah\u00ed lo de \u00abon the road\u00bb. Podr\u00edamos haber dicho \u00aben camino\u00bb o \u00abin itinere\u00bb. Los lenguajes cambian, pero la esencia no. Generar y transmitir conocimiento, esta vez con la fotograf\u00eda&#8230; \u00bfNos acompa\u00f1as?<\/p>\n<p>Comenzamos&#8230;<\/p>\n<p>Jes\u00fas F. Santos Santos<\/p>\n\n\n<figure class=\"wp-block-image size-large\"><img loading=\"lazy\" decoding=\"async\" width=\"1024\" height=\"683\" src=\"https:\/\/blog.uclm.es\/jesusfsantos\/wp-content\/uploads\/sites\/69\/2020\/06\/2019-04-26_01541-1024x683.jpg\" alt=\"\" class=\"wp-image-81\" srcset=\"https:\/\/blog.uclm.es\/jesusfsantos\/wp-content\/uploads\/sites\/69\/2020\/06\/2019-04-26_01541-1024x683.jpg 1024w, https:\/\/blog.uclm.es\/jesusfsantos\/wp-content\/uploads\/sites\/69\/2020\/06\/2019-04-26_01541-300x200.jpg 300w, https:\/\/blog.uclm.es\/jesusfsantos\/wp-content\/uploads\/sites\/69\/2020\/06\/2019-04-26_01541-768x512.jpg 768w, https:\/\/blog.uclm.es\/jesusfsantos\/wp-content\/uploads\/sites\/69\/2020\/06\/2019-04-26_01541.jpg 1200w\" sizes=\"auto, (max-width: 1024px) 100vw, 1024px\" \/><figcaption>La tecnolog\u00eda permite nuevas herramientas para el an\u00e1lisis del territorio. En este caso un dron est\u00e1 haciendo unas tomas de v\u00eddeo de una zona serrana inaccesible a pie.<\/figcaption><\/figure>\n","protected":false},"excerpt":{"rendered":"<p>Bienvenido a este blog de divulgaci\u00f3n cient\u00edfica sobre la geograf\u00eda desde un punto de vista fotogr\u00e1fico. En geograf\u00eda siempre estamos en camino. Es la ciencia de andar y ver, pero con m\u00e9todo. Siempre vamos o venimos de alg\u00fan lugar, de alg\u00fan territorio, de alg\u00fan espacio. Y adem\u00e1s estamos en constante evoluci\u00f3n, como todas las disciplinas &hellip; <a href=\"https:\/\/blog.uclm.es\/jesusfsantos\/inicio\/\" class=\"more-link\">Seguir leyendo <span class=\"screen-reader-text\">Inicio<\/span> <span class=\"meta-nav\">&rarr;<\/span><\/a><\/p>\n","protected":false},"author":144,"featured_media":0,"parent":0,"menu_order":0,"comment_status":"closed","ping_status":"closed","template":"","meta":{"footnotes":""},"class_list":["post-57","page","type-page","status-publish","hentry"],"_links":{"self":[{"href":"https:\/\/blog.uclm.es\/jesusfsantos\/wp-json\/wp\/v2\/pages\/57","targetHints":{"allow":["GET"]}}],"collection":[{"href":"https:\/\/blog.uclm.es\/jesusfsantos\/wp-json\/wp\/v2\/pages"}],"about":[{"href":"https:\/\/blog.uclm.es\/jesusfsantos\/wp-json\/wp\/v2\/types\/page"}],"author":[{"embeddable":true,"href":"https:\/\/blog.uclm.es\/jesusfsantos\/wp-json\/wp\/v2\/users\/144"}],"replies":[{"embeddable":true,"href":"https:\/\/blog.uclm.es\/jesusfsantos\/wp-json\/wp\/v2\/comments?post=57"}],"version-history":[{"count":0,"href":"https:\/\/blog.uclm.es\/jesusfsantos\/wp-json\/wp\/v2\/pages\/57\/revisions"}],"wp:attachment":[{"href":"https:\/\/blog.uclm.es\/jesusfsantos\/wp-json\/wp\/v2\/media?parent=57"}],"curies":[{"name":"wp","href":"https:\/\/api.w.org\/{rel}","templated":true}]}}