{"id":14,"date":"2020-05-26T10:56:31","date_gmt":"2020-05-26T09:56:31","guid":{"rendered":"http:\/\/blog.uclm.es\/jesusfsantos\/?page_id=14"},"modified":"2020-05-26T10:56:31","modified_gmt":"2020-05-26T09:56:31","slug":"contacto","status":"publish","type":"page","link":"https:\/\/blog.uclm.es\/jesusfsantos\/contacto\/","title":{"rendered":"Contacto"},"content":{"rendered":"<p>Dr. Jes\u00fas Francisco Santos Santos<br \/>\nDpto. de Geograf\u00eda y Ordenaci\u00f3n del Territorio<br \/>\nFacultad de Letras. Despacho 3.22<br \/>\nUniversidad de Castilla-La Mancha.<\/p>\n<p>jesusf.santos@uclm.es<\/p>\n<p>Tlf. 926 29 53 00 Ext. 3161<\/p>\n<p>13071<br \/>\nAvda. Camilo Jos\u00e9 Cela s\/n<br \/>\nCiudad Real (Spain)<\/p>\n","protected":false},"excerpt":{"rendered":"<p>Dr. Jes\u00fas Francisco Santos Santos Dpto. de Geograf\u00eda y Ordenaci\u00f3n del Territorio Facultad de Letras. Despacho 3.22 Universidad de Castilla-La Mancha. jesusf.santos@uclm.es Tlf. 926 29 53 00 Ext. 3161 13071 Avda. Camilo Jos\u00e9 Cela s\/n Ciudad Real (Spain)<\/p>\n","protected":false},"author":144,"featured_media":0,"parent":0,"menu_order":2,"comment_status":"closed","ping_status":"closed","template":"","meta":{"footnotes":""},"class_list":["post-14","page","type-page","status-publish","hentry"],"_links":{"self":[{"href":"https:\/\/blog.uclm.es\/jesusfsantos\/wp-json\/wp\/v2\/pages\/14","targetHints":{"allow":["GET"]}}],"collection":[{"href":"https:\/\/blog.uclm.es\/jesusfsantos\/wp-json\/wp\/v2\/pages"}],"about":[{"href":"https:\/\/blog.uclm.es\/jesusfsantos\/wp-json\/wp\/v2\/types\/page"}],"author":[{"embeddable":true,"href":"https:\/\/blog.uclm.es\/jesusfsantos\/wp-json\/wp\/v2\/users\/144"}],"replies":[{"embeddable":true,"href":"https:\/\/blog.uclm.es\/jesusfsantos\/wp-json\/wp\/v2\/comments?post=14"}],"version-history":[{"count":0,"href":"https:\/\/blog.uclm.es\/jesusfsantos\/wp-json\/wp\/v2\/pages\/14\/revisions"}],"wp:attachment":[{"href":"https:\/\/blog.uclm.es\/jesusfsantos\/wp-json\/wp\/v2\/media?parent=14"}],"curies":[{"name":"wp","href":"https:\/\/api.w.org\/{rel}","templated":true}]}}