{"id":12,"date":"2020-05-26T10:55:08","date_gmt":"2020-05-26T09:55:08","guid":{"rendered":"http:\/\/blog.uclm.es\/jesusfsantos\/?page_id=12"},"modified":"2020-05-26T10:55:08","modified_gmt":"2020-05-26T09:55:08","slug":"expo-geografia-on-the-road","status":"publish","type":"page","link":"https:\/\/blog.uclm.es\/jesusfsantos\/inicio\/expo-geografia-on-the-road\/","title":{"rendered":"Expo Geograf\u00eda on the road"},"content":{"rendered":"<p>En febrero de 2020 inauguramos en Ciudad Real una exposici\u00f3n fotogr\u00e1fica itinerante titulada \u00abGeograf\u00eda on the road\u00bb que fue instalada en el I.E.S. Hern\u00e1n P\u00e9rez del Pulgar para pasar despu\u00e9s a Villanueva de los Infantes y Alc\u00e1zar de San Juan. All\u00ed, el COVID-19 la dej\u00f3 bloqueada sin poder continuar su recorrido previsto por la comunidad aut\u00f3noma de Castilla-La Mancha.<\/p>\n<p>Como la UCLM no para y en el Departamento de Geograf\u00eda y Ordenaci\u00f3n del Territorio tampoco, hemos pensado publicar una versi\u00f3n virtual de las fotos y los textos que forman la exposici\u00f3n para que todos pod\u00e1is disfrutarla mientras todo se va normalizando poco a poco.<\/p>\n<p>\u00a1Esperamos que os guste!<\/p>\n<p>Jes\u00fas F. Santos<br \/>\njesusf.santos@uclm.es<\/p>\n","protected":false},"excerpt":{"rendered":"<p>En febrero de 2020 inauguramos en Ciudad Real una exposici\u00f3n fotogr\u00e1fica itinerante titulada \u00abGeograf\u00eda on the road\u00bb que fue instalada en el I.E.S. Hern\u00e1n P\u00e9rez del Pulgar para pasar despu\u00e9s a Villanueva de los Infantes y Alc\u00e1zar de San Juan. All\u00ed, el COVID-19 la dej\u00f3 bloqueada sin poder continuar su recorrido previsto por la comunidad &hellip; <a href=\"https:\/\/blog.uclm.es\/jesusfsantos\/inicio\/expo-geografia-on-the-road\/\" class=\"more-link\">Seguir leyendo <span class=\"screen-reader-text\">Expo Geograf\u00eda on the road<\/span> <span class=\"meta-nav\">&rarr;<\/span><\/a><\/p>\n","protected":false},"author":144,"featured_media":0,"parent":57,"menu_order":0,"comment_status":"closed","ping_status":"closed","template":"","meta":{"footnotes":""},"class_list":["post-12","page","type-page","status-publish","hentry"],"_links":{"self":[{"href":"https:\/\/blog.uclm.es\/jesusfsantos\/wp-json\/wp\/v2\/pages\/12","targetHints":{"allow":["GET"]}}],"collection":[{"href":"https:\/\/blog.uclm.es\/jesusfsantos\/wp-json\/wp\/v2\/pages"}],"about":[{"href":"https:\/\/blog.uclm.es\/jesusfsantos\/wp-json\/wp\/v2\/types\/page"}],"author":[{"embeddable":true,"href":"https:\/\/blog.uclm.es\/jesusfsantos\/wp-json\/wp\/v2\/users\/144"}],"replies":[{"embeddable":true,"href":"https:\/\/blog.uclm.es\/jesusfsantos\/wp-json\/wp\/v2\/comments?post=12"}],"version-history":[{"count":0,"href":"https:\/\/blog.uclm.es\/jesusfsantos\/wp-json\/wp\/v2\/pages\/12\/revisions"}],"up":[{"embeddable":true,"href":"https:\/\/blog.uclm.es\/jesusfsantos\/wp-json\/wp\/v2\/pages\/57"}],"wp:attachment":[{"href":"https:\/\/blog.uclm.es\/jesusfsantos\/wp-json\/wp\/v2\/media?parent=12"}],"curies":[{"name":"wp","href":"https:\/\/api.w.org\/{rel}","templated":true}]}}