{"id":14,"date":"2022-07-20T11:50:39","date_gmt":"2022-07-20T10:50:39","guid":{"rendered":"https:\/\/blogdev.uclm.es\/fullsite\/?page_id=14"},"modified":"2024-08-07T17:42:04","modified_gmt":"2024-08-07T15:42:04","slug":"investigacion","status":"publish","type":"page","link":"https:\/\/blog.uclm.es\/javiermiranzo\/investigacion\/","title":{"rendered":"Investigaci\u00f3n"},"content":{"rendered":"\n<div class=\"wp-block-group\"><div class=\"wp-block-group__inner-container is-layout-flow wp-block-group-is-layout-flow\">\n<h1 class=\"wp-block-heading\">PRTICIPACI\u00d3N EN PROYECTOS DE INVESTIGACI\u00d3N<\/h1>\n\n\n\n<ol class=\"wp-block-list\">\n<li><strong>Miembro del equipo de investigaci\u00f3n del proyecto regional&nbsp;<\/strong>Transparencia, Administraci\u00f3n Electr\u00f3nica y Contrataci\u00f3n P\u00fablica, concedido por la Junta de Comunidades de Castilla-La Mancha. IP: Isaac Mart\u00edn Delgado y Jos\u00e9 Antonio Moreno Molina (36 meses, 2018-2021). SBPLY\/17\/180501\/000248<\/li>\n\n\n\n<li><strong>Investigador principal (IP)&nbsp;<\/strong><strong>en el proyecto regional&nbsp;<\/strong>de las Cortes Generales de Castilla-La Mancha titulado \u201cLA INTELIGENCIA ARTIFICIAL COMO HERRAMIENTA DEL DERECHO ADMINISTRATIVO AMBIENTAL\u201d (2019-2021).<\/li>\n\n\n\n<li><strong>Miembro del grupo de trabajo del proyecto Nacional&nbsp;<\/strong><em>El derecho administrativo mas all\u00e1 del estado. la interacci\u00f3n entre el derecho administrativo global, europeo y transnacional<\/em>&nbsp;PGC2018-101476-B-I00, Programa Estatal de Generaci\u00f3n del Conocimiento, y el t\u00edtulo EL DERECHO ADMINISTRATIVO MAS ALLA DEL ESTADO (IP: Luis Arroyo Jim\u00e9nez) (36 meses, 2019-2022) 15.730,00 euros<\/li>\n\n\n\n<li><strong>Investigador contratado en el proyecto de investigaci\u00f3n de car\u00e1cter nacional&nbsp;<\/strong>\u00abEl ciclo urbano del agua en situaciones de sequ\u00eda y escasez: medidas preventivas y reactivas\u00bb Ref. B- SEJ-444-UGR18, Programa Operativo FEDER de Andaluc\u00eda 2014-2020, concedido a la Universidad de Granada. IP: Estanislao Arana Garc\u00eda (mayo 2020 \u2013 octubre 2020, 6 meses).<\/li>\n\n\n\n<li><strong>Investigador principal (IP) del proyecto regional<\/strong>&nbsp;\u201cLa construcci\u00f3 d&#8217;una estrat\u00e8gia jur\u00eddica al servei de la integritat en l&#8217;\u00e0mbit municipal: especial \u00e8mfasi en la gesti\u00f3 de riscos de corrupci\u00f3 en contractaci\u00f3 p\u00fablica\u201d, concedido a la Universitat Oberta de Catalunya (Projecte R+D+i Competitiu 2021\/00045\/001) Financiado en concurrencia competitiva por el \u00c1rea Metropolitana de Barcelona (6 meses, abril-septiembre 2021)&nbsp;<\/li>\n\n\n\n<li><strong>Miembro del Equipo de investigaci\u00f3n en proyecto nacional&nbsp;<\/strong>\u201cDesaf\u00edos estrat\u00e9gicos de la contrataci\u00f3n p\u00fablica en la era de la 4a revoluci\u00f3n industrial: sostenibilidad, gobernanza e inteligencia artificial\u201d, concedido por el Ministerio de Ciencia e Innovaci\u00f3n a la Universidad de Vigo. PID2020-117707RB-I00 IP: Patricia Valc\u00e1rcel Fern\u00e1ndez. (4 a\u00f1os 2021-2025) 44.165 euros<\/li>\n\n\n\n<li><strong>Miembro del Equipo de investigaci\u00f3n en proyecto nacional&nbsp;<\/strong>\u201cPersonalizaci\u00f3n de servicios p\u00fablicos, sesgos e inteligencia artificial: los derechos digitales\u201d, concedido por el Ministerio de Ciencia e Innovaci\u00f3n a la Universidad de Barcelona. PID2020-115774RB-I00 IP: Juli Ponce Sol\u00e9 y Agust\u00ed Cerrillo i Mart\u00ednez<strong>&nbsp;<\/strong>(3 a\u00f1os 2021-2024). 55.660,00 euros<\/li>\n\n\n\n<li><strong>Miembro del equipo de investigaci\u00f3n de proyecto europeo<\/strong>&nbsp;\u201cCOrruption Risk indicators in Emergency\u201d (CORE) (ISFP-2020-AG-CORRUPT-&nbsp;101038790. IP: Agust\u00ed Cerrillo UOC y Enrico Carloni (University of Peruggia). (24 meses), 514,539.46 euros \u00e7<\/li>\n\n\n\n<li>Miembro del&nbsp;<strong>Proyecto Consolidado &#8211; AREA DE DERECHO ADMINISTRATIVO<\/strong>&nbsp;financiado por la UCLM, referencia 2022-GRIN-34176, desde el 01\/04\/2023 hasta el 31\/03\/2025 (2 a\u00f1os)<\/li>\n\n\n\n<li><strong>Investigador en el proyecto europeo \u201cPOSTING.STAT 2.0:\u00a0<\/strong>enhancing the collection and analysis of national data on intra-EU posting\u201d, IP UCLM (\u00d3scar Contreras) financiado por la Comisi\u00f3n Europea, referencia (EaSI) Grant Agreement Number 101139955 que ha obtenido el visto bueno en diciembre de 2023 y se ejecutar\u00e1 desde el 01.04.2024. Importe 23.925,00 \u20ac. IP UCLM. \u00d3scar Contreras Hern\u00e1ndez. Coord. europeo: Frederic de Wispelaere<\/li>\n<\/ol>\n\n\n\n<p><\/p>\n<\/div><\/div>\n\n\n\n<hr class=\"wp-block-separator has-css-opacity is-style-wide\" \/>\n\n\n\n<h1 class=\"wp-block-heading\">REDES DE INVESTIGACI\u00d3N<\/h1>\n\n\n\n<h4 class=\"wp-block-heading\"><strong>Miembro del Observatorio de los Contratos P\u00fablicos\u00a0\u00a0\u00a0\u00a0\u00a0\u00a0\u00a0\u00a0\u00a0\u00a0\u00a0\u00a0\u00a0\u00a0\u00a0\u00a0\u00a0\u00a0\u00a0\u00a0\u00a0\u00a0\u00a0\u00a0\u00a0\u00a0\u00a0\u00a0\u00a0\u00a0\u00a0\u00a0\u00a0\u00a0\u00a0\u00a0noviembre 2016 &#8211; actualidad<\/strong><\/h4>\n\n\n\n<p>El Observatorio de Contrataci\u00f3n P\u00fablica es un lugar de encuentro para los profesionales de la materia desde el que proceder al debate y an\u00e1lisis de las novedades introducidas en su ordenaci\u00f3n jur\u00eddica, as\u00ed como para la realizaci\u00f3n de nuevas propuestas de actuaci\u00f3n para la modernizaci\u00f3n de la contrataci\u00f3n p\u00fablica y materializar en la misma los principios de eficiencia, integridad y buena administraci\u00f3n. P\u00e1gina web:&nbsp;<a href=\"http:\/\/www.obcp.es\/\">http:\/\/www.obcp.es<\/a>&nbsp;&nbsp;<\/p>\n\n\n\n<h4 class=\"wp-block-heading\"><strong>Coordinador de la secci\u00f3n de \u201cMonitor de Juntas Consultivas\u201d del OBCP\u00a0\u00a0\u00a0\u00a0\u00a0\u00a0\u00a0\u00a0\u00a0\u00a0\u00a0noviembre 2019 &#8211; actualidad<\/strong><\/h4>\n\n\n\n<p>Coordinador de la secci\u00f3n de \u201cMonitor de Juntas Consultivas\u201d de la p\u00e1gina web del Observatorio de Contrataci\u00f3n P\u00fablica:&nbsp;<a href=\"http:\/\/www.obcp.es\/monitor\/observatorio-de-organos-consultivos\">http:\/\/www.obcp.es\/monitor\/observatorio-de-organos-consultivos<\/a>&nbsp;&nbsp;&nbsp;<\/p>\n\n\n\n<p><strong>Miembro de PLAN (Procurement Law Academic Network)&nbsp;&nbsp;&nbsp;&nbsp;&nbsp;&nbsp;&nbsp;&nbsp;&nbsp;&nbsp;&nbsp;&nbsp;&nbsp;&nbsp;&nbsp;&nbsp;&nbsp;&nbsp;&nbsp;&nbsp;&nbsp;&nbsp;&nbsp;&nbsp;&nbsp;&nbsp;&nbsp;&nbsp;(2015-actualidad)<\/strong><\/p>\n\n\n\n<p>Grupo de investigaci\u00f3n internacional dirigido por la profesora Sue Arrowsmith, de la Universidad de Nottinham, y consolidado como una de las redes de investigaci\u00f3n m\u00e1s potentes en materia de contrataci\u00f3n p\u00fablica.&nbsp;<\/p>\n\n\n\n<p><strong>Miembro de REDOEDA (Red Docente Eurolatinoamericana de Derecho Administrativo)&nbsp;&nbsp;&nbsp;(2018-actualidad)<\/strong><\/p>\n\n\n\n<p>Red de investigaci\u00f3n latinoamericana dirigida por el Profesor Rodr\u00edguez-Arana y dedicada a la investigaci\u00f3n docente y doctrinal del Derecho Administrativo.&nbsp;<\/p>\n\n\n\n<p><strong>Investigador del Centro de Estudios Europeos Luis Ortega \u00c1lvarez&nbsp;&nbsp;&nbsp;&nbsp;&nbsp;&nbsp;&nbsp;&nbsp;&nbsp;&nbsp;&nbsp;&nbsp;&nbsp;&nbsp;&nbsp;&nbsp;&nbsp;&nbsp;&nbsp;&nbsp;&nbsp;&nbsp;&nbsp;&nbsp;&nbsp;&nbsp;&nbsp;(2018-actualidad)<\/strong><\/p>\n\n\n\n<p>El Centro de Estudios Europeos es un Instituto de Investigaci\u00f3n de la Universidad de Castilla-La Mancha y un Centro de Informaci\u00f3n y Documentaci\u00f3n perteneciente a la Red Europe Direct y a la Red de Centros de Informaci\u00f3n de Castilla-La Mancha.<\/p>\n\n\n\n<p><strong>Miembro de la es miembro de la Red Iberoamericana de Derecho Econ\u00f3mico Circular&nbsp;&nbsp;&nbsp;&nbsp;&nbsp;&nbsp;&nbsp;&nbsp;&nbsp;&nbsp;&nbsp;&nbsp;&nbsp;&nbsp;&nbsp;&nbsp;&nbsp;&nbsp;&nbsp;&nbsp;&nbsp;&nbsp;&nbsp;&nbsp;&nbsp;&nbsp;&nbsp;&nbsp;&nbsp;&nbsp;&nbsp;&nbsp;&nbsp;&nbsp;&nbsp;&nbsp;(2024-actualidad)<\/strong><\/p>\n\n\n\n<h1 class=\"wp-block-heading\">PREMIOS<\/h1>\n\n\n\n<p><strong>Premio al mejor p\u00f3ster<\/strong>&nbsp;presentado en las VIII Jornadas Doctorales de la Universidad de Castilla-La Mancha (16\/09\/2018)<\/p>\n\n\n\n<p><strong>Propuesto para premio extraordinario<\/strong>&nbsp;(2018), por la tesis doctoral titulada \u201cLas medidas anticorrupci\u00f3n en la contrataci\u00f3n p\u00fablica en el nuevo Derecho espa\u00f1ol y de la Uni\u00f3n Europea\u201d, defendida el 11 de julio de 2018.&nbsp;<\/p>\n\n\n\n<p><strong>Acc\u00e9sit en el II Premio Carlos G. Otero D\u00edaz (2021)<\/strong>, reconociendo la labor del grupo de investigaci\u00f3n formado por Javier Miranzo D\u00edaz, Agust\u00ed Cerrillo i Mart\u00ednez, Ram\u00f3n Galindo Cald\u00e9s y Judith Castro Carranza, autores del trabajo titulado \u201cEstudio sobre la prevenci\u00f3n de la corrupci\u00f3n en la contrataci\u00f3n p\u00fablica de \u00e9l sector local: el caso del \u00c1rea metropolitana de Barcelona\u201d presentado bajo el seud\u00f3nimo JARJ.&nbsp;<\/p>\n\n\n\n<p><strong>Ganador del II Premio internacional Instituto Clavero Ar\u00e9valo (2023)<\/strong>&nbsp;por la obra \u00abInteligencia artificial y Derecho administrativo\u00bb, otorgado por el Instituto Clavero Ar\u00e9valo de la Universidad de Sevilla.&nbsp;<\/p>\n\n\n\n<p><strong>Ganador del premio&nbsp;<em>TED Ambassador award (2023)<\/em><\/strong>, otorgado por la Oficina Europea de Publicaciones, por el art\u00edculo titulado \u00abCorruption risk analysis in local public procurement: a look at the \u00c0rea Metropolitana de Barcelona.\u00bb&nbsp;<em>International Review of Administrative Sciences<\/em>&nbsp;89.3 (2023): 919-934.&nbsp;<\/p>\n","protected":false},"excerpt":{"rendered":"<p>PRTICIPACI\u00d3N EN PROYECTOS DE INVESTIGACI\u00d3N REDES DE INVESTIGACI\u00d3N Miembro del Observatorio de los Contratos P\u00fablicos\u00a0\u00a0\u00a0\u00a0\u00a0\u00a0\u00a0\u00a0\u00a0\u00a0\u00a0\u00a0\u00a0\u00a0\u00a0\u00a0\u00a0\u00a0\u00a0\u00a0\u00a0\u00a0\u00a0\u00a0\u00a0\u00a0\u00a0\u00a0\u00a0\u00a0\u00a0\u00a0\u00a0\u00a0\u00a0\u00a0noviembre 2016 &#8211; actualidad El Observatorio de Contrataci\u00f3n P\u00fablica es un lugar de encuentro para los profesionales de la materia desde el que proceder al debate y an\u00e1lisis de las novedades introducidas en su ordenaci\u00f3n jur\u00eddica, as\u00ed como para la realizaci\u00f3n &hellip; <\/p>\n<p class=\"link-more\"><a href=\"https:\/\/blog.uclm.es\/javiermiranzo\/investigacion\/\" class=\"more-link\">Continuar leyendo<span class=\"screen-reader-text\"> \u00abInvestigaci\u00f3n\u00bb<\/span><\/a><\/p>\n","protected":false},"author":487,"featured_media":0,"parent":0,"menu_order":0,"comment_status":"closed","ping_status":"closed","template":"","meta":{"footnotes":""},"class_list":["post-14","page","type-page","status-publish","hentry"],"_links":{"self":[{"href":"https:\/\/blog.uclm.es\/javiermiranzo\/wp-json\/wp\/v2\/pages\/14","targetHints":{"allow":["GET"]}}],"collection":[{"href":"https:\/\/blog.uclm.es\/javiermiranzo\/wp-json\/wp\/v2\/pages"}],"about":[{"href":"https:\/\/blog.uclm.es\/javiermiranzo\/wp-json\/wp\/v2\/types\/page"}],"author":[{"embeddable":true,"href":"https:\/\/blog.uclm.es\/javiermiranzo\/wp-json\/wp\/v2\/users\/487"}],"replies":[{"embeddable":true,"href":"https:\/\/blog.uclm.es\/javiermiranzo\/wp-json\/wp\/v2\/comments?post=14"}],"version-history":[{"count":3,"href":"https:\/\/blog.uclm.es\/javiermiranzo\/wp-json\/wp\/v2\/pages\/14\/revisions"}],"predecessor-version":[{"id":392,"href":"https:\/\/blog.uclm.es\/javiermiranzo\/wp-json\/wp\/v2\/pages\/14\/revisions\/392"}],"wp:attachment":[{"href":"https:\/\/blog.uclm.es\/javiermiranzo\/wp-json\/wp\/v2\/media?parent=14"}],"curies":[{"name":"wp","href":"https:\/\/api.w.org\/{rel}","templated":true}]}}