{"id":13,"date":"2022-07-20T10:26:46","date_gmt":"2022-07-20T09:26:46","guid":{"rendered":"https:\/\/blogdev.uclm.es\/fullsite\/?page_id=13"},"modified":"2024-08-08T10:34:08","modified_gmt":"2024-08-08T08:34:08","slug":"blog","status":"publish","type":"page","link":"https:\/\/blog.uclm.es\/javiermiranzo\/blog\/","title":{"rendered":"Iinicio"},"content":{"rendered":"\n<div class=\"wp-block-columns is-layout-flex wp-container-core-columns-is-layout-9d6595d7 wp-block-columns-is-layout-flex\">\n<div class=\"wp-block-column is-layout-flow wp-block-column-is-layout-flow\" style=\"flex-basis:100%\">\n<div class=\"wp-block-group alignfull has-background-color has-cyan-bluish-gray-background-color has-text-color has-background has-link-color wp-elements-71143abcf9ff0ed64a318dc4308a13cb\" style=\"padding-top:6rem;padding-bottom:6rem\"><div class=\"wp-block-group__inner-container is-layout-constrained wp-block-group-is-layout-constrained\">\n<p class=\"has-large-font-size\" style=\"text-transform:uppercase\">Sobre m\u00ed <\/p>\n\n\n<div class=\"wp-block-image wp-duotone-grayscale\">\n<figure class=\"alignright size-large is-resized\"><img loading=\"lazy\" decoding=\"async\" width=\"768\" height=\"1024\" src=\"https:\/\/blog.uclm.es\/javiermiranzo\/wp-content\/uploads\/sites\/292\/2024\/08\/IMG_4746-2-768x1024.png\" alt=\"\" class=\"wp-image-399\" style=\"width:185px;height:auto\" srcset=\"https:\/\/blog.uclm.es\/javiermiranzo\/wp-content\/uploads\/sites\/292\/2024\/08\/IMG_4746-2-768x1024.png 768w, https:\/\/blog.uclm.es\/javiermiranzo\/wp-content\/uploads\/sites\/292\/2024\/08\/IMG_4746-2-225x300.png 225w, https:\/\/blog.uclm.es\/javiermiranzo\/wp-content\/uploads\/sites\/292\/2024\/08\/IMG_4746-2-1152x1536.png 1152w, https:\/\/blog.uclm.es\/javiermiranzo\/wp-content\/uploads\/sites\/292\/2024\/08\/IMG_4746-2-1536x2048.png 1536w\" sizes=\"auto, (max-width: 767px) 89vw, (max-width: 1000px) 54vw, (max-width: 1071px) 543px, 580px\" \/><\/figure>\n<\/div>\n\n\n<p>Soy Licenciado en Derecho y Doctor en Derecho con menci\u00f3n internacional y sobresaliente cum laude por la Universidad de Castilla-La Mancha. Tambi\u00e9n cuento con un Diploma en Derecho anglosaj\u00f3n por la Universidad de Kent (Reino Unido), M\u00e1ster en Derecho Medioambiental y M\u00e1ster en Contrataci\u00f3n P\u00fablica. Tengo acreditados ingl\u00e9s (C2) y franc\u00e9s (C1) a un nivel alto, catal\u00e1n a nivel intermedio (B2), italiano a nivel b\u00e1sico (A1).&nbsp;<\/p>\n\n\n\n<p>Desde 2015 hasta 2019 desarroll\u00e9 mi tesis doctoral en la Universidad de Castilla-La Mancha, en el marco de un contrato de investigaci\u00f3n predoctoral tras un proceso de selecci\u00f3n competitivo, durante el cual realice estancias de investigaci\u00f3n en la Universidad de Hull, en el Instituto Universitario en Florencia, y en el Centro de Estudios Pol\u00edticos y Constitucionales. Al finalizar el periodo predoctoral, me fue concedido un contrato de investigaci\u00f3n postdoctoral de un a\u00f1o (2018-2019), durante el que realic\u00e9 una estancia de investigaci\u00f3n en la Universidad de Oxford (6 meses), en la que impart\u00ed diversos seminarios.<\/p>\n\n\n\n<p>Desde enero de 2020 y hasta octubre del mismo a\u00f1o fui profesor sustituto interino en la Universidad de Granada, en el departamento de Derecho Administrativo, en la que tambi\u00e9n ocup\u00e9 puestos de investigador vinculado a diferentes proyectos. Paralelamente, desde febrero de 2019 y hasta agosto de 2020, compatibilic\u00e9 mis actividades principales con mi labor como profesor colaborador en la Universitat Oberta de Catalunya, impartiendo docencia en la asignatura de Derecho Administrativo.&nbsp;<\/p>\n\n\n\n<p>En septiembre de 2020 obtuve una plaza de profesor a tiempo completo como Lector de Derecho Administrativo tipo 3 (m\u00e1xima categor\u00eda en la previa a Agregado) en la Universitat Oberta de Catalunya (indefinido), puesto que ocup\u00e9 hasta octubre de 2021.&nbsp;<\/p>\n\n\n\n<p>Desde octubre de 2021 y hasta octubre de 2023 fui Profesor Ayudante Doctor de Derecho Administrativo en la Universidad de Castilla-La Mancha. Desde entonces y hasta la actualidad ejerzo como Profesor Contratado Doctor de Derecho Administrativo en la UCLM.\u00a0<\/p>\n\n\n\n<p>Durante estos a\u00f1os he impartido m\u00e1s de 2800 horas de\u00a0<strong>docencia<\/strong>, repartidas en asignaturas de grado y en postgrado (especialista y m\u00e1ster), en 9 instituciones diferentes: Universidad de Castilla-La Mancha, Universidad de Granada, Universitat Oberta de Catalunya, Universidad Aut\u00f3noma de Barcelona, Universidad de Ibagu\u00e9 (Colombia), Universidad de Varsovia, Universidad de Santo Tom\u00e1s de Chile y Universidad de Santo Tom\u00e1s de Colombia. Adicionalmente, desempe\u00f1o tareas de direcci\u00f3n, coordinaci\u00f3n y de secretar\u00eda acad\u00e9mica en diversos m\u00e1steres y t\u00edtulos de especialista de postgrado. Finalmente, tambi\u00e9n he participado en proyectos de Innovaci\u00f3n, elaborado de materiales did\u00e1cticos y publicado art\u00edculos cient\u00edficos de innovaci\u00f3n docente.\u00a0<\/p>\n\n\n\n<p>En&nbsp;<strong>materia investigadora<\/strong>, he impartido m\u00e1s de 90 conferencias en eventos cient\u00edficos nacionales e internacionales en m\u00e1s de 9 pa\u00edses. Actualmente cuento con 4 monograf\u00edas, 26 art\u00edculos de investigaci\u00f3n y 30 contribuciones a obras colectivas en materia de contrataci\u00f3n p\u00fablica, integridad, derecho ambiental y Derecho Administrativo digital. Soy parte de un proyecto Europeo (y anteriormente he participado en otro), he participado en 2 proyectos nacionales como miembro del equipo de investigaci\u00f3n y en otro, anteriormente, como miembro del grupo de trabajo. Tambi\u00e9n he participado como miembro del equipo de investigaci\u00f3n en un proyecto regional, y he sido IP de dos proyectos regionales, en Castilla-La Mancha y Catalu\u00f1a.&nbsp;&nbsp;<\/p>\n\n\n\n<p>Tambi\u00e9n formo parte de otras iniciativas de\u00a0<strong>transferencia de conocimiento<\/strong>, como del Aula de Contrataci\u00f3n P\u00fablica firmada entre el Ayuntamiento de Cuenca y la UCLM, o desempe\u00f1ando tareas puntuales como consultor internacional en materia de contrataci\u00f3n p\u00fablica para la multinacional NTTDATA en Proyectos para la UE y el BERD, o a nivel nacional con la empresa Pixelware. Adicionalmente, he realizado otras tareas de transferencia como formador en cursos para empleados p\u00fablicos del INAP o como miembro de proyectos de innovaci\u00f3n docente.<\/p>\n\n\n\n<p>En materia de\u00a0<strong>gesti\u00f3n acad\u00e9mica<\/strong>, soy Director del M\u00e1ster en Derecho Medioambiental y Sostenibilidad desde octubre de 2022 y ocupo el cargo de Director Acad\u00e9mico de Secretar\u00eda General de la UCLM desde marzo de 2023. Adem\u00e1s, he organizado m\u00e1s de 30 eventos cient\u00edficos en forma de congresos, seminarios u otras actividades.<\/p>\n\n\n\n<p>Actualmente estoy\u00a0<strong>acreditado por la ANECA<\/strong>\u00a0en las categor\u00edas de Profesor Ayudante Doctor, Profesor Contratado Doctor, Profesor de Universidad Privada y\u00a0<strong>Profesor Titular de Universidad<\/strong>. Tambi\u00e9n me encuentro Acreditado en la AQU (Catalu\u00f1a) como profesor agregado. <\/p>\n<\/div><\/div>\n<\/div>\n<\/div>\n\n\n\n<div class=\"wp-block-group alignfull\" style=\"padding-top:var(--wp--custom--spacing--small, 1.25rem);padding-bottom:0px\"><div class=\"wp-block-group__inner-container is-layout-constrained wp-block-group-is-layout-constrained\">\n<div class=\"wp-block-columns alignwide is-layout-flex wp-container-core-columns-is-layout-adfb9f59 wp-block-columns-is-layout-flex\" style=\"margin-top:0px;margin-bottom:0px\">\n<div class=\"wp-block-column is-layout-flow wp-block-column-is-layout-flow\" style=\"flex-basis:80%\">\n<div class=\"wp-block-query is-layout-constrained wp-block-query-is-layout-constrained\"><\/div>\n<\/div>\n<\/div>\n<\/div><\/div>\n\n\n\n<div class=\"wp-block-group alignfull\" style=\"padding-top:0px;padding-bottom:var(--wp--custom--spacing--small, 1.25rem)\"><div class=\"wp-block-group__inner-container is-layout-constrained wp-block-group-is-layout-constrained\">\n<div class=\"wp-block-columns alignwide is-layout-flex wp-container-core-columns-is-layout-adfb9f59 wp-block-columns-is-layout-flex\" style=\"margin-top:0px;margin-bottom:0px\">\n<div class=\"wp-block-column is-layout-flow wp-block-column-is-layout-flow\" style=\"flex-basis:100%\">\n<hr class=\"wp-block-separator has-css-opacity is-style-wide\" \/>\n\n\n\n<div class=\"wp-block-query is-layout-flow wp-block-query-is-layout-flow\">\n\n\n\n<div class=\"wp-block-query-no-results\">\n\n<p><\/p>\n\n<\/div><\/div>\n<\/div>\n<\/div>\n<\/div><\/div>\n\n\n\n<div class=\"wp-block-group alignfull\" style=\"padding-top:0px;padding-bottom:var(--wp--custom--spacing--small, 1.25rem)\"><div class=\"wp-block-group__inner-container is-layout-constrained wp-block-group-is-layout-constrained\">\n<div class=\"wp-block-columns alignwide has-foreground-color has-text-color has-link-color wp-elements-8f6345b89428c4e7760e3007788a89fc is-layout-flex wp-container-core-columns-is-layout-afb53d8e wp-block-columns-is-layout-flex\" style=\"margin-top:0px;margin-bottom:0px\">\n<div class=\"wp-block-column is-layout-flow wp-block-column-is-layout-flow\" style=\"flex-basis:33.33%\"><h1 style=\"font-style:normal;font-weight:300;line-height:1.2;\" class=\"has-text-align-left wp-block-site-title has-large-font-size has-source-serif-pro-font-family\">Javier Miranzo D\u00edaz<\/h1>\n\n<p class=\"wp-block-site-tagline\">JMD<\/p>\n\n\n<div style=\"height:16px\" aria-hidden=\"true\" class=\"wp-block-spacer\"><\/div>\n<\/div>\n<\/div>\n<\/div><\/div>\n","protected":false},"excerpt":{"rendered":"<p>Sobre m\u00ed Soy Licenciado en Derecho y Doctor en Derecho con menci\u00f3n internacional y sobresaliente cum laude por la Universidad de Castilla-La Mancha. Tambi\u00e9n cuento con un Diploma en Derecho anglosaj\u00f3n por la Universidad de Kent (Reino Unido), M\u00e1ster en Derecho Medioambiental y M\u00e1ster en Contrataci\u00f3n P\u00fablica. Tengo acreditados ingl\u00e9s (C2) y franc\u00e9s (C1) a &hellip; <\/p>\n<p class=\"link-more\"><a href=\"https:\/\/blog.uclm.es\/javiermiranzo\/blog\/\" class=\"more-link\">Continuar leyendo<span class=\"screen-reader-text\"> \u00abIinicio\u00bb<\/span><\/a><\/p>\n","protected":false},"author":487,"featured_media":99,"parent":0,"menu_order":0,"comment_status":"closed","ping_status":"closed","template":"","meta":{"footnotes":""},"class_list":["post-13","page","type-page","status-publish","has-post-thumbnail","hentry"],"_links":{"self":[{"href":"https:\/\/blog.uclm.es\/javiermiranzo\/wp-json\/wp\/v2\/pages\/13","targetHints":{"allow":["GET"]}}],"collection":[{"href":"https:\/\/blog.uclm.es\/javiermiranzo\/wp-json\/wp\/v2\/pages"}],"about":[{"href":"https:\/\/blog.uclm.es\/javiermiranzo\/wp-json\/wp\/v2\/types\/page"}],"author":[{"embeddable":true,"href":"https:\/\/blog.uclm.es\/javiermiranzo\/wp-json\/wp\/v2\/users\/487"}],"replies":[{"embeddable":true,"href":"https:\/\/blog.uclm.es\/javiermiranzo\/wp-json\/wp\/v2\/comments?post=13"}],"version-history":[{"count":14,"href":"https:\/\/blog.uclm.es\/javiermiranzo\/wp-json\/wp\/v2\/pages\/13\/revisions"}],"predecessor-version":[{"id":406,"href":"https:\/\/blog.uclm.es\/javiermiranzo\/wp-json\/wp\/v2\/pages\/13\/revisions\/406"}],"wp:featuredmedia":[{"embeddable":true,"href":"https:\/\/blog.uclm.es\/javiermiranzo\/wp-json\/"}],"wp:attachment":[{"href":"https:\/\/blog.uclm.es\/javiermiranzo\/wp-json\/wp\/v2\/media?parent=13"}],"curies":[{"name":"wp","href":"https:\/\/api.w.org\/{rel}","templated":true}]}}