{"id":16,"date":"2022-07-21T11:48:58","date_gmt":"2022-07-21T10:48:58","guid":{"rendered":"https:\/\/blogdev.uclm.es\/fullsite\/?page_id=16"},"modified":"2026-03-06T10:57:35","modified_gmt":"2026-03-06T10:57:35","slug":"curriculum","status":"publish","type":"page","link":"https:\/\/blog.uclm.es\/javierllanos\/","title":{"rendered":"Curriculum"},"content":{"rendered":"\n<div class=\"wp-block-cover alignfull is-light\" style=\"min-height:367px;aspect-ratio:unset;\"><span aria-hidden=\"true\" class=\"wp-block-cover__background has-background-dim-100 has-background-dim\" style=\"background-color:#ffffff\"><\/span><div class=\"wp-block-cover__inner-container is-layout-flow wp-block-cover-is-layout-flow\">\n<div class=\"wp-block-media-text alignwide is-stacked-on-mobile is-vertically-aligned-center\" style=\"grid-template-columns:56% auto\"><figure  class=\"wp-block-media-text__media\"><img loading=\"lazy\" decoding=\"async\" width=\"1817\" height=\"2560\" alt=\"\" src=\"https:\/\/blog.uclm.es\/javierllanos\/wp-content\/uploads\/sites\/257\/2026\/03\/20241211_172732rec-scaled.jpg\" class=\"wp-image-346 size-full\" srcset=\"https:\/\/blog.uclm.es\/javierllanos\/wp-content\/uploads\/sites\/257\/2026\/03\/20241211_172732rec-scaled.jpg 1817w, https:\/\/blog.uclm.es\/javierllanos\/wp-content\/uploads\/sites\/257\/2026\/03\/20241211_172732rec-213x300.jpg 213w, https:\/\/blog.uclm.es\/javierllanos\/wp-content\/uploads\/sites\/257\/2026\/03\/20241211_172732rec-727x1024.jpg 727w, https:\/\/blog.uclm.es\/javierllanos\/wp-content\/uploads\/sites\/257\/2026\/03\/20241211_172732rec-768x1082.jpg 768w, https:\/\/blog.uclm.es\/javierllanos\/wp-content\/uploads\/sites\/257\/2026\/03\/20241211_172732rec-1090x1536.jpg 1090w, https:\/\/blog.uclm.es\/javierllanos\/wp-content\/uploads\/sites\/257\/2026\/03\/20241211_172732rec-1454x2048.jpg 1454w\" sizes=\"auto, (max-width: 1817px) 100vw, 1817px\" \/><\/figure><div class=\"wp-block-media-text__content\">\n<h2 class=\"wp-block-heading has-text-color\" style=\"color:#000000;font-size:32px\"><strong>Sobre mi<\/strong><\/h2>\n\n\n\n<p class=\"has-text-color\" style=\"color:#000000;font-size:17px\">Catedr\u00e1tico de Ingenier\u00eda Qu\u00edmica en la Universidad de Castilla-La Mancha. Mi actividad investigadora est\u00e1 relacionada con las aplicaciones ambientales de la ingenier\u00eda qu\u00edmica y electroqu\u00edmica y en la s\u00edntesis de materiales de carbono a partir de biomasa residual. En este campo, lidero diversos proyectos de investigaci\u00f3n dentro del laboratorio de Tecnolog\u00edas Integradas de Recuperaci\u00f3n Ambiental de la UCLM (<a href=\"https:\/\/earth.web.uclm.es\/\">https:\/\/earth.web.uclm.es\/<\/a>). <\/p>\n\n\n\n<p class=\"has-text-color\" style=\"color:#000000;font-size:17px\">Mi actividad docente se centra en el grado y M\u00e1ster de Ingenier\u00eda Qu\u00edmica y en el M\u00e1ster Erasmus Mundus de Ingenier\u00eda de Bioproductos y Biomasa Sostenible<\/p>\n\n\n\n<div class=\"wp-block-buttons is-layout-flex wp-block-buttons-is-layout-flex\"><\/div>\n<\/div><\/div>\n<\/div><\/div>\n\n\n\n<div class=\"wp-block-group alignfull has-background-color has-text-color has-background has-link-color wp-elements-ef675307aba44b0340370672678c734e is-layout-constrained wp-block-group-is-layout-constrained\" style=\"background-color:#464a4b;padding-top:1rem;padding-bottom:1rem\">\n<div class=\"wp-block-group alignwide is-layout-flow wp-block-group-is-layout-flow\">\n<div style=\"height:18px\" aria-hidden=\"true\" class=\"wp-block-spacer\"><\/div>\n\n\n\n<div class=\"wp-block-columns is-layout-flex wp-container-core-columns-is-layout-28f84493 wp-block-columns-is-layout-flex\">\n<div class=\"wp-block-column is-layout-flow wp-block-column-is-layout-flow\" style=\"flex-basis:20%\">\n<figure class=\"wp-block-gallery has-nested-images columns-default is-cropped wp-block-gallery-2 is-layout-flex wp-block-gallery-is-layout-flex\">\n<figure class=\"wp-block-image size-large\"><img loading=\"lazy\" decoding=\"async\" width=\"512\" height=\"512\" data-id=\"319\" src=\"https:\/\/blog.uclm.es\/javierllanos\/wp-content\/uploads\/sites\/257\/2022\/10\/cropped-Icono_Logo_uclm.jpg\" alt=\"\" class=\"wp-image-319\" srcset=\"https:\/\/blog.uclm.es\/javierllanos\/wp-content\/uploads\/sites\/257\/2022\/10\/cropped-Icono_Logo_uclm.jpg 512w, https:\/\/blog.uclm.es\/javierllanos\/wp-content\/uploads\/sites\/257\/2022\/10\/cropped-Icono_Logo_uclm-300x300.jpg 300w, https:\/\/blog.uclm.es\/javierllanos\/wp-content\/uploads\/sites\/257\/2022\/10\/cropped-Icono_Logo_uclm-150x150.jpg 150w\" sizes=\"auto, (max-width: 512px) 100vw, 512px\" \/><\/figure>\n<\/figure>\n<\/div>\n\n\n\n<div class=\"wp-block-column is-layout-flow wp-block-column-is-layout-flow\" style=\"flex-basis:80%\">\n<div style=\"height:30px\" aria-hidden=\"true\" class=\"wp-block-spacer\"><\/div>\n\n\n\n<div class=\"wp-block-columns is-layout-flex wp-container-core-columns-is-layout-28f84493 wp-block-columns-is-layout-flex\">\n<div class=\"wp-block-column is-layout-flow wp-block-column-is-layout-flow\">\n<p style=\"font-size:13px\"><strong>Nombre<\/strong>: Javier Llanos L\u00f3pez<\/p>\n<\/div>\n\n\n\n<div class=\"wp-block-column is-layout-flow wp-block-column-is-layout-flow\">\n<p style=\"font-size:13px\"><strong>Posici\u00f3n: <\/strong>Catedr\u00e1tico de Universidad<\/p>\n<\/div>\n\n\n\n<div class=\"wp-block-column is-layout-flow wp-block-column-is-layout-flow\">\n<p style=\"font-size:13px\"><strong>Email<\/strong>: javier.llanos@uclm.es<\/p>\n<\/div>\n<\/div>\n\n\n\n<div class=\"wp-block-columns is-layout-flex wp-container-core-columns-is-layout-28f84493 wp-block-columns-is-layout-flex\">\n<div class=\"wp-block-column is-layout-flow wp-block-column-is-layout-flow\">\n<p style=\"font-size:13px\"><strong>Website<\/strong>: <a href=\"https:\/\/earth.web.uclm.es\/\">https:\/\/earth.web.uclm.es\/<\/a><\/p>\n<\/div>\n\n\n\n<div class=\"wp-block-column is-layout-flow wp-block-column-is-layout-flow\">\n<p style=\"font-size:13px\"><strong>Tel\u00e9fono:<\/strong> 926052273<\/p>\n<\/div>\n\n\n\n<div class=\"wp-block-column is-layout-flow wp-block-column-is-layout-flow\">\n<p style=\"font-size:13px\"><strong>Formaci\u00f3n: <\/strong>Doctor en Ingenier\u00eda Qu\u00edmica<\/p>\n<\/div>\n<\/div>\n<\/div>\n<\/div>\n<\/div>\n<\/div>\n\n\n\n<div class=\"wp-block-group alignfull has-background-color has-background-background-color has-text-color has-background has-link-color wp-elements-e16e2080bc20721412c3d5ea2f5b480a is-layout-flow wp-block-group-is-layout-flow\" style=\"padding-top:0px;padding-bottom:0px\"><\/div>\n\n\n\n<div class=\"wp-block-columns alignwide is-layout-flex wp-container-core-columns-is-layout-28f84493 wp-block-columns-is-layout-flex\">\n<div class=\"wp-block-column has-text-color has-background has-link-color wp-elements-9c6d7d614f20ec0a27fd17072180afc5 is-layout-flow wp-block-column-is-layout-flow\" style=\"color:#000000;background-color:#e2e2e2;padding-top:2em;padding-right:2em;padding-bottom:2em;padding-left:2em\">\n<h5 class=\"wp-block-heading has-text-color\" style=\"color:#b30033;margin-top:0px;margin-right:0px;margin-bottom:0px;margin-left:0px;font-size:25px\"><strong>L\u00cdNEAS DE INVESTIGACI\u00d3N ACTIVAS<\/strong><\/h5>\n\n\n\n<p class=\"has-normal-font-size\" style=\"line-height:1.5\"><strong>Proyectos vigentes<\/strong><\/p>\n\n\n\n<hr class=\"wp-block-separator has-text-color has-css-opacity has-background is-style-wide\" style=\"background-color:#000000;color:#000000\" \/>\n\n\n\n<ul class=\"wp-block-list has-normal-font-size\">\n<li>S\u00edntesis de materiales electroqu\u00edmicamente activos a partir de biomasa residual<\/li>\n\n\n\n<li>Producci\u00f3n electroqu\u00edmica de per\u00f3xido de hidr\u00f3geno.<\/li>\n\n\n\n<li>Uso de materiales derivados de biomasa para produci\u00f3n de hidr\u00f3geno y sensores electroqu\u00edmicos.<\/li>\n\n\n\n<li>Aplicaci\u00f3n de tecnolog\u00edas de membranas para la purificaci\u00f3n de corrientes de \u00e1cido succ\u00ednico obtenido por v\u00eda biol\u00f3gica.<\/li>\n<\/ul>\n\n\n\n<div class=\"wp-block-buttons is-content-justification-center is-layout-flex wp-container-core-buttons-is-layout-f78c5dac wp-block-buttons-is-layout-flex\" style=\"margin-top:0px;margin-bottom:0px\">\n<div class=\"wp-block-button has-custom-width wp-block-button__width-50 is-style-outline is-style-outline--3\"><a class=\"wp-block-button__link has-background-background-color has-text-color has-background has-custom-font-size wp-element-button\" href=\"https:\/\/blog.uclm.es\/javierllanos\/investigacion\/\" style=\"border-radius:0px;color:#b30033;font-size:13px\">Saber m\u00e1s<\/a><\/div>\n<\/div>\n<\/div>\n\n\n\n<div class=\"wp-block-column has-text-color has-background has-link-color wp-elements-d2f23d064c975acd70f2a6105b676f31 is-layout-flow wp-block-column-is-layout-flow\" style=\"color:#000000;background-color:#e2e2e2;padding-top:2em;padding-right:2em;padding-bottom:2em;padding-left:2em\">\n<h5 class=\"wp-block-heading has-text-color\" style=\"color:#b30033;margin-top:0px;margin-right:0px;margin-bottom:0px;margin-left:0px;font-size:25px\"><strong>ACTIVIDAD DOCENTE<\/strong><\/h5>\n\n\n\n<p class=\"has-normal-font-size\" style=\"line-height:1.5\"><strong>Asignaturas impartidas <\/strong><\/p>\n\n\n\n<hr class=\"wp-block-separator has-text-color has-css-opacity has-background is-style-wide\" style=\"background-color:#000000;color:#000000\" \/>\n\n\n\n<ul class=\"wp-block-list has-normal-font-size\">\n<li>Dise\u00f1o de equipos e instalaciones.<\/li>\n\n\n\n<li>Instrumentaci\u00f3n y control de procesos qu\u00edmicos.<\/li>\n\n\n\n<li>Tecnolog\u00eda para el tratamiento de aguas.<\/li>\n\n\n\n<li>Operaciones de separaci\u00f3n avanzada<\/li>\n\n\n\n<li>Operation Units and Reactors for biomass treatment<\/li>\n<\/ul>\n\n\n\n<div class=\"wp-block-buttons is-content-justification-center is-layout-flex wp-container-core-buttons-is-layout-f78c5dac wp-block-buttons-is-layout-flex\" style=\"margin-top:0px;margin-bottom:0px\">\n<div class=\"wp-block-button has-custom-width wp-block-button__width-50 is-style-outline is-style-outline--4\"><a class=\"wp-block-button__link has-background-background-color has-text-color has-background has-custom-font-size wp-element-button\" href=\"https:\/\/blog.uclm.es\/javierllanos\/docencia\" style=\"border-radius:0px;color:#b30033;font-size:13px\">Saber m\u00e1s<\/a><\/div>\n<\/div>\n<\/div>\n\n\n\n<div class=\"wp-block-column has-text-color has-background has-link-color wp-elements-3d2505ff569bb634ff6c21345e795472 is-layout-flow wp-block-column-is-layout-flow\" style=\"color:#000000;background-color:#e2e2e2;padding-top:2em;padding-right:2em;padding-bottom:2em;padding-left:2em\">\n<h5 class=\"wp-block-heading has-text-color\" style=\"color:#b30033;margin-top:0px;margin-right:0px;margin-bottom:0px;margin-left:0px;font-size:25px\"><strong>Colaboraciones<\/strong><\/h5>\n\n\n\n<p class=\"has-normal-font-size\" style=\"line-height:1.5\"><strong>Colaboraciones activas <\/strong><\/p>\n\n\n\n<hr class=\"wp-block-separator has-text-color has-css-opacity has-background is-style-wide\" style=\"background-color:#000000;color:#000000\" \/>\n\n\n\n<ul class=\"wp-block-list has-normal-font-size\">\n<li>CEMHTI-CNRS (Francia)<\/li>\n\n\n\n<li>CIDETEQ (M\u00e9xico).<\/li>\n\n\n\n<li>Universidade Nova de Lisboa (Portugal).<\/li>\n\n\n\n<li>Pontificia Universidad Cat\u00f3lica del Per\u00fa (Per\u00fa).<\/li>\n\n\n\n<li>Universidad de Cantabria<\/li>\n<\/ul>\n\n\n\n<div class=\"wp-block-buttons is-content-justification-center is-layout-flex wp-container-core-buttons-is-layout-f78c5dac wp-block-buttons-is-layout-flex\" style=\"margin-top:0px;margin-bottom:0px\">\n<div class=\"wp-block-button has-custom-width wp-block-button__width-50 is-style-outline is-style-outline--5\"><a class=\"wp-block-button__link has-background-background-color has-text-color has-background has-custom-font-size wp-element-button\" href=\"https:\/\/blog.uclm.es\/javierllanos\/publicaciones\" style=\"border-radius:0px;color:#b30033;font-size:13px\">Saber m\u00e1s<\/a><\/div>\n<\/div>\n<\/div>\n<\/div>\n\n\n\n<div class=\"wp-block-group alignwide is-layout-flow wp-block-group-is-layout-flow\">\n<div class=\"wp-block-group alignwide is-layout-flow wp-block-group-is-layout-flow\">\n<ul class=\"wp-block-social-links has-icon-color is-style-logos-only is-content-justification-right is-layout-flex wp-container-core-social-links-is-layout-d445cf74 wp-block-social-links-is-layout-flex\"><li style=\"color:#2c2c2c;\" class=\"wp-social-link wp-social-link-linkedin  wp-block-social-link\"><a href=\"https:\/\/www.linkedin.com\/in\/javier-l-21a57ba2\/\" class=\"wp-block-social-link-anchor\"><svg width=\"24\" height=\"24\" viewBox=\"0 0 24 24\" version=\"1.1\" xmlns=\"http:\/\/www.w3.org\/2000\/svg\" aria-hidden=\"true\" focusable=\"false\"><path d=\"M19.7,3H4.3C3.582,3,3,3.582,3,4.3v15.4C3,20.418,3.582,21,4.3,21h15.4c0.718,0,1.3-0.582,1.3-1.3V4.3 C21,3.582,20.418,3,19.7,3z M8.339,18.338H5.667v-8.59h2.672V18.338z M7.004,8.574c-0.857,0-1.549-0.694-1.549-1.548 c0-0.855,0.691-1.548,1.549-1.548c0.854,0,1.547,0.694,1.547,1.548C8.551,7.881,7.858,8.574,7.004,8.574z M18.339,18.338h-2.669 v-4.177c0-0.996-0.017-2.278-1.387-2.278c-1.389,0-1.601,1.086-1.601,2.206v4.249h-2.667v-8.59h2.559v1.174h0.037 c0.356-0.675,1.227-1.387,2.526-1.387c2.703,0,3.203,1.779,3.203,4.092V18.338z\"><\/path><\/svg><span class=\"wp-block-social-link-label screen-reader-text\">LinkedIn<\/span><\/a><\/li><\/ul>\n<\/div>\n<\/div>\n\n\n\n<p><\/p>\n","protected":false},"excerpt":{"rendered":"<p>Nombre: Javier Llanos L\u00f3pez Posici\u00f3n: Catedr\u00e1tico de Universidad Email: javier.llanos@uclm.es Website: https:\/\/earth.web.uclm.es\/ Tel\u00e9fono: 926052273 Formaci\u00f3n: Doctor en Ingenier\u00eda Qu\u00edmica L\u00cdNEAS DE INVESTIGACI\u00d3N ACTIVAS Proyectos vigentes ACTIVIDAD DOCENTE Asignaturas impartidas Colaboraciones Colaboraciones activas<\/p>\n","protected":false},"author":419,"featured_media":346,"parent":0,"menu_order":0,"comment_status":"closed","ping_status":"closed","template":"","meta":{"footnotes":""},"class_list":["post-16","page","type-page","status-publish","has-post-thumbnail","hentry"],"_links":{"self":[{"href":"https:\/\/blog.uclm.es\/javierllanos\/wp-json\/wp\/v2\/pages\/16","targetHints":{"allow":["GET"]}}],"collection":[{"href":"https:\/\/blog.uclm.es\/javierllanos\/wp-json\/wp\/v2\/pages"}],"about":[{"href":"https:\/\/blog.uclm.es\/javierllanos\/wp-json\/wp\/v2\/types\/page"}],"author":[{"embeddable":true,"href":"https:\/\/blog.uclm.es\/javierllanos\/wp-json\/wp\/v2\/users\/419"}],"replies":[{"embeddable":true,"href":"https:\/\/blog.uclm.es\/javierllanos\/wp-json\/wp\/v2\/comments?post=16"}],"version-history":[{"count":13,"href":"https:\/\/blog.uclm.es\/javierllanos\/wp-json\/wp\/v2\/pages\/16\/revisions"}],"predecessor-version":[{"id":360,"href":"https:\/\/blog.uclm.es\/javierllanos\/wp-json\/wp\/v2\/pages\/16\/revisions\/360"}],"wp:featuredmedia":[{"embeddable":true,"href":"https:\/\/blog.uclm.es\/javierllanos\/wp-json\/wp\/v2\/media\/346"}],"wp:attachment":[{"href":"https:\/\/blog.uclm.es\/javierllanos\/wp-json\/wp\/v2\/media?parent=16"}],"curies":[{"name":"wp","href":"https:\/\/api.w.org\/{rel}","templated":true}]}}