{"id":14,"date":"2022-07-20T11:50:39","date_gmt":"2022-07-20T10:50:39","guid":{"rendered":"https:\/\/blogdev.uclm.es\/fullsite\/?page_id=14"},"modified":"2026-03-06T12:06:34","modified_gmt":"2026-03-06T12:06:34","slug":"investigacion","status":"publish","type":"page","link":"https:\/\/blog.uclm.es\/javierllanos\/investigacion\/","title":{"rendered":"Investigaci\u00f3n"},"content":{"rendered":"\n<div class=\"wp-block-group alignwide is-layout-flow wp-block-group-is-layout-flow\">\n<figure class=\"wp-block-gallery has-nested-images columns-default is-cropped wp-block-gallery-1 is-layout-flex wp-block-gallery-is-layout-flex\">\n<figure class=\"wp-block-image size-full\"><img loading=\"lazy\" decoding=\"async\" width=\"1707\" height=\"1280\" data-id=\"365\" src=\"https:\/\/blog.uclm.es\/javierllanos\/wp-content\/uploads\/sites\/257\/2026\/03\/IMG-20260227-WA0007-edited.jpg\" alt=\"\" class=\"wp-image-365\" srcset=\"https:\/\/blog.uclm.es\/javierllanos\/wp-content\/uploads\/sites\/257\/2026\/03\/IMG-20260227-WA0007-edited.jpg 1707w, https:\/\/blog.uclm.es\/javierllanos\/wp-content\/uploads\/sites\/257\/2026\/03\/IMG-20260227-WA0007-edited-300x225.jpg 300w, https:\/\/blog.uclm.es\/javierllanos\/wp-content\/uploads\/sites\/257\/2026\/03\/IMG-20260227-WA0007-edited-1024x768.jpg 1024w, https:\/\/blog.uclm.es\/javierllanos\/wp-content\/uploads\/sites\/257\/2026\/03\/IMG-20260227-WA0007-edited-768x576.jpg 768w, https:\/\/blog.uclm.es\/javierllanos\/wp-content\/uploads\/sites\/257\/2026\/03\/IMG-20260227-WA0007-edited-1536x1152.jpg 1536w\" sizes=\"auto, (max-width: 1707px) 100vw, 1707px\" \/><\/figure>\n<\/figure>\n\n\n\n<div class=\"wp-block-columns is-layout-flex wp-container-core-columns-is-layout-28f84493 wp-block-columns-is-layout-flex\">\n<div class=\"wp-block-column is-vertically-aligned-top is-layout-flow wp-block-column-is-layout-flow\" style=\"flex-basis:30%\">\n<h5 class=\"wp-block-heading has-x-large-font-size\" style=\"font-style:normal;font-weight:300;line-height:0\">Investigaci\u00f3n<\/h5>\n<\/div>\n\n\n\n<div class=\"wp-block-column is-vertically-aligned-bottom is-layout-flow wp-block-column-is-layout-flow\" style=\"padding-bottom:0rem\">\n<p>Mi experiencia de investigaci\u00f3n ha estado siempre relacionada con las aplicaciones ambientales de la ingenier\u00eda qu\u00edmica y, m\u00e1s concretamente, con el uso de tecnolog\u00edas de membrana y electroqu\u00edmicas. En los \u00faltimos cinco a\u00f1os, hemos afrontado la valorizaci\u00f3n de diferentes residuos (lignocelul\u00f3sicos procedentes de fitoremediaci\u00f3n, digestatos, residuos de la industria vin\u00edcola) para la s\u00edntesis de materiales de carbono con aplicaciones de inter\u00e9s energ\u00e9tico y ambiental<\/p>\n<\/div>\n<\/div>\n\n\n\n<hr class=\"wp-block-separator has-css-opacity is-style-wide\" \/>\n<\/div>\n\n\n\n<div class=\"wp-block-group is-layout-flow wp-block-group-is-layout-flow\">\n<div class=\"wp-block-columns alignfull has-text-color has-background is-layout-flex wp-container-core-columns-is-layout-28f84493 wp-block-columns-is-layout-flex\" style=\"color:#000000;background-color:#ffffff\">\n<div class=\"wp-block-column is-layout-flow wp-block-column-is-layout-flow\">\n<h5 class=\"wp-block-heading has-text-align-left\" style=\"font-size:24px;font-style:normal;font-weight:300;line-height:0\"><strong>a<\/strong>rt\u00edculos<\/h5>\n\n\n\n<p>M\u00e1s de 110 art\u00edculos publicados<\/p>\n<\/div>\n\n\n\n<div class=\"wp-block-column is-layout-flow wp-block-column-is-layout-flow\">\n<h5 class=\"wp-block-heading has-text-align-left\" style=\"font-size:24px;font-style:normal;font-weight:300;line-height:0\"><b>P<\/b>ROYECTOS<\/h5>\n\n\n\n<p>Proyectos activos en valorizaci\u00f3n de biomasa residual y amplicaciones ambientales.<\/p>\n<\/div>\n\n\n\n<div class=\"wp-block-column is-layout-flow wp-block-column-is-layout-flow\">\n<h5 class=\"wp-block-heading has-text-align-left\" style=\"font-size:24px;font-style:normal;font-weight:300;line-height:0\"><b>T<\/b>RANSFERENCIA<\/h5>\n\n\n\n<p>Responsable de Unidad de Transferencia del Conocimiento del laboratorio EARTH.<\/p>\n<\/div>\n<\/div>\n<\/div>\n\n\n\n<hr class=\"wp-block-separator has-css-opacity is-style-wide\" \/>\n\n\n\n<div class=\"wp-block-group is-layout-flow wp-block-group-is-layout-flow\">\n<h5 class=\"wp-block-heading has-large-font-size\" style=\"font-style:normal;font-weight:500;line-height:1.4\"><strong>PERFILES CIENT\u00cdFICOS<\/strong><\/h5>\n\n\n\n<div class=\"wp-block-columns is-layout-flex wp-container-core-columns-is-layout-28f84493 wp-block-columns-is-layout-flex\">\n<div class=\"wp-block-column is-layout-flow wp-block-column-is-layout-flow\">\n<p><a href=\"https:\/\/orcid.org\/my-orcid?orcid=0000-0001-6404-3577\" data-type=\"link\" data-id=\"https:\/\/orcid.org\/my-orcid?orcid=0000-0001-6404-3577\">ORCID <\/a><\/p>\n\n\n\n<p><a href=\"https:\/\/www.scopus.com\/authid\/detail.uri?authorId=14058172600\">Scopus<\/a><\/p>\n\n\n\n<p><a href=\"https:\/\/www.webofscience.com\/wos\/author\/record\/R-3368-2017\">ResearcherID<\/a><\/p>\n<\/div>\n<\/div>\n\n\n\n<div class=\"wp-block-columns is-layout-flex wp-container-core-columns-is-layout-28f84493 wp-block-columns-is-layout-flex\">\n<div class=\"wp-block-column is-layout-flow wp-block-column-is-layout-flow\">\n<p class=\"has-large-font-size\" style=\"font-style:normal;font-weight:500;line-height:1.4\"><strong>PROYECTOS VIGENTES<\/strong> COMO IP<\/p>\n<\/div>\n<\/div>\n<\/div>\n\n\n\n<p>Valorizaci\u00f3n energ\u00e9tica y material integral de fitomasa residual mediante procesos bio-electroqu\u00edmicos de sostenibilidad mejorada (<a href=\"https:\/\/earth.web.uclm.es\/investigacion\/inspire\/\">INSPIRE<\/a>). Financiado por el Ministerio de Ciencia, Innovaci\u00f3n y Unviersidades.<\/p>\n\n\n\n<p>Purificaci\u00f3n de corrientes de \u00e1cido succ\u00ednico producidas por v\u00eda biol\u00f3gica (<a href=\"https:\/\/www.cetenma.es\/proyectos\/succdown\/\">SUCCDOWN<\/a>). Financiado por <a href=\"https:\/\/www.cetenma.es\/\">CETENMA<\/a><\/p>\n\n\n\n<p>Unidad de Transferencia del Concimiento (UTC) del Laboratorio de tecnolog\u00edas integradas de recuperaci\u00f3n ambiental (EARTH). Financiado por la UCLM<\/p>\n\n\n\n<p class=\"has-large-font-size\" style=\"font-style:normal;font-weight:500;line-height:1.4\"><strong>ENLACES DE INTER\u00c9S<\/strong><\/p>\n\n\n\n<p>Laboratorio de Tecnolog\u00edas integradas de recuperaci\u00f3n ambiental (<a href=\"https:\/\/earth.web.uclm.es\/\">EARTH<\/a>)<\/p>\n","protected":false},"excerpt":{"rendered":"<p>Investigaci\u00f3n Mi experiencia de investigaci\u00f3n ha estado siempre relacionada con las aplicaciones ambientales de la ingenier\u00eda qu\u00edmica y, m\u00e1s concretamente, con el uso de tecnolog\u00edas de membrana y electroqu\u00edmicas. En los \u00faltimos cinco a\u00f1os, hemos afrontado la valorizaci\u00f3n de diferentes residuos (lignocelul\u00f3sicos procedentes de fitoremediaci\u00f3n, digestatos, residuos de la industria vin\u00edcola) para la s\u00edntesis de [&hellip;]<\/p>\n","protected":false},"author":419,"featured_media":0,"parent":0,"menu_order":0,"comment_status":"closed","ping_status":"closed","template":"","meta":{"footnotes":""},"class_list":["post-14","page","type-page","status-publish","hentry"],"_links":{"self":[{"href":"https:\/\/blog.uclm.es\/javierllanos\/wp-json\/wp\/v2\/pages\/14","targetHints":{"allow":["GET"]}}],"collection":[{"href":"https:\/\/blog.uclm.es\/javierllanos\/wp-json\/wp\/v2\/pages"}],"about":[{"href":"https:\/\/blog.uclm.es\/javierllanos\/wp-json\/wp\/v2\/types\/page"}],"author":[{"embeddable":true,"href":"https:\/\/blog.uclm.es\/javierllanos\/wp-json\/wp\/v2\/users\/419"}],"replies":[{"embeddable":true,"href":"https:\/\/blog.uclm.es\/javierllanos\/wp-json\/wp\/v2\/comments?post=14"}],"version-history":[{"count":4,"href":"https:\/\/blog.uclm.es\/javierllanos\/wp-json\/wp\/v2\/pages\/14\/revisions"}],"predecessor-version":[{"id":369,"href":"https:\/\/blog.uclm.es\/javierllanos\/wp-json\/wp\/v2\/pages\/14\/revisions\/369"}],"wp:attachment":[{"href":"https:\/\/blog.uclm.es\/javierllanos\/wp-json\/wp\/v2\/media?parent=14"}],"curies":[{"name":"wp","href":"https:\/\/api.w.org\/{rel}","templated":true}]}}