{"id":57,"date":"2020-01-02T19:59:16","date_gmt":"2020-01-02T18:59:16","guid":{"rendered":"http:\/\/blog.uclm.es\/irenegarciacamacha\/?page_id=57"},"modified":"2025-02-06T15:56:59","modified_gmt":"2025-02-06T15:56:59","slug":"contacto","status":"publish","type":"page","link":"https:\/\/blog.uclm.es\/irenegarciacamacha\/contacto\/","title":{"rendered":"Contacto"},"content":{"rendered":"<p><b>Direcci\u00f3n:<\/b><br \/>\nUniversidad de Castilla-La Mancha.<br \/>\nEdificio Polit\u00e9cnico.<br \/>\nAvda. Camilo Jos\u00e9 Cela s\/n,<br \/>\n413001 Ciudad Real, Espa\u00f1a.<\/p>\n<p><b>Despacho<\/b>: C-22<\/p>\n<p><b>Tel.<\/b> + 34 925 268 800 ext. 5356<\/p>\n<p><b>Correo-e<\/b>: Irene.GarciaCamacha@uclm.es<\/p>\n","protected":false},"excerpt":{"rendered":"<p>Direcci\u00f3n: Universidad de Castilla-La Mancha. Edificio Polit\u00e9cnico. Avda. Camilo Jos\u00e9 Cela s\/n, 413001 Ciudad Real, Espa\u00f1a. Despacho: C-22 Tel. + 34 925 268 800 ext. 5356 Correo-e: Irene.GarciaCamacha@uclm.es<\/p>\n","protected":false},"author":105,"featured_media":0,"parent":0,"menu_order":0,"comment_status":"closed","ping_status":"closed","template":"","meta":{"footnotes":""},"class_list":["post-57","page","type-page","status-publish","hentry"],"_links":{"self":[{"href":"https:\/\/blog.uclm.es\/irenegarciacamacha\/wp-json\/wp\/v2\/pages\/57","targetHints":{"allow":["GET"]}}],"collection":[{"href":"https:\/\/blog.uclm.es\/irenegarciacamacha\/wp-json\/wp\/v2\/pages"}],"about":[{"href":"https:\/\/blog.uclm.es\/irenegarciacamacha\/wp-json\/wp\/v2\/types\/page"}],"author":[{"embeddable":true,"href":"https:\/\/blog.uclm.es\/irenegarciacamacha\/wp-json\/wp\/v2\/users\/105"}],"replies":[{"embeddable":true,"href":"https:\/\/blog.uclm.es\/irenegarciacamacha\/wp-json\/wp\/v2\/comments?post=57"}],"version-history":[{"count":2,"href":"https:\/\/blog.uclm.es\/irenegarciacamacha\/wp-json\/wp\/v2\/pages\/57\/revisions"}],"predecessor-version":[{"id":137,"href":"https:\/\/blog.uclm.es\/irenegarciacamacha\/wp-json\/wp\/v2\/pages\/57\/revisions\/137"}],"wp:attachment":[{"href":"https:\/\/blog.uclm.es\/irenegarciacamacha\/wp-json\/wp\/v2\/media?parent=57"}],"curies":[{"name":"wp","href":"https:\/\/api.w.org\/{rel}","templated":true}]}}