{"id":33,"date":"2019-12-26T12:24:02","date_gmt":"2019-12-26T11:24:02","guid":{"rendered":"http:\/\/blog.uclm.es\/irenegarciacamacha\/?page_id=33"},"modified":"2019-12-26T12:24:02","modified_gmt":"2019-12-26T11:24:02","slug":"investigacion","status":"publish","type":"page","link":"https:\/\/blog.uclm.es\/irenegarciacamacha\/investigacion\/","title":{"rendered":"Investigaci\u00f3n"},"content":{"rendered":"<p><b>L\u00edneas de investigaci\u00f3n<\/b><\/p>\n<p>DISE\u00d1O \u00d3PTIMO DE EXPERIMENTOS (DOE).<br \/>\n&#8211; Algoritmos para el c\u00e1lculo de dise\u00f1os \u00f3ptimos.<br \/>\n&#8211; Dise\u00f1o \u00f3ptimo de experimentos con mezclas.<br \/>\n&#8211; Dise\u00f1o robusto.<br \/>\n&#8211; Modelos no lineales.<br \/>\n&#8211; An\u00e1lisis de supervivencia. Modelos de fallo de vida acelerada.<\/p>\n<p>ESTAD\u00cdSTICA APLICADA (EAP).<br \/>\n&#8211; An\u00e1lisis de Datos.<br \/>\n&#8211; Modelos estad\u00edsticos.<br \/>\n&#8211; Bioestad\u00edstica.<br \/>\n&#8211; Estad\u00edstica multivariante.<br \/>\n&#8211; Validaci\u00f3n de cuestionarios.<\/p>\n<p>&#8212;&#8212;&#8212;&#8212;&#8212;&#8212;&#8212;&#8212;&#8212;&#8212;&#8212;&#8212;&#8212;&#8212;&#8212;&#8212;&#8212;&#8212;&#8212;&#8212;&#8212;&#8212;&#8212;&#8212;&#8212;<\/p>\n<p><b>Publicaciones<\/b><\/p>\n<p>DISE\u00d1O \u00d3PTIMO DE EXPERIMENTOS<\/p>\n<p>&#8211; Garc\u00eda-Camacha, I. and Mart\u00edn, R. M. (2014). The Construction of Locally D-Optimal Designs by Canonical Forms to an Extension for the Logistic Model. <i>Applied Mathematics<\/i>, 5, 824-831.<a href=\"https:\/\/m.scirp.org\/papers\/44068\">doi: 10.4236\/am.2014.55078<\/a><\/p>\n<p>&#8211; Mart\u00edn, R. M. and Garc\u00eda-Camacha, I. (2015). Combined algorithm to compute D-optimal designs. <i>Journal of Computational and Applied Mathematics<\/i>;, 278, 248-257. <a href=\"https:\/\/www.sciencedirect.com\/science\/article\/pii\/S0377042714004567\">doi: 10.1016\/j.cam.2014.10.010<\/a><\/p>\n<p>&#8211; Mart\u00edn, R. M., Garc\u00eda-Camacha, I. and Torsney B. (2019). Efficient Algorithms for Constructing D- and I-Optimal Exact Designs for Linear and Non-Linear Models in Mixture Experiments.<i> SORT-Statistics and Operations Research Transactions<\/i>, 1(1), 163-90. <a href=\"https:\/\/www.idescat.cat\/sort\/sort431\/43.1.8.martin-etal.pdf\">doi: 10.2436\/20.8080.02.84.<\/a><\/p>\n<p>&#8211; Garc\u00eda-Camacha, I., Mart\u00edn R. and Sanz-Argent, J.  (2020). Optimal-robust selection of a fuel surrogate for homogeneous charge compression ignition modeling.<i> PLOS ONE<\/i>, 15(6), e0234963. <a href=\"https:\/\/doi.org\/10.1371\/journal.pone.0234963\">doi: 10.1371\/journal.pone.0234963<\/a><\/p>\n<p>&#8211; Rivas-L\u00f3pez, M.J., Mart\u00edn-Mart\u00edn, R. and Garc\u00eda-Camacha Guti\u00e9rrez, I. (2022) Recent Advances in Robust Design for Accelerated Failure Time Models with Type I Censoring. <i>Mathematics<\/i> 2022, 10, 379, <a href=\"https:\/\/doi.org\/10.3390\/math10030379\">doi: 10.3390\/math10030379<\/a><\/p>\n<p>ESTAD\u00cdSTICA APLICADA A LAS CIENCIAS DE LA SALUD Y EL DEPORTE<\/p>\n<p>&#8211; Fernandez, F. A., Martin, R. M., Garc\u00eda-Camacha, I., Juarez, D., Fidel, P. and Gonz\u00e1lez-Rav\u00e9, J. M. (2019). Medium term effects of physical conditioning on breath-hold diving performance. <i>Respiratory physiology &amp; neurobiology<\/i>, 259, 70-74. <a href=\"https:\/\/www.sciencedirect.com\/science\/article\/pii\/S1569904818301393\">doi: 10.1016\/j.resp.2018.07.013<\/a><\/p>\n<p>&#8211; Garc\u00eda-Camacha, A., Garc\u00eda-Camacha, I., Mart\u00ednez-Andr\u00e9s, M., Notario-Pacheco, B. and Rodr\u00edguez-Mart\u00edn, B. (2020). Pilot testing the effectiveness of the Healthy Ageing Supported by Internet and Community programme for promoting healthy lifestyles for people over 65 years of age. <i>Scandinavian Journal of Caring Sciences<\/i>,34, 636-647 <a href=\"https:\/\/onlinelibrary.wiley.com\/doi\/abs\/10.1111\/scs.12765\">doi: 10.1111\/scs.12765<\/a><\/p>\n<p>&#8211; Rodr\u00edguez-Mart\u00edn, B., Garc\u00eda-Camacha Guti\u00e9rrez, I., Caro-Alonso, P.A., Suhonen, R. and Garc\u00eda-Camacha Guti\u00e9rrez, A. (2021) Individualised Care Scale-Nurse: Construct validity and internal consistency of the Spanish version. <i>Scandinavian Journal of Caring Sciences<\/i> 00, 1\u201311. <a href=\"https:\/\/doi.org\/10.1111\/scs.13051\">doi: 10.1111\/scs.13051<\/a><\/p>\n<p>&#8211; Talavera-Mosquera, J. M., Garc\u00eda-Camacha Guti\u00e9rrez, I., Mart\u00edn-Mart\u00edn, R., \u00c1lvarez de Mon-Soto, M. and L\u00f3pez-Dolado, E. (2022) Day Hospital Facility, An Inpatient Alternative for Pediatric Spinal Cord Injury Care. <i>Orthopedic Research Online Journal<\/i> 9(4), OPROJ. 000718. <a href=\"https:\/\/https:\/\/dx.doi.org\/10.31031\/OPROJ.2022.09.000718\">doi:10.31031\/OPROJ.2022.09.000718<\/a><\/p>\n<p>APLICACIONES DE LA ESTAD\u00cdSTICA EN EL DISE\u00d1O URBANO<\/p>\n<p>&#8211; Ruiz-Apil\u00e1nez, B., Karimi, K., Garc\u00eda-Camacha, I., and Mart\u00edn, R. (2017). Shared space streets: design, user perception and performance. <i> Urban Design International <\/i>, 22(3), 267-284. <a href=\"https:\/\/link.springer.com\/article\/10.1057\/s41289-016-0036-2\">doi: 10.1057\/s41289-016-0036-2<\/a><\/p>\n<p>&#8211; Ruiz-Apil\u00e1nez, B., Sol\u00eds, E., Garc\u00eda-Camacha, I., Romero de \u00c1vila, V., Al\u00eda, C., and Mart\u00edn, R. (2018). Spatial distribution of economic activities in heritage cities: The case of the historic city of Toledo, Spain. Editorial Universitat Polit\u00e8cnica de Val\u00e8ncia. <i>In 24th ISUF International Conference. Book of Papers, <\/i> 221-230. <a href=\"http:\/\/dx.doi.org\/10.4995\/ISUF2017.2017.5164\">doi: 10.4995\/ISUF2017.2017.5164<\/a><\/p>\n<p>&#8211; Sol\u00eds Trapero, E., Ruiz Apil\u00e1nez, B., Garc\u00eda-Camacha, I., Ure\u00f1a Franc\u00e9s, J. M. and Moh\u00edno Sanz, I. (2019). El enfoque morfogen\u00e9tico y cuantitativo aplicado al estudio de las formas urbanas y la diversidad funcional: el caso de Toledo. <i> Bolet\u00edn de la Asociaci\u00f3n de Ge\u00f3grafos Espa\u00f1oles <\/i>, 82(2753), 1\u201345. <a href=\"https:\/\/bage.age-geografia.es\/ojs\/\/index.php\/bage\/article\/view\/2753\">doi: 10.21138\/bage.2753<\/a><\/p>\n<p>&#8211; Solis, E., Karimi, K., Garc\u00eda-Camacha Guti\u00e9rrez, I. and Moh\u00edno, I. (2021) Knowledge Economy Clustering at the Intrametropolitan Level: Evidence from Madrid. <i> Journal of the Knowledge Economy <\/i>  <a href=\"https:\/\/doi.org\/10.1007\/s13132-021-00748-3\">doi: 10.1007\/s13132-021-00748-3<\/a><\/p>\n<p>&#8211; Ruiz-Apil\u00e1nez, B., Sol\u00eds-Trapero, E., Garc\u00eda-Camacha Guti\u00e9rrez, I., and Gal\u00e1n-\u00c1lvarez, A. (2022). Caminabilidad y movilidad en ciudades medias: un an\u00e1lisis a partir de los desplazamientos escolares. <i> Ciudad Y Territorio. Estudios Territoriales <\/i>, 54(M), 37-66  <a href=\"https:\/\/doi.org\/10.37230\/CyTET.2022.M22.2\">doi: 10.37230\/CyTET.2022.M22.2<\/a><\/p>\n","protected":false},"excerpt":{"rendered":"<p>L\u00edneas de investigaci\u00f3n DISE\u00d1O \u00d3PTIMO DE EXPERIMENTOS (DOE). &#8211; Algoritmos para el c\u00e1lculo de dise\u00f1os \u00f3ptimos. &#8211; Dise\u00f1o \u00f3ptimo de experimentos con mezclas. &#8211; Dise\u00f1o robusto. &#8211; Modelos no lineales. &#8211; An\u00e1lisis de supervivencia. Modelos de fallo de vida acelerada. &hellip; <a href=\"https:\/\/blog.uclm.es\/irenegarciacamacha\/investigacion\/\">Sigue leyendo <span class=\"meta-nav\">&rarr;<\/span><\/a><\/p>\n","protected":false},"author":105,"featured_media":0,"parent":0,"menu_order":0,"comment_status":"closed","ping_status":"closed","template":"","meta":{"footnotes":""},"class_list":["post-33","page","type-page","status-publish","hentry"],"_links":{"self":[{"href":"https:\/\/blog.uclm.es\/irenegarciacamacha\/wp-json\/wp\/v2\/pages\/33","targetHints":{"allow":["GET"]}}],"collection":[{"href":"https:\/\/blog.uclm.es\/irenegarciacamacha\/wp-json\/wp\/v2\/pages"}],"about":[{"href":"https:\/\/blog.uclm.es\/irenegarciacamacha\/wp-json\/wp\/v2\/types\/page"}],"author":[{"embeddable":true,"href":"https:\/\/blog.uclm.es\/irenegarciacamacha\/wp-json\/wp\/v2\/users\/105"}],"replies":[{"embeddable":true,"href":"https:\/\/blog.uclm.es\/irenegarciacamacha\/wp-json\/wp\/v2\/comments?post=33"}],"version-history":[{"count":0,"href":"https:\/\/blog.uclm.es\/irenegarciacamacha\/wp-json\/wp\/v2\/pages\/33\/revisions"}],"wp:attachment":[{"href":"https:\/\/blog.uclm.es\/irenegarciacamacha\/wp-json\/wp\/v2\/media?parent=33"}],"curies":[{"name":"wp","href":"https:\/\/api.w.org\/{rel}","templated":true}]}}