{"id":40,"date":"2015-11-27T11:45:46","date_gmt":"2015-11-27T10:45:46","guid":{"rendered":"http:\/\/blog.uclm.es\/inocentesanchez\/?page_id=40"},"modified":"2025-09-22T07:39:39","modified_gmt":"2025-09-22T05:39:39","slug":"contacto","status":"publish","type":"page","link":"https:\/\/blog.uclm.es\/inocentesanchez\/contacto\/","title":{"rendered":"Contacto"},"content":{"rendered":"<p>Para contactar conmigo, manda un correo electr\u00f3nico a<em> inocente.sanchez@uclm.es<\/em><\/p>\n<p>Tambi\u00e9n puedes escribir a la direcci\u00f3n postal:<\/p>\n<p>Inocente S\u00e1nchez Ciudad<\/p>\n<p>ESCUELA SUPERIOR DE INFORM\u00c1TICA<\/p>\n<p>Paseo de la Universidad, 4<\/p>\n<p>13.071 CIUDAD REAL<\/p>\n","protected":false},"excerpt":{"rendered":"<p>Para contactar conmigo, manda un correo electr\u00f3nico a inocente.sanchez@uclm.es Tambi\u00e9n puedes escribir a la direcci\u00f3n postal: Inocente S\u00e1nchez Ciudad ESCUELA SUPERIOR DE INFORM\u00c1TICA Paseo de la Universidad, 4 13.071 CIUDAD REAL<\/p>\n","protected":false},"author":209,"featured_media":0,"parent":0,"menu_order":0,"comment_status":"closed","ping_status":"closed","template":"","meta":{"footnotes":""},"class_list":["post-40","page","type-page","status-publish","hentry"],"_links":{"self":[{"href":"https:\/\/blog.uclm.es\/inocentesanchez\/wp-json\/wp\/v2\/pages\/40","targetHints":{"allow":["GET"]}}],"collection":[{"href":"https:\/\/blog.uclm.es\/inocentesanchez\/wp-json\/wp\/v2\/pages"}],"about":[{"href":"https:\/\/blog.uclm.es\/inocentesanchez\/wp-json\/wp\/v2\/types\/page"}],"author":[{"embeddable":true,"href":"https:\/\/blog.uclm.es\/inocentesanchez\/wp-json\/wp\/v2\/users\/209"}],"replies":[{"embeddable":true,"href":"https:\/\/blog.uclm.es\/inocentesanchez\/wp-json\/wp\/v2\/comments?post=40"}],"version-history":[{"count":3,"href":"https:\/\/blog.uclm.es\/inocentesanchez\/wp-json\/wp\/v2\/pages\/40\/revisions"}],"predecessor-version":[{"id":1284,"href":"https:\/\/blog.uclm.es\/inocentesanchez\/wp-json\/wp\/v2\/pages\/40\/revisions\/1284"}],"wp:attachment":[{"href":"https:\/\/blog.uclm.es\/inocentesanchez\/wp-json\/wp\/v2\/media?parent=40"}],"curies":[{"name":"wp","href":"https:\/\/api.w.org\/{rel}","templated":true}]}}