{"id":403,"date":"2023-01-20T06:56:21","date_gmt":"2023-01-20T06:56:21","guid":{"rendered":"https:\/\/blog.uclm.es\/incadipyme\/?page_id=403"},"modified":"2023-01-20T10:20:55","modified_gmt":"2023-01-20T10:20:55","slug":"investigadores","status":"publish","type":"page","link":"https:\/\/blog.uclm.es\/incadipyme\/investigadores\/","title":{"rendered":"Investigadores"},"content":{"rendered":"\n<p>El equipo de investigaci\u00f3n asociado al proyecto est\u00e1 conformado por investigadores de cuatro universidades: Universidad de Castilla-La Mancha, Universidad de Almer\u00eda, Universidad de M\u00e1laga y Nottingham University Business School.<\/p>\n\n\n\n<p><strong>Universidad de Castilla-La Mancha<\/strong><\/p>\n\n\n\n<figure class=\"wp-block-image size-full\"><img loading=\"lazy\" decoding=\"async\" width=\"522\" height=\"670\" src=\"https:\/\/blog.uclm.es\/incadipyme\/wp-content\/uploads\/sites\/196\/2023\/01\/image-26.png\" alt=\"\" class=\"wp-image-471\" srcset=\"https:\/\/blog.uclm.es\/incadipyme\/wp-content\/uploads\/sites\/196\/2023\/01\/image-26.png 522w, https:\/\/blog.uclm.es\/incadipyme\/wp-content\/uploads\/sites\/196\/2023\/01\/image-26-234x300.png 234w\" sizes=\"auto, (max-width: 522px) 100vw, 522px\" \/><\/figure>\n\n\n\n<p><strong>Universidad de Almer\u00eda<\/strong><\/p>\n\n\n\n<figure class=\"wp-block-image size-full\"><img loading=\"lazy\" decoding=\"async\" width=\"512\" height=\"231\" src=\"https:\/\/blog.uclm.es\/incadipyme\/wp-content\/uploads\/sites\/196\/2023\/01\/image-30.png\" alt=\"\" class=\"wp-image-478\" srcset=\"https:\/\/blog.uclm.es\/incadipyme\/wp-content\/uploads\/sites\/196\/2023\/01\/image-30.png 512w, https:\/\/blog.uclm.es\/incadipyme\/wp-content\/uploads\/sites\/196\/2023\/01\/image-30-300x135.png 300w, https:\/\/blog.uclm.es\/incadipyme\/wp-content\/uploads\/sites\/196\/2023\/01\/image-30-500x226.png 500w\" sizes=\"auto, (max-width: 512px) 100vw, 512px\" \/><\/figure>\n\n\n\n<p><strong>Universidad de M\u00e1laga<\/strong><\/p>\n\n\n\n<figure class=\"wp-block-image size-full\"><img loading=\"lazy\" decoding=\"async\" width=\"738\" height=\"223\" src=\"https:\/\/blog.uclm.es\/incadipyme\/wp-content\/uploads\/sites\/196\/2023\/01\/image-31.png\" alt=\"\" class=\"wp-image-479\" srcset=\"https:\/\/blog.uclm.es\/incadipyme\/wp-content\/uploads\/sites\/196\/2023\/01\/image-31.png 738w, https:\/\/blog.uclm.es\/incadipyme\/wp-content\/uploads\/sites\/196\/2023\/01\/image-31-300x91.png 300w, https:\/\/blog.uclm.es\/incadipyme\/wp-content\/uploads\/sites\/196\/2023\/01\/image-31-500x151.png 500w\" sizes=\"auto, (max-width: 738px) 100vw, 738px\" \/><\/figure>\n\n\n\n<p><strong>Nottingham University Business School<\/strong><\/p>\n\n\n\n<figure class=\"wp-block-image size-full\"><img loading=\"lazy\" decoding=\"async\" width=\"156\" height=\"210\" src=\"https:\/\/blog.uclm.es\/incadipyme\/wp-content\/uploads\/sites\/196\/2023\/01\/image-32.png\" alt=\"\" class=\"wp-image-480\" \/><\/figure>\n","protected":false},"excerpt":{"rendered":"<p>El equipo de investigaci\u00f3n asociado al proyecto est\u00e1 conformado por investigadores de cuatro universidades: Universidad de Castilla-La Mancha, Universidad de Almer\u00eda, Universidad de M\u00e1laga y Nottingham University Business School. Universidad de Castilla-La Mancha Universidad de Almer\u00eda Universidad de M\u00e1laga Nottingham &hellip; <a href=\"https:\/\/blog.uclm.es\/incadipyme\/investigadores\/\">Sigue leyendo <span class=\"meta-nav\">&rarr;<\/span><\/a><\/p>\n","protected":false},"author":112,"featured_media":0,"parent":0,"menu_order":0,"comment_status":"closed","ping_status":"closed","template":"","meta":{"footnotes":""},"class_list":["post-403","page","type-page","status-publish","hentry"],"_links":{"self":[{"href":"https:\/\/blog.uclm.es\/incadipyme\/wp-json\/wp\/v2\/pages\/403","targetHints":{"allow":["GET"]}}],"collection":[{"href":"https:\/\/blog.uclm.es\/incadipyme\/wp-json\/wp\/v2\/pages"}],"about":[{"href":"https:\/\/blog.uclm.es\/incadipyme\/wp-json\/wp\/v2\/types\/page"}],"author":[{"embeddable":true,"href":"https:\/\/blog.uclm.es\/incadipyme\/wp-json\/wp\/v2\/users\/112"}],"replies":[{"embeddable":true,"href":"https:\/\/blog.uclm.es\/incadipyme\/wp-json\/wp\/v2\/comments?post=403"}],"version-history":[{"count":7,"href":"https:\/\/blog.uclm.es\/incadipyme\/wp-json\/wp\/v2\/pages\/403\/revisions"}],"predecessor-version":[{"id":482,"href":"https:\/\/blog.uclm.es\/incadipyme\/wp-json\/wp\/v2\/pages\/403\/revisions\/482"}],"wp:attachment":[{"href":"https:\/\/blog.uclm.es\/incadipyme\/wp-json\/wp\/v2\/media?parent=403"}],"curies":[{"name":"wp","href":"https:\/\/api.w.org\/{rel}","templated":true}]}}