{"id":86,"date":"2016-11-22T20:59:21","date_gmt":"2016-11-22T19:59:21","guid":{"rendered":"http:\/\/blog.uclm.es\/ignacioforcada\/?page_id=86"},"modified":"2022-10-17T13:14:59","modified_gmt":"2022-10-17T13:14:59","slug":"inicio","status":"publish","type":"page","link":"https:\/\/blog.uclm.es\/ignacioforcada\/inicio\/","title":{"rendered":""},"content":{"rendered":"<p><img loading=\"lazy\" decoding=\"async\" class=\"alignleft size-thumbnail wp-image-51\" src=\"https:\/\/blog.uclm.es\/ignacioforcada\/wp-content\/uploads\/sites\/72\/2016\/11\/foto-mia-curso-verano-150x150.jpg\" alt=\"foto-mia-curso-verano\" width=\"150\" height=\"150\" \/><br \/>\n<strong>Profesor Titular de Derecho Internacional P\u00fablico<\/strong><br \/>\nFacultad de Ciencias Jur\u00eddicas y Sociales de Toledo<br \/>\nUniversidad de Castilla-La Mancha<br \/>\nCobertizo de San Pedro M\u00e1rtir s\/n<br \/>\n45071 Toledo<br \/>\nemail: ignacio.forcada@uclm.es<\/p>\n<p style=\"text-align: center\"><a href=\"https:\/\/orcid.org\/0000-0002-6657-925X\"><img loading=\"lazy\" decoding=\"async\" class=\"alignnone wp-image-148 size-medium\" src=\"https:\/\/blog.uclm.es\/ignacioforcada\/wp-content\/uploads\/sites\/72\/2022\/10\/Orchid_logo-300x96.jpg\" alt=\"\" width=\"300\" height=\"96\" srcset=\"https:\/\/blog.uclm.es\/ignacioforcada\/wp-content\/uploads\/sites\/72\/2022\/10\/Orchid_logo-300x96.jpg 300w, https:\/\/blog.uclm.es\/ignacioforcada\/wp-content\/uploads\/sites\/72\/2022\/10\/Orchid_logo.jpg 305w\" sizes=\"auto, (max-width: 300px) 100vw, 300px\" \/><\/a><\/p>\n","protected":false},"excerpt":{"rendered":"<p>Profesor Titular de Derecho Internacional P\u00fablico Facultad de Ciencias Jur\u00eddicas y Sociales de Toledo Universidad de Castilla-La Mancha Cobertizo de San Pedro M\u00e1rtir s\/n 45071 Toledo email: ignacio.forcada@uclm.es<\/p>\n","protected":false},"author":83,"featured_media":0,"parent":0,"menu_order":0,"comment_status":"closed","ping_status":"closed","template":"","meta":{"footnotes":""},"class_list":["post-86","page","type-page","status-publish","hentry"],"_links":{"self":[{"href":"https:\/\/blog.uclm.es\/ignacioforcada\/wp-json\/wp\/v2\/pages\/86","targetHints":{"allow":["GET"]}}],"collection":[{"href":"https:\/\/blog.uclm.es\/ignacioforcada\/wp-json\/wp\/v2\/pages"}],"about":[{"href":"https:\/\/blog.uclm.es\/ignacioforcada\/wp-json\/wp\/v2\/types\/page"}],"author":[{"embeddable":true,"href":"https:\/\/blog.uclm.es\/ignacioforcada\/wp-json\/wp\/v2\/users\/83"}],"replies":[{"embeddable":true,"href":"https:\/\/blog.uclm.es\/ignacioforcada\/wp-json\/wp\/v2\/comments?post=86"}],"version-history":[{"count":3,"href":"https:\/\/blog.uclm.es\/ignacioforcada\/wp-json\/wp\/v2\/pages\/86\/revisions"}],"predecessor-version":[{"id":169,"href":"https:\/\/blog.uclm.es\/ignacioforcada\/wp-json\/wp\/v2\/pages\/86\/revisions\/169"}],"wp:attachment":[{"href":"https:\/\/blog.uclm.es\/ignacioforcada\/wp-json\/wp\/v2\/media?parent=86"}],"curies":[{"name":"wp","href":"https:\/\/api.w.org\/{rel}","templated":true}]}}